{"id":8919,"date":"2025-06-22T15:21:07","date_gmt":"2025-06-22T15:21:07","guid":{"rendered":"https:\/\/ryinz.cz\/velkoobchod\/?post_type=product&#038;p=8919"},"modified":"2026-01-18T20:16:52","modified_gmt":"2026-01-18T20:16:52","slug":"ryinz-premium-rindspaltleder-arbeitshandschuhe-heavy-duty-sicherheitshandschuhe-fur-schweisen-bau-allgemeine-arbeit","status":"publish","type":"product","link":"https:\/\/ryinz.cz\/velkoobchod\/de\/product\/ryinz-premium-split-cowhide-leather-work-gloves-heavy-duty-safety-gloves-for-welding-construction-general-labor\/","title":{"rendered":"RYINZ Premium Rindspaltleder Arbeitshandschuhe - Heavy-Duty Sicherheitshandschuhe f\u00fcr Schwei\u00dfen, Bau und allgemeine Arbeit"},"content":{"rendered":"<p class=\"\" data-start=\"306\" data-end=\"652\">Erleben Sie un\u00fcbertroffenen Handschutz und robuste Haltbarkeit mit <strong data-start=\"370\" data-end=\"421\">RYINZ Premium Rindspaltleder Arbeitshandschuhe<\/strong>, Dieser Handschuh wurde f\u00fcr Profis entwickelt, die bei jeder Aufgabe Zuverl\u00e4ssigkeit und Widerstandsf\u00e4higkeit verlangen. Egal, ob Sie schwei\u00dfen, mit Werkzeugen hantieren, auf Baustellen arbeiten oder allgemeine Industriearbeiten verrichten - diese Handschuhe sind f\u00fcr alle Aufgaben geeignet.<\/p>\n<p class=\"\" data-start=\"654\" data-end=\"1010\">Gefertigt aus hochwertigem <strong data-start=\"680\" data-end=\"705\">Rindspaltleder<\/strong>, bieten diese Handschuhe au\u00dfergew\u00f6hnliche Haltbarkeit, Durchstichfestigkeit und Abriebschutz. Die Au\u00dfenh\u00fclle ist zweifarbig mit schwerem Wildleder auf der Au\u00dfenseite und verst\u00e4rkten wei\u00dfen Lederpatches auf der Handfl\u00e4che, den Fingerspitzen und im Daumenbereich f\u00fcr zus\u00e4tzliche Griffigkeit und Verschlei\u00dffestigkeit in stark beanspruchten Bereichen.<\/p>\n<p class=\"\" data-start=\"1012\" data-end=\"1319\">Die erweiterte <strong data-start=\"1025\" data-end=\"1047\">Sicherheitsmanschetten-Design<\/strong> sch\u00fctzt nicht nur das Handgelenk vor Funken, Hitze und Schmutz, sondern erm\u00f6glicht auch ein einfaches An- und Ausziehen. Das Innenfutter bietet aufgrund der por\u00f6sen Struktur von echtem Leder eine nat\u00fcrliche Atmungsaktivit\u00e4t, wodurch Ihre H\u00e4nde bei langen Arbeitszeiten k\u00fchler und bequemer bleiben.<\/p>\n<p class=\"\" data-start=\"1321\" data-end=\"1631\">Eine <strong data-start=\"1324\" data-end=\"1348\">elastischer, geraffter R\u00fccken<\/strong> verbessert die Passform und Flexibilit\u00e4t, ohne die Sicherheit zu beeintr\u00e4chtigen, und die verst\u00e4rkten N\u00e4hte bieten eine gr\u00f6\u00dfere strukturelle Integrit\u00e4t f\u00fcr hoch belastende, sich wiederholende Aufgaben. Diese Handschuhe sind f\u00fcr alle gedacht, die t\u00e4glich mit ihren H\u00e4nden arbeiten - von Bauarbeitern und Schmieden bis hin zu Lagerarbeitern und Landschaftsg\u00e4rtnern.<\/p>\n<p class=\"\" data-start=\"1633\" data-end=\"1972\">RYINZ wei\u00df, wie wichtig die Sicherheit der H\u00e4nde ist. Deshalb sind diese Handschuhe gen\u00e4ht mit <strong data-start=\"1733\" data-end=\"1751\">Kevlar\u00ae-Garn<\/strong> Sie sind hitzebest\u00e4ndig und verschlei\u00dffest, insbesondere bei Schwei\u00df- und Schleifarbeiten. Dank ihrer robusten und dennoch flexiblen Konstruktion sind sie f\u00fcr alles geeignet, vom Schneiden von Brennholz bis hin zur Bedienung von Gabelstaplern und Schwei\u00dfbrennern.<\/p>\n<p class=\"\" data-start=\"1974\" data-end=\"1995\"><strong data-start=\"1974\" data-end=\"1995\">Produktmerkmale:<\/strong><\/p>\n<ul data-start=\"1997\" data-end=\"2921\">\n<li class=\"\" data-start=\"1997\" data-end=\"2100\">\n<p class=\"\" data-start=\"1999\" data-end=\"2100\"><strong data-start=\"1999\" data-end=\"2035\">Erstklassiges Rindsspaltleder:<\/strong> Langlebig, dick und abriebfest f\u00fcr raue Umgebungen<\/p>\n<\/li>\n<li class=\"\" data-start=\"2101\" data-end=\"2193\">\n<p class=\"\" data-start=\"2103\" data-end=\"2193\"><strong data-start=\"2103\" data-end=\"2133\">Verst\u00e4rkte Handfl\u00e4che und Finger:<\/strong> Zus\u00e4tzliche Patches f\u00fcr stark beanspruchte Bereiche erh\u00f6hen die Lebensdauer des Handschuhs<\/p>\n<\/li>\n<li class=\"\" data-start=\"2194\" data-end=\"2289\">\n<p class=\"\" data-start=\"2196\" data-end=\"2289\"><strong data-start=\"2196\" data-end=\"2225\">Hitzebest\u00e4ndige N\u00e4hte:<\/strong> Kevlarf\u00e4dige N\u00e4hte halten hohen Temperaturen beim Schwei\u00dfen stand<\/p>\n<\/li>\n<li class=\"\" data-start=\"2290\" data-end=\"2383\">\n<p class=\"\" data-start=\"2292\" data-end=\"2383\"><strong data-start=\"2292\" data-end=\"2325\">Sicherheitsmanschette (Stulpenform):<\/strong> Zus\u00e4tzlicher Schutz des Handgelenks vor Hitze, Funken und Absch\u00fcrfungen<\/p>\n<\/li>\n<li class=\"\" data-start=\"2384\" data-end=\"2478\">\n<p class=\"\" data-start=\"2386\" data-end=\"2478\"><strong data-start=\"2386\" data-end=\"2403\">Elastischer R\u00fccken:<\/strong> Sorgt f\u00fcr eine eng anliegende, ergonomische Passform f\u00fcr mehr Kontrolle und weniger Verrutschen<\/p>\n<\/li>\n<li class=\"\" data-start=\"2479\" data-end=\"2573\">\n<p class=\"\" data-start=\"2481\" data-end=\"2573\"><strong data-start=\"2481\" data-end=\"2511\">Doppellagige Handfl\u00e4che und Daumen:<\/strong> Verbesserte Griffigkeit und Polsterung f\u00fcr die Handhabung schwerer oder scharfer Werkzeuge<\/p>\n<\/li>\n<li class=\"\" data-start=\"2574\" data-end=\"2673\">\n<p class=\"\" data-start=\"2576\" data-end=\"2673\"><strong data-start=\"2576\" data-end=\"2602\">Vielseitiges Dienstprogramm:<\/strong> Geeignet f\u00fcr Metallarbeiten, Baugewerbe, Automobilindustrie, Landwirtschaft und mehr<\/p>\n<\/li>\n<li class=\"\" data-start=\"2674\" data-end=\"2759\">\n<p class=\"\" data-start=\"2676\" data-end=\"2759\"><strong data-start=\"2676\" data-end=\"2697\">Schwei\u00dfabsorption:<\/strong> Innenseite aus Naturleder absorbiert Schwei\u00df und verbessert den Komfort<\/p>\n<\/li>\n<li class=\"\" data-start=\"2760\" data-end=\"2851\">\n<p class=\"\" data-start=\"2762\" data-end=\"2851\"><strong data-start=\"2762\" data-end=\"2785\">Robust und doch flexibel:<\/strong> Erh\u00e4lt einen guten Bewegungsspielraum, ohne den Schutz zu beeintr\u00e4chtigen<\/p>\n<\/li>\n<li class=\"\" data-start=\"2852\" data-end=\"2921\">\n<p class=\"\" data-start=\"2854\" data-end=\"2921\"><strong data-start=\"2854\" data-end=\"2872\">F\u00fcr die Ewigkeit gebaut:<\/strong> H\u00e4lt extremer Abnutzung bei l\u00e4ngerem Gebrauch stand<\/p>\n<\/li>\n<\/ul>\n<p class=\"\" data-start=\"2923\" data-end=\"2948\"><strong data-start=\"2923\" data-end=\"2948\">Die Anwendungen umfassen:<\/strong><\/p>\n<ul data-start=\"2950\" data-end=\"3196\">\n<li class=\"\" data-start=\"2950\" data-end=\"2976\">\n<p class=\"\" data-start=\"2952\" data-end=\"2976\">Schwei\u00dfen und Brennerarbeiten<\/p>\n<\/li>\n<li class=\"\" data-start=\"2977\" data-end=\"3004\">\n<p class=\"\" data-start=\"2979\" data-end=\"3004\">Maurerarbeiten und Mauerwerk<\/p>\n<\/li>\n<li class=\"\" data-start=\"3005\" data-end=\"3035\">\n<p class=\"\" data-start=\"3007\" data-end=\"3035\">Handhabung und Schneiden von Stahl<\/p>\n<\/li>\n<li class=\"\" data-start=\"3036\" data-end=\"3064\">\n<p class=\"\" data-start=\"3038\" data-end=\"3064\">Allgemeine industrielle Aufgaben<\/p>\n<\/li>\n<li class=\"\" data-start=\"3065\" data-end=\"3099\">\n<p class=\"\" data-start=\"3067\" data-end=\"3099\">Landwirtschaft und Viehzucht<\/p>\n<\/li>\n<li class=\"\" data-start=\"3100\" data-end=\"3132\">\n<p class=\"\" data-start=\"3102\" data-end=\"3132\">Schwere Bauarbeiten<\/p>\n<\/li>\n<li class=\"\" data-start=\"3133\" data-end=\"3161\">\n<p class=\"\" data-start=\"3135\" data-end=\"3161\">Forstwirtschaft und Landschaftsbau<\/p>\n<\/li>\n<li class=\"\" data-start=\"3162\" data-end=\"3196\">\n<p class=\"\" data-start=\"3164\" data-end=\"3196\">DIY und Heimwerken im Freien<\/p>\n<\/li>\n<\/ul>\n<p class=\"\" data-start=\"3198\" data-end=\"3217\"><strong data-start=\"3198\" data-end=\"3217\">Spezifikationen:<\/strong><\/p>\n<ul data-start=\"3219\" data-end=\"3666\">\n<li class=\"\" data-start=\"3219\" data-end=\"3284\">\n<p class=\"\" data-start=\"3221\" data-end=\"3284\"><strong data-start=\"3221\" data-end=\"3234\">Material:<\/strong> 100% Rindspaltleder mit verst\u00e4rkter Handfl\u00e4che<\/p>\n<\/li>\n<li class=\"\" data-start=\"3285\" data-end=\"3369\">\n<p class=\"\" data-start=\"3287\" data-end=\"3369\"><strong data-start=\"3287\" data-end=\"3297\">Farbe:<\/strong> Gelbes Wildleder mit naturwei\u00dfer Handfl\u00e4che (kundenspezifische Farboptionen m\u00f6glich)<\/p>\n<\/li>\n<li class=\"\" data-start=\"3370\" data-end=\"3434\">\n<p class=\"\" data-start=\"3372\" data-end=\"3434\"><strong data-start=\"3372\" data-end=\"3382\">Gr\u00f6\u00dfen:<\/strong> M bis XXL (Sondergr\u00f6\u00dfen bei Gro\u00dfbestellungen m\u00f6glich)<\/p>\n<\/li>\n<li class=\"\" data-start=\"3435\" data-end=\"3518\">\n<p class=\"\" data-start=\"3437\" data-end=\"3518\"><strong data-start=\"3437\" data-end=\"3455\">Anpassungen:<\/strong> Logo-Branding, Gr\u00f6\u00dfe, Verpackung verf\u00fcgbar ab einer MOQ von 300 Paaren<\/p>\n<\/li>\n<li class=\"\" data-start=\"3519\" data-end=\"3576\">\n<p class=\"\" data-start=\"3521\" data-end=\"3576\"><strong data-start=\"3521\" data-end=\"3540\">Zertifizierungen:<\/strong> EN388, CE-gekennzeichnet, Reach-konform<\/p>\n<\/li>\n<li class=\"\" data-start=\"3577\" data-end=\"3666\">\n<p class=\"\" data-start=\"3579\" data-end=\"3666\"><strong data-start=\"3579\" data-end=\"3593\">Verpackung:<\/strong> 1 Paar pro Polybeutel, 12 Paar pro Sammelpackung (kundenspezifische Verpackung auf Anfrage)<\/p>\n<\/li>\n<\/ul>\n<p class=\"\" data-start=\"3668\" data-end=\"4033\"><strong data-start=\"3668\" data-end=\"3682\">Warum RYINZ?<\/strong><br data-start=\"3682\" data-end=\"3685\" \/>Wir verf\u00fcgen \u00fcber jahrzehntelange Erfahrung bei der Beschaffung hochwertiger Sicherheitsausr\u00fcstung aus Asien und der Lieferung in ganz Europa, <strong data-start=\"3786\" data-end=\"3795\">RYINZ<\/strong> verbindet funktionales Design mit kommerzieller Skalierbarkeit. Unsere Produkte werden von Fachleuten getestet und in mehr als 28 L\u00e4ndern eingesetzt. Egal, ob Sie Gro\u00dfh\u00e4ndler, Distributor oder Direktnutzer sind, RYINZ garantiert Spitzenleistung mit jedem Paar.<\/p>","protected":false},"excerpt":{"rendered":"<p><strong data-start=\"4095\" data-end=\"4132\">RYINZ Premium Leder Arbeitshandschuhe<\/strong> sind f\u00fcr Profis gedacht, die einen hohen Schutz ben\u00f6tigen, ohne auf Komfort verzichten zu m\u00fcssen. Aus robustem Rindspaltleder gefertigt und an den richtigen Stellen verst\u00e4rkt, sind diese Handschuhe verschlei\u00df-, hitze- und abriebfest. Sie sind perfekt f\u00fcr Schwei\u00dfer, Bauarbeiter und alle, die mit schweren Werkzeugen oder Materialien arbeiten. Die verl\u00e4ngerte Stulpe sch\u00fctzt die Handgelenke vor Funken und Schmutz, w\u00e4hrend die verst\u00e4rkte Handfl\u00e4che Grip und Haltbarkeit gew\u00e4hrleistet. Diese flexiblen, atmungsaktiven und mit hitzebest\u00e4ndigem Garn gen\u00e4hten Handschuhe sind f\u00fcr harte Arbeit wie geschaffen.<\/p>","protected":false},"featured_media":8970,"comment_status":"closed","ping_status":"closed","template":"","meta":[],"product_brand":[35],"product_cat":[82,83],"product_tag":[94,95],"class_list":{"0":"post-8919","1":"product","2":"type-product","3":"status-publish","4":"has-post-thumbnail","6":"product_brand-ryinz","7":"product_cat-mechanic-industrial-gloves","8":"product_cat-mechanics-gloves","9":"product_tag-buffalo-leather-work-gloves","10":"product_tag-cotton-lined-industrial-gloves","12":"first","13":"instock","14":"taxable","15":"shipping-taxable","16":"purchasable","17":"product-type-simple"},"_links":{"self":[{"href":"https:\/\/ryinz.cz\/velkoobchod\/de\/wp-json\/wp\/v2\/product\/8919","targetHints":{"allow":["GET"]}}],"collection":[{"href":"https:\/\/ryinz.cz\/velkoobchod\/de\/wp-json\/wp\/v2\/product"}],"about":[{"href":"https:\/\/ryinz.cz\/velkoobchod\/de\/wp-json\/wp\/v2\/types\/product"}],"replies":[{"embeddable":true,"href":"https:\/\/ryinz.cz\/velkoobchod\/de\/wp-json\/wp\/v2\/comments?post=8919"}],"wp:featuredmedia":[{"embeddable":true,"href":"https:\/\/ryinz.cz\/velkoobchod\/de\/wp-json\/wp\/v2\/media\/8970"}],"wp:attachment":[{"href":"https:\/\/ryinz.cz\/velkoobchod\/de\/wp-json\/wp\/v2\/media?parent=8919"}],"wp:term":[{"taxonomy":"product_brand","embeddable":true,"href":"https:\/\/ryinz.cz\/velkoobchod\/de\/wp-json\/wp\/v2\/product_brand?post=8919"},{"taxonomy":"product_cat","embeddable":true,"href":"https:\/\/ryinz.cz\/velkoobchod\/de\/wp-json\/wp\/v2\/product_cat?post=8919"},{"taxonomy":"product_tag","embeddable":true,"href":"https:\/\/ryinz.cz\/velkoobchod\/de\/wp-json\/wp\/v2\/product_tag?post=8919"}],"curies":[{"name":"wp","href":"https:\/\/api.w.org\/{rel}","templated":true}]}}