{"id":8918,"date":"2025-06-22T15:21:06","date_gmt":"2025-06-22T15:21:06","guid":{"rendered":"https:\/\/ryinz.cz\/velkoobchod\/?post_type=product&#038;p=8918"},"modified":"2026-01-18T20:16:51","modified_gmt":"2026-01-18T20:16:51","slug":"ryinz-winter-ready-heavy-duty-leder-handschuhe-mit-wasserdichter-stulpe-isolierte-handschuhe-fur-kaltes-wetter-raue-umgebungen","status":"publish","type":"product","link":"https:\/\/ryinz.cz\/velkoobchod\/de\/product\/ryinz-winter-ready-heavy-duty-leather-work-gloves-with-waterproof-cuff-insulated-gloves-for-cold-weather-harsh-environments\/","title":{"rendered":"RYINZ Wintertaugliche schwere Lederarbeitshandschuhe mit wasserdichter Stulpe - isolierte Handschuhe f\u00fcr kaltes Wetter und raue Umgebungen"},"content":{"rendered":"<p class=\"\" data-start=\"307\" data-end=\"696\">Bew\u00e4ltigen Sie die h\u00e4rtesten Aufgaben in den k\u00e4ltesten Umgebungen mit <strong data-start=\"365\" data-end=\"418\">RYINZ Wintertaugliche Heavy-Duty Leder-Arbeitshandschuhe<\/strong> - eine Hochleistungsl\u00f6sung f\u00fcr Profis, die bei Schnee, Regen oder Minusgraden arbeiten. Egal, ob Sie in der Forstwirtschaft, im Baugewerbe, in der mechanischen Instandhaltung oder bei Au\u00dfeneins\u00e4tzen t\u00e4tig sind, diese Handschuhe sind speziell f\u00fcr Langlebigkeit, W\u00e4rme und Allwetterschutz konzipiert.<\/p>\n<p class=\"\" data-start=\"698\" data-end=\"1110\">Die Handschuhe sind aus hochwertigem Material gefertigt <strong data-start=\"734\" data-end=\"761\">echtes Rindsleder<\/strong>, Der Handschuh ist bekannt f\u00fcr seine hervorragende Best\u00e4ndigkeit gegen Abrieb, Einstiche und Verschlei\u00df. Der verst\u00e4rkte Handfl\u00e4chenbereich und die ergonomische Formgebung sorgen f\u00fcr verbesserte Griffigkeit und Haltbarkeit in Bereichen mit hohem Kontakt. Die nat\u00fcrlich isolierenden Eigenschaften des Leders in Kombination mit einem thermischen Innenfutter bieten maximalen W\u00e4rmer\u00fcckhalt, um die H\u00e4nde auch bei eisigem Klima warm zu halten.<\/p>\n<p class=\"\" data-start=\"1112\" data-end=\"1528\">Eines der herausragenden Merkmale dieser Handschuhe ist die <strong data-start=\"1164\" data-end=\"1192\">erweiterte wasserdichte Manschette<\/strong>, Aus winddichtem und wasserabweisendem Material, das Feuchtigkeit und Schnee abh\u00e4lt. Eine integrierte <strong data-start=\"1286\" data-end=\"1314\">Kordelzugverschluss am Handgelenk<\/strong> Der Handschuh liegt eng am Arm an, schlie\u00dft kalte Luft aus und verhindert, dass Schnee oder Schmutz in den Handschuh eindringen. Das elastische Handgelenk verbessert die Passform, den Komfort und die Flexibilit\u00e4t und verringert die Erm\u00fcdung bei stundenlangem Tragen.<\/p>\n<p class=\"\" data-start=\"1530\" data-end=\"1871\">Diese Handschuhe sind ideal f\u00fcr Profis, die sowohl Pr\u00e4zision als auch Widerstandsf\u00e4higkeit ben\u00f6tigen. Das strukturierte Design erm\u00f6glicht eine hervorragende Beweglichkeit der Finger, was das Bedienen von Werkzeugen, das Hantieren mit schweren Ger\u00e4ten oder das Fahren von Maschinen bei schlechtem Wetter erleichtert. Doppelt gen\u00e4hte N\u00e4hte tragen zur strukturellen Integrit\u00e4t bei und sorgen daf\u00fcr, dass die Handschuhe im Laufe der Zeit einem harten Einsatz standhalten.<\/p>\n<p class=\"\" data-start=\"1873\" data-end=\"1894\"><strong data-start=\"1873\" data-end=\"1894\">Produktmerkmale:<\/strong><\/p>\n<ul data-start=\"1896\" data-end=\"2869\">\n<li class=\"\" data-start=\"1896\" data-end=\"2012\">\n<p class=\"\" data-start=\"1898\" data-end=\"2012\"><strong data-start=\"1898\" data-end=\"1929\">Hochwertiges Rindsleder:<\/strong> Bietet St\u00e4rke, Flexibilit\u00e4t und Abriebfestigkeit f\u00fcr harte Arbeitsumgebungen<\/p>\n<\/li>\n<li class=\"\" data-start=\"2013\" data-end=\"2109\">\n<p class=\"\" data-start=\"2015\" data-end=\"2109\"><strong data-start=\"2015\" data-end=\"2044\">Thermisch isolierte Auskleidung:<\/strong> H\u00e4lt die H\u00e4nde warm und trocken, auch bei Schnee, Regen oder Eisgl\u00e4tte<\/p>\n<\/li>\n<li class=\"\" data-start=\"2110\" data-end=\"2206\">\n<p class=\"\" data-start=\"2112\" data-end=\"2206\"><strong data-start=\"2112\" data-end=\"2144\">Verst\u00e4rkte Handfl\u00e4che und Finger:<\/strong> Gepolsterte Griffzonen verringern den Druck und verl\u00e4ngern die Lebensdauer des Handschuhs<\/p>\n<\/li>\n<li class=\"\" data-start=\"2207\" data-end=\"2308\">\n<p class=\"\" data-start=\"2209\" data-end=\"2308\"><strong data-start=\"2209\" data-end=\"2238\">Erweiterte wasserdichte Manschette:<\/strong> Blockiert Wind, Wasser und Ger\u00f6ll - perfekt f\u00fcr Arbeiten mit viel Schnee oder Schlamm<\/p>\n<\/li>\n<li class=\"\" data-start=\"2309\" data-end=\"2392\">\n<p class=\"\" data-start=\"2311\" data-end=\"2392\"><strong data-start=\"2311\" data-end=\"2334\">Kordelzug-Verschluss:<\/strong> Passgenauer Verschluss am Handgelenk h\u00e4lt die W\u00e4rme drinnen und die K\u00e4lte drau\u00dfen<\/p>\n<\/li>\n<li class=\"\" data-start=\"2393\" data-end=\"2475\">\n<p class=\"\" data-start=\"2395\" data-end=\"2475\"><strong data-start=\"2395\" data-end=\"2416\">Ergonomisches Design:<\/strong> Erm\u00f6glicht eine nat\u00fcrliche Handbewegung und eine hervorragende Handhabung des Werkzeugs<\/p>\n<\/li>\n<li class=\"\" data-start=\"2476\" data-end=\"2556\">\n<p class=\"\" data-start=\"2478\" data-end=\"2556\"><strong data-start=\"2478\" data-end=\"2505\">Mehrschichtiger Schutz:<\/strong> Ideal f\u00fcr den mehrj\u00e4hrigen Einsatz im Freien oder in der Industrie<\/p>\n<\/li>\n<li class=\"\" data-start=\"2557\" data-end=\"2634\">\n<p class=\"\" data-start=\"2559\" data-end=\"2634\"><strong data-start=\"2559\" data-end=\"2593\">Option Kevlar-N\u00e4hte (MOQ):<\/strong> F\u00fcr starke Beanspruchung durch Flammen oder Schnittverletzungen<\/p>\n<\/li>\n<li class=\"\" data-start=\"2635\" data-end=\"2710\">\n<p class=\"\" data-start=\"2637\" data-end=\"2710\"><strong data-start=\"2637\" data-end=\"2657\">Verf\u00fcgbare Gr\u00f6\u00dfen:<\/strong> M bis XXL (Sondergr\u00f6\u00dfen bei Gro\u00dfbestellungen m\u00f6glich)<\/p>\n<\/li>\n<li class=\"\" data-start=\"2711\" data-end=\"2786\">\n<p class=\"\" data-start=\"2713\" data-end=\"2786\"><strong data-start=\"2713\" data-end=\"2731\">Farboptionen:<\/strong> Gelb-schwarz, voll schwarz, braun und grau auf Anfrage<\/p>\n<\/li>\n<li class=\"\" data-start=\"2787\" data-end=\"2869\">\n<p class=\"\" data-start=\"2789\" data-end=\"2869\"><strong data-start=\"2789\" data-end=\"2807\">Anpassungen:<\/strong> Branding, Stickerei und Verpackungspersonalisierung m\u00f6glich<\/p>\n<\/li>\n<\/ul>\n<p class=\"\" data-start=\"2871\" data-end=\"2894\"><strong data-start=\"2871\" data-end=\"2894\">Ideale Anwendungen:<\/strong><\/p>\n<ul data-start=\"2896\" data-end=\"3261\">\n<li class=\"\" data-start=\"2896\" data-end=\"2924\">\n<p class=\"\" data-start=\"2898\" data-end=\"2924\">Bauarbeiten im Winter<\/p>\n<\/li>\n<li class=\"\" data-start=\"2925\" data-end=\"2959\">\n<p class=\"\" data-start=\"2927\" data-end=\"2959\">Forstwirtschaft und Holzwirtschaft<\/p>\n<\/li>\n<li class=\"\" data-start=\"2960\" data-end=\"2988\">\n<p class=\"\" data-start=\"2962\" data-end=\"2988\">Handhabung schwerer Maschinen<\/p>\n<\/li>\n<li class=\"\" data-start=\"2989\" data-end=\"3030\">\n<p class=\"\" data-start=\"2991\" data-end=\"3030\">Schneer\u00e4umen und Fahren bei kaltem Wetter<\/p>\n<\/li>\n<li class=\"\" data-start=\"3031\" data-end=\"3066\">\n<p class=\"\" data-start=\"3033\" data-end=\"3066\">Versorgung und Au\u00dfenpflege<\/p>\n<\/li>\n<li class=\"\" data-start=\"3067\" data-end=\"3098\">\n<p class=\"\" data-start=\"3069\" data-end=\"3098\">Logistik und Ladedocks<\/p>\n<\/li>\n<li class=\"\" data-start=\"3099\" data-end=\"3136\">\n<p class=\"\" data-start=\"3101\" data-end=\"3136\">Notfalleinsatzkr\u00e4fte und Stra\u00dfenteams<\/p>\n<\/li>\n<li class=\"\" data-start=\"3137\" data-end=\"3178\">\n<p class=\"\" data-start=\"3139\" data-end=\"3178\">Landwirtschaft, Viehzucht oder Z\u00e4une im Freien<\/p>\n<\/li>\n<li class=\"\" data-start=\"3179\" data-end=\"3206\">\n<p class=\"\" data-start=\"3181\" data-end=\"3206\">K\u00fchlh\u00e4user<\/p>\n<\/li>\n<li class=\"\" data-start=\"3207\" data-end=\"3261\">\n<p class=\"\" data-start=\"3209\" data-end=\"3261\">Jagen, Wandern oder Schneesport (nicht kommerzielle Nutzung)<\/p>\n<\/li>\n<\/ul>\n<p class=\"\" data-start=\"3263\" data-end=\"3638\"><strong data-start=\"3263\" data-end=\"3298\">Sicherheit und Komfort in einem Paket<\/strong><br data-start=\"3298\" data-end=\"3301\" \/>Bei RYINZ ist Sicherheitsausr\u00fcstung mehr als nur Schutz - es geht darum, Profis das Vertrauen zu geben, ihr Bestes zu geben. Diese Handschuhe bieten Komfort, Isolierung und Schutz - alles in einem robusten und eleganten Paket. Die Ausgewogenheit zwischen W\u00e4rme, robuster Bauweise und leichter Beweglichkeit macht sie zu Ihrem bevorzugten Handschuh f\u00fcr eisige Bedingungen.<\/p>\n<p class=\"\" data-start=\"3640\" data-end=\"3678\"><strong data-start=\"3640\" data-end=\"3678\">Zertifizierungen und Exportbereitschaft:<\/strong><\/p>\n<ul data-start=\"3680\" data-end=\"3843\">\n<li class=\"\" data-start=\"3680\" data-end=\"3722\">\n<p class=\"\" data-start=\"3682\" data-end=\"3722\"><strong data-start=\"3682\" data-end=\"3720\">EN388 (Schutz vor mechanischen Risiken)<\/strong><\/p>\n<\/li>\n<li class=\"\" data-start=\"3723\" data-end=\"3746\">\n<p class=\"\" data-start=\"3725\" data-end=\"3746\"><strong data-start=\"3725\" data-end=\"3744\">Reichweite konform<\/strong><\/p>\n<\/li>\n<li class=\"\" data-start=\"3747\" data-end=\"3785\">\n<p class=\"\" data-start=\"3749\" data-end=\"3785\"><strong data-start=\"3749\" data-end=\"3783\">CE-Kennzeichnung f\u00fcr europ\u00e4ische M\u00e4rkte<\/strong><\/p>\n<\/li>\n<li class=\"\" data-start=\"3786\" data-end=\"3843\">\n<p class=\"\" data-start=\"3788\" data-end=\"3843\"><strong data-start=\"3788\" data-end=\"3843\">Kundenspezifische Dokumentation f\u00fcr EU- und US-K\u00e4ufer verf\u00fcgbar<\/strong><\/p>\n<\/li>\n<\/ul>\n<p class=\"\" data-start=\"3845\" data-end=\"4108\"><strong data-start=\"3845\" data-end=\"3875\">Gro\u00dfauftr\u00e4ge und OEM-Dienste:<\/strong><br data-start=\"3875\" data-end=\"3878\" \/>Gro\u00dfh\u00e4ndlern und Distributoren bieten wir flexible Bestellmengen, Private Labeling, mehrsprachige Verpackungen und EU-konforme Exportdokumente. \u00dcber unser Partnernetzwerk k\u00f6nnen wir in ganz Europa, Gro\u00dfbritannien und den USA liefern.<\/p>","protected":false},"excerpt":{"rendered":"<p><strong data-start=\"4170\" data-end=\"4212\">RYINZ Wintertaugliche Leder-Arbeitshandschuhe<\/strong> wurden f\u00fcr Profis entwickelt, die mit rauen Winterbedingungen konfrontiert sind. Diese Handschuhe kombinieren hochwertiges Rindsleder f\u00fcr Strapazierf\u00e4higkeit und ein thermisch isoliertes Futter, um die W\u00e4rme bei Minusgraden zu erhalten. Eine wasserdichte, verl\u00e4ngerte Stulpe mit verstellbarem Kordelzug bietet maximalen Wetterschutz und h\u00e4lt Schnee und Wind fern. Verst\u00e4rkte Handfl\u00e4chen verbessern den Grip und die Abriebfestigkeit, w\u00e4hrend die flexible Passform auch bei stundenlanger Arbeit f\u00fcr Komfort sorgt. Diese Handschuhe sind ideal f\u00fcr Arbeiten auf dem Bau, in der Forstwirtschaft, in der Instandhaltung, bei der Schneer\u00e4umung und im K\u00fchllager. Sie sind Ihr zuverl\u00e4ssiger Partner bei allen schwierigen Winteraufgaben.<\/p>","protected":false},"featured_media":8971,"comment_status":"closed","ping_status":"closed","template":"","meta":[],"product_brand":[35],"product_cat":[82,83],"product_tag":[58,92,93],"class_list":{"0":"post-8918","1":"product","2":"type-product","3":"status-publish","4":"has-post-thumbnail","6":"product_brand-ryinz","7":"product_cat-mechanic-industrial-gloves","8":"product_cat-mechanics-gloves","9":"product_tag-cowhide-leather-gloves","10":"product_tag-customizable-branded-work-gloves","11":"product_tag-goat-leather-insulated-gloves","13":"first","14":"instock","15":"taxable","16":"shipping-taxable","17":"purchasable","18":"product-type-simple"},"_links":{"self":[{"href":"https:\/\/ryinz.cz\/velkoobchod\/de\/wp-json\/wp\/v2\/product\/8918","targetHints":{"allow":["GET"]}}],"collection":[{"href":"https:\/\/ryinz.cz\/velkoobchod\/de\/wp-json\/wp\/v2\/product"}],"about":[{"href":"https:\/\/ryinz.cz\/velkoobchod\/de\/wp-json\/wp\/v2\/types\/product"}],"replies":[{"embeddable":true,"href":"https:\/\/ryinz.cz\/velkoobchod\/de\/wp-json\/wp\/v2\/comments?post=8918"}],"wp:featuredmedia":[{"embeddable":true,"href":"https:\/\/ryinz.cz\/velkoobchod\/de\/wp-json\/wp\/v2\/media\/8971"}],"wp:attachment":[{"href":"https:\/\/ryinz.cz\/velkoobchod\/de\/wp-json\/wp\/v2\/media?parent=8918"}],"wp:term":[{"taxonomy":"product_brand","embeddable":true,"href":"https:\/\/ryinz.cz\/velkoobchod\/de\/wp-json\/wp\/v2\/product_brand?post=8918"},{"taxonomy":"product_cat","embeddable":true,"href":"https:\/\/ryinz.cz\/velkoobchod\/de\/wp-json\/wp\/v2\/product_cat?post=8918"},{"taxonomy":"product_tag","embeddable":true,"href":"https:\/\/ryinz.cz\/velkoobchod\/de\/wp-json\/wp\/v2\/product_tag?post=8918"}],"curies":[{"name":"wp","href":"https:\/\/api.w.org\/{rel}","templated":true}]}}