{"id":8917,"date":"2025-06-22T15:21:06","date_gmt":"2025-06-22T15:21:06","guid":{"rendered":"https:\/\/ryinz.cz\/velkoobchod\/?post_type=product&#038;p=8917"},"modified":"2026-01-18T20:16:51","modified_gmt":"2026-01-18T20:16:51","slug":"ryinz-premium-mechaniker-handschuhe-verstarkte-anti-rutsch-handflache-flexible-passform-langlebige-sicherheitshandschuhe-fur-autowerkstatt-diy","status":"publish","type":"product","link":"https:\/\/ryinz.cz\/velkoobchod\/de\/product\/ryinz-premium-mechanics-gloves-reinforced-anti-slip-palm-flexible-fit-durable-safety-gloves-for-automotive-workshop-diy\/","title":{"rendered":"RYINZ Premium Mechanikerhandschuhe - Verst\u00e4rkte Anti-Rutsch-Handfl\u00e4che, flexible Passform, langlebige Sicherheitshandschuhe f\u00fcr Automobil, Werkstatt, DIY"},"content":{"rendered":"<p class=\"\" data-start=\"314\" data-end=\"638\">Einf\u00fchrung in die <strong data-start=\"330\" data-end=\"364\">RYINZ Premium Mechanikerhandschuhe<\/strong>, Dieser Handschuh wurde f\u00fcr alle entwickelt, die bei ihrem Handschutz auf Robustheit, Pr\u00e4zision und Komfort Wert legen. Ganz gleich, ob Sie Fahrzeuge reparieren, auf Baustellen arbeiten, mit Werkzeugen hantieren oder Heimwerkerprojekte durchf\u00fchren - diese Handschuhe sind so konzipiert, dass sie in jeder Situation H\u00f6chstleistungen erbringen.<\/p>\n<p class=\"\" data-start=\"640\" data-end=\"1028\">Die Handfl\u00e4che des Handschuhs besteht aus einem verst\u00e4rkten Kunstleder, das au\u00dfergew\u00f6hnlich widerstandsf\u00e4hig gegen Abrieb, Verschlei\u00df und Einstiche ist. Spezielle strukturierte Zonen und zus\u00e4tzliche Polsterungen auf der Handfl\u00e4che verbessern die Griffigkeit und verringern die Erm\u00fcdung bei langen Arbeitszeiten. Die Handhabung von rutschigen Werkzeugen, kleinen mechanischen Teilen oder Elektrowerkzeugen wird mit diesen Handschuhen sicherer und effizienter.<\/p>\n<p class=\"\" data-start=\"1030\" data-end=\"1362\">Die R\u00fcckseite des Handschuhs besteht aus einem hoch atmungsaktiven und flexiblen Gewebe, das eine hervorragende Luftzirkulation erm\u00f6glicht und daf\u00fcr sorgt, dass Ihre H\u00e4nde auch bei schweren Arbeiten k\u00fchl und trocken bleiben. Das Material passt sich Ihren Handbewegungen auf nat\u00fcrliche Weise an und bietet hervorragende Fingerfertigkeit f\u00fcr detaillierte Aufgaben wie Motorreparaturen, Verkabelung, Montagearbeiten oder Holzarbeiten.<\/p>\n<p class=\"\" data-start=\"1364\" data-end=\"1742\">Doppelt gen\u00e4hte N\u00e4hte an besonders beanspruchten Stellen erh\u00f6hen die Strapazierf\u00e4higkeit und Rei\u00dffestigkeit, sodass die Handschuhe auch bei wiederholtem Gebrauch nicht kaputt gehen. Ergonomisch vorgekr\u00fcmmte Finger spiegeln die nat\u00fcrliche Kr\u00fcmmung Ihrer Hand wider, reduzieren die Belastung und bieten eine perfekte Passform. Dank des verstellbaren Handgelenksverschlusses sitzt der Handschuh sicher und h\u00e4lt Staub und Schmutz fern.<\/p>\n<p class=\"\" data-start=\"1744\" data-end=\"1891\">Perfekte Balance zwischen St\u00e4rke, Flexibilit\u00e4t und Komfort, diese <strong data-start=\"1806\" data-end=\"1840\">RYINZ Premium Mechanikerhandschuhe<\/strong> sind Ihr zuverl\u00e4ssiger Partner f\u00fcr den rauen Arbeitsalltag.<\/p>\n<p class=\"\" data-start=\"1893\" data-end=\"1910\"><strong data-start=\"1893\" data-end=\"1910\">Wesentliche Merkmale:<\/strong><\/p>\n<ul data-start=\"1911\" data-end=\"2741\">\n<li class=\"\" data-start=\"1911\" data-end=\"1994\">\n<p class=\"\" data-start=\"1913\" data-end=\"1994\"><strong data-start=\"1913\" data-end=\"1943\">Verst\u00e4rkte Anti-Rutsch-Handfl\u00e4che:<\/strong> Verbessert die Griffigkeit und sorgt f\u00fcr eine sichere Handhabung der Werkzeuge<\/p>\n<\/li>\n<li class=\"\" data-start=\"1995\" data-end=\"2065\">\n<p class=\"\" data-start=\"1997\" data-end=\"2065\"><strong data-start=\"1997\" data-end=\"2019\">Atmungsaktives Gewebe:<\/strong> Erh\u00e4lt den Komfort der H\u00e4nde und reduziert das Schwitzen<\/p>\n<\/li>\n<li class=\"\" data-start=\"2066\" data-end=\"2149\">\n<p class=\"\" data-start=\"2068\" data-end=\"2149\"><strong data-start=\"2068\" data-end=\"2089\">Ergonomisches Design:<\/strong> Vorgekr\u00fcmmte Finger und Stretchzonen f\u00fcr nat\u00fcrliche Bewegung<\/p>\n<\/li>\n<li class=\"\" data-start=\"2150\" data-end=\"2229\">\n<p class=\"\" data-start=\"2152\" data-end=\"2229\"><strong data-start=\"2152\" data-end=\"2167\">Langlebigkeit:<\/strong> Doppelt gen\u00e4hte N\u00e4hte gew\u00e4hrleisten eine lange Lebensdauer auch bei starker Beanspruchung<\/p>\n<\/li>\n<li class=\"\" data-start=\"2230\" data-end=\"2311\">\n<p class=\"\" data-start=\"2232\" data-end=\"2311\"><strong data-start=\"2232\" data-end=\"2259\">Flexibler Handgelenk-Verschluss:<\/strong> Verstellbare Passform mit Schutz vor Staub und Schmutz<\/p>\n<\/li>\n<li class=\"\" data-start=\"2312\" data-end=\"2394\">\n<p class=\"\" data-start=\"2314\" data-end=\"2394\"><strong data-start=\"2314\" data-end=\"2344\">Leicht und bequem:<\/strong> Erm\u00f6glicht uneingeschr\u00e4nkte Handbewegungen ohne Steifheit<\/p>\n<\/li>\n<li class=\"\" data-start=\"2395\" data-end=\"2493\">\n<p class=\"\" data-start=\"2397\" data-end=\"2493\"><strong data-start=\"2397\" data-end=\"2415\">Taktischer Blick:<\/strong> Professionelles zweifarbiges Farbschema (braun\/schwarz) unterstreicht Ihren robusten Stil<\/p>\n<\/li>\n<li class=\"\" data-start=\"2494\" data-end=\"2594\">\n<p class=\"\" data-start=\"2496\" data-end=\"2594\"><strong data-start=\"2496\" data-end=\"2517\">Multifunktional:<\/strong> Ideal f\u00fcr Mechaniker, Techniker, Holzarbeiter, Bauherren und Heimwerker<\/p>\n<\/li>\n<li class=\"\" data-start=\"2595\" data-end=\"2657\">\n<p class=\"\" data-start=\"2597\" data-end=\"2657\"><strong data-start=\"2597\" data-end=\"2618\">Maschinenwaschbar:<\/strong> Leicht zu reinigen ohne Qualit\u00e4tsverlust<\/p>\n<\/li>\n<li class=\"\" data-start=\"2658\" data-end=\"2741\">\n<p class=\"\" data-start=\"2660\" data-end=\"2741\"><strong data-start=\"2660\" data-end=\"2683\">Massenanpassung:<\/strong> OEM-\/Private-Labeling-Optionen f\u00fcr Vertriebsh\u00e4ndler verf\u00fcgbar<\/p>\n<\/li>\n<\/ul>\n<p class=\"\" data-start=\"2743\" data-end=\"2759\"><strong data-start=\"2743\" data-end=\"2759\">Perfekt f\u00fcr:<\/strong><\/p>\n<ul data-start=\"2760\" data-end=\"2995\">\n<li class=\"\" data-start=\"2760\" data-end=\"2798\">\n<p class=\"\" data-start=\"2762\" data-end=\"2798\">Reparatur und Wartung von Kraftfahrzeugen<\/p>\n<\/li>\n<li class=\"\" data-start=\"2799\" data-end=\"2834\">\n<p class=\"\" data-start=\"2801\" data-end=\"2834\">Bauarbeiten und Zimmerei<\/p>\n<\/li>\n<li class=\"\" data-start=\"2835\" data-end=\"2880\">\n<p class=\"\" data-start=\"2837\" data-end=\"2880\">Klempner-, Montage- und Installationsarbeiten<\/p>\n<\/li>\n<li class=\"\" data-start=\"2881\" data-end=\"2914\">\n<p class=\"\" data-start=\"2883\" data-end=\"2914\">Heimwerkerprojekte und Hausreparaturen<\/p>\n<\/li>\n<li class=\"\" data-start=\"2915\" data-end=\"2950\">\n<p class=\"\" data-start=\"2917\" data-end=\"2950\">Aufgaben im Bereich Garten- und Landschaftsbau<\/p>\n<\/li>\n<li class=\"\" data-start=\"2951\" data-end=\"2995\">\n<p class=\"\" data-start=\"2953\" data-end=\"2995\">Allgemeine Lager- oder Werkstattarbeiten<\/p>\n<\/li>\n<\/ul>\n<p class=\"\" data-start=\"2997\" data-end=\"3289\"><strong data-start=\"2997\" data-end=\"3017\">Verf\u00fcgbare Gr\u00f6\u00dfen:<\/strong> S, M, L, XL, XXL<br data-start=\"3034\" data-end=\"3037\" \/><strong data-start=\"3037\" data-end=\"3055\">Farboptionen:<\/strong> Standardm\u00e4\u00dfig braun\/schwarz, weitere Farben bei Gro\u00dfbestellungen erh\u00e4ltlich<br data-start=\"3120\" data-end=\"3123\" \/><strong data-start=\"3123\" data-end=\"3142\">Zertifizierungen:<\/strong> CE-zertifizierte Materialien (auf Anfrage), EN 388 Standard verf\u00fcgbar<br data-start=\"3205\" data-end=\"3208\" \/><strong data-start=\"3208\" data-end=\"3222\">Verpackung:<\/strong> Einzelhandelsfertige Verpackungen, Eigenmarkenverpackungen oder Gro\u00dfverpackungen<\/p>\n<p class=\"\" data-start=\"3291\" data-end=\"3729\"><strong data-start=\"3291\" data-end=\"3312\">Warum RYINZ w\u00e4hlen?<\/strong><br data-start=\"3312\" data-end=\"3315\" \/>Bei RYINZ konzentrieren wir uns darauf, Handschuhe in europ\u00e4ischer Qualit\u00e4t zu liefern, die den globalen Standards entsprechen. Unsere mit fortschrittlichen Materialien und unter strenger Qualit\u00e4tskontrolle hergestellten Handschuhe vereinen Funktionalit\u00e4t, Sicherheit und Stil f\u00fcr Anwender in der Automobil-, Bau- und Industriebranche. In Zusammenarbeit mit pakistanischer Handwerkskunst und europ\u00e4ischen Beschaffungsstandards entwickelt, stellen RYINZ-Handschuhe sicher, dass Sie immer f\u00fcr jede Aufgabe ger\u00fcstet sind.<\/p>","protected":false},"excerpt":{"rendered":"<p>Erleben Sie den Unterschied mit <strong data-start=\"3823\" data-end=\"3857\">RYINZ Premium Mechanikerhandschuhe<\/strong> - von Experten f\u00fcr Profis und Heimwerker entwickelt, die maximale Leistung ben\u00f6tigen. Mit einer verst\u00e4rkten synthetischen Handfl\u00e4che f\u00fcr starken, rutschfesten Griff und einem atmungsaktiven Handr\u00fcckengewebe f\u00fcr ganzt\u00e4gigen Komfort bieten diese Handschuhe die perfekte Balance zwischen Robustheit und Flexibilit\u00e4t. Mit ihren doppelten N\u00e4hten, der ergonomischen Passform und der einfachen Einstellung am Handgelenk sind sie ideal f\u00fcr Werkst\u00e4tten, Garagen, Baustellen und Heimwerker. Robust, zuverl\u00e4ssig und langlebig - arbeiten Sie intelligenter und sicherer mit RYINZ.<\/p>","protected":false},"featured_media":8974,"comment_status":"closed","ping_status":"closed","template":"","meta":[],"product_brand":[35],"product_cat":[82,83],"product_tag":[90,91],"class_list":{"0":"post-8917","1":"product","2":"type-product","3":"status-publish","4":"has-post-thumbnail","6":"product_brand-ryinz","7":"product_cat-mechanic-industrial-gloves","8":"product_cat-mechanics-gloves","9":"product_tag-neoprene-cuff-safety-gloves","10":"product_tag-rexion-suede-gloves","12":"first","13":"instock","14":"taxable","15":"shipping-taxable","16":"purchasable","17":"product-type-simple"},"_links":{"self":[{"href":"https:\/\/ryinz.cz\/velkoobchod\/de\/wp-json\/wp\/v2\/product\/8917","targetHints":{"allow":["GET"]}}],"collection":[{"href":"https:\/\/ryinz.cz\/velkoobchod\/de\/wp-json\/wp\/v2\/product"}],"about":[{"href":"https:\/\/ryinz.cz\/velkoobchod\/de\/wp-json\/wp\/v2\/types\/product"}],"replies":[{"embeddable":true,"href":"https:\/\/ryinz.cz\/velkoobchod\/de\/wp-json\/wp\/v2\/comments?post=8917"}],"wp:featuredmedia":[{"embeddable":true,"href":"https:\/\/ryinz.cz\/velkoobchod\/de\/wp-json\/wp\/v2\/media\/8974"}],"wp:attachment":[{"href":"https:\/\/ryinz.cz\/velkoobchod\/de\/wp-json\/wp\/v2\/media?parent=8917"}],"wp:term":[{"taxonomy":"product_brand","embeddable":true,"href":"https:\/\/ryinz.cz\/velkoobchod\/de\/wp-json\/wp\/v2\/product_brand?post=8917"},{"taxonomy":"product_cat","embeddable":true,"href":"https:\/\/ryinz.cz\/velkoobchod\/de\/wp-json\/wp\/v2\/product_cat?post=8917"},{"taxonomy":"product_tag","embeddable":true,"href":"https:\/\/ryinz.cz\/velkoobchod\/de\/wp-json\/wp\/v2\/product_tag?post=8917"}],"curies":[{"name":"wp","href":"https:\/\/api.w.org\/{rel}","templated":true}]}}