{"id":8916,"date":"2025-06-22T15:21:06","date_gmt":"2025-06-22T15:21:06","guid":{"rendered":"https:\/\/ryinz.cz\/velkoobchod\/?post_type=product&#038;p=8916"},"modified":"2026-01-18T20:16:50","modified_gmt":"2026-01-18T20:16:50","slug":"ryinz-atmungsaktive-leichte-mechaniker-handschuhe-flexibler-griff-verstarkte-handflache-rutschfestes-design-fur-werkstatt-und-bastelarbeiten","status":"publish","type":"product","link":"https:\/\/ryinz.cz\/velkoobchod\/de\/product\/ryinz-breathable-lightweight-mechanics-gloves-flexible-grip-reinforced-palm-anti-slip-design-for-workshop-diy-tasks\/","title":{"rendered":"RYINZ Atmungsaktive, leichte Mechanikerhandschuhe - Flexibler Griff, verst\u00e4rkte Handfl\u00e4che, rutschfestes Design f\u00fcr Werkstatt- und Heimwerkerarbeiten"},"content":{"rendered":"<p class=\"\" data-start=\"315\" data-end=\"672\">Die <strong data-start=\"319\" data-end=\"368\">RYINZ Atmungsaktive, leichte Mechanikerhandschuhe<\/strong> bieten ein perfektes Gleichgewicht aus Flexibilit\u00e4t, Schutz und Griffigkeit f\u00fcr leichte bis mittelschwere industrielle Arbeiten. Ganz gleich, ob Sie Schrauben anziehen, Teile montieren, Handwerkzeuge bedienen oder Reparaturen durchf\u00fchren - diese Handschuhe bieten den Komfort und die Beweglichkeit, die Ihre H\u00e4nde f\u00fcr Spitzenleistungen ben\u00f6tigen.<\/p>\n<p class=\"\" data-start=\"674\" data-end=\"1012\">Hergestellt aus einer Kombination von dehnbarem, atmungsaktivem Spandex und abriebfestem synthetischem Wildleder, bieten diese Handschuhe h\u00f6chsten Komfort, ohne die Haltbarkeit zu beeintr\u00e4chtigen. Die leuchtende Farbgebung in Rot und Orange verleiht ihnen nicht nur ein dynamisches, professionelles Aussehen, sondern verbessert auch die Sichtbarkeit der H\u00e4nde in der Werkstatt und im Freien.<\/p>\n<p class=\"\" data-start=\"1014\" data-end=\"1452\">Der Palmenbereich ist mit einer <strong data-start=\"1044\" data-end=\"1103\">Spezialisiertes, rutschfestes Kunstleder mit Mikromusterung<\/strong>, Sie bieten einen au\u00dfergew\u00f6hnlichen Grip auf \u00f6ligen, nassen oder trockenen Oberfl\u00e4chen. Die verst\u00e4rkte Daumensattelpolsterung sorgt f\u00fcr zus\u00e4tzliche Strapazierf\u00e4higkeit in stark beanspruchten Bereichen, so dass diese Handschuhe wiederholtem Gebrauch standhalten, ohne zu rei\u00dfen oder zu zerrei\u00dfen. Der Handr\u00fccken verf\u00fcgt \u00fcber gerippte, flexible Eins\u00e4tze, die die nat\u00fcrliche Bewegung der Hand f\u00f6rdern und Erm\u00fcdung bei sich wiederholenden Aufgaben verhindern.<\/p>\n<p class=\"\" data-start=\"1454\" data-end=\"1783\">Die ergonomische Passform erm\u00f6glicht eine pr\u00e4zise Handhabung und macht diese Handschuhe ideal f\u00fcr Aufgaben, die Geschicklichkeit und Kontrolle erfordern, wie z. B. die Verwendung von Schraubendrehern, Zangen oder Elektrowerkzeugen. Ein verstellbarer Klettverschluss am Handgelenk sorgt f\u00fcr eine sichere, individuelle Passform, die Schmutz und Ablagerungen fernh\u00e4lt und gleichzeitig ein bequemes An- und Ausziehen erm\u00f6glicht.<\/p>\n<p class=\"\" data-start=\"1785\" data-end=\"2021\">Die leichten und atmungsaktiven RYINZ Mechanikerhandschuhe sind die ideale L\u00f6sung f\u00fcr den t\u00e4glichen Einsatz in einer Vielzahl von Branchen. Die Handschuhe sind au\u00dferdem maschinenwaschbar, was die Pflege erleichtert und die langfristige Hygiene und Benutzerfreundlichkeit f\u00f6rdert.<\/p>\n<p class=\"\" data-start=\"2023\" data-end=\"2040\"><strong data-start=\"2023\" data-end=\"2040\">Wesentliche Merkmale:<\/strong><\/p>\n<ul data-start=\"2041\" data-end=\"2477\">\n<li class=\"\" data-start=\"2041\" data-end=\"2098\">\n<p class=\"\" data-start=\"2043\" data-end=\"2098\">Leichte, atmungsaktive Konstruktion f\u00fcr ganzt\u00e4giges Tragen<\/p>\n<\/li>\n<li class=\"\" data-start=\"2099\" data-end=\"2156\">\n<p class=\"\" data-start=\"2101\" data-end=\"2156\">Gut sichtbare rot\/orange Farbe f\u00fcr erh\u00f6hte Sicherheit<\/p>\n<\/li>\n<li class=\"\" data-start=\"2157\" data-end=\"2209\">\n<p class=\"\" data-start=\"2159\" data-end=\"2209\">Flexible Rippenplatten f\u00fcr maximale Beweglichkeit der H\u00e4nde<\/p>\n<\/li>\n<li class=\"\" data-start=\"2210\" data-end=\"2267\">\n<p class=\"\" data-start=\"2212\" data-end=\"2267\">Rutschfeste Handfl\u00e4che mit mikro-gemustertem Kunstleder<\/p>\n<\/li>\n<li class=\"\" data-start=\"2268\" data-end=\"2321\">\n<p class=\"\" data-start=\"2270\" data-end=\"2321\">Verst\u00e4rkter Daumensattel f\u00fcr zus\u00e4tzlichen Verschlei\u00dfschutz<\/p>\n<\/li>\n<li class=\"\" data-start=\"2322\" data-end=\"2368\">\n<p class=\"\" data-start=\"2324\" data-end=\"2368\">Verstellbarer Klettverschluss am Handgelenk f\u00fcr festen Sitz<\/p>\n<\/li>\n<li class=\"\" data-start=\"2369\" data-end=\"2403\">\n<p class=\"\" data-start=\"2371\" data-end=\"2403\">Maschinenwaschbar f\u00fcr einfache Pflege<\/p>\n<\/li>\n<li class=\"\" data-start=\"2404\" data-end=\"2477\">\n<p class=\"\" data-start=\"2406\" data-end=\"2477\">Ideal f\u00fcr leichte bis mittelschwere mechanische Arbeiten, Wartung und Heimwerkerarbeiten<\/p>\n<\/li>\n<\/ul>\n<p class=\"\" data-start=\"2479\" data-end=\"2494\"><strong data-start=\"2479\" data-end=\"2494\">Ideale Verwendungszwecke:<\/strong><\/p>\n<ul data-start=\"2495\" data-end=\"2733\">\n<li class=\"\" data-start=\"2495\" data-end=\"2531\">\n<p class=\"\" data-start=\"2497\" data-end=\"2531\">Reparatur und Wartung in der Werkstatt<\/p>\n<\/li>\n<li class=\"\" data-start=\"2532\" data-end=\"2567\">\n<p class=\"\" data-start=\"2534\" data-end=\"2567\">Reparatur und Montage von Kraftfahrzeugen<\/p>\n<\/li>\n<li class=\"\" data-start=\"2568\" data-end=\"2598\">\n<p class=\"\" data-start=\"2570\" data-end=\"2598\">Allgemeine Lagerabwicklung<\/p>\n<\/li>\n<li class=\"\" data-start=\"2599\" data-end=\"2628\">\n<p class=\"\" data-start=\"2601\" data-end=\"2628\">Heimwerkerprojekte<\/p>\n<\/li>\n<li class=\"\" data-start=\"2629\" data-end=\"2662\">\n<p class=\"\" data-start=\"2631\" data-end=\"2662\">DIY Holz- und Metallbearbeitung<\/p>\n<\/li>\n<li class=\"\" data-start=\"2663\" data-end=\"2689\">\n<p class=\"\" data-start=\"2665\" data-end=\"2689\">Leichte industrielle Aufgaben<\/p>\n<\/li>\n<li class=\"\" data-start=\"2690\" data-end=\"2733\">\n<p class=\"\" data-start=\"2692\" data-end=\"2733\">Fahrradfahren, Gartenarbeit und Freizeitgestaltung<\/p>\n<\/li>\n<\/ul>\n<p class=\"\" data-start=\"2735\" data-end=\"2925\">Diese Handschuhe werden in einer Vielzahl von Gr\u00f6\u00dfen angeboten und k\u00f6nnen in Standard-, kundenspezifischen oder Private-Label-Versionen bestellt werden. <strong data-start=\"2849\" data-end=\"2883\">OEM\/ODM-Dienstleistungen sind verf\u00fcgbar<\/strong> f\u00fcr Partner, die eine individuelle Anpassung der Marke w\u00fcnschen.<\/p>\n<p class=\"\" data-start=\"2927\" data-end=\"3123\"><strong data-start=\"2927\" data-end=\"2949\">Pflegehinweise:<\/strong><br data-start=\"2949\" data-end=\"2952\" \/>Kalt in der Maschine mit Feinwaschmittel waschen. An der Luft trocknen. Nicht bleichen oder im Trockner trocknen. \u00dcberpr\u00fcfen Sie die Handschuhe regelm\u00e4\u00dfig auf Sch\u00e4den oder Verschlei\u00df und ersetzen Sie sie bei Bedarf, um maximalen Schutz zu gew\u00e4hrleisten.<\/p>\n<p class=\"\" data-start=\"3125\" data-end=\"3291\">Mit RYINZ profitieren Sie von einer erstklassigen Fertigung, europ\u00e4ischen Qualit\u00e4tsstandards und jahrzehntelangem Engagement f\u00fcr die Entwicklung der zuverl\u00e4ssigsten Handschutzl\u00f6sungen.<\/p>","protected":false},"excerpt":{"rendered":"<p>Die atmungsaktiven Mechanikerhandschuhe von RYINZ wurden f\u00fcr optimale Flexibilit\u00e4t und Kontrolle entwickelt und sind Ihr unverzichtbarer Begleiter f\u00fcr die t\u00e4glichen Arbeitsaufgaben. Egal, ob Sie Maschinen reparieren, Teile zusammenbauen oder an Heimwerkerprojekten arbeiten, diese Handschuhe sorgen daf\u00fcr, dass Ihre H\u00e4nde gesch\u00fctzt, bequem und beweglich bleiben. Ihre leichte und dehnbare Konstruktion bietet Bewegungsfreiheit, ohne dass die Griffigkeit oder Haltbarkeit darunter leidet. Mit verst\u00e4rkten Handfl\u00e4chen und einem sicheren Verschluss am Handgelenk sind Ihre H\u00e4nde f\u00fcr jede Herausforderung ger\u00fcstet - von komplizierten mechanischen Reparaturen bis hin zu allgemeinen Wartungsarbeiten im Haushalt. Bleiben Sie sicher, bleiben Sie effizient und bleiben Sie in Bewegung mit den RYINZ Performance-Handschuhen.<\/p>","protected":false},"featured_media":8975,"comment_status":"closed","ping_status":"closed","template":"","meta":[],"product_brand":[35],"product_cat":[82,83],"product_tag":[88,89],"class_list":{"0":"post-8916","1":"product","2":"type-product","3":"status-publish","4":"has-post-thumbnail","6":"product_brand-ryinz","7":"product_cat-mechanic-industrial-gloves","8":"product_cat-mechanics-gloves","9":"product_tag-customizable-work-gloves","10":"product_tag-pu-rexon-mechanics-gloves","12":"first","13":"instock","14":"taxable","15":"shipping-taxable","16":"purchasable","17":"product-type-simple"},"_links":{"self":[{"href":"https:\/\/ryinz.cz\/velkoobchod\/de\/wp-json\/wp\/v2\/product\/8916","targetHints":{"allow":["GET"]}}],"collection":[{"href":"https:\/\/ryinz.cz\/velkoobchod\/de\/wp-json\/wp\/v2\/product"}],"about":[{"href":"https:\/\/ryinz.cz\/velkoobchod\/de\/wp-json\/wp\/v2\/types\/product"}],"replies":[{"embeddable":true,"href":"https:\/\/ryinz.cz\/velkoobchod\/de\/wp-json\/wp\/v2\/comments?post=8916"}],"wp:featuredmedia":[{"embeddable":true,"href":"https:\/\/ryinz.cz\/velkoobchod\/de\/wp-json\/wp\/v2\/media\/8975"}],"wp:attachment":[{"href":"https:\/\/ryinz.cz\/velkoobchod\/de\/wp-json\/wp\/v2\/media?parent=8916"}],"wp:term":[{"taxonomy":"product_brand","embeddable":true,"href":"https:\/\/ryinz.cz\/velkoobchod\/de\/wp-json\/wp\/v2\/product_brand?post=8916"},{"taxonomy":"product_cat","embeddable":true,"href":"https:\/\/ryinz.cz\/velkoobchod\/de\/wp-json\/wp\/v2\/product_cat?post=8916"},{"taxonomy":"product_tag","embeddable":true,"href":"https:\/\/ryinz.cz\/velkoobchod\/de\/wp-json\/wp\/v2\/product_tag?post=8916"}],"curies":[{"name":"wp","href":"https:\/\/api.w.org\/{rel}","templated":true}]}}