{"id":8915,"date":"2025-06-22T15:21:06","date_gmt":"2025-06-22T15:21:06","guid":{"rendered":"https:\/\/ryinz.cz\/velkoobchod\/?post_type=product&#038;p=8915"},"modified":"2026-01-18T20:16:49","modified_gmt":"2026-01-18T20:16:49","slug":"ryinz-heavy-duty-schlagfeste-mechaniker-handschuhe-schnittschutz-ol-grip-anti-vibration-arbeitshandschuhe-fur-den-industriellen-einsatz","status":"publish","type":"product","link":"https:\/\/ryinz.cz\/velkoobchod\/de\/product\/ryinz-heavy-duty-impact-resistant-mechanics-gloves-cut-protection-oil-grip-anti-vibration-work-gloves-for-industrial-use\/","title":{"rendered":"RYINZ Heavy-Duty Schlagfeste Mechanikerhandschuhe - Schnittschutz, \u00d6lgriff, Anti-Vibrations-Arbeitshandschuhe f\u00fcr den industriellen Einsatz"},"content":{"rendered":"<p class=\"\" data-start=\"323\" data-end=\"637\">Treten Sie ein in die Welt des modernen Handschutzes mit <strong data-start=\"376\" data-end=\"430\">RYINZ Heavy-Duty Schlagfeste Mechanikerhandschuhe<\/strong> - entwickelt f\u00fcr Profis, die unter h\u00e4rtesten Bedingungen arbeiten. Diese Handschuhe sind mehr als nur Handbekleidung; sie sind ein Schutzschild, der St\u00f6\u00dfen, Vibrationen, Schnitten und dem Kontakt mit \u00d6l oder Chemikalien standh\u00e4lt.<\/p>\n<p class=\"\" data-start=\"639\" data-end=\"979\">Die Au\u00dfenh\u00fclle besteht aus einem Hochleistungs <strong data-start=\"683\" data-end=\"720\">Schnittfestes HPPE-Mischgewebe<\/strong> das Ihre H\u00e4nde vor scharfen Kanten, Klingen oder Glasscherben sch\u00fctzt. Dieses hochfeste Material bietet einen Schnittschutz nach ANSI\/EN388 und bewahrt gleichzeitig Flexibilit\u00e4t und Fingerfertigkeit, was in Branchen, in denen sowohl Sicherheit als auch Feinmotorik wichtig sind, von entscheidender Bedeutung ist.<\/p>\n<p class=\"\" data-start=\"981\" data-end=\"1307\">Eines der herausragenden Merkmale des Handschuhs ist die <strong data-start=\"1025\" data-end=\"1061\">Panzerung aus thermoplastischem Gummi (TPR)<\/strong> strategisch \u00fcber Kn\u00f6chel, Finger und Handr\u00fccken platziert. Dieser TPR-Schutz absorbiert und lenkt St\u00f6\u00dfe ab und ist daher ideal f\u00fcr Bohrinseln, Bergbau, Automobilbau, Abbrucharbeiten oder schwere Maschinen, bei denen Quetschverletzungen ein h\u00e4ufiges Risiko sind.<\/p>\n<p class=\"\" data-start=\"1309\" data-end=\"1652\">Die Handfl\u00e4che ist beschichtet mit <strong data-start=\"1333\" data-end=\"1364\">rutschfeste Nitril-Griffzonen<\/strong>, Die Beschichtung gew\u00e4hrleistet einen festen Halt auf \u00f6ligen oder nassen Werkzeugen. Diese Griffbeschichtung ist abriebfest und sorgt f\u00fcr lang anhaltende Leistung in rutschigen oder rauen Umgebungen. Verst\u00e4rkte Patches in stark beanspruchten Bereichen wie dem Daumenbereich und den Fingerspitzen verl\u00e4ngern die Lebensdauer des Handschuhs und verhindern das Einrei\u00dfen.<\/p>\n<p class=\"\" data-start=\"1654\" data-end=\"1897\">Die Innenseite ist mit einem weichen und atmungsaktiven, feuchtigkeitsableitenden Material gef\u00fcttert, damit Ihre H\u00e4nde auch bei l\u00e4ngerem Gebrauch trocken bleiben. Ergonomische Formgebung und Dehnungszonen folgen der nat\u00fcrlichen Kontur der Hand und bieten Komfort, ohne die Bewegungsfreiheit einzuschr\u00e4nken.<\/p>\n<p class=\"\" data-start=\"1899\" data-end=\"2097\">RYINZ-Handschuhe sind nicht nur sch\u00fctzend, sondern auch anpassungsf\u00e4hig. Ganz gleich, ob Sie Schrauben anziehen, Fracht verladen, Maschinen bedienen oder mit scharfen Blechen hantieren, diese Handschuhe bieten ein umfassendes Schutzspektrum.<\/p>\n<p class=\"\" data-start=\"2099\" data-end=\"2120\"><strong data-start=\"2099\" data-end=\"2120\">Produktmerkmale:<\/strong><\/p>\n<ul data-start=\"2122\" data-end=\"3097\">\n<li class=\"\" data-start=\"2122\" data-end=\"2223\">\n<p class=\"\" data-start=\"2124\" data-end=\"2223\"><strong data-start=\"2124\" data-end=\"2148\">Schnittfestes Geh\u00e4use:<\/strong> HPPE-Auskleidung nach ANSI\/EN388 f\u00fcr hohe Klingen- und Durchstichfestigkeit<\/p>\n<\/li>\n<li class=\"\" data-start=\"2224\" data-end=\"2326\">\n<p class=\"\" data-start=\"2226\" data-end=\"2326\"><strong data-start=\"2226\" data-end=\"2248\">Aufprallschutz:<\/strong> TPR-Panzerung an Kn\u00f6cheln und Fingern f\u00fcr hervorragenden Schutz vor Quetschungen und Schl\u00e4gen<\/p>\n<\/li>\n<li class=\"\" data-start=\"2327\" data-end=\"2437\">\n<p class=\"\" data-start=\"2329\" data-end=\"2437\"><strong data-start=\"2329\" data-end=\"2352\">\u00d6lbest\u00e4ndiger Griff:<\/strong> Traktionsstarke Nitrilbeschichtung auf der Handfl\u00e4che f\u00fcr hervorragende Griffigkeit bei nassen oder \u00f6ligen Bedingungen<\/p>\n<\/li>\n<li class=\"\" data-start=\"2438\" data-end=\"2532\">\n<p class=\"\" data-start=\"2440\" data-end=\"2532\"><strong data-start=\"2440\" data-end=\"2458\">Langlebige Konstruktion:<\/strong> Verst\u00e4rkter Daumen und verst\u00e4rkte Fingerspitzen verl\u00e4ngern die Lebensdauer des Handschuhs bei starker Beanspruchung<\/p>\n<\/li>\n<li class=\"\" data-start=\"2533\" data-end=\"2634\">\n<p class=\"\" data-start=\"2535\" data-end=\"2634\"><strong data-start=\"2535\" data-end=\"2553\">Ergonomische Passform:<\/strong> Flexible Passform, vorgekr\u00fcmmte Finger und atmungsaktives Futter sorgen f\u00fcr ganzt\u00e4gigen Komfort<\/p>\n<\/li>\n<li class=\"\" data-start=\"2635\" data-end=\"2738\">\n<p class=\"\" data-start=\"2637\" data-end=\"2738\"><strong data-start=\"2637\" data-end=\"2652\">Sicherer Sitz:<\/strong> Der Klettverschluss am Handgelenk ist verstellbar und h\u00e4lt Schmutz und Ablagerungen fern.<\/p>\n<\/li>\n<li class=\"\" data-start=\"2739\" data-end=\"2821\">\n<p class=\"\" data-start=\"2741\" data-end=\"2821\"><strong data-start=\"2741\" data-end=\"2766\">Verl\u00e4ngerte Manschette:<\/strong> Zus\u00e4tzlicher Schutz f\u00fcr die Handgelenke mit einfachem An- und Ausziehen<\/p>\n<\/li>\n<li class=\"\" data-start=\"2822\" data-end=\"2908\">\n<p class=\"\" data-start=\"2824\" data-end=\"2908\"><strong data-start=\"2824\" data-end=\"2851\">Hitze- und Rei\u00dffestigkeit:<\/strong> Mehrschichtige Struktur widersteht Verschlei\u00df, Hitze und Reibung<\/p>\n<\/li>\n<li class=\"\" data-start=\"2909\" data-end=\"2986\">\n<p class=\"\" data-start=\"2911\" data-end=\"2986\"><strong data-start=\"2911\" data-end=\"2932\">Maschinenwaschbar:<\/strong> Beh\u00e4lt Form und Leistung auch nach mehreren W\u00e4schen bei<\/p>\n<\/li>\n<li class=\"\" data-start=\"2987\" data-end=\"3097\">\n<p class=\"\" data-start=\"2989\" data-end=\"3097\"><strong data-start=\"2989\" data-end=\"3019\">Mehrzweckanwendungen:<\/strong> Ideal f\u00fcr \u00d6l- und Gasindustrie, Baugewerbe, schwere Maschinen, Bergbau und Metallverarbeitung<\/p>\n<\/li>\n<\/ul>\n<p class=\"\" data-start=\"3099\" data-end=\"3128\"><strong data-start=\"3099\" data-end=\"3128\">Empfehlungen f\u00fcr Anwendungsf\u00e4lle:<\/strong><\/p>\n<ul data-start=\"3130\" data-end=\"3360\">\n<li class=\"\" data-start=\"3130\" data-end=\"3164\">\n<p class=\"\" data-start=\"3132\" data-end=\"3164\">Mechaniker und Autotechniker<\/p>\n<\/li>\n<li class=\"\" data-start=\"3165\" data-end=\"3208\">\n<p class=\"\" data-start=\"3167\" data-end=\"3208\">Betreiber von \u00d6lplattformen und Offshore-Bohrungen<\/p>\n<\/li>\n<li class=\"\" data-start=\"3209\" data-end=\"3238\">\n<p class=\"\" data-start=\"3211\" data-end=\"3238\">Bediener von schwerem Ger\u00e4t<\/p>\n<\/li>\n<li class=\"\" data-start=\"3239\" data-end=\"3269\">\n<p class=\"\" data-start=\"3241\" data-end=\"3269\">Abbruch- und Rettungsarbeiten<\/p>\n<\/li>\n<li class=\"\" data-start=\"3270\" data-end=\"3306\">\n<p class=\"\" data-start=\"3272\" data-end=\"3306\">Bergbau- und Aushubindustrie<\/p>\n<\/li>\n<li class=\"\" data-start=\"3307\" data-end=\"3335\">\n<p class=\"\" data-start=\"3309\" data-end=\"3335\">Handhabung von Stahl und Glas<\/p>\n<\/li>\n<li class=\"\" data-start=\"3336\" data-end=\"3360\">\n<p class=\"\" data-start=\"3338\" data-end=\"3360\">Allgemeine industrielle Nutzung<\/p>\n<\/li>\n<\/ul>\n<p class=\"\" data-start=\"3362\" data-end=\"3389\"><strong data-start=\"3362\" data-end=\"3389\">Produktspezifikationen:<\/strong><\/p>\n<ul data-start=\"3391\" data-end=\"3881\">\n<li class=\"\" data-start=\"3391\" data-end=\"3468\">\n<p class=\"\" data-start=\"3393\" data-end=\"3468\"><strong data-start=\"3393\" data-end=\"3406\">Material:<\/strong> Schnittfeste HPPE-Schale, Handfl\u00e4che aus Nitril, R\u00fcckenschutz aus TPR<\/p>\n<\/li>\n<li class=\"\" data-start=\"3469\" data-end=\"3534\">\n<p class=\"\" data-start=\"3471\" data-end=\"3534\"><strong data-start=\"3471\" data-end=\"3486\">Gr\u00f6\u00dfenbereich:<\/strong> S - XXL (Sondergr\u00f6\u00dfen auf Anfrage erh\u00e4ltlich)<\/p>\n<\/li>\n<li class=\"\" data-start=\"3535\" data-end=\"3607\">\n<p class=\"\" data-start=\"3537\" data-end=\"3607\"><strong data-start=\"3537\" data-end=\"3555\">Farboptionen:<\/strong> Grau\/Orange\/Schwarz (Sonderfarben bei Gro\u00dfbestellungen)<\/p>\n<\/li>\n<li class=\"\" data-start=\"3608\" data-end=\"3674\">\n<p class=\"\" data-start=\"3610\" data-end=\"3674\"><strong data-start=\"3610\" data-end=\"3625\">Einhaltung der Vorschriften:<\/strong> EN388 Cut Level, CE-zertifiziert, Reach-konform<\/p>\n<\/li>\n<li class=\"\" data-start=\"3675\" data-end=\"3757\">\n<p class=\"\" data-start=\"3677\" data-end=\"3757\"><strong data-start=\"3677\" data-end=\"3703\">MOQ f\u00fcr Anpassungen:<\/strong> 500 Paar (mit Logo, Verpackung oder Farbanpassung)<\/p>\n<\/li>\n<li class=\"\" data-start=\"3758\" data-end=\"3826\">\n<p class=\"\" data-start=\"3760\" data-end=\"3826\"><strong data-start=\"3760\" data-end=\"3774\">Verpackung:<\/strong> Individuelle Polybeutel oder kundenspezifische Verpackungen erh\u00e4ltlich<\/p>\n<\/li>\n<li class=\"\" data-start=\"3827\" data-end=\"3881\">\n<p class=\"\" data-start=\"3829\" data-end=\"3881\"><strong data-start=\"3829\" data-end=\"3853\">Produktionskapazit\u00e4t:<\/strong> Bis zu 100.000 Paare\/Monat<\/p>\n<\/li>\n<\/ul>\n<p class=\"\" data-start=\"3883\" data-end=\"4293\"><strong data-start=\"3883\" data-end=\"3904\">Warum RYINZ w\u00e4hlen?<\/strong><br data-start=\"3904\" data-end=\"3907\" \/>Unter <strong data-start=\"3910\" data-end=\"3919\">RYINZ<\/strong>, bringen wir zusammen <strong data-start=\"3939\" data-end=\"3972\">Erfahrung in der asiatischen Produktion<\/strong> mit <strong data-start=\"3978\" data-end=\"4009\">Europ\u00e4ische Beschaffungsstandards<\/strong>, und gew\u00e4hrleisten Qualit\u00e4t, Konsistenz und Skalierbarkeit f\u00fcr Ihre industriellen Anforderungen. Unsere Handschuhe werden rigoros getestet, sind praxiserprobt und genie\u00dfen das Vertrauen von Fachleuten in 28 L\u00e4ndern. Ganz gleich, ob Sie Gro\u00dfbestellungen, kundenspezifisches Branding oder einen zuverl\u00e4ssigen B2B-Beschaffungspartner ben\u00f6tigen - RYINZ liefert Spitzenleistungen.<\/p>","protected":false},"excerpt":{"rendered":"<p><strong data-start=\"4350\" data-end=\"4394\">RYINZ Heavy-Duty-Schlaghandschuhe f\u00fcr Mechaniker<\/strong> bieten dort erstklassigen Schutz, wo es am wichtigsten ist - bei der Arbeit. Mit einer schnittfesten HPPE-Schale und sto\u00dfabsorbierenden TPR-Schilden gew\u00e4hrleisten diese Handschuhe Handsicherheit in den anspruchsvollsten industriellen Umgebungen. Rutschfeste Nitrilhandfl\u00e4chen sorgen f\u00fcr un\u00fcbertroffene Griffigkeit in \u00f6ligen oder nassen Umgebungen, w\u00e4hrend verst\u00e4rkte, stark beanspruchte Bereiche die Haltbarkeit verl\u00e4ngern. Die bequeme Passform, das atmungsaktive Innenfutter und die ergonomische Form machen diese Handschuhe ideal f\u00fcr den Dauereinsatz. Sie wurden f\u00fcr Bau-, \u00d6l- und Gas-, Automobil- und Abbrucharbeiten entwickelt und sind die ultimative Sicherheitsl\u00f6sung.<\/p>","protected":false},"featured_media":8980,"comment_status":"closed","ping_status":"closed","template":"","meta":[],"product_brand":[35],"product_cat":[83],"product_tag":[86,87],"class_list":{"0":"post-8915","1":"product","2":"type-product","3":"status-publish","4":"has-post-thumbnail","6":"product_brand-ryinz","7":"product_cat-mechanics-gloves","8":"product_tag-heavy-duty-gloves","9":"product_tag-work-gloves","11":"first","12":"instock","13":"taxable","14":"shipping-taxable","15":"purchasable","16":"product-type-simple"},"_links":{"self":[{"href":"https:\/\/ryinz.cz\/velkoobchod\/de\/wp-json\/wp\/v2\/product\/8915","targetHints":{"allow":["GET"]}}],"collection":[{"href":"https:\/\/ryinz.cz\/velkoobchod\/de\/wp-json\/wp\/v2\/product"}],"about":[{"href":"https:\/\/ryinz.cz\/velkoobchod\/de\/wp-json\/wp\/v2\/types\/product"}],"replies":[{"embeddable":true,"href":"https:\/\/ryinz.cz\/velkoobchod\/de\/wp-json\/wp\/v2\/comments?post=8915"}],"wp:featuredmedia":[{"embeddable":true,"href":"https:\/\/ryinz.cz\/velkoobchod\/de\/wp-json\/wp\/v2\/media\/8980"}],"wp:attachment":[{"href":"https:\/\/ryinz.cz\/velkoobchod\/de\/wp-json\/wp\/v2\/media?parent=8915"}],"wp:term":[{"taxonomy":"product_brand","embeddable":true,"href":"https:\/\/ryinz.cz\/velkoobchod\/de\/wp-json\/wp\/v2\/product_brand?post=8915"},{"taxonomy":"product_cat","embeddable":true,"href":"https:\/\/ryinz.cz\/velkoobchod\/de\/wp-json\/wp\/v2\/product_cat?post=8915"},{"taxonomy":"product_tag","embeddable":true,"href":"https:\/\/ryinz.cz\/velkoobchod\/de\/wp-json\/wp\/v2\/product_tag?post=8915"}],"curies":[{"name":"wp","href":"https:\/\/api.w.org\/{rel}","templated":true}]}}