{"id":8914,"date":"2025-06-22T15:21:06","date_gmt":"2025-06-22T15:21:06","guid":{"rendered":"https:\/\/ryinz.cz\/velkoobchod\/?post_type=product&#038;p=8914"},"modified":"2026-01-18T20:16:49","modified_gmt":"2026-01-18T20:16:49","slug":"ryinz-heavy-duty-schlagfeste-mechaniker-handschuhe-tpr-rucken-verstarkt-handflache-griff-industrielle-sicherheit-fur-werkstatt-bau","status":"publish","type":"product","link":"https:\/\/ryinz.cz\/velkoobchod\/de\/product\/ryinz-heavy-duty-impact-resistant-mechanics-gloves-tpr-back-reinforced-palm-grip-industrial-safety-for-workshop-construction\/","title":{"rendered":"RYINZ Heavy-Duty sto\u00dffeste Mechanikerhandschuhe - TPR-R\u00fccken, verst\u00e4rkter Handfl\u00e4chengriff, Arbeitsschutz f\u00fcr Werkstatt und Bau"},"content":{"rendered":"<p><strong>Wesentliche Merkmale:<\/strong><\/p>\n<ul>\n<li><strong>Material der Handfl\u00e4che<\/strong>: Handfl\u00e4che aus Mikrofaser mit Gelschaum-Polsterung f\u00fcr hervorragenden Komfort und Sto\u00dfd\u00e4mpfung bei schweren Arbeiten.<\/li>\n<li><strong>Verst\u00e4rkung<\/strong>: Mikrofaser-Verst\u00e4rkung zwischen Zeigefinger und Daumen f\u00fcr zus\u00e4tzliche Haltbarkeit.<\/li>\n<li><strong>Manschette &amp; Innenfutter<\/strong>: Gepr\u00e4gte Neoprenmanschette f\u00fcr einen sicheren Sitz, mit Handfl\u00e4chenfutter aus Kevlar-Strickgewebe f\u00fcr zus\u00e4tzliche Festigkeit.<\/li>\n<li><strong>R\u00fcckenschutz<\/strong>: Laminiertes Vier-Wege-Stretchmaterial auf dem Handr\u00fccken mit TPR-Schutz f\u00fcr Finger, Oberhand und Daumen.<\/li>\n<li><strong>Schlie\u00dfung<\/strong>: Klettverschluss aus Mikrofaser f\u00fcr einfache Verstellbarkeit und sicheren Sitz.<\/li>\n<\/ul>\n<p><strong>Beschreibung des Produkts:<\/strong><\/p>\n<p>Die <strong>Gillani Mechanics Gel-gepolsterte Handschuhe (MG-0591)<\/strong> bieten erstklassigen Schutz und Komfort f\u00fcr Fachleute in anspruchsvollen Umgebungen. Ausgestattet mit einer Mikrofaser-Handfl\u00e4che mit Gelschaum-Polsterung, bieten diese Handschuhe eine hervorragende Sto\u00dfd\u00e4mpfung bei anstrengenden Aufgaben. Die Mikrofaser-Verst\u00e4rkung zwischen Zeigefinger und Daumen sorgt f\u00fcr Strapazierf\u00e4higkeit, w\u00e4hrend das Kevlar-Futter in der Handfl\u00e4che f\u00fcr zus\u00e4tzliche Festigkeit sorgt. Der Handr\u00fccken ist mit Vier-Wege-Stretch-Material und TPR-Schutz f\u00fcr Finger und Oberhand laminiert und bietet Sicherheit und Flexibilit\u00e4t. Ein Mikrofaser-Klettverschluss sorgt f\u00fcr eine gute Passform und macht diese Handschuhe zu einem idealen Begleiter f\u00fcr Mechaniker und andere Profis mit hoher Beanspruchung.<\/p>","protected":false},"excerpt":{"rendered":"<p>Die RYINZ Heavy-Duty Impact-Resistant Gloves sind f\u00fcr den Schutz und die Leistung unter h\u00e4rtesten industriellen Bedingungen konzipiert. Mit TPR-Aufprallschutz \u00fcber die gesamte Oberhand und verst\u00e4rktem, rutschfestem Handfl\u00e4chengriff bieten sie absolute Sicherheit, ohne dabei an Komfort einzub\u00fc\u00dfen. Ob in einer gesch\u00e4ftigen Autowerkstatt, auf einer lauten Baustelle oder beim Hantieren mit groben Werkzeugen - mit diesen Handschuhen sind Ihre H\u00e4nde gesch\u00fctzt und bereit f\u00fcr die Arbeit. Ihr leuchtendes, industrieorangefarbenes Design erh\u00f6ht die Sichtbarkeit, w\u00e4hrend die dehnbaren B\u00fcndchen und atmungsaktiven Materialien ein ganzt\u00e4giges Tragen gew\u00e4hrleisten. Gebaut f\u00fcr Profis. Entworfen von RYINZ.<\/p>","protected":false},"featured_media":8969,"comment_status":"closed","ping_status":"closed","template":"","meta":[],"product_brand":[35],"product_cat":[82,83],"product_tag":[79,80,81,84,85],"class_list":{"0":"post-8914","1":"product","2":"type-product","3":"status-publish","4":"has-post-thumbnail","6":"product_brand-ryinz","7":"product_cat-mechanic-industrial-gloves","8":"product_cat-mechanics-gloves","9":"product_tag-gel-padded-gloves","10":"product_tag-gel-padded-work-gloves","11":"product_tag-heavy-duty-work-gloves","12":"product_tag-mechanics-gloves","13":"product_tag-tpr-protection-gloves","15":"first","16":"instock","17":"taxable","18":"shipping-taxable","19":"purchasable","20":"product-type-simple"},"_links":{"self":[{"href":"https:\/\/ryinz.cz\/velkoobchod\/de\/wp-json\/wp\/v2\/product\/8914","targetHints":{"allow":["GET"]}}],"collection":[{"href":"https:\/\/ryinz.cz\/velkoobchod\/de\/wp-json\/wp\/v2\/product"}],"about":[{"href":"https:\/\/ryinz.cz\/velkoobchod\/de\/wp-json\/wp\/v2\/types\/product"}],"replies":[{"embeddable":true,"href":"https:\/\/ryinz.cz\/velkoobchod\/de\/wp-json\/wp\/v2\/comments?post=8914"}],"wp:featuredmedia":[{"embeddable":true,"href":"https:\/\/ryinz.cz\/velkoobchod\/de\/wp-json\/wp\/v2\/media\/8969"}],"wp:attachment":[{"href":"https:\/\/ryinz.cz\/velkoobchod\/de\/wp-json\/wp\/v2\/media?parent=8914"}],"wp:term":[{"taxonomy":"product_brand","embeddable":true,"href":"https:\/\/ryinz.cz\/velkoobchod\/de\/wp-json\/wp\/v2\/product_brand?post=8914"},{"taxonomy":"product_cat","embeddable":true,"href":"https:\/\/ryinz.cz\/velkoobchod\/de\/wp-json\/wp\/v2\/product_cat?post=8914"},{"taxonomy":"product_tag","embeddable":true,"href":"https:\/\/ryinz.cz\/velkoobchod\/de\/wp-json\/wp\/v2\/product_tag?post=8914"}],"curies":[{"name":"wp","href":"https:\/\/api.w.org\/{rel}","templated":true}]}}