{"id":8913,"date":"2025-06-22T15:21:05","date_gmt":"2025-06-22T15:21:05","guid":{"rendered":"https:\/\/ryinz.cz\/velkoobchod\/?post_type=product&#038;p=8913"},"modified":"2026-01-18T20:16:48","modified_gmt":"2026-01-18T20:16:48","slug":"ryinz-schwarz-gesteppte-ski-schnee-handschuhe-isoliert-wasserdichte-winterhandschuhe-mit-anti-rutsch-griff-fur-snowboarding-alpinen-einsatz","status":"publish","type":"product","link":"https:\/\/ryinz.cz\/velkoobchod\/de\/product\/ryinz-black-quilted-ski-snow-gloves-insulated-waterproof-winter-gloves-with-anti-slip-grip-for-snowboarding-alpine-use\/","title":{"rendered":"RYINZ Black Quilted Ski &amp; Snow Gloves - Isolierte, wasserdichte Winterhandschuhe mit Anti-Rutsch-Griff f\u00fcr Snowboarding und Alpinismus"},"content":{"rendered":"<p class=\"\" data-start=\"344\" data-end=\"786\">Trotzt extremer K\u00e4lte mit \u00fcberragendem Schutz und Leistung in der <strong data-start=\"413\" data-end=\"448\">RYINZ GMFG-32 Ski- und Schneehandschuhe<\/strong> - Dieser Handschuh wurde von Experten f\u00fcr Snowboarder, Skifahrer und Outdoor-Profis entwickelt, die Wert auf Haltbarkeit, Komfort und Stil legen. Diese Winterhandschuhe mit gestepptem Au\u00dfenmaterial und pr\u00e4zisionsgen\u00e4hter Konstruktion kombinieren W\u00e4rme und winddichten Schutz mit einem eleganten, schwarz-auf-schwarzem Bergdesign, das sowohl Form als auch Funktion unterstreicht.<\/p>\n<p class=\"\" data-start=\"788\" data-end=\"1203\">Die Au\u00dfenseite des Handschuhs ist aus <strong data-start=\"832\" data-end=\"869\">modernes wetterfestes Gewebe<\/strong> die Schnee, Feuchtigkeit und Wind abweist. Das mattschwarze Steppmuster ist nicht nur ein stilvolles optisches Element, sondern verbessert auch den W\u00e4rmer\u00fcckhalt, indem es das Eindringen kalter Luft reduziert. Dieser Stoff ist mit einem <strong data-start=\"1070\" data-end=\"1097\">Thermovlies innen<\/strong> Futter, das den ganzen Tag \u00fcber gleichbleibende W\u00e4rme und Komfort bietet, selbst bei alpinen Minusgraden.<\/p>\n<p class=\"\" data-start=\"1205\" data-end=\"1585\">Strategisch platziert <strong data-start=\"1226\" data-end=\"1261\">rutschfeste Silikon-Griffmuster<\/strong> auf der Handfl\u00e4che und den Fingern verbessern die Griffigkeit und erm\u00f6glichen eine sichere Handhabung von Skist\u00f6cken, Snowboardkanten oder mobilen Ger\u00e4ten. Egal, ob Sie den Berg hinaufsteigen oder die Pisten hinunterrasen, diese Handschuhe liegen gut an, sind reaktionsschnell und zuverl\u00e4ssig. Verst\u00e4rkte Zonen an reibungstr\u00e4chtigen Stellen verl\u00e4ngern die Haltbarkeit, selbst bei rauem, wiederholtem Gebrauch.<\/p>\n<p class=\"\" data-start=\"1587\" data-end=\"2024\">Die lange Handgelenksmanschette ist mit einer <strong data-start=\"1626\" data-end=\"1656\">verstellbarer Kordelzug<\/strong> um Schnee abzuhalten und die K\u00f6rperw\u00e4rme zu erhalten. Ein einfach zu ziehendes elastisches Band am Handgelenk sorgt f\u00fcr einen sicheren Sitz bei ganzt\u00e4gigem Gebrauch, w\u00e4hrend integrierte Clips das Paar in der Freizeit zusammenhalten. Diese Handschuhe sind in verschiedenen Gr\u00f6\u00dfen erh\u00e4ltlich und k\u00f6nnen von Marken, Distributoren und Einzelh\u00e4ndlern, die ihre Winterkollektion durch Private Labeling erweitern m\u00f6chten, individuell angepasst werden.<\/p>\n<p class=\"\" data-start=\"2026\" data-end=\"2165\"><strong data-start=\"2026\" data-end=\"2035\">RYINZ<\/strong> genie\u00dft bei europ\u00e4ischen K\u00e4ufern wegen seiner Qualit\u00e4t, seines Komforts und seines B2B-freundlichen Service gro\u00dfes Vertrauen. Das Modell GMFG-32 ist ein Beispiel f\u00fcr dieses Engagement.<\/p>\n<hr class=\"\" data-start=\"2167\" data-end=\"2170\" \/>\n<p class=\"\" data-start=\"2172\" data-end=\"2195\"><strong data-start=\"2172\" data-end=\"2195\">Produkt-Highlights:<\/strong><\/p>\n<ul data-start=\"2197\" data-end=\"2611\">\n<li class=\"\" data-start=\"2197\" data-end=\"2233\">\n<p class=\"\" data-start=\"2199\" data-end=\"2233\">Gesteppte, mattierte Au\u00dfenschale<\/p>\n<\/li>\n<li class=\"\" data-start=\"2234\" data-end=\"2272\">\n<p class=\"\" data-start=\"2236\" data-end=\"2272\">Innere Vliesisolierung f\u00fcr W\u00e4rme<\/p>\n<\/li>\n<li class=\"\" data-start=\"2273\" data-end=\"2314\">\n<p class=\"\" data-start=\"2275\" data-end=\"2314\">Wasser- und winddichte Materialien<\/p>\n<\/li>\n<li class=\"\" data-start=\"2315\" data-end=\"2348\">\n<p class=\"\" data-start=\"2317\" data-end=\"2348\">Anti-Rutsch-Silikon-Handfl\u00e4chen<\/p>\n<\/li>\n<li class=\"\" data-start=\"2349\" data-end=\"2379\">\n<p class=\"\" data-start=\"2351\" data-end=\"2379\">Verst\u00e4rkte Bereiche mit hohem Verschlei\u00df<\/p>\n<\/li>\n<li class=\"\" data-start=\"2380\" data-end=\"2420\">\n<p class=\"\" data-start=\"2382\" data-end=\"2420\">Verstellbarer Kordelzugverschluss am Handgelenk<\/p>\n<\/li>\n<li class=\"\" data-start=\"2421\" data-end=\"2461\">\n<p class=\"\" data-start=\"2423\" data-end=\"2461\">Lange Manschette f\u00fcr zus\u00e4tzlichen Schutz des Unterarms<\/p>\n<\/li>\n<li class=\"\" data-start=\"2462\" data-end=\"2502\">\n<p class=\"\" data-start=\"2464\" data-end=\"2502\">Elastisches Handgelenkband mit Knebelverschluss<\/p>\n<\/li>\n<li class=\"\" data-start=\"2503\" data-end=\"2544\">\n<p class=\"\" data-start=\"2505\" data-end=\"2544\">Vorgekr\u00fcmmte Fingerpassform f\u00fcr besseren Halt<\/p>\n<\/li>\n<li class=\"\" data-start=\"2545\" data-end=\"2581\">\n<p class=\"\" data-start=\"2547\" data-end=\"2581\">Clipverschluss zum Aufh\u00e4ngen oder Koppeln<\/p>\n<\/li>\n<li class=\"\" data-start=\"2582\" data-end=\"2611\">\n<p class=\"\" data-start=\"2584\" data-end=\"2611\">Maschinenwaschbar &amp; wiederverwendbar<\/p>\n<\/li>\n<\/ul>\n<hr class=\"\" data-start=\"2613\" data-end=\"2616\" \/>\n<p class=\"\" data-start=\"2618\" data-end=\"2635\"><strong data-start=\"2618\" data-end=\"2635\">Anwendungen:<\/strong><\/p>\n<ul data-start=\"2637\" data-end=\"2918\">\n<li class=\"\" data-start=\"2637\" data-end=\"2671\">\n<p class=\"\" data-start=\"2639\" data-end=\"2671\">Ski Alpin und Snowboarding<\/p>\n<\/li>\n<li class=\"\" data-start=\"2672\" data-end=\"2712\">\n<p class=\"\" data-start=\"2674\" data-end=\"2712\">Motorschlittenfahren und Outdoor-Rennen<\/p>\n<\/li>\n<li class=\"\" data-start=\"2713\" data-end=\"2753\">\n<p class=\"\" data-start=\"2715\" data-end=\"2753\">Wintertrekking, Camping und Wandern<\/p>\n<\/li>\n<li class=\"\" data-start=\"2754\" data-end=\"2789\">\n<p class=\"\" data-start=\"2756\" data-end=\"2789\">Pendeln und Arbeiten in kalten Klimazonen<\/p>\n<\/li>\n<li class=\"\" data-start=\"2790\" data-end=\"2827\">\n<p class=\"\" data-start=\"2792\" data-end=\"2827\">Tiefk\u00fchl- und K\u00fchlhausindustrie<\/p>\n<\/li>\n<li class=\"\" data-start=\"2828\" data-end=\"2873\">\n<p class=\"\" data-start=\"2830\" data-end=\"2873\">Eisfischen oder Wintersportwettbewerbe<\/p>\n<\/li>\n<li class=\"\" data-start=\"2874\" data-end=\"2918\">\n<p class=\"\" data-start=\"2876\" data-end=\"2918\">Notfallrettung oder Schneestreifeneins\u00e4tze<\/p>\n<\/li>\n<\/ul>\n<hr class=\"\" data-start=\"2920\" data-end=\"2923\" \/>\n<p class=\"\" data-start=\"2925\" data-end=\"2944\"><strong data-start=\"2925\" data-end=\"2944\">Spezifikationen:<\/strong><\/p>\n<ul data-start=\"2946\" data-end=\"3349\">\n<li class=\"\" data-start=\"2946\" data-end=\"2991\">\n<p class=\"\" data-start=\"2948\" data-end=\"2991\">Material: Polyesterschale + PU-Griffzonen<\/p>\n<\/li>\n<li class=\"\" data-start=\"2992\" data-end=\"3026\">\n<p class=\"\" data-start=\"2994\" data-end=\"3026\">Innenfutter: Thermisches geb\u00fcrstetes Vlies<\/p>\n<\/li>\n<li class=\"\" data-start=\"3027\" data-end=\"3054\">\n<p class=\"\" data-start=\"3029\" data-end=\"3054\">Gr\u00f6\u00dfen: S, M, L, XL, XXL<\/p>\n<\/li>\n<li class=\"\" data-start=\"3055\" data-end=\"3100\">\n<p class=\"\" data-start=\"3057\" data-end=\"3100\">Verschluss: Kordelzug am Handgelenk + elastisches Band<\/p>\n<\/li>\n<li class=\"\" data-start=\"3101\" data-end=\"3157\">\n<p class=\"\" data-start=\"3103\" data-end=\"3157\">Verpackung: Polybeutel, Hangtag oder einzelhandelsgerechte Optionen<\/p>\n<\/li>\n<li class=\"\" data-start=\"3158\" data-end=\"3216\">\n<p class=\"\" data-start=\"3160\" data-end=\"3216\">Farben: Schwarz als Standard; kundenspezifische Farben auf Anfrage<\/p>\n<\/li>\n<li class=\"\" data-start=\"3217\" data-end=\"3255\">\n<p class=\"\" data-start=\"3219\" data-end=\"3255\">Zertifizierung: CE EN388, ISO 21420<\/p>\n<\/li>\n<li class=\"\" data-start=\"3256\" data-end=\"3289\">\n<p class=\"\" data-start=\"3258\" data-end=\"3289\">MOQ f\u00fcr OEM-Bestellungen: 500 Paare<\/p>\n<\/li>\n<li class=\"\" data-start=\"3290\" data-end=\"3349\">\n<p class=\"\" data-start=\"3292\" data-end=\"3349\">Individuelle Anpassung: Branding, Verpackung und Gr\u00f6\u00dfe auf Anfrage<\/p>\n<\/li>\n<\/ul>","protected":false},"excerpt":{"rendered":"<p>Die RYINZ GMFG-32 Ski &amp; Snow Gloves bieten leistungsstarke W\u00e4rme und wasserdichten Schutz f\u00fcr extreme Winterabenteuer. Die Handschuhe mit schwarzem Steppfutter, W\u00e4rmeisolierung und Silikonhandfl\u00e4chen eignen sich ideal f\u00fcr Alpinsport, Snowboarding und Arbeiten bei kaltem Wetter im Freien. Lange Stulpen mit Kordelzug verhindern das Eindringen von Schnee, w\u00e4hrend elastische Riemen am Handgelenk f\u00fcr einen sicheren und verstellbaren Sitz sorgen. Perfekt f\u00fcr B2B-Kunden, die EU-konforme, gut sichtbare Handschuhe suchen, die auch in kalten Umgebungen zuverl\u00e4ssig funktionieren. Mit Private-Label-Optionen und zertifizierten Materialien sind RYINZ-Handschuhe eine hervorragende Erg\u00e4nzung f\u00fcr jedes Winterausr\u00fcstungsportfolio oder professionelle Schneeausr\u00fcstung.<\/p>","protected":false},"featured_media":8953,"comment_status":"closed","ping_status":"closed","template":"","meta":[],"product_brand":[35],"product_cat":[57],"product_tag":[77,78],"class_list":{"0":"post-8913","1":"product","2":"type-product","3":"status-publish","4":"has-post-thumbnail","6":"product_brand-ryinz","7":"product_cat-ski-snowboarding-gloves","8":"product_tag-amara-fabric-gloves","9":"product_tag-insulated-snow-gloves","11":"first","12":"instock","13":"taxable","14":"shipping-taxable","15":"purchasable","16":"product-type-simple"},"_links":{"self":[{"href":"https:\/\/ryinz.cz\/velkoobchod\/de\/wp-json\/wp\/v2\/product\/8913","targetHints":{"allow":["GET"]}}],"collection":[{"href":"https:\/\/ryinz.cz\/velkoobchod\/de\/wp-json\/wp\/v2\/product"}],"about":[{"href":"https:\/\/ryinz.cz\/velkoobchod\/de\/wp-json\/wp\/v2\/types\/product"}],"replies":[{"embeddable":true,"href":"https:\/\/ryinz.cz\/velkoobchod\/de\/wp-json\/wp\/v2\/comments?post=8913"}],"wp:featuredmedia":[{"embeddable":true,"href":"https:\/\/ryinz.cz\/velkoobchod\/de\/wp-json\/wp\/v2\/media\/8953"}],"wp:attachment":[{"href":"https:\/\/ryinz.cz\/velkoobchod\/de\/wp-json\/wp\/v2\/media?parent=8913"}],"wp:term":[{"taxonomy":"product_brand","embeddable":true,"href":"https:\/\/ryinz.cz\/velkoobchod\/de\/wp-json\/wp\/v2\/product_brand?post=8913"},{"taxonomy":"product_cat","embeddable":true,"href":"https:\/\/ryinz.cz\/velkoobchod\/de\/wp-json\/wp\/v2\/product_cat?post=8913"},{"taxonomy":"product_tag","embeddable":true,"href":"https:\/\/ryinz.cz\/velkoobchod\/de\/wp-json\/wp\/v2\/product_tag?post=8913"}],"curies":[{"name":"wp","href":"https:\/\/api.w.org\/{rel}","templated":true}]}}