{"id":8912,"date":"2025-06-22T15:21:05","date_gmt":"2025-06-22T15:21:05","guid":{"rendered":"https:\/\/ryinz.cz\/velkoobchod\/?post_type=product&#038;p=8912"},"modified":"2026-01-18T20:16:48","modified_gmt":"2026-01-18T20:16:48","slug":"ryinz-premium-wasserdichte-wintersporthandschuhe-thermische-ski-schnee-handschuhe-mit-reisverschlusstasche-und-verstellbarem-riemen","status":"publish","type":"product","link":"https:\/\/ryinz.cz\/velkoobchod\/de\/product\/ryinz-premium-waterproof-winter-sports-gloves-thermal-ski-snow-gloves-with-zipper-pocket-and-adjustable-strap\/","title":{"rendered":"RYINZ Premium Wasserdichte Wintersporthandschuhe - Thermische Ski- und Schneehandschuhe mit Rei\u00dfverschlusstasche und verstellbarem Riemen"},"content":{"rendered":"<p class=\"\" data-start=\"362\" data-end=\"734\">Erleben Sie un\u00fcbertroffenen Komfort und Leistung mit dem <strong data-start=\"416\" data-end=\"465\">RYINZ Premium Wasserdichte Wintersporthandschuhe<\/strong>, Dieser Handschuh wurde f\u00fcr Outdoor-Enthusiasten, Skifahrer, Snowboarder und alle, die in extremer K\u00e4lte arbeiten oder spielen, entwickelt. Diese Handschuhe sind auf Strapazierf\u00e4higkeit, Schutz und ganzt\u00e4gige W\u00e4rme ausgelegt und bieten gleichzeitig ein schlankes, taktisches Aussehen, das Stil mit seri\u00f6ser Funktionalit\u00e4t in Einklang bringt.<\/p>\n<p class=\"\" data-start=\"736\" data-end=\"1161\">Konstruiert mit <strong data-start=\"753\" data-end=\"798\">echtes Ziegenleder und verst\u00e4rktes Nylon<\/strong>, Diese Handschuhe bieten hervorragende Abriebfestigkeit und Schutz, ohne dabei an Flexibilit\u00e4t einzub\u00fc\u00dfen. Das Au\u00dfenmaterial ist wind- und wasserdicht und sch\u00fctzt deine H\u00e4nde vor Schnee, Eis und Graupel. Egal, ob Sie die Pisten hinuntercarven oder durch einen Schneesturm wandern, die RYINZ-Handschuhe sind so gebaut, dass sie mit Ihrem Tempo mithalten und die h\u00e4rtesten Bedingungen \u00fcberstehen.<\/p>\n<p class=\"\" data-start=\"1163\" data-end=\"1469\">Die Innenausstattung des Handschuhs umfasst <strong data-start=\"1193\" data-end=\"1219\">Mehrschichtd\u00e4mmung<\/strong>, Dazu geh\u00f6ren eine w\u00e4rmende High-Loft-Synthetikschicht und ein weiches, geb\u00fcrstetes Innenfutter, das sich angenehm auf der Haut anf\u00fchlt. Diese Materialien arbeiten harmonisch zusammen, um die W\u00e4rme im Handschuh zu speichern und gleichzeitig die Feuchtigkeit abzuleiten, sodass die H\u00e4nde auch bei intensiver Aktivit\u00e4t trocken bleiben.<\/p>\n<p class=\"\" data-start=\"1471\" data-end=\"1762\">Eines der herausragenden Merkmale ist die <strong data-start=\"1507\" data-end=\"1546\">praktische wasserdichte Rei\u00dfverschlusstasche<\/strong> die sich auf dem Handr\u00fccken befindet. Diese Tasche ist ideal f\u00fcr kleine Dinge wie Schl\u00fcssel, Bargeld oder Handw\u00e4rmer - perfekt f\u00fcr lange Skitouren oder Winterabenteuer, bei denen Sie einfachen Zugriff ben\u00f6tigen, ohne die Handschuhe ausziehen zu m\u00fcssen.<\/p>\n<p class=\"\" data-start=\"1764\" data-end=\"2208\">Die <strong data-start=\"1768\" data-end=\"1794\">verstellbares Handgelenkband<\/strong> und <strong data-start=\"1799\" data-end=\"1819\">elastischer Kordelzug<\/strong> an der Manschette sorgen f\u00fcr eine vollst\u00e4ndig anpassbare Passform, die kalte Luft und Schnee abdichtet. Die lange Stulpe macht sie auch mit Winterjacken und -ausr\u00fcstung kompatibel und verhindert, dass bei rasanten Abfahrten oder Tiefschneefahrten Schnee eindringt. Verst\u00e4rkte Handfl\u00e4chenbereiche mit zus\u00e4tzlichen Grip-Patches sorgen f\u00fcr eine zuverl\u00e4ssige Handhabung von St\u00f6cken, Werkzeug und Ausr\u00fcstung, so dass Sie die Kontrolle behalten, ohne auf Schutz verzichten zu m\u00fcssen.<\/p>\n<p class=\"\" data-start=\"2210\" data-end=\"2547\">Konzipiert sowohl f\u00fcr <strong data-start=\"2228\" data-end=\"2245\">M\u00e4nner und Frauen<\/strong>, Diese Handschuhe vereinen strapazierf\u00e4hige Materialien, moderne Funktionen und eine ergonomische Formgebung und bieten die perfekte Balance zwischen Komfort und Robustheit. Ob beim Skifahren, Snowboarden, Motorschlittenfahren oder Schneeschaufeln - der <strong data-start=\"2464\" data-end=\"2495\">RYINZ Premium Winterhandschuhe<\/strong> liefern zuverl\u00e4ssige Leistung, wenn Sie sie am meisten brauchen.<\/p>\n<hr class=\"\" data-start=\"2549\" data-end=\"2552\" \/>\n<h3 class=\"\" data-start=\"2554\" data-end=\"2581\"><strong data-start=\"2558\" data-end=\"2581\">Produkt-Highlights:<\/strong><\/h3>\n<ul data-start=\"2583\" data-end=\"3140\">\n<li class=\"\" data-start=\"2583\" data-end=\"2641\">\n<p class=\"\" data-start=\"2585\" data-end=\"2641\">Premium-Ziegenleder und verst\u00e4rkte Nylonkonstruktion<\/p>\n<\/li>\n<li class=\"\" data-start=\"2642\" data-end=\"2687\">\n<p class=\"\" data-start=\"2644\" data-end=\"2687\">Wasser- und winddichtes Au\u00dfenmaterial<\/p>\n<\/li>\n<li class=\"\" data-start=\"2688\" data-end=\"2758\">\n<p class=\"\" data-start=\"2690\" data-end=\"2758\">Isoliert mit w\u00e4rmespeichernder Synthetikwatte und geb\u00fcrstetem Futter<\/p>\n<\/li>\n<li class=\"\" data-start=\"2759\" data-end=\"2808\">\n<p class=\"\" data-start=\"2761\" data-end=\"2808\">Integrierte Rei\u00dfverschlusstasche f\u00fcr Kleinigkeiten<\/p>\n<\/li>\n<li class=\"\" data-start=\"2809\" data-end=\"2862\">\n<p class=\"\" data-start=\"2811\" data-end=\"2862\">Verstellbares Handgelenkband f\u00fcr einen passgenauen, individuellen Sitz<\/p>\n<\/li>\n<li class=\"\" data-start=\"2863\" data-end=\"2917\">\n<p class=\"\" data-start=\"2865\" data-end=\"2917\">Kordelzug am B\u00fcndchen zum Schutz vor Schnee und kalter Luft<\/p>\n<\/li>\n<li class=\"\" data-start=\"2918\" data-end=\"2971\">\n<p class=\"\" data-start=\"2920\" data-end=\"2971\">Vorgekr\u00fcmmte ergonomische Finger f\u00fcr nat\u00fcrliche Bewegungen<\/p>\n<\/li>\n<li class=\"\" data-start=\"2972\" data-end=\"3025\">\n<p class=\"\" data-start=\"2974\" data-end=\"3025\">Verst\u00e4rkte Handfl\u00e4chen f\u00fcr Strapazierf\u00e4higkeit und verbesserte Griffigkeit<\/p>\n<\/li>\n<li class=\"\" data-start=\"3026\" data-end=\"3081\">\n<p class=\"\" data-start=\"3028\" data-end=\"3081\">Elegantes dunkelbraunes und schwarzes Design f\u00fcr Unisex-Appeal<\/p>\n<\/li>\n<li class=\"\" data-start=\"3082\" data-end=\"3140\">\n<p class=\"\" data-start=\"3084\" data-end=\"3140\">Ideal f\u00fcr Sport, Rettungsarbeiten oder Winterarbeiten im Freien<\/p>\n<\/li>\n<\/ul>\n<hr class=\"\" data-start=\"3142\" data-end=\"3145\" \/>\n<h3 class=\"\" data-start=\"3147\" data-end=\"3168\"><strong data-start=\"3151\" data-end=\"3168\">Anwendungen:<\/strong><\/h3>\n<ul data-start=\"3170\" data-end=\"3418\">\n<li class=\"\" data-start=\"3170\" data-end=\"3197\">\n<p class=\"\" data-start=\"3172\" data-end=\"3197\">Skifahren und Snowboarden<\/p>\n<\/li>\n<li class=\"\" data-start=\"3198\" data-end=\"3241\">\n<p class=\"\" data-start=\"3200\" data-end=\"3241\">Schneeschuhwandern, Wandern und Bergsteigen<\/p>\n<\/li>\n<li class=\"\" data-start=\"3242\" data-end=\"3276\">\n<p class=\"\" data-start=\"3244\" data-end=\"3276\">Winterarbeit im Freien und Streifendienst<\/p>\n<\/li>\n<li class=\"\" data-start=\"3277\" data-end=\"3308\">\n<p class=\"\" data-start=\"3279\" data-end=\"3308\">Schneemobilfahren und ATV fahren<\/p>\n<\/li>\n<li class=\"\" data-start=\"3309\" data-end=\"3346\">\n<p class=\"\" data-start=\"3311\" data-end=\"3346\">K\u00fchllager und alpine Logistik<\/p>\n<\/li>\n<li class=\"\" data-start=\"3347\" data-end=\"3383\">\n<p class=\"\" data-start=\"3349\" data-end=\"3383\">Milit\u00e4rischer und taktischer Wintereinsatz<\/p>\n<\/li>\n<li class=\"\" data-start=\"3384\" data-end=\"3418\">\n<p class=\"\" data-start=\"3386\" data-end=\"3418\">Outdoor-Sportausr\u00fcstung und Einzelhandel<\/p>\n<\/li>\n<\/ul>\n<hr class=\"\" data-start=\"3420\" data-end=\"3423\" \/>\n<h3 class=\"\" data-start=\"3425\" data-end=\"3448\"><strong data-start=\"3429\" data-end=\"3448\">Spezifikationen:<\/strong><\/h3>\n<ul data-start=\"3450\" data-end=\"3822\">\n<li class=\"\" data-start=\"3450\" data-end=\"3490\">\n<p class=\"\" data-start=\"3452\" data-end=\"3490\">Material: Ziegenleder, Nylongewebe<\/p>\n<\/li>\n<li class=\"\" data-start=\"3491\" data-end=\"3532\">\n<p class=\"\" data-start=\"3493\" data-end=\"3532\">Isolierung: Synthetik + Fleece-Futter<\/p>\n<\/li>\n<li class=\"\" data-start=\"3533\" data-end=\"3560\">\n<p class=\"\" data-start=\"3535\" data-end=\"3560\">Gr\u00f6\u00dfen: S, M, L, XL, XXL<\/p>\n<\/li>\n<li class=\"\" data-start=\"3561\" data-end=\"3593\">\n<p class=\"\" data-start=\"3563\" data-end=\"3593\">Passform: Ergonomisches Unisex-Design<\/p>\n<\/li>\n<li class=\"\" data-start=\"3594\" data-end=\"3649\">\n<p class=\"\" data-start=\"3596\" data-end=\"3649\">Merkmale: Rei\u00dfverschlusstasche, Handgelenkschlaufe, Kordelzugmanschette<\/p>\n<\/li>\n<li class=\"\" data-start=\"3650\" data-end=\"3711\">\n<p class=\"\" data-start=\"3652\" data-end=\"3711\">Personalisierung: Eigenmarke, Logodruck, Farbwahl<\/p>\n<\/li>\n<li class=\"\" data-start=\"3712\" data-end=\"3730\">\n<p class=\"\" data-start=\"3714\" data-end=\"3730\">MOQ: 300 Paare<\/p>\n<\/li>\n<li class=\"\" data-start=\"3731\" data-end=\"3779\">\n<p class=\"\" data-start=\"3733\" data-end=\"3779\">Zertifizierungen: CE, EN388\/EN511 (auf Anfrage)<\/p>\n<\/li>\n<li class=\"\" data-start=\"3780\" data-end=\"3822\">\n<p class=\"\" data-start=\"3782\" data-end=\"3822\">Verpackung: Gro\u00dfpackungen oder kundenspezifische Einzelhandelskartons<\/p>\n<\/li>\n<\/ul>","protected":false},"excerpt":{"rendered":"<p class=\"\" data-start=\"3881\" data-end=\"4496\">Bleiben Sie gesch\u00fctzt, warm und bereit f\u00fcr Winterabenteuer mit dem <strong data-start=\"3944\" data-end=\"3983\">RYINZ Premium Wasserdichte Skihandschuhe<\/strong>. Diese Hochleistungshandschuhe bestehen aus Ziegenleder und robustem Nylon, um Haltbarkeit und Stil zu gew\u00e4hrleisten. Mit ihrer langen Stulpe, der wasserdichten Au\u00dfenh\u00fclle und der fleecegef\u00fctterten Innenseite sind sie ideal f\u00fcr Skitouren, Snowboarding, Bergsteigen und Winterarbeiten. Eine integrierte Rei\u00dfverschlusstasche bewahrt kleine Gegenst\u00e4nde sicher auf, w\u00e4hrend das verstellbare Handgelenkband und die Manschettenkordel f\u00fcr eine perfekte Passform sorgen. Die Handschuhe wurden mit Blick auf Komfort und Leistung entwickelt und bieten hervorragenden Grip, Isolierung und Flexibilit\u00e4t f\u00fcr jede Herausforderung im Schnee.<\/p>","protected":false},"featured_media":8946,"comment_status":"closed","ping_status":"closed","template":"","meta":[],"product_brand":[35],"product_cat":[57],"product_tag":[75,76],"class_list":{"0":"post-8912","1":"product","2":"type-product","3":"status-publish","4":"has-post-thumbnail","6":"product_brand-ryinz","7":"product_cat-ski-snowboarding-gloves","8":"product_tag-custom-logo-winter-gloves","9":"product_tag-customizable-ski-gloves","11":"first","12":"instock","13":"taxable","14":"shipping-taxable","15":"purchasable","16":"product-type-simple"},"_links":{"self":[{"href":"https:\/\/ryinz.cz\/velkoobchod\/de\/wp-json\/wp\/v2\/product\/8912","targetHints":{"allow":["GET"]}}],"collection":[{"href":"https:\/\/ryinz.cz\/velkoobchod\/de\/wp-json\/wp\/v2\/product"}],"about":[{"href":"https:\/\/ryinz.cz\/velkoobchod\/de\/wp-json\/wp\/v2\/types\/product"}],"replies":[{"embeddable":true,"href":"https:\/\/ryinz.cz\/velkoobchod\/de\/wp-json\/wp\/v2\/comments?post=8912"}],"wp:featuredmedia":[{"embeddable":true,"href":"https:\/\/ryinz.cz\/velkoobchod\/de\/wp-json\/wp\/v2\/media\/8946"}],"wp:attachment":[{"href":"https:\/\/ryinz.cz\/velkoobchod\/de\/wp-json\/wp\/v2\/media?parent=8912"}],"wp:term":[{"taxonomy":"product_brand","embeddable":true,"href":"https:\/\/ryinz.cz\/velkoobchod\/de\/wp-json\/wp\/v2\/product_brand?post=8912"},{"taxonomy":"product_cat","embeddable":true,"href":"https:\/\/ryinz.cz\/velkoobchod\/de\/wp-json\/wp\/v2\/product_cat?post=8912"},{"taxonomy":"product_tag","embeddable":true,"href":"https:\/\/ryinz.cz\/velkoobchod\/de\/wp-json\/wp\/v2\/product_tag?post=8912"}],"curies":[{"name":"wp","href":"https:\/\/api.w.org\/{rel}","templated":true}]}}