{"id":8911,"date":"2025-06-22T15:21:05","date_gmt":"2025-06-22T15:21:05","guid":{"rendered":"https:\/\/ryinz.cz\/velkoobchod\/?post_type=product&#038;p=8911"},"modified":"2026-01-18T20:16:47","modified_gmt":"2026-01-18T20:16:47","slug":"ryinz-wasserdichte-thermische-faustlinge-heavy-duty-isolierte-schnee-faustlinge-fur-ski-snowboard-extrem-kaltes-wetter","status":"publish","type":"product","link":"https:\/\/ryinz.cz\/velkoobchod\/de\/product\/ryinz-waterproof-thermal-mittens-heavy-duty-insulated-snow-mitts-for-ski-snowboard-extreme-cold-weather\/","title":{"rendered":"RYINZ Waterproof Thermal Mittens - Heavy-Duty Insulated Snow Mitts f\u00fcr Ski, Snowboard &amp; extrem kaltes Wetter"},"content":{"rendered":"<p class=\"\" data-start=\"360\" data-end=\"732\">Einf\u00fchrung in die <strong data-start=\"376\" data-end=\"412\">RYINZ Wasserdichte Thermo-F\u00e4ustlinge<\/strong> - entwickelt, um au\u00dfergew\u00f6hnliche W\u00e4rme, Komfort und Schutz in extrem kalten Umgebungen zu bieten. Diese F\u00e4ustlinge sind f\u00fcr harte Winterbedingungen konzipiert und kombinieren fortschrittliche Materialien und intelligentes Design, damit Ihre H\u00e4nde trocken und warm bleiben, egal ob Sie Skifahren, Snowboarden, Wandern oder harte Arbeit im Freien verrichten.<\/p>\n<p class=\"\" data-start=\"734\" data-end=\"1169\">F\u00e4ustlinge sind von Natur aus w\u00e4rmer als Handschuhe, da sie die W\u00e4rme besser speichern k\u00f6nnen, indem sie die Finger zusammenhalten. Die <strong data-start=\"859\" data-end=\"899\">Das RYINZ-Design verst\u00e4rkt diesen Vorteil<\/strong> mit einem mehrschichtigen Isolationssystem, das eine wasserdichte Au\u00dfenh\u00fclle, ein Thermofleece-Futter und eine w\u00e4rmespeichernde Sperrschicht f\u00fcr anhaltende W\u00e4rme bei eisigen Temperaturen umfasst. Perfekt f\u00fcr den Einsatz auf der Piste, auf Schneefeldern oder bei Reisen und Pendeln bei Minusgraden.<\/p>\n<p class=\"\" data-start=\"1171\" data-end=\"1576\">Gefertigt aus <strong data-start=\"1184\" data-end=\"1238\">robustes, wetterfestes Nylon und synthetische Materialien<\/strong>, sind diese F\u00e4ustlinge f\u00fcr harte Bedingungen ausgelegt. Das Au\u00dfenmaterial ist wasser-, schnee- und windabweisend, w\u00e4hrend das Innenfutter f\u00fcr ein weiches, hautfreundliches Tragegef\u00fchl sorgt und die H\u00e4nde trocken h\u00e4lt, indem es Feuchtigkeit von innen nach au\u00dfen transportiert. A <strong data-start=\"1458\" data-end=\"1483\">verst\u00e4rkte Handfl\u00e4che<\/strong> bietet Strapazierf\u00e4higkeit und Griffigkeit und erleichtert das Halten von Skist\u00f6cken, Schaufeln oder Werkzeugen.<\/p>\n<p class=\"\" data-start=\"1578\" data-end=\"1998\">F\u00fcr Komfort und Funktionalit\u00e4t sind die RYINZ-F\u00e4ustlinge mit einem <strong data-start=\"1636\" data-end=\"1680\">verstellbarer Schnallenriemen quer \u00fcber das Handgelenk<\/strong> um den Handschuh sicher zu schlie\u00dfen und das Eindringen von Schnee zu verhindern. Die verl\u00e4ngerte Stulpe mit <strong data-start=\"1775\" data-end=\"1805\">mit Knebel verstellbarer Kordelzug<\/strong> bietet zus\u00e4tzlichen Schutz und Kompatibilit\u00e4t mit Jacken oder Schneeanz\u00fcgen. Egal, ob Sie im Pulverschnee unterwegs sind oder drau\u00dfen im Schnee arbeiten, diese F\u00e4ustlinge halten die K\u00e4lte drau\u00dfen und die W\u00e4rme drinnen.<\/p>\n<p class=\"\" data-start=\"2000\" data-end=\"2203\">Zus\u00e4tzlich zu ihren technischen Vorteilen bieten die Handschuhe <strong data-start=\"2057\" data-end=\"2098\">eine minimalistische Schwarz-auf-Schwarz-\u00c4sthetik<\/strong> mit dem unverkennbaren RYINZ-Branding - perfekt f\u00fcr M\u00e4nner und Frauen, die elegante, taktische Winterkleidung bevorzugen.<\/p>\n<hr class=\"\" data-start=\"2205\" data-end=\"2208\" \/>\n<h3 class=\"\" data-start=\"2210\" data-end=\"2237\"><strong data-start=\"2214\" data-end=\"2237\">Produkt-Highlights:<\/strong><\/h3>\n<ul data-start=\"2239\" data-end=\"2775\">\n<li class=\"\" data-start=\"2239\" data-end=\"2298\">\n<p class=\"\" data-start=\"2241\" data-end=\"2298\">Thermo-Winterf\u00e4ustlinge f\u00fcr Schneesport und extreme K\u00e4lte<\/p>\n<\/li>\n<li class=\"\" data-start=\"2299\" data-end=\"2356\">\n<p class=\"\" data-start=\"2301\" data-end=\"2356\">Winddichtes, wasserdichtes und schneesicheres Au\u00dfenmaterial<\/p>\n<\/li>\n<li class=\"\" data-start=\"2357\" data-end=\"2428\">\n<p class=\"\" data-start=\"2359\" data-end=\"2428\">Mehrschichtige W\u00e4rmeisolierung mit feuchtigkeitstransportierendem Fleece innen<\/p>\n<\/li>\n<li class=\"\" data-start=\"2429\" data-end=\"2473\">\n<p class=\"\" data-start=\"2431\" data-end=\"2473\">Verst\u00e4rkter Handfl\u00e4chengriff f\u00fcr sichere Handhabung<\/p>\n<\/li>\n<li class=\"\" data-start=\"2474\" data-end=\"2533\">\n<p class=\"\" data-start=\"2476\" data-end=\"2533\">Ergonomische Passform f\u00fcr nat\u00fcrliche Bewegung und W\u00e4rmer\u00fcckhalt<\/p>\n<\/li>\n<li class=\"\" data-start=\"2534\" data-end=\"2594\">\n<p class=\"\" data-start=\"2536\" data-end=\"2594\">Verstellbares Schnallenband am Handgelenk f\u00fcr eine sichere, individuelle Passform<\/p>\n<\/li>\n<li class=\"\" data-start=\"2595\" data-end=\"2646\">\n<p class=\"\" data-start=\"2597\" data-end=\"2646\">B\u00fcndchen mit Kordelzug zum Schutz vor Schnee und Wind<\/p>\n<\/li>\n<li class=\"\" data-start=\"2647\" data-end=\"2693\">\n<p class=\"\" data-start=\"2649\" data-end=\"2693\">Verl\u00e4ngerte Stulpenb\u00fcndchen f\u00fcr zus\u00e4tzlichen Schutz<\/p>\n<\/li>\n<li class=\"\" data-start=\"2694\" data-end=\"2744\">\n<p class=\"\" data-start=\"2696\" data-end=\"2744\">Langlebige N\u00e4hte und verschlei\u00dffeste Materialien<\/p>\n<\/li>\n<li class=\"\" data-start=\"2745\" data-end=\"2775\">\n<p class=\"\" data-start=\"2747\" data-end=\"2775\">Geeignet f\u00fcr M\u00e4nner und Frauen<\/p>\n<\/li>\n<\/ul>\n<hr class=\"\" data-start=\"2777\" data-end=\"2780\" \/>\n<h3 class=\"\" data-start=\"2782\" data-end=\"2803\"><strong data-start=\"2786\" data-end=\"2803\">Anwendungen:<\/strong><\/h3>\n<ul data-start=\"2805\" data-end=\"3115\">\n<li class=\"\" data-start=\"2805\" data-end=\"2842\">\n<p class=\"\" data-start=\"2807\" data-end=\"2842\">Abfahrtslauf und Langlauf<\/p>\n<\/li>\n<li class=\"\" data-start=\"2843\" data-end=\"2876\">\n<p class=\"\" data-start=\"2845\" data-end=\"2876\">Snowboarding und Motorschlittenfahren<\/p>\n<\/li>\n<li class=\"\" data-start=\"2877\" data-end=\"2919\">\n<p class=\"\" data-start=\"2879\" data-end=\"2919\">Bergsteigen und Wandern bei kalter Witterung<\/p>\n<\/li>\n<li class=\"\" data-start=\"2920\" data-end=\"2968\">\n<p class=\"\" data-start=\"2922\" data-end=\"2968\">Winterarbeiten im Freien, einschlie\u00dflich Schneer\u00e4umung<\/p>\n<\/li>\n<li class=\"\" data-start=\"2969\" data-end=\"3005\">\n<p class=\"\" data-start=\"2971\" data-end=\"3005\">Milit\u00e4rische Nutzung und Sicherheitspatrouille<\/p>\n<\/li>\n<li class=\"\" data-start=\"3006\" data-end=\"3042\">\n<p class=\"\" data-start=\"3008\" data-end=\"3042\">Alpine Rettungs- und Notfallausr\u00fcstung<\/p>\n<\/li>\n<li class=\"\" data-start=\"3043\" data-end=\"3089\">\n<p class=\"\" data-start=\"3045\" data-end=\"3089\">Pendeln oder Reisen bei Minusgraden<\/p>\n<\/li>\n<li class=\"\" data-start=\"3090\" data-end=\"3115\">\n<p class=\"\" data-start=\"3092\" data-end=\"3115\">Handhabung der K\u00fchllagerung<\/p>\n<\/li>\n<\/ul>\n<hr class=\"\" data-start=\"3117\" data-end=\"3120\" \/>\n<h3 class=\"\" data-start=\"3122\" data-end=\"3145\"><strong data-start=\"3126\" data-end=\"3145\">Spezifikationen:<\/strong><\/h3>\n<ul data-start=\"3147\" data-end=\"3513\">\n<li class=\"\" data-start=\"3147\" data-end=\"3220\">\n<p class=\"\" data-start=\"3149\" data-end=\"3220\">Materialien: Wasserdichtes Au\u00dfenmaterial aus Nylon, Fleece-Innenfutter, synthetische Isolierung<\/p>\n<\/li>\n<li class=\"\" data-start=\"3221\" data-end=\"3248\">\n<p class=\"\" data-start=\"3223\" data-end=\"3248\">Gr\u00f6\u00dfen: S, M, L, XL, XXL<\/p>\n<\/li>\n<li class=\"\" data-start=\"3249\" data-end=\"3271\">\n<p class=\"\" data-start=\"3251\" data-end=\"3271\">Farbe: Mattschwarz<\/p>\n<\/li>\n<li class=\"\" data-start=\"3272\" data-end=\"3319\">\n<p class=\"\" data-start=\"3274\" data-end=\"3319\">Verschluss: Schnallenband am Handgelenk + Kordelzug an der Manschette<\/p>\n<\/li>\n<li class=\"\" data-start=\"3320\" data-end=\"3388\">\n<p class=\"\" data-start=\"3322\" data-end=\"3388\">Personalisierung: Eigenmarke, Farbanpassungen, individuelles Branding<\/p>\n<\/li>\n<li class=\"\" data-start=\"3389\" data-end=\"3451\">\n<p class=\"\" data-start=\"3391\" data-end=\"3451\">Verpackung: Standard-Polybeutel oder Markenkarton (wie gew\u00fcnscht)<\/p>\n<\/li>\n<li class=\"\" data-start=\"3452\" data-end=\"3494\">\n<p class=\"\" data-start=\"3454\" data-end=\"3494\">Zertifizierung: CE &amp; EN 511 (auf Anfrage)<\/p>\n<\/li>\n<li class=\"\" data-start=\"3495\" data-end=\"3513\">\n<p class=\"\" data-start=\"3497\" data-end=\"3513\">MOQ: 200 Paare<\/p>\n<\/li>\n<\/ul>","protected":false},"excerpt":{"rendered":"<p>Die wasserdichten Thermo-F\u00e4ustlinge von RYINZ bieten au\u00dfergew\u00f6hnliche W\u00e4rme und Schutz unter den h\u00e4rtesten Bedingungen des Winters. Diese F\u00e4ustlinge wurden f\u00fcr Ski-, Snowboard- und Schneetouren entwickelt und verf\u00fcgen \u00fcber eine mehrschichtige Isolierung und eine wasserdichte Au\u00dfenkonstruktion, die W\u00e4rme einschlie\u00dft und Wind, Schnee und Feuchtigkeit abh\u00e4lt. Die verst\u00e4rkte Handfl\u00e4che sorgt f\u00fcr zus\u00e4tzliche Strapazierf\u00e4higkeit beim Greifen der Ausr\u00fcstung, w\u00e4hrend die breite Stulpe und das doppelte Verschlusssystem (Riemen und Kordelzug) einen bequemen, schneesicheren Sitz gew\u00e4hrleisten. Diese bequemen und robusten F\u00e4ustlinge sind ideal f\u00fcr alpine Sportarten, eisige Outdoor-Arbeiten oder eisige Reisen. Geeignet f\u00fcr M\u00e4nner und Frauen und anpassbar an die Bed\u00fcrfnisse Ihrer Marke.<\/p>","protected":false},"featured_media":8945,"comment_status":"closed","ping_status":"closed","template":"","meta":[],"product_brand":[35],"product_cat":[57],"product_tag":[73,74],"class_list":{"0":"post-8911","1":"product","2":"type-product","3":"status-publish","4":"has-post-thumbnail","6":"product_brand-ryinz","7":"product_cat-ski-snowboarding-gloves","8":"product_tag-adjustable-snow-mittens","9":"product_tag-fleece-lined-mittens","11":"first","12":"instock","13":"taxable","14":"shipping-taxable","15":"purchasable","16":"product-type-simple"},"_links":{"self":[{"href":"https:\/\/ryinz.cz\/velkoobchod\/de\/wp-json\/wp\/v2\/product\/8911","targetHints":{"allow":["GET"]}}],"collection":[{"href":"https:\/\/ryinz.cz\/velkoobchod\/de\/wp-json\/wp\/v2\/product"}],"about":[{"href":"https:\/\/ryinz.cz\/velkoobchod\/de\/wp-json\/wp\/v2\/types\/product"}],"replies":[{"embeddable":true,"href":"https:\/\/ryinz.cz\/velkoobchod\/de\/wp-json\/wp\/v2\/comments?post=8911"}],"wp:featuredmedia":[{"embeddable":true,"href":"https:\/\/ryinz.cz\/velkoobchod\/de\/wp-json\/wp\/v2\/media\/8945"}],"wp:attachment":[{"href":"https:\/\/ryinz.cz\/velkoobchod\/de\/wp-json\/wp\/v2\/media?parent=8911"}],"wp:term":[{"taxonomy":"product_brand","embeddable":true,"href":"https:\/\/ryinz.cz\/velkoobchod\/de\/wp-json\/wp\/v2\/product_brand?post=8911"},{"taxonomy":"product_cat","embeddable":true,"href":"https:\/\/ryinz.cz\/velkoobchod\/de\/wp-json\/wp\/v2\/product_cat?post=8911"},{"taxonomy":"product_tag","embeddable":true,"href":"https:\/\/ryinz.cz\/velkoobchod\/de\/wp-json\/wp\/v2\/product_tag?post=8911"}],"curies":[{"name":"wp","href":"https:\/\/api.w.org\/{rel}","templated":true}]}}