{"id":8910,"date":"2025-06-22T15:21:05","date_gmt":"2025-06-22T15:21:05","guid":{"rendered":"https:\/\/ryinz.cz\/velkoobchod\/?post_type=product&#038;p=8910"},"modified":"2026-01-18T20:16:47","modified_gmt":"2026-01-18T20:16:47","slug":"ryinz-gsg-0501-wasserdichte-ski-schnee-handschuhe-mit-verstellbarem-riemen-multicolor-isolierte-handschuhe-fur-den-wintersport","status":"publish","type":"product","link":"https:\/\/ryinz.cz\/velkoobchod\/de\/product\/ryinz-gsg-0501-waterproof-ski-snow-gloves-with-adjustable-strap-multicolor-insulated-gloves-for-winter-sports\/","title":{"rendered":"RYINZ GSG-0501 Wasserdichte Ski- und Schneehandschuhe mit verstellbarem Riemen - mehrfarbige isolierte Handschuhe f\u00fcr den Wintersport"},"content":{"rendered":"<p class=\"\" data-start=\"330\" data-end=\"694\">Bezwingen Sie die K\u00e4lte in lebendigem Stil mit dem <strong data-start=\"373\" data-end=\"420\">RYINZ GSG-0501 Wasserdichte Ski- und Schneehandschuhe<\/strong>, Diese Handschuhe wurden sorgf\u00e4ltig f\u00fcr Skifahren, Snowboarden und extreme Wintersportarten entwickelt. Diese Handschuhe kombinieren leistungsstarke Isolierung, wasserdichten Schutz und auff\u00e4llige mehrfarbige \u00c4sthetik und bieten Wintersportlern, Outdoor-Aktivisten und Bergabenteurern sowohl Funktion als auch Mode.<\/p>\n<p class=\"\" data-start=\"696\" data-end=\"1067\">Diese Handschuhe sind aus hochwertigem, wetterfestem Polyester-Obermaterial gefertigt und mit einer warmen, atmungsaktiven Isolierung gef\u00fcttert. Sie eignen sich ideal f\u00fcr einen l\u00e4ngeren Einsatz in kalten, nassen und windigen Umgebungen. Die Handfl\u00e4che verf\u00fcgt \u00fcber verst\u00e4rkte Grifffl\u00e4chen mit strapazierf\u00e4higen PU-Leder-Overlays, die eine hervorragende Griffkontrolle f\u00fcr Skist\u00f6cke, Snowboards oder die Handhabung von Ausr\u00fcstung bieten - auch bei N\u00e4sse.<\/p>\n<p class=\"\" data-start=\"1069\" data-end=\"1403\">Die RYINZ GSG-0501 Handschuhe wurden sowohl f\u00fcr den professionellen Einsatz als auch f\u00fcr die Freizeit entwickelt und verf\u00fcgen \u00fcber eine <strong data-start=\"1153\" data-end=\"1180\">Multicolor-Panel-Design<\/strong> (wei\u00df, orange, blau, mintgr\u00fcn und schwarz) mit gut sichtbarem Branding. Die auff\u00e4llige Farbkombination sorgt nicht nur f\u00fcr mehr Flair, sondern erh\u00f6ht auch die Sichtbarkeit auf der Piste und damit die Sicherheit in \u00fcberf\u00fcllten oder schlecht einsehbaren Umgebungen.<\/p>\n<p class=\"\" data-start=\"1405\" data-end=\"1672\">Diese Handschuhe sind ausgestattet mit <strong data-start=\"1436\" data-end=\"1469\">voll verstellbare Handgelenksriemen<\/strong> f\u00fcr eine individuelle Passform und erweiterten Schutz der Stulpe. Ein zuverl\u00e4ssiges Clipsystem sorgt daf\u00fcr, dass die Handschuhe in den Pausen sicher verbunden bleiben, und eine elastische Leine verhindert ein versehentliches Herunterfallen auf Sesselliften oder verschneiten Pisten.<\/p>\n<p class=\"\" data-start=\"1674\" data-end=\"1958\">F\u00fcr zus\u00e4tzlichen Komfort enth\u00e4lt das Modell GSG-0501 eine <strong data-start=\"1727\" data-end=\"1760\">wasserdichte Seitentasche mit Rei\u00dfverschluss<\/strong>-Ideal f\u00fcr das Mitf\u00fchren von Schl\u00fcsseln, Liftp\u00e4ssen oder W\u00e4rmepaketen bei l\u00e4ngeren Trainingseinheiten. Das weiche Fleece-Futter im Inneren sorgt f\u00fcr Komfort, w\u00e4hrend die Au\u00dfenpolsterung Schutz vor St\u00f6\u00dfen und Sch\u00fcrfwunden bietet.<\/p>\n<p class=\"\" data-start=\"1960\" data-end=\"2240\">Ob beim Skifahren in den Alpen oder beim Trekking bei starkem Schneefall - diese Handschuhe bieten ein hohes Ma\u00df an Fingerfertigkeit, W\u00e4rme und Wasserbest\u00e4ndigkeit und werden von europ\u00e4ischen Kunden und H\u00e4ndlern gleicherma\u00dfen gesch\u00e4tzt. RYINZ unterst\u00fctzt Private-Label- und OEM-Services mit schnellen Lieferzeiten f\u00fcr Gro\u00dfauftr\u00e4ge.<\/p>\n<hr class=\"\" data-start=\"2242\" data-end=\"2245\" \/>\n<h3 class=\"\" data-start=\"2247\" data-end=\"2274\"><strong data-start=\"2251\" data-end=\"2274\">Produkt-Highlights:<\/strong><\/h3>\n<ul data-start=\"2276\" data-end=\"2770\">\n<li class=\"\" data-start=\"2276\" data-end=\"2333\">\n<p class=\"\" data-start=\"2278\" data-end=\"2333\">Wasserdichtes Polyester-Obermaterial mit PU-verst\u00e4rkter Handfl\u00e4che<\/p>\n<\/li>\n<li class=\"\" data-start=\"2334\" data-end=\"2399\">\n<p class=\"\" data-start=\"2336\" data-end=\"2399\">Mehrfarbiges Au\u00dfendesign (wei\u00df, orange, mint, blau, schwarz)<\/p>\n<\/li>\n<li class=\"\" data-start=\"2400\" data-end=\"2451\">\n<p class=\"\" data-start=\"2402\" data-end=\"2451\">Weiches Fleece-Innenfutter f\u00fcr W\u00e4rme und Komfort<\/p>\n<\/li>\n<li class=\"\" data-start=\"2452\" data-end=\"2505\">\n<p class=\"\" data-start=\"2454\" data-end=\"2505\">Verstellbare Schnalle am Handgelenk und Kordelzug f\u00fcr sicheren Sitz<\/p>\n<\/li>\n<li class=\"\" data-start=\"2506\" data-end=\"2539\">\n<p class=\"\" data-start=\"2508\" data-end=\"2539\">Lange Stulpe f\u00fcr Schneeschutz<\/p>\n<\/li>\n<li class=\"\" data-start=\"2540\" data-end=\"2591\">\n<p class=\"\" data-start=\"2542\" data-end=\"2591\">Verst\u00e4rkte Handfl\u00e4che und Fingerspitzen f\u00fcr l\u00e4ngeren Gebrauch<\/p>\n<\/li>\n<li class=\"\" data-start=\"2592\" data-end=\"2650\">\n<p class=\"\" data-start=\"2594\" data-end=\"2650\">Rei\u00dfverschlusstasche auf dem Handr\u00fccken (ideal f\u00fcr Ausweis oder Schl\u00fcssel)<\/p>\n<\/li>\n<li class=\"\" data-start=\"2651\" data-end=\"2690\">\n<p class=\"\" data-start=\"2653\" data-end=\"2690\">Elastische Handgelenkschlaufe f\u00fcr Fallsicherheit<\/p>\n<\/li>\n<li class=\"\" data-start=\"2691\" data-end=\"2718\">\n<p class=\"\" data-start=\"2693\" data-end=\"2718\">Atmungsaktives Innenfutter<\/p>\n<\/li>\n<li class=\"\" data-start=\"2719\" data-end=\"2770\">\n<p class=\"\" data-start=\"2721\" data-end=\"2770\">Geeignet f\u00fcr M\u00e4nner, Frauen, Teenager und Berufst\u00e4tige<\/p>\n<\/li>\n<\/ul>\n<hr class=\"\" data-start=\"2772\" data-end=\"2775\" \/>\n<h3 class=\"\" data-start=\"2777\" data-end=\"2798\"><strong data-start=\"2781\" data-end=\"2798\">Anwendungen:<\/strong><\/h3>\n<ul data-start=\"2800\" data-end=\"3069\">\n<li class=\"\" data-start=\"2800\" data-end=\"2837\">\n<p class=\"\" data-start=\"2802\" data-end=\"2837\">Skifahren, Snowboarden, Schneesport<\/p>\n<\/li>\n<li class=\"\" data-start=\"2838\" data-end=\"2867\">\n<p class=\"\" data-start=\"2840\" data-end=\"2867\">Motorschlitten und ATV fahren<\/p>\n<\/li>\n<li class=\"\" data-start=\"2868\" data-end=\"2909\">\n<p class=\"\" data-start=\"2870\" data-end=\"2909\">Outdoor-Bergsteigen, Schneetrekking<\/p>\n<\/li>\n<li class=\"\" data-start=\"2910\" data-end=\"2936\">\n<p class=\"\" data-start=\"2912\" data-end=\"2936\">Pendeln bei kalter Witterung<\/p>\n<\/li>\n<li class=\"\" data-start=\"2937\" data-end=\"2980\">\n<p class=\"\" data-start=\"2939\" data-end=\"2980\">Professioneller Einsatz in alpinen Umgebungen<\/p>\n<\/li>\n<li class=\"\" data-start=\"2981\" data-end=\"3031\">\n<p class=\"\" data-start=\"2983\" data-end=\"3031\">Milit\u00e4r- und Patrouilleneinsatz bei Minusgraden<\/p>\n<\/li>\n<li class=\"\" data-start=\"3032\" data-end=\"3069\">\n<p class=\"\" data-start=\"3034\" data-end=\"3069\">Winterarbeiten im Freien und Instandhaltung<\/p>\n<\/li>\n<\/ul>\n<hr class=\"\" data-start=\"3071\" data-end=\"3074\" \/>\n<h3 class=\"\" data-start=\"3076\" data-end=\"3099\"><strong data-start=\"3080\" data-end=\"3099\">Spezifikationen:<\/strong><\/h3>\n<ul data-start=\"3101\" data-end=\"3587\">\n<li class=\"\" data-start=\"3101\" data-end=\"3174\">\n<p class=\"\" data-start=\"3103\" data-end=\"3174\">Materialien: Wasserdichtes Polyester-Obermaterial, Handfl\u00e4che aus PU-Leder, Fleece-Futter<\/p>\n<\/li>\n<li class=\"\" data-start=\"3175\" data-end=\"3207\">\n<p class=\"\" data-start=\"3177\" data-end=\"3207\">Gr\u00f6\u00dfen: XS-XXL (anpassbar)<\/p>\n<\/li>\n<li class=\"\" data-start=\"3208\" data-end=\"3226\">\n<p class=\"\" data-start=\"3210\" data-end=\"3226\">Geschlecht: Unisex<\/p>\n<\/li>\n<li class=\"\" data-start=\"3227\" data-end=\"3281\">\n<p class=\"\" data-start=\"3229\" data-end=\"3281\">Farbe: Standard-Multicolor oder OEM-Farben verf\u00fcgbar<\/p>\n<\/li>\n<li class=\"\" data-start=\"3282\" data-end=\"3329\">\n<p class=\"\" data-start=\"3284\" data-end=\"3329\">Verschluss: Verstellbarer Gurt + Kordelzug mit Knebelverschluss<\/p>\n<\/li>\n<li class=\"\" data-start=\"3330\" data-end=\"3382\">\n<p class=\"\" data-start=\"3332\" data-end=\"3382\">Branding: RYINZ-Logo (benutzerdefiniertes Branding wird unterst\u00fctzt)<\/p>\n<\/li>\n<li class=\"\" data-start=\"3383\" data-end=\"3419\">\n<p class=\"\" data-start=\"3385\" data-end=\"3419\">Zertifizierungen: CE EN388 \/ EN511<\/p>\n<\/li>\n<li class=\"\" data-start=\"3420\" data-end=\"3464\">\n<p class=\"\" data-start=\"3422\" data-end=\"3464\">MOQ: 300-500 Paare f\u00fcr kundenspezifische Bestellungen<\/p>\n<\/li>\n<li class=\"\" data-start=\"3465\" data-end=\"3524\">\n<p class=\"\" data-start=\"3467\" data-end=\"3524\">Verpackung: Polybeutel mit Barcode oder OEM-Einzelhandelsverpackung<\/p>\n<\/li>\n<li class=\"\" data-start=\"3525\" data-end=\"3587\">\n<p class=\"\" data-start=\"3527\" data-end=\"3587\">Extras: Optionale Touchscreen-Aufs\u00e4tze, Kompatibilit\u00e4t mit W\u00e4rmetaschen<\/p>\n<\/li>\n<\/ul>","protected":false},"excerpt":{"rendered":"<p>Die RYINZ GSG-0501 Skihandschuhe wurden f\u00fcr eine optimale Winterleistung mit wasserdichten Materialien, Thermofleece-Futter und einem farbenfrohen, sicherheitsf\u00f6rdernden Design entwickelt. Diese Handschuhe verf\u00fcgen \u00fcber verstellbare Handgelenksschlaufen, PU-Grip-Handfl\u00e4chen und verl\u00e4ngerte Stulpen f\u00fcr volle Schneeabdeckung. In der praktischen, wasserdichten Rei\u00dfverschlusstasche auf der R\u00fcckseite k\u00f6nnen Sie wichtige Dinge wie einen Skipass oder ein W\u00e4rmereservoir verstauen. Perfekt zum Skifahren, Snowboarden, Motorschlittenfahren und f\u00fcr Abenteuer bei kaltem Wetter. Ideal f\u00fcr B2B-Gro\u00dfh\u00e4ndler, Sporteinzelh\u00e4ndler oder Anbieter von Sicherheitsausr\u00fcstung. Erh\u00e4ltlich mit OEM-Anpassung und Private-Label-Services f\u00fcr europ\u00e4ische K\u00e4ufer.<\/p>","protected":false},"featured_media":8952,"comment_status":"closed","ping_status":"closed","template":"","meta":[],"product_brand":[35],"product_cat":[57],"product_tag":[62,72],"class_list":{"0":"post-8910","1":"product","2":"type-product","3":"status-publish","4":"has-post-thumbnail","6":"product_brand-ryinz","7":"product_cat-ski-snowboarding-gloves","8":"product_tag-insulated-snowboarding-gloves","9":"product_tag-stretch-fabric-ski-gloves","11":"first","12":"instock","13":"taxable","14":"shipping-taxable","15":"purchasable","16":"product-type-simple"},"_links":{"self":[{"href":"https:\/\/ryinz.cz\/velkoobchod\/de\/wp-json\/wp\/v2\/product\/8910","targetHints":{"allow":["GET"]}}],"collection":[{"href":"https:\/\/ryinz.cz\/velkoobchod\/de\/wp-json\/wp\/v2\/product"}],"about":[{"href":"https:\/\/ryinz.cz\/velkoobchod\/de\/wp-json\/wp\/v2\/types\/product"}],"replies":[{"embeddable":true,"href":"https:\/\/ryinz.cz\/velkoobchod\/de\/wp-json\/wp\/v2\/comments?post=8910"}],"wp:featuredmedia":[{"embeddable":true,"href":"https:\/\/ryinz.cz\/velkoobchod\/de\/wp-json\/wp\/v2\/media\/8952"}],"wp:attachment":[{"href":"https:\/\/ryinz.cz\/velkoobchod\/de\/wp-json\/wp\/v2\/media?parent=8910"}],"wp:term":[{"taxonomy":"product_brand","embeddable":true,"href":"https:\/\/ryinz.cz\/velkoobchod\/de\/wp-json\/wp\/v2\/product_brand?post=8910"},{"taxonomy":"product_cat","embeddable":true,"href":"https:\/\/ryinz.cz\/velkoobchod\/de\/wp-json\/wp\/v2\/product_cat?post=8910"},{"taxonomy":"product_tag","embeddable":true,"href":"https:\/\/ryinz.cz\/velkoobchod\/de\/wp-json\/wp\/v2\/product_tag?post=8910"}],"curies":[{"name":"wp","href":"https:\/\/api.w.org\/{rel}","templated":true}]}}