{"id":8909,"date":"2025-06-22T15:21:05","date_gmt":"2025-06-22T15:21:05","guid":{"rendered":"https:\/\/ryinz.cz\/velkoobchod\/?post_type=product&#038;p=8909"},"modified":"2026-01-18T20:16:46","modified_gmt":"2026-01-18T20:16:46","slug":"ryinz-split-finger-leder-skifaustlinge-hybrid-warme-geschicklichkeit-handschuhe-fur-extreme-kalte-snowboarding-skifahren","status":"publish","type":"product","link":"https:\/\/ryinz.cz\/velkoobchod\/de\/product\/ryinz-split-finger-leather-ski-mittens-hybrid-warmth-dexterity-gloves-for-extreme-cold-snowboarding-skiing\/","title":{"rendered":"RYINZ Split-Finger-Leder-Skihandschuhe - Hybride W\u00e4rme- und Fingerfertigkeitshandschuhe f\u00fcr extrem kaltes Snowboarden und Skifahren"},"content":{"rendered":"<p class=\"\" data-start=\"432\" data-end=\"848\">Entdecken Sie die ideale Kombination aus W\u00e4rme und Kontrolle mit <strong data-start=\"485\" data-end=\"527\">RYINZ Split-Finger-Leder-Skihandschuhe<\/strong>, Diese F\u00e4ustlinge wurden von Experten f\u00fcr Skifahrer, Snowboarder und Winterarbeiter entwickelt, die Flexibilit\u00e4t ohne Kompromisse bei der W\u00e4rmeisolierung ben\u00f6tigen. Diese leistungsstarken Hybrid-F\u00e4ustlinge sind mit einer einzigartigen <strong data-start=\"727\" data-end=\"758\">Hummerschere (Spaltfinger)<\/strong> Design, das die Fingerfertigkeit von Handschuhen mit der w\u00e4rmespeichernden Wirkung von F\u00e4ustlingen kombiniert.<\/p>\n<p class=\"\" data-start=\"850\" data-end=\"1226\">Hergestellt aus <strong data-start=\"860\" data-end=\"890\">strapazierf\u00e4higes Vollnarbenleder<\/strong> Diese F\u00e4ustlinge in kontrastierenden Schwarz-, Grau- und Braunt\u00f6nen bieten robusten Stil und nat\u00fcrliche Wetterbest\u00e4ndigkeit. Das Au\u00dfenmaterial aus Leder ist robust genug, um rauen Bedingungen in den Bergen, abriebfester Ausr\u00fcstung und langfristigem Verschlei\u00df standzuhalten, und dennoch weich genug, um eine agile Handbewegung zum Schlie\u00dfen von Schnallen, Greifen von St\u00f6cken oder Verwenden von mobilen Ger\u00e4ten zu erm\u00f6glichen.<\/p>\n<p class=\"\" data-start=\"1228\" data-end=\"1597\">Die Innenseite dieser Handschuhe wurde f\u00fcr folgende Zwecke entwickelt <strong data-start=\"1268\" data-end=\"1286\">maximale W\u00e4rme<\/strong> mit <strong data-start=\"1293\" data-end=\"1319\">Mehrschichtd\u00e4mmung<\/strong>. Ein weiches Fleece-Innenfutter sorgt f\u00fcr eine bequeme Handhaltung, w\u00e4hrend eine dicke Zwischenschicht aus thermischer Polsterung die W\u00e4rme auch bei langen Aufenthalten bei Minusgraden speichert. Ob auf eisigen Pisten oder bei Tiefschneeabfahrten, diese Handschuhe sorgen daf\u00fcr, dass Ihre H\u00e4nde trocken, warm und reaktionsschnell bleiben.<\/p>\n<p class=\"\" data-start=\"1599\" data-end=\"1880\">Die <strong data-start=\"1603\" data-end=\"1632\">Split-Finger-Konstruktion<\/strong> erm\u00f6glicht es Zeigefinger und Daumen, sich unabh\u00e4ngig voneinander zu bewegen, was bei Bedarf eine bessere Griffkontrolle und Pr\u00e4zision erm\u00f6glicht - ein entscheidender Vorteil f\u00fcr Snowboarder, die ihre Bindungen einstellen, f\u00fcr Motorschlittenfahrer, die am Gashebel arbeiten, oder f\u00fcr Rettungskr\u00e4fte, die eine schnelle Koordination ben\u00f6tigen.<\/p>\n<p class=\"\" data-start=\"1882\" data-end=\"2207\">Zus\u00e4tzliche Komfortmerkmale sind ein <strong data-start=\"1915\" data-end=\"1943\">flex-ridge knuckle panel<\/strong> die die nat\u00fcrliche Bewegung der Hand f\u00f6rdert, ein <strong data-start=\"1984\" data-end=\"2010\">verstellbares Handgelenkband<\/strong> mit Klettverschluss f\u00fcr einen sicheren Sitz, und ein <strong data-start=\"2056\" data-end=\"2082\">elastisches Innenb\u00fcndchen<\/strong> um das Eindringen von Schnee zu verhindern. Ein weicher Abstreiffleck am Daumen und verst\u00e4rkte Handfl\u00e4chenbereiche erh\u00f6hen den Nutzwert und die Strapazierf\u00e4higkeit zus\u00e4tzlich.<\/p>\n<p class=\"\" data-start=\"2209\" data-end=\"2510\">Dies ist der Handschuh f\u00fcr Profis, Abenteurer und alpine H\u00e4ndler, die Innovation und Komfort in einem robusten Paket suchen. Stylisch genug f\u00fcr Freizeitskifahrer und robust genug f\u00fcr Skipatrouillen oder Tourengeher, der <strong data-start=\"2433\" data-end=\"2463\">RYINZ Split-Finger-F\u00e4ustlinge<\/strong> setzen einen neuen Standard f\u00fcr Wintersportbekleidung.<\/p>\n<hr class=\"\" data-start=\"2512\" data-end=\"2515\" \/>\n<h3 class=\"\" data-start=\"2517\" data-end=\"2544\"><strong data-start=\"2521\" data-end=\"2544\">Produkt-Highlights:<\/strong><\/h3>\n<ul data-start=\"2546\" data-end=\"3195\">\n<li class=\"\" data-start=\"2546\" data-end=\"2620\">\n<p class=\"\" data-start=\"2548\" data-end=\"2620\">Hybrides Hummer-Design: Kombiniert die W\u00e4rme des Handschuhs mit der Geschicklichkeit des Handschuhs<\/p>\n<\/li>\n<li class=\"\" data-start=\"2621\" data-end=\"2691\">\n<p class=\"\" data-start=\"2623\" data-end=\"2691\">Au\u00dfenh\u00fclle aus Vollnarbenleder f\u00fcr Haltbarkeit und Wasserbest\u00e4ndigkeit<\/p>\n<\/li>\n<li class=\"\" data-start=\"2692\" data-end=\"2770\">\n<p class=\"\" data-start=\"2694\" data-end=\"2770\">Mit Fleece gef\u00fctterte Innenseite mit isoliertem Thermokern f\u00fcr extremen K\u00e4lteschutz<\/p>\n<\/li>\n<li class=\"\" data-start=\"2771\" data-end=\"2828\">\n<p class=\"\" data-start=\"2773\" data-end=\"2828\">Unabh\u00e4ngige Zeigefinger- und Daumenbewegung f\u00fcr Griffkontrolle<\/p>\n<\/li>\n<li class=\"\" data-start=\"2829\" data-end=\"2878\">\n<p class=\"\" data-start=\"2831\" data-end=\"2878\">Verst\u00e4rkte Handfl\u00e4chen- und Daumenbereiche f\u00fcr starke Beanspruchung<\/p>\n<\/li>\n<li class=\"\" data-start=\"2879\" data-end=\"2937\">\n<p class=\"\" data-start=\"2881\" data-end=\"2937\">Akkordeon-Flex-Kn\u00f6chel-Design f\u00fcr verbesserte Flexibilit\u00e4t<\/p>\n<\/li>\n<li class=\"\" data-start=\"2938\" data-end=\"2985\">\n<p class=\"\" data-start=\"2940\" data-end=\"2985\">Weiche Daumenauflage zum Abwischen von Brille oder Gesicht<\/p>\n<\/li>\n<li class=\"\" data-start=\"2986\" data-end=\"3047\">\n<p class=\"\" data-start=\"2988\" data-end=\"3047\">Klettverschluss am Handgelenk mit sicherem Sitz und elastischer Innenmanschette<\/p>\n<\/li>\n<li class=\"\" data-start=\"3048\" data-end=\"3118\">\n<p class=\"\" data-start=\"3050\" data-end=\"3118\">Attraktiver braun\/schwarz\/grauer Ledermix f\u00fcr einen hochwertigen, robusten Look<\/p>\n<\/li>\n<li class=\"\" data-start=\"3119\" data-end=\"3195\">\n<p class=\"\" data-start=\"3121\" data-end=\"3195\">Geeignet zum Skifahren, Snowboarden, Motorschlittenfahren und f\u00fcr die Bergrettung<\/p>\n<\/li>\n<\/ul>\n<hr class=\"\" data-start=\"3197\" data-end=\"3200\" \/>\n<h3 class=\"\" data-start=\"3202\" data-end=\"3223\"><strong data-start=\"3206\" data-end=\"3223\">Anwendungen:<\/strong><\/h3>\n<ul data-start=\"3225\" data-end=\"3497\">\n<li class=\"\" data-start=\"3225\" data-end=\"3257\">\n<p class=\"\" data-start=\"3227\" data-end=\"3257\">Ski Alpin &amp; Snowboarding<\/p>\n<\/li>\n<li class=\"\" data-start=\"3258\" data-end=\"3289\">\n<p class=\"\" data-start=\"3260\" data-end=\"3289\">Schneemobilfahren und ATV fahren<\/p>\n<\/li>\n<li class=\"\" data-start=\"3290\" data-end=\"3330\">\n<p class=\"\" data-start=\"3292\" data-end=\"3330\">Hochgebirgswandern, Bergsteigen<\/p>\n<\/li>\n<li class=\"\" data-start=\"3331\" data-end=\"3379\">\n<p class=\"\" data-start=\"3333\" data-end=\"3379\">Skitourengeher, Bergf\u00fchrer und Winterdienstmitarbeiter<\/p>\n<\/li>\n<li class=\"\" data-start=\"3380\" data-end=\"3431\">\n<p class=\"\" data-start=\"3382\" data-end=\"3431\">Einzelhandelsgesch\u00e4fte f\u00fcr Ferienanlagen, Verleih und Outdoor-Sportarten<\/p>\n<\/li>\n<li class=\"\" data-start=\"3432\" data-end=\"3497\">\n<p class=\"\" data-start=\"3434\" data-end=\"3497\">Outdoor-Training, Sicherheitspersonal und Skischulbetrieb<\/p>\n<\/li>\n<\/ul>\n<hr class=\"\" data-start=\"3499\" data-end=\"3502\" \/>\n<h3 class=\"\" data-start=\"3504\" data-end=\"3527\"><strong data-start=\"3508\" data-end=\"3527\">Spezifikationen:<\/strong><\/h3>\n<ul data-start=\"3529\" data-end=\"4047\">\n<li class=\"\" data-start=\"3529\" data-end=\"3580\">\n<p class=\"\" data-start=\"3531\" data-end=\"3580\">\u00c4u\u00dferes: Premium-Vollnarbenleder (mehrfarbig)<\/p>\n<\/li>\n<li class=\"\" data-start=\"3581\" data-end=\"3633\">\n<p class=\"\" data-start=\"3583\" data-end=\"3633\">Innen: Weiches Fleece-Innenfutter + W\u00e4rmeisolierung<\/p>\n<\/li>\n<li class=\"\" data-start=\"3634\" data-end=\"3670\">\n<p class=\"\" data-start=\"3636\" data-end=\"3670\">Passform: Hummerf\u00e4ustling mit geteilten Fingern<\/p>\n<\/li>\n<li class=\"\" data-start=\"3671\" data-end=\"3740\">\n<p class=\"\" data-start=\"3673\" data-end=\"3740\">Gr\u00f6\u00dfen: S, M, L, XL, XXL (Sondergr\u00f6\u00dfen bei Gro\u00dfbestellungen m\u00f6glich)<\/p>\n<\/li>\n<li class=\"\" data-start=\"3741\" data-end=\"3796\">\n<p class=\"\" data-start=\"3743\" data-end=\"3796\">Branding: RYINZ mit optionalem Eigenmarken-Service<\/p>\n<\/li>\n<li class=\"\" data-start=\"3797\" data-end=\"3844\">\n<p class=\"\" data-start=\"3799\" data-end=\"3844\">Manschette: Neopren verst\u00e4rkt mit Klettband<\/p>\n<\/li>\n<li class=\"\" data-start=\"3845\" data-end=\"3896\">\n<p class=\"\" data-start=\"3847\" data-end=\"3896\">Verpackung: Einzelner Polybeutel oder kundenspezifische OEM-Box<\/p>\n<\/li>\n<li class=\"\" data-start=\"3897\" data-end=\"3915\">\n<p class=\"\" data-start=\"3899\" data-end=\"3915\">MOQ: 300 Paare<\/p>\n<\/li>\n<li class=\"\" data-start=\"3916\" data-end=\"3978\">\n<p class=\"\" data-start=\"3918\" data-end=\"3978\">Anpassungen: Logo, Farbe, Liner und Verpackung verf\u00fcgbar<\/p>\n<\/li>\n<li class=\"\" data-start=\"3979\" data-end=\"4047\">\n<p class=\"\" data-start=\"3981\" data-end=\"4047\">Zertifizierung: CE EN388 &amp; K\u00e4ltebest\u00e4ndigkeitsnormen auf Anfrage<\/p>\n<\/li>\n<\/ul>","protected":false},"excerpt":{"rendered":"<p>Bleiben Sie warm und behalten Sie die Kontrolle mit dem innovativen <strong data-start=\"4161\" data-end=\"4195\">RYINZ Split-Finger Ski-F\u00e4ustlinge<\/strong> - ein revolution\u00e4res Hybriddesign f\u00fcr alle, die sowohl Leistung als auch W\u00e4rme w\u00fcnschen. Diese Handschuhe kombinieren die nat\u00fcrlichen W\u00e4rmehaltungsvorteile von F\u00e4ustlingen mit der Geschicklichkeit von Handschuhen durch eine clevere Split-Finger-Konstruktion, die verbesserten Grip und Bewegung bei eisigen Temperaturen bietet. Die aus hochwertigem Leder gefertigten Handschuhe mit flexibler Kn\u00f6chelpolsterung, W\u00e4rmeisolierung und verst\u00e4rkten Bereichen mit hoher Beanspruchung sind f\u00fcr alles geeignet, von Backcountry-L\u00e4ufen bis zu eisigen Abfahrten. Egal, ob Sie ein professioneller Bergf\u00fchrer, ein Alpinist oder ein Winterh\u00e4ndler sind, diese Handschuhe sind eine erstklassige Wahl f\u00fcr robuste Funktionalit\u00e4t mit einem modernen Touch.<\/p>","protected":false},"featured_media":8948,"comment_status":"closed","ping_status":"closed","template":"","meta":[],"product_brand":[35],"product_cat":[57],"product_tag":[70,71],"class_list":{"0":"post-8909","1":"product","2":"type-product","3":"status-publish","4":"has-post-thumbnail","6":"product_brand-ryinz","7":"product_cat-ski-snowboarding-gloves","8":"product_tag-amara-patch-gloves","9":"product_tag-amara-patch-snow-gloves","11":"first","12":"instock","13":"taxable","14":"shipping-taxable","15":"purchasable","16":"product-type-simple"},"_links":{"self":[{"href":"https:\/\/ryinz.cz\/velkoobchod\/de\/wp-json\/wp\/v2\/product\/8909","targetHints":{"allow":["GET"]}}],"collection":[{"href":"https:\/\/ryinz.cz\/velkoobchod\/de\/wp-json\/wp\/v2\/product"}],"about":[{"href":"https:\/\/ryinz.cz\/velkoobchod\/de\/wp-json\/wp\/v2\/types\/product"}],"replies":[{"embeddable":true,"href":"https:\/\/ryinz.cz\/velkoobchod\/de\/wp-json\/wp\/v2\/comments?post=8909"}],"wp:featuredmedia":[{"embeddable":true,"href":"https:\/\/ryinz.cz\/velkoobchod\/de\/wp-json\/wp\/v2\/media\/8948"}],"wp:attachment":[{"href":"https:\/\/ryinz.cz\/velkoobchod\/de\/wp-json\/wp\/v2\/media?parent=8909"}],"wp:term":[{"taxonomy":"product_brand","embeddable":true,"href":"https:\/\/ryinz.cz\/velkoobchod\/de\/wp-json\/wp\/v2\/product_brand?post=8909"},{"taxonomy":"product_cat","embeddable":true,"href":"https:\/\/ryinz.cz\/velkoobchod\/de\/wp-json\/wp\/v2\/product_cat?post=8909"},{"taxonomy":"product_tag","embeddable":true,"href":"https:\/\/ryinz.cz\/velkoobchod\/de\/wp-json\/wp\/v2\/product_tag?post=8909"}],"curies":[{"name":"wp","href":"https:\/\/api.w.org\/{rel}","templated":true}]}}