{"id":8908,"date":"2025-06-22T15:21:04","date_gmt":"2025-06-22T15:21:04","guid":{"rendered":"https:\/\/ryinz.cz\/velkoobchod\/?post_type=product&#038;p=8908"},"modified":"2026-01-18T20:16:45","modified_gmt":"2026-01-18T20:16:45","slug":"ryinz-kunstdruck-wasserdichte-ski-snowboard-handschuhe-verstellbarer-riemen-winterhandschuhe-mit-stylischem-grafikdesign","status":"publish","type":"product","link":"https:\/\/ryinz.cz\/velkoobchod\/de\/product\/ryinz-art-print-waterproof-ski-snowboard-gloves-adjustable-strap-winter-gloves-with-stylish-graphic-design\/","title":{"rendered":"RYINZ Art-Print Wasserdichte Ski- &amp; Snowboardhandschuhe - Verstellbarer Riemen Winterhandschuhe mit stylischem Grafikdesign"},"content":{"rendered":"<p class=\"\" data-start=\"326\" data-end=\"639\">Bleiben Sie warm, stylisch und gesch\u00fctzt auf der Piste mit dem <strong data-start=\"383\" data-end=\"424\">RYINZ GSG-0502 Ski- und Snowboard-Handschuhe<\/strong>, entwickelt f\u00fcr Hochleistungs-Wintersport und alpine Abenteuer. Diese Handschuhe sind mehr als nur ein Schutz - sie sind ein Statement der Pers\u00f6nlichkeit, mit einzigartigen Art-Print-Designs, die Sie in den Bergen hervorheben.<\/p>\n<p class=\"\" data-start=\"641\" data-end=\"940\">Gefertigt unter Verwendung von <strong data-start=\"655\" data-end=\"698\">strapazierf\u00e4higes, wasserabweisendes Polyester-Obermaterial<\/strong> und einer verst\u00e4rkten PU-Lederhandfl\u00e4che sind diese Handschuhe so konzipiert, dass sie rauer K\u00e4lte, nassem Schnee und windigen Bedingungen standhalten. Das Innenfutter besteht aus einer weichen Fleece-Isolierung f\u00fcr optimalen W\u00e4rmer\u00fcckhalt und ganzt\u00e4gigen Komfort bei eisigen Temperaturen.<\/p>\n<p class=\"\" data-start=\"942\" data-end=\"1247\">Der Clou des Modells GSG-0502 ist seine <strong data-start=\"985\" data-end=\"1021\">Exklusive Multi-Musterung au\u00dfen<\/strong>, Die Jacke ist in verschiedenen digital gedruckten, von der Kunst inspirierten Designs erh\u00e4ltlich. Diese auff\u00e4lligen visuellen Muster spiegeln nicht nur den pers\u00f6nlichen Stil wider, sondern erh\u00f6hen auch die Sichtbarkeit beim Snowboarden, Skifahren, Schneemobilfahren und Wandern in verschneitem Gel\u00e4nde.<\/p>\n<p class=\"\" data-start=\"1249\" data-end=\"1667\"><strong data-start=\"1249\" data-end=\"1277\">Leistung trifft Design<\/strong> mit einer ergonomisch geformten Passform, vorgekr\u00fcmmten Fingern und einem festen, verstellbaren Handgelenkriemen, der f\u00fcr einen guten Sitz sorgt. Die Handschuhe umfassen ein haltbares <strong data-start=\"1423\" data-end=\"1472\">Klettverschlussband mit Schnellverschluss<\/strong> um die Handschuhe zu sichern und das Risiko des Eindringens von Schnee zu verringern. Ein Verschlussclip h\u00e4lt das Paar zusammen, wenn es nicht in Gebrauch ist, und eine optionale Handgelenkschlaufe sorgt daf\u00fcr, dass sie nicht vom Lift fallen.<\/p>\n<p class=\"\" data-start=\"1669\" data-end=\"1947\">Intern verf\u00fcgen die Handschuhe \u00fcber ein <strong data-start=\"1702\" data-end=\"1742\">feuchtigkeitsableitende, atmungsaktive Membran<\/strong> die Schwei\u00dfbildung bei intensiven Aktivit\u00e4ten verhindert und gleichzeitig Feuchtigkeit von au\u00dfen fernh\u00e4lt. Sie eignen sich daher f\u00fcr hochalpine, aktive Wintersportler, die sowohl Komfort als auch Leistung verlangen.<\/p>\n<p class=\"\" data-start=\"1949\" data-end=\"2224\">Diese Handschuhe sind ideal f\u00fcr Unisex (M\u00e4nner und Frauen) und in den Gr\u00f6\u00dfen XS bis XXL erh\u00e4ltlich. Egal, ob Sie sich auf Ihre n\u00e4chste Skireise in die Alpen vorbereiten oder funktionelle und modische Handschuhe f\u00fcr Ihr Gesch\u00e4ft suchen, <strong data-start=\"2169\" data-end=\"2187\">RYINZ GSG-0502<\/strong> bietet eine intelligente, herausragende L\u00f6sung.<\/p>\n<hr class=\"\" data-start=\"2226\" data-end=\"2229\" \/>\n<h3 class=\"\" data-start=\"2231\" data-end=\"2258\"><strong data-start=\"2235\" data-end=\"2258\">Produkt-Highlights:<\/strong><\/h3>\n<ul data-start=\"2260\" data-end=\"2823\">\n<li class=\"\" data-start=\"2260\" data-end=\"2325\">\n<p class=\"\" data-start=\"2262\" data-end=\"2325\">Wasserdichtes und winddichtes Polyester-Obermaterial mit PU-Leder-Handfl\u00e4che<\/p>\n<\/li>\n<li class=\"\" data-start=\"2326\" data-end=\"2396\">\n<p class=\"\" data-start=\"2328\" data-end=\"2396\">Digital bedruckte, mehrfarbige Au\u00dfenseite mit mehreren Designoptionen<\/p>\n<\/li>\n<li class=\"\" data-start=\"2397\" data-end=\"2442\">\n<p class=\"\" data-start=\"2399\" data-end=\"2442\">Weiches Fleecefutter f\u00fcr W\u00e4rmeisolierung<\/p>\n<\/li>\n<li class=\"\" data-start=\"2443\" data-end=\"2493\">\n<p class=\"\" data-start=\"2445\" data-end=\"2493\">Verstellbarer Gurt + Schnellverschlusssystem<\/p>\n<\/li>\n<li class=\"\" data-start=\"2494\" data-end=\"2544\">\n<p class=\"\" data-start=\"2496\" data-end=\"2544\">Verst\u00e4rkte Handfl\u00e4che f\u00fcr bessere Griffigkeit und Haltbarkeit<\/p>\n<\/li>\n<li class=\"\" data-start=\"2545\" data-end=\"2591\">\n<p class=\"\" data-start=\"2547\" data-end=\"2591\">Atmungsaktive, feuchtigkeitsableitende Innenmembran<\/p>\n<\/li>\n<li class=\"\" data-start=\"2592\" data-end=\"2633\">\n<p class=\"\" data-start=\"2594\" data-end=\"2633\">Verriegelungsclip und optionale Handgelenk-Leine<\/p>\n<\/li>\n<li class=\"\" data-start=\"2634\" data-end=\"2704\">\n<p class=\"\" data-start=\"2636\" data-end=\"2704\">Erh\u00e4ltlich in verschiedenen grafischen Ausf\u00fchrungen (siehe unter dem Hauptbild)<\/p>\n<\/li>\n<li class=\"\" data-start=\"2705\" data-end=\"2772\">\n<p class=\"\" data-start=\"2707\" data-end=\"2772\">Ideal zum Skifahren, Snowboarden, Winterwandern und Schneemobilfahren<\/p>\n<\/li>\n<li class=\"\" data-start=\"2773\" data-end=\"2823\">\n<p class=\"\" data-start=\"2775\" data-end=\"2823\">OEM-Branding und Eigenmarken-Service verf\u00fcgbar<\/p>\n<\/li>\n<\/ul>\n<hr class=\"\" data-start=\"2825\" data-end=\"2828\" \/>\n<h3 class=\"\" data-start=\"2830\" data-end=\"2851\"><strong data-start=\"2834\" data-end=\"2851\">Anwendungen:<\/strong><\/h3>\n<ul data-start=\"2853\" data-end=\"3100\">\n<li class=\"\" data-start=\"2853\" data-end=\"2893\">\n<p class=\"\" data-start=\"2855\" data-end=\"2893\">Skifahren und Snowboarden in der Freizeit<\/p>\n<\/li>\n<li class=\"\" data-start=\"2894\" data-end=\"2924\">\n<p class=\"\" data-start=\"2896\" data-end=\"2924\">Professioneller Alpinsport<\/p>\n<\/li>\n<li class=\"\" data-start=\"2925\" data-end=\"2946\">\n<p class=\"\" data-start=\"2927\" data-end=\"2946\">Motorschlittenfahren<\/p>\n<\/li>\n<li class=\"\" data-start=\"2947\" data-end=\"2978\">\n<p class=\"\" data-start=\"2949\" data-end=\"2978\">Pendeln und Reisen im Winter<\/p>\n<\/li>\n<li class=\"\" data-start=\"2979\" data-end=\"3015\">\n<p class=\"\" data-start=\"2981\" data-end=\"3015\">Outdoor-Erkundung und Trekking<\/p>\n<\/li>\n<li class=\"\" data-start=\"3016\" data-end=\"3059\">\n<p class=\"\" data-start=\"3018\" data-end=\"3059\">Skilehrer und Mitarbeiter von Skigebieten<\/p>\n<\/li>\n<li class=\"\" data-start=\"3060\" data-end=\"3100\">\n<p class=\"\" data-start=\"3062\" data-end=\"3100\">Modisch anspruchsvolle Wintermode-Kollektionen<\/p>\n<\/li>\n<\/ul>\n<hr class=\"\" data-start=\"3102\" data-end=\"3105\" \/>\n<h3 class=\"\" data-start=\"3107\" data-end=\"3130\"><strong data-start=\"3111\" data-end=\"3130\">Spezifikationen:<\/strong><\/h3>\n<ul data-start=\"3132\" data-end=\"3608\">\n<li class=\"\" data-start=\"3132\" data-end=\"3193\">\n<p class=\"\" data-start=\"3134\" data-end=\"3193\">Material: Wasserdichtes Polyester, PU-Leder, Fleece-Futter<\/p>\n<\/li>\n<li class=\"\" data-start=\"3194\" data-end=\"3264\">\n<p class=\"\" data-start=\"3196\" data-end=\"3264\">Gr\u00f6\u00dfen: XS, S, M, L, XL, XXL (Sondergr\u00f6\u00dfen bei Gro\u00dfbestellungen m\u00f6glich)<\/p>\n<\/li>\n<li class=\"\" data-start=\"3265\" data-end=\"3330\">\n<p class=\"\" data-start=\"3267\" data-end=\"3330\">Farbe\/Designs: Verschiedene moderne Grafikdrucke (OEM verf\u00fcgbar)<\/p>\n<\/li>\n<li class=\"\" data-start=\"3331\" data-end=\"3384\">\n<p class=\"\" data-start=\"3333\" data-end=\"3384\">Verschluss: Klettverschluss mit verstellbarer Schnalle<\/p>\n<\/li>\n<li class=\"\" data-start=\"3385\" data-end=\"3437\">\n<p class=\"\" data-start=\"3387\" data-end=\"3437\">Branding: RYINZ Standard- oder individuelles Logo-Branding<\/p>\n<\/li>\n<li class=\"\" data-start=\"3438\" data-end=\"3473\">\n<p class=\"\" data-start=\"3440\" data-end=\"3473\">Zertifizierungen: CE EN388, EN511<\/p>\n<\/li>\n<li class=\"\" data-start=\"3474\" data-end=\"3514\">\n<p class=\"\" data-start=\"3476\" data-end=\"3514\">Verpackung: Polybeutel oder OEM-Einzelhandelskarton<\/p>\n<\/li>\n<li class=\"\" data-start=\"3515\" data-end=\"3537\">\n<p class=\"\" data-start=\"3517\" data-end=\"3537\">MOQ: 300-500 Paare<\/p>\n<\/li>\n<li class=\"\" data-start=\"3538\" data-end=\"3608\">\n<p class=\"\" data-start=\"3540\" data-end=\"3608\">Optionale Zus\u00e4tze: Touchscreen-Zeigefinger, W\u00e4rmetasche, Handgelenkschlaufe<\/p>\n<\/li>\n<\/ul>","protected":false},"excerpt":{"rendered":"<p>Die Handschuhe GSG-0502 von RYINZ sind Ihr idealer Winterbegleiter, der W\u00e4rme, Wasserdichtigkeit und eine atemberaubende Optik vereint. Diese Handschuhe wurden f\u00fcr Schneesportler entwickelt und verf\u00fcgen \u00fcber ein atmungsaktives Fleece-Futter, eine griffige Handfl\u00e4che aus PU-Leder und ein auff\u00e4lliges, digital bedrucktes Obermaterial. Der verstellbare Schnallenriemen sorgt f\u00fcr eine perfekte Passform, w\u00e4hrend das Kunstgrafik-Design Ihren Look auf der Piste aufwertet. Perfekt zum Skifahren, Snowboarden oder f\u00fcr Erkundungen bei kaltem Wetter. Erh\u00e4ltlich in verschiedenen Mustern und Gr\u00f6\u00dfen, mit vollem OEM-Branding-Support f\u00fcr K\u00e4ufer in Europa und dar\u00fcber hinaus.<\/p>","protected":false},"featured_media":8951,"comment_status":"closed","ping_status":"closed","template":"","meta":[],"product_brand":[35],"product_cat":[57],"product_tag":[66,58,67],"class_list":{"0":"post-8908","1":"product","2":"type-product","3":"status-publish","4":"has-post-thumbnail","6":"product_brand-ryinz","7":"product_cat-ski-snowboarding-gloves","8":"product_tag-adjustable-winter-gloves","9":"product_tag-cowhide-leather-gloves","10":"product_tag-stretch-fabric-gloves","12":"first","13":"instock","14":"taxable","15":"shipping-taxable","16":"purchasable","17":"product-type-simple"},"_links":{"self":[{"href":"https:\/\/ryinz.cz\/velkoobchod\/de\/wp-json\/wp\/v2\/product\/8908","targetHints":{"allow":["GET"]}}],"collection":[{"href":"https:\/\/ryinz.cz\/velkoobchod\/de\/wp-json\/wp\/v2\/product"}],"about":[{"href":"https:\/\/ryinz.cz\/velkoobchod\/de\/wp-json\/wp\/v2\/types\/product"}],"replies":[{"embeddable":true,"href":"https:\/\/ryinz.cz\/velkoobchod\/de\/wp-json\/wp\/v2\/comments?post=8908"}],"wp:featuredmedia":[{"embeddable":true,"href":"https:\/\/ryinz.cz\/velkoobchod\/de\/wp-json\/wp\/v2\/media\/8951"}],"wp:attachment":[{"href":"https:\/\/ryinz.cz\/velkoobchod\/de\/wp-json\/wp\/v2\/media?parent=8908"}],"wp:term":[{"taxonomy":"product_brand","embeddable":true,"href":"https:\/\/ryinz.cz\/velkoobchod\/de\/wp-json\/wp\/v2\/product_brand?post=8908"},{"taxonomy":"product_cat","embeddable":true,"href":"https:\/\/ryinz.cz\/velkoobchod\/de\/wp-json\/wp\/v2\/product_cat?post=8908"},{"taxonomy":"product_tag","embeddable":true,"href":"https:\/\/ryinz.cz\/velkoobchod\/de\/wp-json\/wp\/v2\/product_tag?post=8908"}],"curies":[{"name":"wp","href":"https:\/\/api.w.org\/{rel}","templated":true}]}}