{"id":8907,"date":"2025-06-22T15:21:04","date_gmt":"2025-06-22T15:21:04","guid":{"rendered":"https:\/\/ryinz.cz\/velkoobchod\/?post_type=product&#038;p=8907"},"modified":"2026-01-18T20:16:45","modified_gmt":"2026-01-18T20:16:45","slug":"ryinz-all-weather-snow-ski-gloves-verstarkte-thermische-winterhandschuhe-mit-verstellbaren-stulpen-fur-manner-frauen","status":"publish","type":"product","link":"https:\/\/ryinz.cz\/velkoobchod\/de\/product\/ryinz-all-weather-snow-ski-gloves-reinforced-thermal-winter-gloves-with-adjustable-cuffs-for-men-women\/","title":{"rendered":"RYINZ All-Weather Snow &amp; Ski Gloves - Verst\u00e4rkte Thermo-Winterhandschuhe mit verstellbaren Stulpen f\u00fcr M\u00e4nner &amp; Frauen"},"content":{"rendered":"<p class=\"\" data-start=\"325\" data-end=\"664\">F\u00fcr alle, die f\u00fcr die Berge leben, wurde der <strong data-start=\"376\" data-end=\"415\">RYINZ All-Weather Schnee- und Skihandschuhe<\/strong> bieten ultimativen Schutz, Komfort und Leistung bei kaltem Wetter. Egal, ob Sie auf der Piste shredden, mit Schneeschuhen \u00fcber eisige Trails laufen oder in der K\u00e4lte drau\u00dfen arbeiten, diese Handschuhe halten Sie trocken, warm und haben Sie voll im Griff.<\/p>\n<p class=\"\" data-start=\"666\" data-end=\"1135\">Gefertigt aus <strong data-start=\"679\" data-end=\"733\">verst\u00e4rktes Kunstleder und strapazierf\u00e4higes Gewebe<\/strong>, Diese Handschuhe zeichnen sich durch hervorragende Strapazierf\u00e4higkeit und Abriebfestigkeit aus, selbst unter den h\u00e4rtesten Winterbedingungen. Die Au\u00dfenh\u00fclle ist wind- und feuchtigkeitsabweisend, w\u00e4hrend die Handfl\u00e4chen und Fingerspitzen mit strapazierf\u00e4higen Materialien verst\u00e4rkt sind, um Ihnen einen hervorragenden Grip und Langlebigkeit zu bieten. Ihr schlankes, modernes, zweifarbiges graues Design ist stilvoll und dennoch robust und damit ideal f\u00fcr Sportbegeisterte und Outdoor-Profis.<\/p>\n<p class=\"\" data-start=\"1137\" data-end=\"1547\">Die Innenausstattung des Handschuhs umfasst <strong data-start=\"1172\" data-end=\"1214\">ein mehrschichtiges W\u00e4rmed\u00e4mmsystem<\/strong>, und bietet einen hervorragenden W\u00e4rmer\u00fcckhalt bei gleichzeitiger Atmungsaktivit\u00e4t. Ein weiches Futter sorgt f\u00fcr ganzt\u00e4gigen Komfort, w\u00e4hrend die mittlere Isolationsschicht eine thermische Barriere gegen eisigen Wind und nassen Schnee bildet. Diese Handschuhe speichern die W\u00e4rme und leiten Feuchtigkeit ab, verhindern Schwei\u00dfbildung und halten Ihre H\u00e4nde an langen Schneetagen angenehm trocken.<\/p>\n<p class=\"\" data-start=\"1549\" data-end=\"2017\">Eine <strong data-start=\"1552\" data-end=\"1578\">verstellbares Handgelenkband<\/strong> und <strong data-start=\"1583\" data-end=\"1605\">elastische Cinch-Kordel<\/strong> an der Stulpe erm\u00f6glichen es Ihnen, die Passform anzupassen und Schnee, Eis und Wind auszusperren. Diese Handschuhe passen sicher \u00fcber die Jacken\u00e4rmel und sind daher ideal zum Snowboarden, Skifahren, Wandern oder Motorschlittenfahren. Die <strong data-start=\"1812\" data-end=\"1840\">vorgekr\u00fcmmtes Fingerdesign<\/strong> ahmt die nat\u00fcrliche Handbewegung nach und sorgt so f\u00fcr einen erm\u00fcdungsfreien Griff und eine bessere Fingerfertigkeit, ganz gleich, ob Sie St\u00f6cke, Ausr\u00fcstung oder Telefone mit einer touchscreen-empfindlichen Spitze verwenden (individuell erh\u00e4ltlich).<\/p>\n<p class=\"\" data-start=\"2019\" data-end=\"2330\">Au\u00dferdem weist der Handr\u00fccken folgende Merkmale auf <strong data-start=\"2063\" data-end=\"2103\">verst\u00e4rkte Verkleidung und gepolsterte Bereiche<\/strong>, und bietet Sto\u00dffestigkeit und zus\u00e4tzliche Haltbarkeit. Die Manschette in voller L\u00e4nge ist so konzipiert, dass sie \u00fcber die \u00c4rmel passt, um maximalen Wetterschutz zu bieten, und die leichte Konstruktion verhindert sperrige, steife Bewegungen, w\u00e4hrend die Struktur erhalten bleibt.<\/p>\n<p class=\"\" data-start=\"2332\" data-end=\"2536\">Ideal f\u00fcr <strong data-start=\"2342\" data-end=\"2359\">M\u00e4nner und Frauen<\/strong>, die <strong data-start=\"2365\" data-end=\"2404\">RYINZ All-Weather Schnee- und Skihandschuhe<\/strong> sind die perfekte Kombination aus Leistung, Schutz und Komfort - sowohl f\u00fcr den Freizeitspa\u00df als auch f\u00fcr die professionelle Winterarbeit.<\/p>\n<hr class=\"\" data-start=\"2538\" data-end=\"2541\" \/>\n<h3 class=\"\" data-start=\"2543\" data-end=\"2570\"><strong data-start=\"2547\" data-end=\"2570\">Produkt-Highlights:<\/strong><\/h3>\n<ul data-start=\"2572\" data-end=\"3128\">\n<li class=\"\" data-start=\"2572\" data-end=\"2625\">\n<p class=\"\" data-start=\"2574\" data-end=\"2625\">Au\u00dfenh\u00fclle aus wasserabweisendem, winddichtem Gewebe<\/p>\n<\/li>\n<li class=\"\" data-start=\"2626\" data-end=\"2687\">\n<p class=\"\" data-start=\"2628\" data-end=\"2687\">Strapazierf\u00e4hige Handfl\u00e4che aus Kunstleder mit verst\u00e4rkten Verschlei\u00dfzonen<\/p>\n<\/li>\n<li class=\"\" data-start=\"2688\" data-end=\"2743\">\n<p class=\"\" data-start=\"2690\" data-end=\"2743\">Mehrschichtige Isolierung f\u00fcr W\u00e4rme und Atmungsaktivit\u00e4t<\/p>\n<\/li>\n<li class=\"\" data-start=\"2744\" data-end=\"2779\">\n<p class=\"\" data-start=\"2746\" data-end=\"2779\">Weiches geb\u00fcrstetes Futter f\u00fcr mehr Komfort<\/p>\n<\/li>\n<li class=\"\" data-start=\"2780\" data-end=\"2839\">\n<p class=\"\" data-start=\"2782\" data-end=\"2839\">Verstellbares Handgelenkband + Kordel f\u00fcr dichten Schneeverschluss<\/p>\n<\/li>\n<li class=\"\" data-start=\"2840\" data-end=\"2897\">\n<p class=\"\" data-start=\"2842\" data-end=\"2897\">Verl\u00e4ngerte Manschette im Stulpenstil passt \u00fcber Jacken\u00e4rmel<\/p>\n<\/li>\n<li class=\"\" data-start=\"2898\" data-end=\"2946\">\n<p class=\"\" data-start=\"2900\" data-end=\"2946\">Vorgekr\u00fcmmte Finger f\u00fcr nat\u00fcrliche Handbewegungen<\/p>\n<\/li>\n<li class=\"\" data-start=\"2947\" data-end=\"3011\">\n<p class=\"\" data-start=\"2949\" data-end=\"3011\">Zweifarbiges modernes Design (hell-\/dunkelgrau) f\u00fcr Unisex-Appeal<\/p>\n<\/li>\n<li class=\"\" data-start=\"3012\" data-end=\"3072\">\n<p class=\"\" data-start=\"3014\" data-end=\"3072\">Robust genug f\u00fcr Backcountry, elegant genug f\u00fcr Skigebiete<\/p>\n<\/li>\n<li class=\"\" data-start=\"3073\" data-end=\"3128\">\n<p class=\"\" data-start=\"3075\" data-end=\"3128\">Geeignet f\u00fcr Sport, Rettung und Arbeit bei kaltem Wetter<\/p>\n<\/li>\n<\/ul>\n<hr class=\"\" data-start=\"3130\" data-end=\"3133\" \/>\n<h3 class=\"\" data-start=\"3135\" data-end=\"3156\"><strong data-start=\"3139\" data-end=\"3156\">Anwendungen:<\/strong><\/h3>\n<ul data-start=\"3158\" data-end=\"3415\">\n<li class=\"\" data-start=\"3158\" data-end=\"3185\">\n<p class=\"\" data-start=\"3160\" data-end=\"3185\">Skifahren und Snowboarden<\/p>\n<\/li>\n<li class=\"\" data-start=\"3186\" data-end=\"3218\">\n<p class=\"\" data-start=\"3188\" data-end=\"3218\">Eistrekking, Bergsteigen<\/p>\n<\/li>\n<li class=\"\" data-start=\"3219\" data-end=\"3253\">\n<p class=\"\" data-start=\"3221\" data-end=\"3253\">Schneemobilfahren und Winterradfahren<\/p>\n<\/li>\n<li class=\"\" data-start=\"3254\" data-end=\"3293\">\n<p class=\"\" data-start=\"3256\" data-end=\"3293\">K\u00fchllager oder Winterarbeiten im Freien<\/p>\n<\/li>\n<li class=\"\" data-start=\"3294\" data-end=\"3326\">\n<p class=\"\" data-start=\"3296\" data-end=\"3326\">Alpine Rettung und Skistaffel<\/p>\n<\/li>\n<li class=\"\" data-start=\"3327\" data-end=\"3369\">\n<p class=\"\" data-start=\"3329\" data-end=\"3369\">Handhabung der Ausr\u00fcstung in vereisten Umgebungen<\/p>\n<\/li>\n<li class=\"\" data-start=\"3370\" data-end=\"3415\">\n<p class=\"\" data-start=\"3372\" data-end=\"3415\">Einzelhandel mit Outdoor-Sportbekleidung und Ausr\u00fcstungsverleih<\/p>\n<\/li>\n<\/ul>\n<hr class=\"\" data-start=\"3417\" data-end=\"3420\" \/>\n<h3 class=\"\" data-start=\"3422\" data-end=\"3445\"><strong data-start=\"3426\" data-end=\"3445\">Spezifikationen:<\/strong><\/h3>\n<ul data-start=\"3447\" data-end=\"3911\">\n<li class=\"\" data-start=\"3447\" data-end=\"3489\">\n<p class=\"\" data-start=\"3449\" data-end=\"3489\">Material: Polyester, Kunstleder<\/p>\n<\/li>\n<li class=\"\" data-start=\"3490\" data-end=\"3540\">\n<p class=\"\" data-start=\"3492\" data-end=\"3540\">Isolierung: Geb\u00fcrstetes Futter + thermische Zwischenschicht<\/p>\n<\/li>\n<li class=\"\" data-start=\"3541\" data-end=\"3594\">\n<p class=\"\" data-start=\"3543\" data-end=\"3594\">Gr\u00f6\u00dfen: S, M, L, XL, XXL (Sondergr\u00f6\u00dfen m\u00f6glich)<\/p>\n<\/li>\n<li class=\"\" data-start=\"3595\" data-end=\"3624\">\n<p class=\"\" data-start=\"3597\" data-end=\"3624\">Passform: Ergonomische Unisex-Passform<\/p>\n<\/li>\n<li class=\"\" data-start=\"3625\" data-end=\"3682\">\n<p class=\"\" data-start=\"3627\" data-end=\"3682\">Verschluss: Verstellbares Klettband + Knebelverschluss am Handgelenk<\/p>\n<\/li>\n<li class=\"\" data-start=\"3683\" data-end=\"3738\">\n<p class=\"\" data-start=\"3685\" data-end=\"3738\">Branding: RYINZ Standard- oder Eigenmarke verf\u00fcgbar<\/p>\n<\/li>\n<li class=\"\" data-start=\"3739\" data-end=\"3788\">\n<p class=\"\" data-start=\"3741\" data-end=\"3788\">Personalisierung: Logo, Farbschema, Linientyp<\/p>\n<\/li>\n<li class=\"\" data-start=\"3789\" data-end=\"3807\">\n<p class=\"\" data-start=\"3791\" data-end=\"3807\">MOQ: 300 Paare<\/p>\n<\/li>\n<li class=\"\" data-start=\"3808\" data-end=\"3859\">\n<p class=\"\" data-start=\"3810\" data-end=\"3859\">Zertifizierung: Auf Anfrage erh\u00e4ltlich (CE, EN388)<\/p>\n<\/li>\n<li class=\"\" data-start=\"3860\" data-end=\"3911\">\n<p class=\"\" data-start=\"3862\" data-end=\"3911\">Verpackung: Einzelner Polybeutel oder kundenspezifischer Karton<\/p>\n<\/li>\n<\/ul>","protected":false},"excerpt":{"rendered":"<p>Bequem und sicher auf dem Schnee mit <strong data-start=\"4018\" data-end=\"4057\">RYINZ All-Weather Schnee- und Skihandschuhe<\/strong> - Wintertaugliche Handschuhe f\u00fcr den Einsatz unter extremen Bedingungen. Diese Handschuhe kombinieren eine robuste Au\u00dfenh\u00fclle mit einer W\u00e4rmeisolierung und einem Komfortfutter und bieten so zuverl\u00e4ssigen Schutz vor Wind, Schnee und Feuchtigkeit. Die lange Stulpe bietet zus\u00e4tzlichen Schutz, w\u00e4hrend der verstellbare Riemen und die Handgelenksmanschette f\u00fcr einen sicheren Sitz der Handschuhe sorgen. Die verst\u00e4rkte Handfl\u00e4che verbessert die Griffigkeit, w\u00e4hrend gepolsterte Bereiche und vorgekr\u00fcmmte Finger die Flexibilit\u00e4t und den Schutz erh\u00f6hen. Diese Handschuhe sind ideal zum Skifahren, Snowboarden, Motorschlittenfahren und f\u00fcr Arbeiten bei kaltem Wetter geeignet und wurden f\u00fcr M\u00e4nner und Frauen entwickelt, die Stil und Leistung in einem brauchen.<\/p>","protected":false},"featured_media":8947,"comment_status":"closed","ping_status":"closed","template":"","meta":[],"product_brand":[35],"product_cat":[57],"product_tag":[63,65],"class_list":{"0":"post-8907","1":"product","2":"type-product","3":"status-publish","4":"has-post-thumbnail","6":"product_brand-ryinz","7":"product_cat-ski-snowboarding-gloves","8":"product_tag-adjustable-snowboarding-gloves","9":"product_tag-cordura-ski-gloves","11":"first","12":"instock","13":"taxable","14":"shipping-taxable","15":"purchasable","16":"product-type-simple"},"_links":{"self":[{"href":"https:\/\/ryinz.cz\/velkoobchod\/de\/wp-json\/wp\/v2\/product\/8907","targetHints":{"allow":["GET"]}}],"collection":[{"href":"https:\/\/ryinz.cz\/velkoobchod\/de\/wp-json\/wp\/v2\/product"}],"about":[{"href":"https:\/\/ryinz.cz\/velkoobchod\/de\/wp-json\/wp\/v2\/types\/product"}],"replies":[{"embeddable":true,"href":"https:\/\/ryinz.cz\/velkoobchod\/de\/wp-json\/wp\/v2\/comments?post=8907"}],"wp:featuredmedia":[{"embeddable":true,"href":"https:\/\/ryinz.cz\/velkoobchod\/de\/wp-json\/wp\/v2\/media\/8947"}],"wp:attachment":[{"href":"https:\/\/ryinz.cz\/velkoobchod\/de\/wp-json\/wp\/v2\/media?parent=8907"}],"wp:term":[{"taxonomy":"product_brand","embeddable":true,"href":"https:\/\/ryinz.cz\/velkoobchod\/de\/wp-json\/wp\/v2\/product_brand?post=8907"},{"taxonomy":"product_cat","embeddable":true,"href":"https:\/\/ryinz.cz\/velkoobchod\/de\/wp-json\/wp\/v2\/product_cat?post=8907"},{"taxonomy":"product_tag","embeddable":true,"href":"https:\/\/ryinz.cz\/velkoobchod\/de\/wp-json\/wp\/v2\/product_tag?post=8907"}],"curies":[{"name":"wp","href":"https:\/\/api.w.org\/{rel}","templated":true}]}}