{"id":8905,"date":"2025-06-22T15:21:04","date_gmt":"2025-06-22T15:21:04","guid":{"rendered":"https:\/\/ryinz.cz\/velkoobchod\/?post_type=product&#038;p=8905"},"modified":"2026-01-18T20:16:44","modified_gmt":"2026-01-18T20:16:44","slug":"ryinz-wasserdichte-ski-snowboard-handschuhe-mit-leder-handflache-warm-gefuttert-winddicht-schutz-fur-kaltes-wetter-sport","status":"publish","type":"product","link":"https:\/\/ryinz.cz\/velkoobchod\/de\/product\/ryinz-waterproof-ski-snowboarding-gloves-with-leather-palm-warm-lining-windproof-protection-for-cold-weather-sports\/","title":{"rendered":"RYINZ Wasserdichte Ski- und Snowboardhandschuhe mit Lederhandfl\u00e4che, warmem Innenfutter und winddichtem Schutz f\u00fcr den Sport bei kaltem Wetter"},"content":{"rendered":"<p class=\"\" data-start=\"320\" data-end=\"635\">Bleiben Sie warm, gesch\u00fctzt und stilvoll auf der Piste mit dem <strong data-start=\"377\" data-end=\"412\">RYINZ Ski &amp; Snowboard Handschuhe<\/strong>, entwickelt f\u00fcr Hochleistungs-Wintersport und Arbeiten bei Minusgraden im Freien. Dieses Handschuhmodell kombiniert funktionelles Design, langlebige Materialien und moderne \u00c4sthetik, um die Erwartungen von Profis und Enthusiasten gleicherma\u00dfen zu erf\u00fcllen.<\/p>\n<p class=\"\" data-start=\"637\" data-end=\"1050\">Konstruiert mit einer <strong data-start=\"656\" data-end=\"689\">witterungsbest\u00e4ndige Au\u00dfenh\u00fclle<\/strong>, sch\u00fctzen diese Handschuhe Ihre H\u00e4nde vor Schnee, Graupel und bei\u00dfendem Wind. Das auff\u00e4llige orange-grau-schwarze Farbschema bietet eine hohe Sichtbarkeit in verschneitem Gel\u00e4nde und sorgt gleichzeitig f\u00fcr einen schlanken, sportlichen Look. Die Handfl\u00e4che ist verst\u00e4rkt mit <strong data-start=\"912\" data-end=\"931\">Echtes Leder<\/strong>, Sie bieten \u00fcberragenden Grip und lange Haltbarkeit - selbst bei rauem Einsatz wie Skifahren, Snowboarden und Motorschlittenfahren.<\/p>\n<p class=\"\" data-start=\"1052\" data-end=\"1461\">Im Inneren finden Sie eine <strong data-start=\"1074\" data-end=\"1097\">weiches Thermofutter<\/strong> das die K\u00f6rperw\u00e4rme speichert und die H\u00e4nde isoliert, damit sie lange warm bleiben, ohne zu \u00fcberhitzen. Die Innenseite ist atmungsaktiv und transportiert Feuchtigkeit von der Haut weg, w\u00e4hrend kalte Luft drau\u00dfen bleibt. Eine gepolsterte Kn\u00f6chelplatte sch\u00fctzt vor St\u00f6\u00dfen und rauen Wetterbedingungen, und die vorgeformte Fingerkonstruktion sorgt f\u00fcr eine nat\u00fcrliche Passform und erh\u00f6hten Komfort bei langem Gebrauch.<\/p>\n<p class=\"\" data-start=\"1463\" data-end=\"1806\">Der Handgelenksbereich ist mit einem flexiblen <strong data-start=\"1504\" data-end=\"1536\">Klettverschlusssystem<\/strong> f\u00fcr eine bequeme und anpassbare Passform. Elastische B\u00fcndchen am Handgelenk verhindern das Eindringen von Schnee und helfen, die W\u00e4rme im Inneren zu halten. Egal, ob Sie Skist\u00f6cke greifen, durch eisiges Gel\u00e4nde navigieren oder Pisten hinunterfahren, die ergonomischen Griffzonen sorgen f\u00fcr hervorragenden Halt und weniger Erm\u00fcdung.<\/p>\n<p class=\"\" data-start=\"1808\" data-end=\"2049\">Diese Handschuhe wurden von Sportlern und Winterprofis auf ihre Leistungsf\u00e4higkeit getestet, um eine lange Lebensdauer in kalten und anspruchsvollen Umgebungen zu gew\u00e4hrleisten. Von Berggipfeln bis zu industriellen Baustellen, <strong data-start=\"2011\" data-end=\"2048\">RYINZ-Handschuhe sind zum Schutz gebaut<\/strong>.<\/p>\n<p class=\"\" data-start=\"2051\" data-end=\"2074\"><strong data-start=\"2051\" data-end=\"2074\">Produkt-Highlights:<\/strong><\/p>\n<ul data-start=\"2076\" data-end=\"3000\">\n<li class=\"\" data-start=\"2076\" data-end=\"2176\">\n<p class=\"\" data-start=\"2078\" data-end=\"2176\"><strong data-start=\"2078\" data-end=\"2103\">Langlebige Konstruktion:<\/strong> Winddichtes und wasserabweisendes Au\u00dfenmaterial mit verst\u00e4rkter Lederhandfl\u00e4che<\/p>\n<\/li>\n<li class=\"\" data-start=\"2177\" data-end=\"2270\">\n<p class=\"\" data-start=\"2179\" data-end=\"2270\"><strong data-start=\"2179\" data-end=\"2202\">Warm und bequem:<\/strong> Innen mit w\u00e4rmeisolierendem Material ausgekleidet, um die H\u00e4nde warm zu halten<\/p>\n<\/li>\n<li class=\"\" data-start=\"2271\" data-end=\"2356\">\n<p class=\"\" data-start=\"2273\" data-end=\"2356\"><strong data-start=\"2273\" data-end=\"2295\">Atmungsaktives Design:<\/strong> Reduziert das Schwitzen und verbessert die Bel\u00fcftung bei starker Beanspruchung<\/p>\n<\/li>\n<li class=\"\" data-start=\"2357\" data-end=\"2428\">\n<p class=\"\" data-start=\"2359\" data-end=\"2428\"><strong data-start=\"2359\" data-end=\"2386\">Anti-Rutsch-Lederhandfl\u00e4che:<\/strong> Hervorragender Grip bei N\u00e4sse und Gl\u00e4tte<\/p>\n<\/li>\n<li class=\"\" data-start=\"2429\" data-end=\"2506\">\n<p class=\"\" data-start=\"2431\" data-end=\"2506\"><strong data-start=\"2431\" data-end=\"2446\">Sicherer Sitz:<\/strong> Verstellbares Handgelenkband und Stretchmanschette f\u00fcr volle Abdeckung<\/p>\n<\/li>\n<li class=\"\" data-start=\"2507\" data-end=\"2580\">\n<p class=\"\" data-start=\"2509\" data-end=\"2580\"><strong data-start=\"2509\" data-end=\"2529\">Hohe Sichtbarkeit:<\/strong> Leuchtendes orange-grau-schwarzes Design f\u00fcr zus\u00e4tzliche Sicherheit<\/p>\n<\/li>\n<li class=\"\" data-start=\"2581\" data-end=\"2672\">\n<p class=\"\" data-start=\"2583\" data-end=\"2672\"><strong data-start=\"2583\" data-end=\"2606\">Vorgekr\u00fcmmte Finger:<\/strong> Nat\u00fcrliche Passform f\u00fcr weniger Erm\u00fcdung der H\u00e4nde beim Skifahren oder Snowboarden<\/p>\n<\/li>\n<li class=\"\" data-start=\"2673\" data-end=\"2756\">\n<p class=\"\" data-start=\"2675\" data-end=\"2756\"><strong data-start=\"2675\" data-end=\"2697\">Aufprallschutz:<\/strong> Verst\u00e4rkte Kn\u00f6chelzone f\u00fcr Sicherheit bei St\u00fcrzen oder Hindernissen<\/p>\n<\/li>\n<li class=\"\" data-start=\"2757\" data-end=\"2848\">\n<p class=\"\" data-start=\"2759\" data-end=\"2848\"><strong data-start=\"2759\" data-end=\"2780\">Mehrzwecknutzung:<\/strong> Geeignet f\u00fcr Sport, Schneeschaufeln, Wandern und Pendeln im Winter<\/p>\n<\/li>\n<li class=\"\" data-start=\"2849\" data-end=\"2922\">\n<p class=\"\" data-start=\"2851\" data-end=\"2922\"><strong data-start=\"2851\" data-end=\"2871\">Verf\u00fcgbare Gr\u00f6\u00dfen:<\/strong> S, M, L, XL, XXL (Sondergr\u00f6\u00dfen f\u00fcr Gro\u00dfbestellungen)<\/p>\n<\/li>\n<li class=\"\" data-start=\"2923\" data-end=\"3000\">\n<p class=\"\" data-start=\"2925\" data-end=\"3000\"><strong data-start=\"2925\" data-end=\"2945\">Individuelles Branding:<\/strong> Private Label-Optionen mit gedrucktem oder gesticktem Logo<\/p>\n<\/li>\n<\/ul>\n<p class=\"\" data-start=\"3002\" data-end=\"3019\"><strong data-start=\"3002\" data-end=\"3019\">Anwendungen:<\/strong><\/p>\n<ul data-start=\"3021\" data-end=\"3314\">\n<li class=\"\" data-start=\"3021\" data-end=\"3057\">\n<p class=\"\" data-start=\"3023\" data-end=\"3057\">Skifahren und Snowboarden<\/p>\n<\/li>\n<li class=\"\" data-start=\"3058\" data-end=\"3106\">\n<p class=\"\" data-start=\"3060\" data-end=\"3106\">Skilanglauf oder Backcountry-Trekking<\/p>\n<\/li>\n<li class=\"\" data-start=\"3107\" data-end=\"3137\">\n<p class=\"\" data-start=\"3109\" data-end=\"3137\">Schneemobilfahren oder ATV-Fahren<\/p>\n<\/li>\n<li class=\"\" data-start=\"3138\" data-end=\"3171\">\n<p class=\"\" data-start=\"3140\" data-end=\"3171\">Industrielle Aufgaben bei kalter Witterung<\/p>\n<\/li>\n<li class=\"\" data-start=\"3172\" data-end=\"3202\">\n<p class=\"\" data-start=\"3174\" data-end=\"3202\">Tiefk\u00fchl- und Lagerarbeiten<\/p>\n<\/li>\n<li class=\"\" data-start=\"3203\" data-end=\"3247\">\n<p class=\"\" data-start=\"3205\" data-end=\"3247\">Einsatz von Bau- und Stra\u00dfenpersonal im Winter<\/p>\n<\/li>\n<li class=\"\" data-start=\"3248\" data-end=\"3288\">\n<p class=\"\" data-start=\"3250\" data-end=\"3288\">Pendeln in extrem kalten Klimazonen<\/p>\n<\/li>\n<li class=\"\" data-start=\"3289\" data-end=\"3314\">\n<p class=\"\" data-start=\"3291\" data-end=\"3314\">Eisklettern und Wandern<\/p>\n<\/li>\n<\/ul>\n<p class=\"\" data-start=\"3316\" data-end=\"3338\"><strong data-start=\"3316\" data-end=\"3338\">Verpackungsoptionen:<\/strong><\/p>\n<ul data-start=\"3340\" data-end=\"3526\">\n<li class=\"\" data-start=\"3340\" data-end=\"3388\">\n<p class=\"\" data-start=\"3342\" data-end=\"3388\">Standard-Polybeutel oder kundenspezifische Markenverpackung<\/p>\n<\/li>\n<li class=\"\" data-start=\"3389\" data-end=\"3431\">\n<p class=\"\" data-start=\"3391\" data-end=\"3431\">Barcode-Etiketten f\u00fcr verkaufsfertige Einheiten<\/p>\n<\/li>\n<li class=\"\" data-start=\"3432\" data-end=\"3473\">\n<p class=\"\" data-start=\"3434\" data-end=\"3473\">Gro\u00dfpackungen f\u00fcr B2B-Kunden verf\u00fcgbar<\/p>\n<\/li>\n<li class=\"\" data-start=\"3474\" data-end=\"3526\">\n<p class=\"\" data-start=\"3476\" data-end=\"3526\">Optionaler Aufh\u00e4nger und Display-Verpackung f\u00fcr den Einzelhandel<\/p>\n<\/li>\n<\/ul>\n<p class=\"\" data-start=\"3528\" data-end=\"3547\"><strong data-start=\"3528\" data-end=\"3547\">Zertifizierungen:<\/strong><\/p>\n<ul data-start=\"3549\" data-end=\"3734\">\n<li class=\"\" data-start=\"3549\" data-end=\"3565\">\n<p class=\"\" data-start=\"3551\" data-end=\"3565\">CE-zertifiziert<\/p>\n<\/li>\n<li class=\"\" data-start=\"3566\" data-end=\"3610\">\n<p class=\"\" data-start=\"3568\" data-end=\"3610\">Schutz vor kaltem Wetter EN 511-konform<\/p>\n<\/li>\n<li class=\"\" data-start=\"3611\" data-end=\"3640\">\n<p class=\"\" data-start=\"3613\" data-end=\"3640\">REACH-konforme Materialien<\/p>\n<\/li>\n<li class=\"\" data-start=\"3641\" data-end=\"3695\">\n<p class=\"\" data-start=\"3643\" data-end=\"3695\">Entworfen nach den EU-Sicherheitsrichtlinien f\u00fcr PSA<\/p>\n<\/li>\n<li class=\"\" data-start=\"3696\" data-end=\"3734\">\n<p class=\"\" data-start=\"3698\" data-end=\"3734\">Einhaltung der ISO-Fertigungsstandards<\/p>\n<\/li>\n<\/ul>\n<p class=\"\" data-start=\"3736\" data-end=\"3763\"><strong data-start=\"3736\" data-end=\"3763\">Anpassungsdienste:<\/strong><\/p>\n<p class=\"\" data-start=\"3765\" data-end=\"4074\">Als europ\u00e4ischer Anbieter von <strong data-start=\"3791\" data-end=\"3800\">RYINZ<\/strong>, bieten wir flexible OEM\/ODM-Dienste an. Kunden k\u00f6nnen individuelle Gr\u00f6\u00dfen, Markenlogos, Farbkombinationen und spezielle Verpackungen f\u00fcr den Einzelhandel, f\u00fcr Teams oder f\u00fcr Arbeitskleidung anfordern. Wir sind spezialisiert auf <strong data-start=\"3996\" data-end=\"4041\">Gro\u00dfbestellungen mit erstklassiger Kundenbetreuung<\/strong> f\u00fcr K\u00e4ufer in der EU und den USA.<\/p>","protected":false},"excerpt":{"rendered":"<p>Die mehrschichtigen Ski- und Snowboardhandschuhe von RYINZ verf\u00fcgen \u00fcber ein wasserdichtes Au\u00dfenmaterial, ein warmes Innenfutter und eine robuste Lederhandfl\u00e4che, die f\u00fcr alpine Bedingungen entwickelt wurde. Vorgekr\u00fcmmte Finger, ein sicherer Handgelenkverschluss und eine wetterfeste Konstruktion halten die H\u00e4nde warm und trocken und bieten Schutz vor Wind und Feuchtigkeit. Diese Handschuhe wurden f\u00fcr das Skifahren, Snowboarden, Motorschlittenfahren und Arbeiten im Freien entwickelt und bieten ganzt\u00e4gigen Komfort und dauerhafte Haltbarkeit mit individuellen Branding-Optionen f\u00fcr Einzelh\u00e4ndler und Teams.<\/p>","protected":false},"featured_media":8955,"comment_status":"closed","ping_status":"closed","template":"","meta":[],"product_brand":[35],"product_cat":[57],"product_tag":[61,62],"class_list":{"0":"post-8905","1":"product","2":"type-product","3":"status-publish","4":"has-post-thumbnail","6":"product_brand-ryinz","7":"product_cat-ski-snowboarding-gloves","8":"product_tag-cowhide-leather-ski-gloves","9":"product_tag-insulated-snowboarding-gloves","11":"first","12":"instock","13":"taxable","14":"shipping-taxable","15":"purchasable","16":"product-type-simple"},"_links":{"self":[{"href":"https:\/\/ryinz.cz\/velkoobchod\/de\/wp-json\/wp\/v2\/product\/8905","targetHints":{"allow":["GET"]}}],"collection":[{"href":"https:\/\/ryinz.cz\/velkoobchod\/de\/wp-json\/wp\/v2\/product"}],"about":[{"href":"https:\/\/ryinz.cz\/velkoobchod\/de\/wp-json\/wp\/v2\/types\/product"}],"replies":[{"embeddable":true,"href":"https:\/\/ryinz.cz\/velkoobchod\/de\/wp-json\/wp\/v2\/comments?post=8905"}],"wp:featuredmedia":[{"embeddable":true,"href":"https:\/\/ryinz.cz\/velkoobchod\/de\/wp-json\/wp\/v2\/media\/8955"}],"wp:attachment":[{"href":"https:\/\/ryinz.cz\/velkoobchod\/de\/wp-json\/wp\/v2\/media?parent=8905"}],"wp:term":[{"taxonomy":"product_brand","embeddable":true,"href":"https:\/\/ryinz.cz\/velkoobchod\/de\/wp-json\/wp\/v2\/product_brand?post=8905"},{"taxonomy":"product_cat","embeddable":true,"href":"https:\/\/ryinz.cz\/velkoobchod\/de\/wp-json\/wp\/v2\/product_cat?post=8905"},{"taxonomy":"product_tag","embeddable":true,"href":"https:\/\/ryinz.cz\/velkoobchod\/de\/wp-json\/wp\/v2\/product_tag?post=8905"}],"curies":[{"name":"wp","href":"https:\/\/api.w.org\/{rel}","templated":true}]}}