{"id":8904,"date":"2025-06-22T15:21:04","date_gmt":"2025-06-22T15:21:04","guid":{"rendered":"https:\/\/ryinz.cz\/velkoobchod\/?post_type=product&#038;p=8904"},"modified":"2026-01-18T20:16:43","modified_gmt":"2026-01-18T20:16:43","slug":"ryinz-leichte-wasserdichte-ski-schnee-handschuhe-atmungsaktive-thermo-handschuhe-fur-alpinsport-snowboarden-winter-reiten","status":"publish","type":"product","link":"https:\/\/ryinz.cz\/velkoobchod\/de\/product\/ryinz-lightweight-waterproof-ski-snow-gloves-breathable-thermal-gloves-for-alpine-sports-snowboarding-winter-riding\/","title":{"rendered":"RYINZ Leichte, wasserdichte Ski- und Schneehandschuhe - Atmungsaktive Thermohandschuhe f\u00fcr Alpinsport, Snowboarding und Winterreiten"},"content":{"rendered":"<p class=\"\" data-start=\"342\" data-end=\"720\">Bezwingen Sie kalte Witterungsbedingungen sicher mit dem <strong data-start=\"400\" data-end=\"427\">RYINZ Ski &amp; Schnee Handschuhe<\/strong> - eine vielseitige, leichte und leistungsorientierte L\u00f6sung f\u00fcr Schneesport und Winteraktivit\u00e4ten. Diese Handschuhe wurden f\u00fcr Alpin-Profis, Enthusiasten und Winterarbeiter entwickelt und kombinieren innovative Isolierung, ergonomische Passform und auff\u00e4lliges Design, um un\u00fcbertroffenen Komfort und Nutzen zu bieten.<\/p>\n<p class=\"\" data-start=\"722\" data-end=\"1184\">Dieses Handschuhmodell hat ein schlankes <strong data-start=\"756\" data-end=\"802\">gr\u00fcnes, wei\u00dfes und schwarzes Farbblockdesign<\/strong> mit einem stylischen RYINZ-Logo, das auf der Piste auff\u00e4llt und gleichzeitig hochfunktionelle Leistung bietet. Die \u00e4u\u00dfere Schicht ist wind- und wasserabweisend und h\u00e4lt Schnee, Graupel und pl\u00f6tzlichen Wetterumschw\u00fcngen stand. Eine verst\u00e4rkte Innenhandpartie mit <strong data-start=\"1050\" data-end=\"1081\">Anti-Rutsch-Kunstleder<\/strong> Verbessert die Griffigkeit von St\u00f6cken, Brettern oder Werkzeugen und sorgt f\u00fcr Sicherheit und Kontrolle auch in nassen oder vereisten Umgebungen.<\/p>\n<p class=\"\" data-start=\"1186\" data-end=\"1491\">Innen, ein <strong data-start=\"1196\" data-end=\"1219\">weiches Thermofutter<\/strong> sorgt f\u00fcr eine effektive Isolierung, indem es die K\u00f6rperw\u00e4rme speichert und gleichzeitig atmungsaktiv ist, sodass sich bei anstrengenden Aktivit\u00e4ten kein Schwei\u00df bildet. Ob beim Skifahren auf alpinen Pisten oder beim Befahren von Winterwanderwegen, diese Handschuhe sorgen f\u00fcr ein angenehmes Mikroklima f\u00fcr Ihre H\u00e4nde.<\/p>\n<p class=\"\" data-start=\"1493\" data-end=\"1852\">Entworfen mit <strong data-start=\"1507\" data-end=\"1530\">gelenkige Finger<\/strong>, Diese Handschuhe f\u00f6rdern einen nat\u00fcrlichen, erm\u00fcdungsfreien Griff bei l\u00e4ngerem Gebrauch. Leichte Materialien sorgen f\u00fcr Bewegungsfreiheit, w\u00e4hrend die verstellbare Manschette am Handgelenk Schnee und kalte Luft abh\u00e4lt. Verst\u00e4rkte N\u00e4hte und abriebfeste Zonen erh\u00f6hen die Strapazierf\u00e4higkeit und machen diese Handschuhe ideal f\u00fcr den Einsatz in der Freizeit und im Beruf.<\/p>\n<p class=\"\" data-start=\"1854\" data-end=\"2018\">Egal, ob Sie Snowboarder, Abenteurer im Hinterland oder Arbeiter in kalten Klimazonen sind, <strong data-start=\"1946\" data-end=\"2017\">RYINZ-Handschuhe bieten die Haltbarkeit, den Schutz und den Komfort, den Sie brauchen<\/strong>.<\/p>\n<hr class=\"\" data-start=\"2020\" data-end=\"2023\" \/>\n<p class=\"\" data-start=\"2025\" data-end=\"2048\"><strong data-start=\"2025\" data-end=\"2048\">Produkt-Highlights:<\/strong><\/p>\n<ul data-start=\"2050\" data-end=\"2778\">\n<li class=\"\" data-start=\"2050\" data-end=\"2136\">\n<p class=\"\" data-start=\"2052\" data-end=\"2136\"><strong data-start=\"2052\" data-end=\"2075\">W\u00e4rmed\u00e4mmung:<\/strong> Warmes Innenfutter f\u00fcr den Einsatz bei niedrigen Temperaturen<\/p>\n<\/li>\n<li class=\"\" data-start=\"2137\" data-end=\"2216\">\n<p class=\"\" data-start=\"2139\" data-end=\"2216\"><strong data-start=\"2139\" data-end=\"2166\">Wind- und wasserabweisend:<\/strong> \u00c4u\u00dfere H\u00fclle weist Feuchtigkeit ab und blockiert eisigen Wind<\/p>\n<\/li>\n<li class=\"\" data-start=\"2217\" data-end=\"2300\">\n<p class=\"\" data-start=\"2219\" data-end=\"2300\"><strong data-start=\"2219\" data-end=\"2245\">Verst\u00e4rkte Grip-Zonen:<\/strong> Verbesserte Handfl\u00e4chenkontrolle mit strapazierf\u00e4higem PU-Leder<\/p>\n<\/li>\n<li class=\"\" data-start=\"2301\" data-end=\"2376\">\n<p class=\"\" data-start=\"2303\" data-end=\"2376\"><strong data-start=\"2303\" data-end=\"2319\">Bequeme Passform:<\/strong> Leicht und flexibel mit einem ma\u00dfgeschneiderten Verschluss am Handgelenk<\/p>\n<\/li>\n<li class=\"\" data-start=\"2377\" data-end=\"2450\">\n<p class=\"\" data-start=\"2379\" data-end=\"2450\"><strong data-start=\"2379\" data-end=\"2396\">Schlankes Design:<\/strong> Gr\u00fcner, schwarzer und wei\u00dfer Kontrast mit sportlicher Ausstrahlung<\/p>\n<\/li>\n<li class=\"\" data-start=\"2451\" data-end=\"2526\">\n<p class=\"\" data-start=\"2453\" data-end=\"2526\"><strong data-start=\"2453\" data-end=\"2473\">Ergonomisch geformt:<\/strong> Vorgekr\u00fcmmte Finger f\u00fcr bessere Passform und Handhaltung<\/p>\n<\/li>\n<li class=\"\" data-start=\"2527\" data-end=\"2595\">\n<p class=\"\" data-start=\"2529\" data-end=\"2595\"><strong data-start=\"2529\" data-end=\"2554\">Atmungsaktive Materialien:<\/strong> H\u00e4lt die H\u00e4nde bei starker Bewegung trocken<\/p>\n<\/li>\n<li class=\"\" data-start=\"2596\" data-end=\"2662\">\n<p class=\"\" data-start=\"2598\" data-end=\"2662\"><strong data-start=\"2598\" data-end=\"2620\">Leichte Bauweise:<\/strong> Ideal f\u00fcr Schnelligkeit, Beweglichkeit und Geschicklichkeit<\/p>\n<\/li>\n<li class=\"\" data-start=\"2663\" data-end=\"2738\">\n<p class=\"\" data-start=\"2665\" data-end=\"2738\"><strong data-start=\"2665\" data-end=\"2695\">Kundenspezifisches Branding verf\u00fcgbar:<\/strong> OEM\/ODM-Unterst\u00fctzung f\u00fcr Eigenmarkenauftr\u00e4ge<\/p>\n<\/li>\n<li class=\"\" data-start=\"2739\" data-end=\"2778\">\n<p class=\"\" data-start=\"2741\" data-end=\"2778\"><strong data-start=\"2741\" data-end=\"2761\">Verf\u00fcgbare Gr\u00f6\u00dfen:<\/strong> S, M, L, XL, XXL<\/p>\n<\/li>\n<\/ul>\n<hr class=\"\" data-start=\"2780\" data-end=\"2783\" \/>\n<p class=\"\" data-start=\"2785\" data-end=\"2799\"><strong data-start=\"2785\" data-end=\"2799\">Anwendungsf\u00e4lle:<\/strong><\/p>\n<ul data-start=\"2801\" data-end=\"3069\">\n<li class=\"\" data-start=\"2801\" data-end=\"2836\">\n<p class=\"\" data-start=\"2803\" data-end=\"2836\">Ski Alpin und Langlauf<\/p>\n<\/li>\n<li class=\"\" data-start=\"2837\" data-end=\"2869\">\n<p class=\"\" data-start=\"2839\" data-end=\"2869\">Snowboarding und Schneeschuhwandern<\/p>\n<\/li>\n<li class=\"\" data-start=\"2870\" data-end=\"2904\">\n<p class=\"\" data-start=\"2872\" data-end=\"2904\">Motorrad- oder Fahrradfahren im Winter<\/p>\n<\/li>\n<li class=\"\" data-start=\"2905\" data-end=\"2936\">\n<p class=\"\" data-start=\"2907\" data-end=\"2936\">Schneemobilfahren oder Quadfahren<\/p>\n<\/li>\n<li class=\"\" data-start=\"2937\" data-end=\"2971\">\n<p class=\"\" data-start=\"2939\" data-end=\"2971\">Arbeitsumgebung bei kaltem Wetter<\/p>\n<\/li>\n<li class=\"\" data-start=\"2972\" data-end=\"3011\">\n<p class=\"\" data-start=\"2974\" data-end=\"3011\">Sport im Freien und Trekking im Schnee<\/p>\n<\/li>\n<li class=\"\" data-start=\"3012\" data-end=\"3040\">\n<p class=\"\" data-start=\"3014\" data-end=\"3040\">Handhabung der Tiefk\u00fchllagerung<\/p>\n<\/li>\n<li class=\"\" data-start=\"3041\" data-end=\"3069\">\n<p class=\"\" data-start=\"3043\" data-end=\"3069\">Pendeln bei schlechtem Wetter<\/p>\n<\/li>\n<\/ul>\n<hr class=\"\" data-start=\"3071\" data-end=\"3074\" \/>\n<p class=\"\" data-start=\"3076\" data-end=\"3095\"><strong data-start=\"3076\" data-end=\"3095\">Spezifikationen:<\/strong><\/p>\n<ul data-start=\"3097\" data-end=\"3431\">\n<li class=\"\" data-start=\"3097\" data-end=\"3143\">\n<p class=\"\" data-start=\"3099\" data-end=\"3143\">Obermaterial: Polyester + wasserabweisende Beschichtung<\/p>\n<\/li>\n<li class=\"\" data-start=\"3144\" data-end=\"3195\">\n<p class=\"\" data-start=\"3146\" data-end=\"3195\">Handfl\u00e4che: PU-Kunstleder mit verst\u00e4rktem Griff<\/p>\n<\/li>\n<li class=\"\" data-start=\"3196\" data-end=\"3235\">\n<p class=\"\" data-start=\"3198\" data-end=\"3235\">Innenfutter: Weiches geb\u00fcrstetes Thermofleece<\/p>\n<\/li>\n<li class=\"\" data-start=\"3236\" data-end=\"3283\">\n<p class=\"\" data-start=\"3238\" data-end=\"3283\">Verschluss: Elastisches Handgelenk mit sicher sitzender Manschette<\/p>\n<\/li>\n<li class=\"\" data-start=\"3284\" data-end=\"3328\">\n<p class=\"\" data-start=\"3286\" data-end=\"3328\">Waschbar: Handwaschbar f\u00fcr wiederholten Gebrauch<\/p>\n<\/li>\n<li class=\"\" data-start=\"3329\" data-end=\"3373\">\n<p class=\"\" data-start=\"3331\" data-end=\"3373\">Verpackung: Polybeutel oder kundenspezifischer Markenkarton<\/p>\n<\/li>\n<li class=\"\" data-start=\"3374\" data-end=\"3431\">\n<p class=\"\" data-start=\"3376\" data-end=\"3431\">Zertifizierungen: CE, EN ISO 21420:2020, EN 388-konform<\/p>\n<\/li>\n<\/ul>\n<hr class=\"\" data-start=\"3433\" data-end=\"3436\" \/>\n<p class=\"\" data-start=\"3438\" data-end=\"3464\"><strong data-start=\"3438\" data-end=\"3464\">Anpassungsoptionen:<\/strong><\/p>\n<ul data-start=\"3466\" data-end=\"3682\">\n<li class=\"\" data-start=\"3466\" data-end=\"3497\">\n<p class=\"\" data-start=\"3468\" data-end=\"3497\">Logodruck oder Stickerei<\/p>\n<\/li>\n<li class=\"\" data-start=\"3498\" data-end=\"3543\">\n<p class=\"\" data-start=\"3500\" data-end=\"3543\">Farbkombinationen, die zu Ihrem Branding passen<\/p>\n<\/li>\n<li class=\"\" data-start=\"3544\" data-end=\"3600\">\n<p class=\"\" data-start=\"3546\" data-end=\"3600\">Individuelle Verpackung (mit Aufh\u00e4nger, Barcode oder Geschenkbox)<\/p>\n<\/li>\n<li class=\"\" data-start=\"3601\" data-end=\"3636\">\n<p class=\"\" data-start=\"3603\" data-end=\"3636\">Einzelhandelsfertige oder B2B-Gro\u00dfauftr\u00e4ge<\/p>\n<\/li>\n<li class=\"\" data-start=\"3637\" data-end=\"3682\">\n<p class=\"\" data-start=\"3639\" data-end=\"3682\">MOQ-Flexibilit\u00e4t f\u00fcr Eigenmarken-Kunden<\/p>\n<\/li>\n<\/ul>","protected":false},"excerpt":{"rendered":"<p>Die leichten Schneehandschuhe von RYINZ bieten au\u00dfergew\u00f6hnliche Leistung bei kaltem Wetter zum Skifahren, Snowboarden oder bei der Winterarbeit. Die aus atmungsaktiven Materialien gefertigten und mit Thermofleece gef\u00fctterten Handschuhe halten die H\u00e4nde warm, ohne zu \u00fcberhitzen. Die Handfl\u00e4che aus rutschfestem Synthetikleder sorgt f\u00fcr sicheren Halt bei N\u00e4sse, w\u00e4hrend das wasser- und winddichte Obermaterial vor den Elementen sch\u00fctzt. Mit ihrem modernen gr\u00fcn-schwarz-wei\u00dfen Design und der bequemen Passform am Handgelenk sind diese Handschuhe ebenso stylisch wie funktionell. Diese Handschuhe sind ideal f\u00fcr EU-Outdoor-Ausr\u00fcster, Wintersporth\u00e4ndler und professionelle Teams. Sie k\u00f6nnen unter dem europ\u00e4ischen Dach von RYINZ als Private Label, in individuellen Farben und in vollst\u00e4ndiger OEM-Produktion hergestellt werden.<\/p>","protected":false},"featured_media":8954,"comment_status":"closed","ping_status":"closed","template":"","meta":[],"product_brand":[35],"product_cat":[57],"product_tag":[58,59,60],"class_list":{"0":"post-8904","1":"product","2":"type-product","3":"status-publish","4":"has-post-thumbnail","6":"product_brand-ryinz","7":"product_cat-ski-snowboarding-gloves","8":"product_tag-cowhide-leather-gloves","9":"product_tag-insulated-winter-gloves","10":"product_tag-smart-touch-ski-gloves","12":"first","13":"instock","14":"taxable","15":"shipping-taxable","16":"purchasable","17":"product-type-simple"},"_links":{"self":[{"href":"https:\/\/ryinz.cz\/velkoobchod\/de\/wp-json\/wp\/v2\/product\/8904","targetHints":{"allow":["GET"]}}],"collection":[{"href":"https:\/\/ryinz.cz\/velkoobchod\/de\/wp-json\/wp\/v2\/product"}],"about":[{"href":"https:\/\/ryinz.cz\/velkoobchod\/de\/wp-json\/wp\/v2\/types\/product"}],"replies":[{"embeddable":true,"href":"https:\/\/ryinz.cz\/velkoobchod\/de\/wp-json\/wp\/v2\/comments?post=8904"}],"wp:featuredmedia":[{"embeddable":true,"href":"https:\/\/ryinz.cz\/velkoobchod\/de\/wp-json\/wp\/v2\/media\/8954"}],"wp:attachment":[{"href":"https:\/\/ryinz.cz\/velkoobchod\/de\/wp-json\/wp\/v2\/media?parent=8904"}],"wp:term":[{"taxonomy":"product_brand","embeddable":true,"href":"https:\/\/ryinz.cz\/velkoobchod\/de\/wp-json\/wp\/v2\/product_brand?post=8904"},{"taxonomy":"product_cat","embeddable":true,"href":"https:\/\/ryinz.cz\/velkoobchod\/de\/wp-json\/wp\/v2\/product_cat?post=8904"},{"taxonomy":"product_tag","embeddable":true,"href":"https:\/\/ryinz.cz\/velkoobchod\/de\/wp-json\/wp\/v2\/product_tag?post=8904"}],"curies":[{"name":"wp","href":"https:\/\/api.w.org\/{rel}","templated":true}]}}