{"id":8903,"date":"2025-06-22T15:21:03","date_gmt":"2025-06-22T15:21:03","guid":{"rendered":"https:\/\/ryinz.cz\/velkoobchod\/?post_type=product&#038;p=8903"},"modified":"2026-01-18T20:16:42","modified_gmt":"2026-01-18T20:16:42","slug":"ryinz-beheizbare-ski-snowboard-handschuhe-mit-wasserdichter-hulle-wiederaufladbarem-akku-und-touchscreen-funktion","status":"publish","type":"product","link":"https:\/\/ryinz.cz\/velkoobchod\/de\/product\/ryinz-heated-ski-snowboarding-gloves-with-waterproof-shell-rechargeable-battery-and-touchscreen-capability\/","title":{"rendered":"RYINZ Beheizte Ski- und Snowboardhandschuhe mit wasserdichter H\u00fclle, wiederaufladbarem Akku und Touchscreen-Funktionalit\u00e4t"},"content":{"rendered":"<p class=\"\" data-start=\"351\" data-end=\"761\">Erleben Sie den Nervenkitzel des Wintersports, ohne auf Komfort oder W\u00e4rme zu verzichten, mit <strong data-start=\"433\" data-end=\"475\">RYINZ Beheizte Ski- und Snowboardhandschuhe<\/strong>, f\u00fcr extreme Wetterbedingungen und leistungsstarke Outdoor-Aktivit\u00e4ten entwickelt. Diese Handschuhe kombinieren fortschrittliche W\u00e4rmetechnologie, robuste Konstruktion und benutzerfreundliche Funktionen, um die Anforderungen von Skifahrern, Snowboardern, Motorschlittenfahrern und Outdoor-Arbeitern in kalten Klimazonen zu erf\u00fcllen.<\/p>\n<p class=\"\" data-start=\"763\" data-end=\"1206\">Gefertigt aus einem Hochleistungs <strong data-start=\"795\" data-end=\"829\">wasser- und winddichte H\u00fclle<\/strong>, Diese Handschuhe halten Ihre H\u00e4nde bei Schnee, Regen oder Schneesturm trocken und gesch\u00fctzt. Die Au\u00dfenschicht besteht aus einer Kombination aus synthetischen Textilien und Lederverst\u00e4rkungen f\u00fcr ultimative Haltbarkeit und Flexibilit\u00e4t. Innen sorgen ein ultraweiches, isoliertes Futter und integrierte <strong data-start=\"1113\" data-end=\"1146\">Kohlefaser-Heizelemente<\/strong> sorgen f\u00fcr kontinuierliche W\u00e4rme an Fingern und Handr\u00fccken.<\/p>\n<p class=\"\" data-start=\"1208\" data-end=\"1564\">Mit einem Tastendruck kann der Benutzer eine der folgenden Funktionen aktivieren <strong data-start=\"1261\" data-end=\"1285\">drei Heizstufen<\/strong>, und verteilt die W\u00e4rme sofort dort, wo sie am meisten gebraucht wird. Die Handschuhe werden angetrieben durch <strong data-start=\"1365\" data-end=\"1403\">wiederaufladbare Lithium-Ionen-Batterien<\/strong>, Sie bietet bis zu 6-8 Stunden W\u00e4rme auf niedriger, 4-5 Stunden auf mittlerer und 2-3 Stunden auf hoher Stufe - perfekt f\u00fcr lange Tage auf der Piste oder bei eisigen Arbeitsbedingungen.<\/p>\n<p class=\"\" data-start=\"1566\" data-end=\"1982\">Das ergonomische Design umfasst <strong data-start=\"1596\" data-end=\"1615\">gepolsterte Achsschenkel<\/strong>, Vorgekr\u00fcmmte Finger und rutschfeste Handfl\u00e4chen aus PU-Leder sorgen f\u00fcr hervorragenden Halt an Skist\u00f6cken, Snowboards oder Werkzeugen. Die verl\u00e4ngerte Stulpe mit verstellbarem Kordelzug und elastischem Handgelenk sorgt f\u00fcr einen sicheren Sitz und h\u00e4lt gleichzeitig Schnee und kalte Luft ab. Auch mit Handschuhen ist die integrierte <strong data-start=\"1885\" data-end=\"1922\">Touchscreen-kompatible Fingerspitzen<\/strong> erm\u00f6glichen es den Nutzern, Smartphones oder GPS-Ger\u00e4te m\u00fchelos zu verwenden.<\/p>\n<p class=\"\" data-start=\"1984\" data-end=\"2001\"><strong data-start=\"1984\" data-end=\"2001\">Wesentliche Merkmale:<\/strong><\/p>\n<ul data-start=\"2003\" data-end=\"2974\">\n<li class=\"\" data-start=\"2003\" data-end=\"2116\">\n<p class=\"\" data-start=\"2005\" data-end=\"2116\"><strong data-start=\"2005\" data-end=\"2037\">Wiederaufladbares Heizsystem:<\/strong> Drei Temperaturstufen (Niedrig\/Mittel\/Hoch) mit bis zu 8 Stunden Akkulaufzeit<\/p>\n<\/li>\n<li class=\"\" data-start=\"2117\" data-end=\"2208\">\n<p class=\"\" data-start=\"2119\" data-end=\"2208\"><strong data-start=\"2119\" data-end=\"2150\">Kohlefaser Heizzonen:<\/strong> Gleichm\u00e4\u00dfige W\u00e4rmeverteilung auf Handr\u00fccken und Fingern<\/p>\n<\/li>\n<li class=\"\" data-start=\"2209\" data-end=\"2301\">\n<p class=\"\" data-start=\"2211\" data-end=\"2301\"><strong data-start=\"2211\" data-end=\"2229\">Langlebige Konstruktion:<\/strong> Wasserdicht, winddicht und an stark beanspruchten Stellen mit Leder verst\u00e4rkt<\/p>\n<\/li>\n<li class=\"\" data-start=\"2302\" data-end=\"2377\">\n<p class=\"\" data-start=\"2304\" data-end=\"2377\"><strong data-start=\"2304\" data-end=\"2328\">Touchscreen-Finger:<\/strong> Bedienen Sie mobile Ger\u00e4te ohne Handschuhe auszuziehen<\/p>\n<\/li>\n<li class=\"\" data-start=\"2378\" data-end=\"2452\">\n<p class=\"\" data-start=\"2380\" data-end=\"2452\"><strong data-start=\"2380\" data-end=\"2395\">Sicherer Sitz:<\/strong> Verstellbares Handgelenkband und elastische Manschette mit Zugschnur<\/p>\n<\/li>\n<li class=\"\" data-start=\"2453\" data-end=\"2528\">\n<p class=\"\" data-start=\"2455\" data-end=\"2528\"><strong data-start=\"2455\" data-end=\"2478\">Grip-Enhanced Palm:<\/strong> Anti-Rutsch-PU f\u00fcr bessere Kontrolle und Pr\u00e4zision<\/p>\n<\/li>\n<li class=\"\" data-start=\"2529\" data-end=\"2622\">\n<p class=\"\" data-start=\"2531\" data-end=\"2622\"><strong data-start=\"2531\" data-end=\"2553\">Gepolsterter Schutz:<\/strong> Zus\u00e4tzliche Schicht an Kn\u00f6cheln und Handfl\u00e4che f\u00fcr Sicherheit bei St\u00fcrzen oder St\u00f6\u00dfen<\/p>\n<\/li>\n<li class=\"\" data-start=\"2623\" data-end=\"2711\">\n<p class=\"\" data-start=\"2625\" data-end=\"2711\"><strong data-start=\"2625\" data-end=\"2657\">Schnelllade-Akkupack:<\/strong> Inklusive zwei Batterien, Wandladeger\u00e4t und Kabel<\/p>\n<\/li>\n<li class=\"\" data-start=\"2712\" data-end=\"2775\">\n<p class=\"\" data-start=\"2714\" data-end=\"2775\"><strong data-start=\"2714\" data-end=\"2740\">Atmungsaktive Isolierung:<\/strong> H\u00e4lt die W\u00e4rme drinnen und die Feuchtigkeit drau\u00dfen<\/p>\n<\/li>\n<li class=\"\" data-start=\"2776\" data-end=\"2858\">\n<p class=\"\" data-start=\"2778\" data-end=\"2858\"><strong data-start=\"2778\" data-end=\"2801\">Logo-Anpassung:<\/strong> Erh\u00e4ltlich f\u00fcr Private Label oder Corporate Branding in gro\u00dfen Mengen<\/p>\n<\/li>\n<li class=\"\" data-start=\"2859\" data-end=\"2913\">\n<p class=\"\" data-start=\"2861\" data-end=\"2913\"><strong data-start=\"2861\" data-end=\"2871\">Gr\u00f6\u00dfen:<\/strong> M, L, XL, XXL (Sondergr\u00f6\u00dfen auf Anfrage)<\/p>\n<\/li>\n<li class=\"\" data-start=\"2914\" data-end=\"2974\">\n<p class=\"\" data-start=\"2916\" data-end=\"2974\"><strong data-start=\"2916\" data-end=\"2926\">Farbe:<\/strong> Schwarz mit roten Akzenten (kundenspezifische Farben auf Bestellung)<\/p>\n<\/li>\n<\/ul>\n<p class=\"\" data-start=\"2976\" data-end=\"2993\"><strong data-start=\"2976\" data-end=\"2993\">Anwendungen:<\/strong><\/p>\n<ul data-start=\"2995\" data-end=\"3309\">\n<li class=\"\" data-start=\"2995\" data-end=\"3040\">\n<p class=\"\" data-start=\"2997\" data-end=\"3040\">Ski Alpin, Snowboarding, Motorschlittenfahren<\/p>\n<\/li>\n<li class=\"\" data-start=\"3041\" data-end=\"3070\">\n<p class=\"\" data-start=\"3043\" data-end=\"3070\">Winterwandern und Camping<\/p>\n<\/li>\n<li class=\"\" data-start=\"3071\" data-end=\"3104\">\n<p class=\"\" data-start=\"3073\" data-end=\"3104\">K\u00fchllagerung und Gefrierarbeiten<\/p>\n<\/li>\n<li class=\"\" data-start=\"3105\" data-end=\"3132\">\n<p class=\"\" data-start=\"3107\" data-end=\"3132\">Eisfischen und Jagen<\/p>\n<\/li>\n<li class=\"\" data-start=\"3133\" data-end=\"3162\">\n<p class=\"\" data-start=\"3135\" data-end=\"3162\">Bergrettung oder Patrouille<\/p>\n<\/li>\n<li class=\"\" data-start=\"3163\" data-end=\"3204\">\n<p class=\"\" data-start=\"3165\" data-end=\"3204\">Motorrad- oder E-Bike-Fahren im Winter<\/p>\n<\/li>\n<li class=\"\" data-start=\"3205\" data-end=\"3255\">\n<p class=\"\" data-start=\"3207\" data-end=\"3255\">Sportveranstaltungen im Freien bei eisigen Temperaturen<\/p>\n<\/li>\n<li class=\"\" data-start=\"3256\" data-end=\"3309\">\n<p class=\"\" data-start=\"3258\" data-end=\"3309\">Bau und Wartung bei Minusgraden<\/p>\n<\/li>\n<\/ul>\n<p class=\"\" data-start=\"3311\" data-end=\"3335\"><strong data-start=\"3311\" data-end=\"3335\">Im Paket enthalten:<\/strong><\/p>\n<ul data-start=\"3337\" data-end=\"3563\">\n<li class=\"\" data-start=\"3337\" data-end=\"3364\">\n<p class=\"\" data-start=\"3339\" data-end=\"3364\">1 Paar beheizte Handschuhe<\/p>\n<\/li>\n<li class=\"\" data-start=\"3365\" data-end=\"3414\">\n<p class=\"\" data-start=\"3367\" data-end=\"3414\">2 wiederaufladbare Batterien (eine f\u00fcr jeden Handschuh)<\/p>\n<\/li>\n<li class=\"\" data-start=\"3415\" data-end=\"3456\">\n<p class=\"\" data-start=\"3417\" data-end=\"3456\">1 Doppelladekabel oder Wandadapter<\/p>\n<\/li>\n<li class=\"\" data-start=\"3457\" data-end=\"3503\">\n<p class=\"\" data-start=\"3459\" data-end=\"3503\">Benutzerhandbuch mit mehrsprachigen Anweisungen<\/p>\n<\/li>\n<li class=\"\" data-start=\"3504\" data-end=\"3563\">\n<p class=\"\" data-start=\"3506\" data-end=\"3563\">Optionale wasserdichte Aufbewahrungstasche f\u00fcr Reise- oder Ausr\u00fcstungstaschen<\/p>\n<\/li>\n<\/ul>\n<p class=\"\" data-start=\"3565\" data-end=\"3597\"><strong data-start=\"3565\" data-end=\"3597\">Konformit\u00e4t und Zertifizierungen:<\/strong><\/p>\n<ul data-start=\"3599\" data-end=\"3781\">\n<li class=\"\" data-start=\"3599\" data-end=\"3630\">\n<p class=\"\" data-start=\"3601\" data-end=\"3630\">CE-zertifiziert - Europa-tauglich<\/p>\n<\/li>\n<li class=\"\" data-start=\"3631\" data-end=\"3660\">\n<p class=\"\" data-start=\"3633\" data-end=\"3660\">RoHS-konforme Komponenten<\/p>\n<\/li>\n<li class=\"\" data-start=\"3661\" data-end=\"3699\">\n<p class=\"\" data-start=\"3663\" data-end=\"3699\">Zertifizierte Batterie-Sicherheitsstandards<\/p>\n<\/li>\n<li class=\"\" data-start=\"3700\" data-end=\"3727\">\n<p class=\"\" data-start=\"3702\" data-end=\"3727\">Wasserdichte Bewertung: IPX4<\/p>\n<\/li>\n<li class=\"\" data-start=\"3728\" data-end=\"3781\">\n<p class=\"\" data-start=\"3730\" data-end=\"3781\">Sicher bei Hautkontakt - Hypoallergenes Innenfutter<\/p>\n<\/li>\n<\/ul>\n<p class=\"\" data-start=\"3783\" data-end=\"3813\"><strong data-start=\"3783\" data-end=\"3813\">Eigenmarke und Gro\u00dfhandel:<\/strong><\/p>\n<p class=\"\" data-start=\"3815\" data-end=\"4141\">RYINZ bietet einen umfassenden OEM- und ODM-Support f\u00fcr Gro\u00dfh\u00e4ndler, Distributoren und Einzelh\u00e4ndler in Europa, Nordamerika und Asien. Ganz gleich, ob Sie Ihr Logo hinzuf\u00fcgen, die Farben \u00e4ndern oder eine kundenspezifische Verpackung einf\u00fcgen m\u00f6chten, unsere Design- und Produktionsteams sind bereit, die spezifischen Anforderungen Ihrer Marke mit kurzen Vorlaufzeiten und wettbewerbsf\u00e4higen Preisen zu erf\u00fcllen.<\/p>","protected":false},"excerpt":{"rendered":"<p>Die <strong data-start=\"4200\" data-end=\"4242\">RYINZ Beheizte Ski- und Snowboardhandschuhe<\/strong> bieten eine perfekte Kombination aus fortschrittlicher W\u00e4rmetechnologie und robustem Schutz f\u00fcr Wintersportler und Profis. Mit wasserdichtem Obermaterial, wiederaufladbarem Heizsystem, rutschfestem Griff und Touchscreen-Fingern halten diese Handschuhe Ihre H\u00e4nde auch unter den k\u00e4ltesten Bedingungen warm, trocken und funktionell. Sie sind ideal zum Skifahren, Snowboarden, Schneemobilfahren oder f\u00fcr die Arbeit im Freien im Winter. Drei einstellbare W\u00e4rmestufen, die durch integrierte Batterien betrieben werden, sorgen f\u00fcr gleichbleibende W\u00e4rme. Erh\u00e4ltlich in verschiedenen Gr\u00f6\u00dfen und mit individuellem Branding f\u00fcr Gro\u00dfabnehmer.<\/p>","protected":false},"featured_media":8944,"comment_status":"closed","ping_status":"closed","template":"","meta":[],"product_brand":[35],"product_cat":[57],"product_tag":[55,56],"class_list":{"0":"post-8903","1":"product","2":"type-product","3":"status-publish","4":"has-post-thumbnail","6":"product_brand-ryinz","7":"product_cat-ski-snowboarding-gloves","8":"product_tag-heated-ski-gloves","9":"product_tag-heated-snowboarding-gloves","11":"first","12":"instock","13":"taxable","14":"shipping-taxable","15":"purchasable","16":"product-type-simple"},"_links":{"self":[{"href":"https:\/\/ryinz.cz\/velkoobchod\/de\/wp-json\/wp\/v2\/product\/8903","targetHints":{"allow":["GET"]}}],"collection":[{"href":"https:\/\/ryinz.cz\/velkoobchod\/de\/wp-json\/wp\/v2\/product"}],"about":[{"href":"https:\/\/ryinz.cz\/velkoobchod\/de\/wp-json\/wp\/v2\/types\/product"}],"replies":[{"embeddable":true,"href":"https:\/\/ryinz.cz\/velkoobchod\/de\/wp-json\/wp\/v2\/comments?post=8903"}],"wp:featuredmedia":[{"embeddable":true,"href":"https:\/\/ryinz.cz\/velkoobchod\/de\/wp-json\/wp\/v2\/media\/8944"}],"wp:attachment":[{"href":"https:\/\/ryinz.cz\/velkoobchod\/de\/wp-json\/wp\/v2\/media?parent=8903"}],"wp:term":[{"taxonomy":"product_brand","embeddable":true,"href":"https:\/\/ryinz.cz\/velkoobchod\/de\/wp-json\/wp\/v2\/product_brand?post=8903"},{"taxonomy":"product_cat","embeddable":true,"href":"https:\/\/ryinz.cz\/velkoobchod\/de\/wp-json\/wp\/v2\/product_cat?post=8903"},{"taxonomy":"product_tag","embeddable":true,"href":"https:\/\/ryinz.cz\/velkoobchod\/de\/wp-json\/wp\/v2\/product_tag?post=8903"}],"curies":[{"name":"wp","href":"https:\/\/api.w.org\/{rel}","templated":true}]}}