{"id":8902,"date":"2025-06-22T15:21:03","date_gmt":"2025-06-22T15:21:03","guid":{"rendered":"https:\/\/ryinz.cz\/velkoobchod\/?post_type=product&#038;p=8902"},"modified":"2026-01-18T20:16:42","modified_gmt":"2026-01-18T20:16:42","slug":"ryinz-professionelle-mountainbike-handschuhe-voller-finger-langlebig-mtb-handschuhe-fur-manner-und-frauen-anti-rutsch-atmungsaktiv-stilvoll","status":"publish","type":"product","link":"https:\/\/ryinz.cz\/velkoobchod\/de\/product\/ryinz-professional-mountain-bike-gloves-full-finger-durable-mtb-gloves-for-men-and-women-anti-slip-breathable-stylish\/","title":{"rendered":"RYINZ Professionelle Mountainbike-Handschuhe - Langlebige Vollfinger-MTB-Handschuhe f\u00fcr M\u00e4nner und Frauen - rutschfest, atmungsaktiv, stylisch"},"content":{"rendered":"<p class=\"\" data-start=\"298\" data-end=\"823\">Erleben Sie Leistung auf h\u00f6chstem Niveau mit den RYINZ Professional Mountainbike-Handschuhen, die entwickelt wurden, um Ihr Fahrradabenteuer in anspruchsvollem Terrain neu zu definieren. Diese mit Leidenschaft und Pr\u00e4zision gefertigten Handschuhe bieten ein perfektes Gleichgewicht zwischen Haltbarkeit, Stil, Komfort und Sicherheit - unverzichtbar f\u00fcr jeden ernsthaften Mountainbiker, BMX-Fahrer oder Off-Road-Enthusiasten. Ganz gleich, ob Sie raue Bergpfade bezwingen oder rasante Downhill-Rennen bestreiten, diese Handschuhe wurden entwickelt, um au\u00dfergew\u00f6hnliche Kontrolle und Vertrauen zu vermitteln.<\/p>\n<p class=\"\" data-start=\"825\" data-end=\"1283\">Die Handschuhe sind aus einer hochwertigen Mischung aus Kunstleder und atmungsaktivem Stretchmaterial gefertigt und bieten hervorragenden Schutz, ohne dabei Kompromisse bei der Flexibilit\u00e4t oder Bel\u00fcftung einzugehen. Die leichte Konstruktion sorgt daf\u00fcr, dass Ihre H\u00e4nde k\u00fchl und trocken bleiben und selbst bei den intensivsten Fahrten nicht \u00fcberhitzen. Das perforierte Leder an den wichtigsten Stellen maximiert die Luftzirkulation und sorgt f\u00fcr ein schwei\u00dffreies Fahrgef\u00fchl, das ideal f\u00fcr Fr\u00fchling, Sommer und Fr\u00fchherbst ist.<\/p>\n<p class=\"\" data-start=\"1285\" data-end=\"1622\">Das ergonomische Vollfingerdesign spiegelt die nat\u00fcrliche Form der Hand wider und sorgt f\u00fcr eine Passform wie eine zweite Haut, die die Fingerfertigkeit verbessert und Erm\u00fcdung auf langen Fahrten verhindert. Dank der innovativen, vorgekr\u00fcmmten Fingerkonstruktion profitiert der Fahrer von einem nat\u00fcrlichen Griff am Lenker, was das Handling des Fahrrads verbessert und gleichzeitig das Risiko von Blasenbildung und \u00dcberanstrengung verringert.<\/p>\n<p class=\"\" data-start=\"1624\" data-end=\"2153\">Die erh\u00f6hte Sicherheit ist eines der herausragenden Merkmale dieser Handschuhe. Der Handfl\u00e4chenbereich ist mit einer extrastarken Kunstlederpolsterung verst\u00e4rkt, die St\u00f6\u00dfe absorbiert und Vibrationen auf unebenem Terrain reduziert. Integrierte Antirutschstreifen an den Fingern und der Handfl\u00e4che sorgen f\u00fcr einen sicheren Griff an Lenker und Schalthebeln, auch bei N\u00e4sse. Verst\u00e4rkte Aufprallzonen auf dem Handr\u00fccken und den Fingerkn\u00f6cheln bieten zus\u00e4tzlichen Schutz vor unerwarteten St\u00fcrzen, \u00c4sten oder Steinen und machen Ihre Fahrt sicherer, ohne unn\u00f6tig dick aufzutragen.<\/p>\n<p class=\"\" data-start=\"2155\" data-end=\"2492\">Ein weiteres wichtiges Merkmal ist der flexible und robuste Klettverschluss am Handgelenk, der ein einfaches An- und Ausziehen und eine vollst\u00e4ndig verstellbare Passform erm\u00f6glicht. Egal, ob Sie ein leichtes Trikot oder eine dicke Jacke tragen, diese Handschuhe passen sich perfekt an, ohne die Bewegung des Handgelenks einzuschr\u00e4nken. Die eng anliegende Passform h\u00e4lt Staub, Schmutz und Ablagerungen fern, w\u00e4hrend die volle Bewegungsfreiheit erhalten bleibt.<\/p>\n<p class=\"\" data-start=\"2494\" data-end=\"2931\">Bei diesen RYINZ Mountainbike-Handschuhen geht es nicht nur um Funktionalit\u00e4t, sie bringen auch einen modernen, aggressiven Stil in deine Radausr\u00fcstung. Mit einer dynamischen Kombination aus Wei\u00df-, Braun- und Schwarzt\u00f6nen und minimalistischen Reflexstreifen f\u00fcr zus\u00e4tzliche Sichtbarkeit bei schlechten Lichtverh\u00e4ltnissen sorgen diese Handschuhe daf\u00fcr, dass du genauso gut aussiehst wie du f\u00e4hrst. Das kultige RYINZ-Logo auf der R\u00fcckseite signalisiert Qualit\u00e4t und Professionalit\u00e4t, wohin auch immer Ihre Reise Sie f\u00fchrt.<\/p>\n<p class=\"\" data-start=\"2933\" data-end=\"3212\">Diese Handschuhe eignen sich perfekt f\u00fcr verschiedene Disziplinen: MTB, BMX, Dirt Biking, Trail Riding, Cross-Country, Downhill-Rennen, Freeride und sogar Motorradfahren. Ihre Vielseitigkeit macht sie zu einem unverzichtbaren Teil der Ausr\u00fcstung f\u00fcr Fahrer aller Niveaus, vom Anf\u00e4nger bis zum Profi.<\/p>\n<p class=\"\" data-start=\"3214\" data-end=\"3541\">Die Pflege ist m\u00fchelos - die Handschuhe sind einfach mit einer sanften Handw\u00e4sche in kaltem Wasser zu reinigen und trocknen schnell an der Luft, ohne ihre Form oder Elastizit\u00e4t zu verlieren. Die RYINZ MTB-Handschuhe sind die ultimative Wahl f\u00fcr Fahrer, die keine Kompromisse bei der Leistung eingehen wollen und halten den Anforderungen des t\u00e4glichen Trainings und des Rennsports stand.<\/p>\n<p class=\"\" data-start=\"3543\" data-end=\"3738\">Erh\u00e4ltlich in mehreren Gr\u00f6\u00dfen (S, M, L, XL, XXL), um die perfekte Passform f\u00fcr jeden Fahrer zu gew\u00e4hrleisten. Bitte konsultieren Sie unsere detaillierte Gr\u00f6\u00dfentabelle f\u00fcr genaue Messungen, um Komfort und Effektivit\u00e4t zu maximieren.<\/p>\n<p class=\"\" data-start=\"3740\" data-end=\"4005\">Steigern Sie Ihr Fahrerlebnis mit Handschuhen, die so robust und abenteuerlustig sind wie Sie selbst. Mit RYINZ ist jede Fahrt ein Gewinn. Machen Sie sich bereit, h\u00e4rter zu fahren, schneller zu fahren und sicherer zu fahren - unterst\u00fctzt durch die bew\u00e4hrte Innovation und Handwerkskunst von RYINZ Professional Gear.<\/p>","protected":false},"excerpt":{"rendered":"<p>Erobern Sie jeden Trail mit den RYINZ Professional Mountainbike-Handschuhen. Diese MTB-Handschuhe mit vollen Fingern wurden f\u00fcr Spitzenleistungen entwickelt und bestehen aus atmungsaktivem, dehnbarem Material mit Kunstlederverst\u00e4rkung f\u00fcr au\u00dfergew\u00f6hnliche Haltbarkeit und Bel\u00fcftung. Vorgekr\u00fcmmte Finger, sto\u00dfd\u00e4mpfende Handfl\u00e4chenpolsterung und Anti-Rutsch-Streifen verbessern Griff, Komfort und Kontrolle. Mit verstellbaren Klettverschl\u00fcssen, stylischen reflektierenden Akzenten und mehreren Gr\u00f6\u00dfenoptionen sind diese Handschuhe der perfekte Begleiter f\u00fcr Mountainbiking, BMX, Trailriding und Offroad-Abenteuer. Die Handschuhe sind f\u00fcr anspruchsvolle Fahrer konzipiert, die von ihrer Radausr\u00fcstung Stil, Schutz und \u00fcberragende Leistung erwarten.<\/p>","protected":false},"featured_media":8934,"comment_status":"closed","ping_status":"closed","template":"","meta":[],"product_brand":[35],"product_cat":[31,50],"product_tag":[49,54,40],"class_list":{"0":"post-8902","1":"product","2":"type-product","3":"status-publish","4":"has-post-thumbnail","6":"product_brand-ryinz","7":"product_cat-cycling-mountain-gloves","8":"product_cat-mountain-bike-gloves","9":"product_tag-full-finger-cycling-gloves","10":"product_tag-microfiber-palm-gloves","11":"product_tag-performance-cycling-gear","13":"first","14":"instock","15":"sold-individually","16":"taxable","17":"shipping-taxable","18":"purchasable","19":"product-type-simple"},"_links":{"self":[{"href":"https:\/\/ryinz.cz\/velkoobchod\/de\/wp-json\/wp\/v2\/product\/8902","targetHints":{"allow":["GET"]}}],"collection":[{"href":"https:\/\/ryinz.cz\/velkoobchod\/de\/wp-json\/wp\/v2\/product"}],"about":[{"href":"https:\/\/ryinz.cz\/velkoobchod\/de\/wp-json\/wp\/v2\/types\/product"}],"replies":[{"embeddable":true,"href":"https:\/\/ryinz.cz\/velkoobchod\/de\/wp-json\/wp\/v2\/comments?post=8902"}],"wp:featuredmedia":[{"embeddable":true,"href":"https:\/\/ryinz.cz\/velkoobchod\/de\/wp-json\/wp\/v2\/media\/8934"}],"wp:attachment":[{"href":"https:\/\/ryinz.cz\/velkoobchod\/de\/wp-json\/wp\/v2\/media?parent=8902"}],"wp:term":[{"taxonomy":"product_brand","embeddable":true,"href":"https:\/\/ryinz.cz\/velkoobchod\/de\/wp-json\/wp\/v2\/product_brand?post=8902"},{"taxonomy":"product_cat","embeddable":true,"href":"https:\/\/ryinz.cz\/velkoobchod\/de\/wp-json\/wp\/v2\/product_cat?post=8902"},{"taxonomy":"product_tag","embeddable":true,"href":"https:\/\/ryinz.cz\/velkoobchod\/de\/wp-json\/wp\/v2\/product_tag?post=8902"}],"curies":[{"name":"wp","href":"https:\/\/api.w.org\/{rel}","templated":true}]}}