{"id":8901,"date":"2025-06-22T15:21:03","date_gmt":"2025-06-22T15:21:03","guid":{"rendered":"https:\/\/ryinz.cz\/velkoobchod\/?post_type=product&#038;p=8901"},"modified":"2026-01-18T20:16:41","modified_gmt":"2026-01-18T20:16:41","slug":"ryinz-all-terrain-full-finger-mountain-bike-handschuhe-atmungsaktiv-leicht-stosfest-mtb-handschuhe-fur-manner-und-frauen","status":"publish","type":"product","link":"https:\/\/ryinz.cz\/velkoobchod\/de\/product\/ryinz-all-terrain-full-finger-mountain-bike-gloves-breathable-lightweight-shockproof-mtb-gloves-for-men-and-women\/","title":{"rendered":"RYINZ All-Terrain Full Finger Mountain Bike Handschuhe - Atmungsaktive, leichte, sto\u00dffeste MTB Handschuhe f\u00fcr M\u00e4nner und Frauen"},"content":{"rendered":"<p class=\"\" data-start=\"280\" data-end=\"723\">Die RYINZ All-Terrain Full Finger Mountain Bike Gloves - ein Durchbruch in der professionellen Radsportausr\u00fcstung f\u00fcr den passionierten Fahrer. Egal, ob du auf Bergpfaden unterwegs bist, Downhill-Rennen f\u00e4hrst, durch unwegsames Gel\u00e4nde cruist oder einfach nur pendelst, diese Handschuhe garantieren unvergleichliche Leistung, Schutz und Komfort. Dank fortschrittlicher Materialien und ergonomischer Konstruktion halten sie auch mit den anspruchsvollsten Fahrten Schritt.<\/p>\n<p class=\"\" data-start=\"725\" data-end=\"1163\">Die Oberkonstruktion besteht aus einem robusten und dennoch extrem atmungsaktiven 3D-Mesh-Gewebe, das f\u00fcr eine optimale Luftzirkulation sorgt, damit Ihre H\u00e4nde auch bei intensiver Anstrengung k\u00fchl und trocken bleiben. W\u00e4rme und Feuchtigkeit werden effizient abtransportiert, sodass keine unangenehmen Schwei\u00dfh\u00e4nde entstehen. Gepaart mit elastischen Spandex-Eins\u00e4tzen bieten die Handschuhe eine anpassungsf\u00e4hige, eng anliegende Passform, die sich wie eine zweite Haut anf\u00fchlt und die nat\u00fcrliche Bewegung und Flexibilit\u00e4t f\u00f6rdert, ohne die Haltbarkeit zu beeintr\u00e4chtigen.<\/p>\n<p class=\"\" data-start=\"1165\" data-end=\"1659\">Der Handfl\u00e4chenbereich ist ein wahres Meisterwerk des technischen Designs. Sie ist aus abriebfestem Kunstleder gefertigt und bietet eine au\u00dfergew\u00f6hnliche Balance aus Haltbarkeit, Grip und Schutz. Die verst\u00e4rkte Gel-Polsterung in kritischen Druckzonen absorbiert St\u00f6\u00dfe und reduziert die \u00fcber den Lenker \u00fcbertragenen Vibrationen und sch\u00fctzt Ihre Nerven und Gelenke vor \u00dcberlastung und Erm\u00fcdung. Ganz gleich, ob Sie felsige Abfahrten bew\u00e4ltigen oder sich durch Wurzeln und Spurrillen schlagen, diese Handschuhe minimieren Taubheitsgef\u00fchle in den H\u00e4nden und maximieren die Kontrolle.<\/p>\n<p class=\"\" data-start=\"1661\" data-end=\"2032\">Integrierte Silikonabdr\u00fccke auf den Fingerspitzen sorgen f\u00fcr hervorragenden Grip, was besonders wichtig ist, um die Brems- und Schalthebel bei N\u00e4sse, Schlamm oder Staub pr\u00e4zise zu bedienen. Dar\u00fcber hinaus sind die Handschuhe Touchscreen-kompatibel, was eine nahtlose Interaktion mit Smartphones oder GPS-Ger\u00e4ten erm\u00f6glicht, ohne dass man sie ausziehen muss - ein wesentliches Merkmal f\u00fcr moderne Radfahrer.<\/p>\n<p class=\"\" data-start=\"2034\" data-end=\"2396\">Sicherheit und Passform werden durch einen verstellbaren Handgelenkriemen mit starkem Klettverschluss weiter verbessert. Dies gew\u00e4hrleistet nicht nur eine individuelle Passform f\u00fcr verschiedene Handgelenksgr\u00f6\u00dfen, sondern verhindert auch, dass die Handschuhe bei aggressiven Fahrten abrutschen. Das Handgelenkband besteht aus weichem, dehnbarem Material, das die Bewegung erleichtert und den Komfort bei langen Fahrten erh\u00f6ht.<\/p>\n<p class=\"\" data-start=\"2398\" data-end=\"2757\">Sicherheit ist ein entscheidender Schwerpunkt des Designs. Reflektierende Details sind strategisch platziert, um die Sichtbarkeit bei schlechten Lichtverh\u00e4ltnissen zu erh\u00f6hen, und bieten eine zus\u00e4tzliche Schutzschicht f\u00fcr Fahrten am Abend oder am fr\u00fchen Morgen. Die verst\u00e4rkten Kn\u00f6chelplatten bieten moderaten Schutz vor \u00c4sten, Tr\u00fcmmern oder unerwarteten St\u00f6\u00dfen, ohne die Steifigkeit zu erh\u00f6hen oder die Flexibilit\u00e4t zu verringern.<\/p>\n<p class=\"\" data-start=\"2759\" data-end=\"3098\">Diese RYINZ-Handschuhe sind unglaublich vielseitig und eignen sich nicht nur f\u00fcr das Mountainbiken, sondern auch f\u00fcr Schotterfahrten, Motocross, Trailrunning, Klettern, Abenteuerrennen und sogar f\u00fcr das Training im Fitnessstudio, wo Handschutz unerl\u00e4sslich ist. Sie sind f\u00fcr alle Jahreszeiten geeignet - von k\u00fchlen Fr\u00fchlingsmorgen \u00fcber hei\u00dfe Sommernachmittage bis hin zu milden Herbstabenden.<\/p>\n<p class=\"\" data-start=\"3100\" data-end=\"3360\">Die Pflege Ihrer Handschuhe ist m\u00fchelos: Sie sind mit milder Seife und kaltem Wasser von Hand waschbar. Ihre verblassungsresistente Farbgebung und die strapazierf\u00e4higen N\u00e4hte sorgen daf\u00fcr, dass sie auch nach wiederholtem Waschen und l\u00e4ngerem Gebrauch ihr professionelles Aussehen und ihre Leistung behalten.<\/p>\n<p class=\"\" data-start=\"3362\" data-end=\"3630\">Erh\u00e4ltlich in verschiedenen Gr\u00f6\u00dfen von S bis XXL, sind diese Handschuhe so geschnitten, dass sie jedem Fahrer perfekt passen. Ihre schlichte und aggressive \u00c4sthetik, die blaue, schwarze und graue T\u00f6ne mit einem auff\u00e4lligen RYINZ-Branding kombiniert, ist sicher, dass sie auf jedem Trail oder jeder Stra\u00dfe ein starkes Statement abgeben.<\/p>\n<p class=\"\" data-start=\"3632\" data-end=\"3843\">Die RYINZ All-Terrain Full Finger MTB Gloves sind mehr als nur Handschuhe - sie sind eine leistungssteigernde Erweiterung deines K\u00f6rpers. Fahren Sie h\u00e4rter, greifen Sie besser und sp\u00fcren Sie den Unterschied, den professionelle Ausr\u00fcstung ausmacht.<\/p>","protected":false},"excerpt":{"rendered":"<p>Dominieren Sie jede Fahrt mit den RYINZ All-Terrain Full Finger Mountain Bike Gloves. Diese High-Performance-Radhandschuhe verf\u00fcgen \u00fcber eine atmungsaktive Mesh-Konstruktion f\u00fcr maximale Luftzirkulation und Stretch-Material f\u00fcr eine anpassungsf\u00e4hige, Second-Skin-Passform. Die Handfl\u00e4che ist mit abriebfestem Kunstleder und sto\u00dfabsorbierenden Gel-Pads verst\u00e4rkt, um St\u00f6\u00dfe abzufedern und Erm\u00fcdungserscheinungen in unwegsamem Gel\u00e4nde zu verringern. Verbesserte Silikongriffe sorgen f\u00fcr einen sicheren Halt an Bremshebeln und Schalthebeln, auch unter schwierigen Bedingungen. Mit Touchscreen-Kompatibilit\u00e4t, verstellbaren Klettverschlussb\u00e4ndern am Handgelenk, reflektierenden Sicherheitsakzenten und verst\u00e4rktem Kn\u00f6chelschutz bieten diese Handschuhe alles, was ein Offroad-Fahrer braucht: Komfort, Grip, Flexibilit\u00e4t und Sicherheit. Ideal f\u00fcr MTB, Trailriding, Schotterabenteuer, Motocross und ganzt\u00e4gige Fahrradtouren. Mit den Handschuhen von RYINZ bleiben Ihre H\u00e4nde gesch\u00fctzt, selbstbewusst und haben die totale Kontrolle, Kilometer f\u00fcr Kilometer.<\/p>","protected":false},"featured_media":8933,"comment_status":"closed","ping_status":"closed","template":"","meta":[],"product_brand":[35],"product_cat":[31,50],"product_tag":[52,49,53],"class_list":{"0":"post-8901","1":"product","2":"type-product","3":"status-publish","4":"has-post-thumbnail","6":"product_brand-ryinz","7":"product_cat-cycling-mountain-gloves","8":"product_cat-mountain-bike-gloves","9":"product_tag-breathable-neoprene-gloves","10":"product_tag-full-finger-cycling-gloves","11":"product_tag-professional-cycling-gloves","13":"first","14":"instock","15":"sold-individually","16":"taxable","17":"shipping-taxable","18":"purchasable","19":"product-type-simple"},"_links":{"self":[{"href":"https:\/\/ryinz.cz\/velkoobchod\/de\/wp-json\/wp\/v2\/product\/8901","targetHints":{"allow":["GET"]}}],"collection":[{"href":"https:\/\/ryinz.cz\/velkoobchod\/de\/wp-json\/wp\/v2\/product"}],"about":[{"href":"https:\/\/ryinz.cz\/velkoobchod\/de\/wp-json\/wp\/v2\/types\/product"}],"replies":[{"embeddable":true,"href":"https:\/\/ryinz.cz\/velkoobchod\/de\/wp-json\/wp\/v2\/comments?post=8901"}],"wp:featuredmedia":[{"embeddable":true,"href":"https:\/\/ryinz.cz\/velkoobchod\/de\/wp-json\/wp\/v2\/media\/8933"}],"wp:attachment":[{"href":"https:\/\/ryinz.cz\/velkoobchod\/de\/wp-json\/wp\/v2\/media?parent=8901"}],"wp:term":[{"taxonomy":"product_brand","embeddable":true,"href":"https:\/\/ryinz.cz\/velkoobchod\/de\/wp-json\/wp\/v2\/product_brand?post=8901"},{"taxonomy":"product_cat","embeddable":true,"href":"https:\/\/ryinz.cz\/velkoobchod\/de\/wp-json\/wp\/v2\/product_cat?post=8901"},{"taxonomy":"product_tag","embeddable":true,"href":"https:\/\/ryinz.cz\/velkoobchod\/de\/wp-json\/wp\/v2\/product_tag?post=8901"}],"curies":[{"name":"wp","href":"https:\/\/api.w.org\/{rel}","templated":true}]}}