{"id":8899,"date":"2025-06-22T15:21:02","date_gmt":"2025-06-22T15:21:02","guid":{"rendered":"https:\/\/ryinz.cz\/velkoobchod\/?post_type=product&#038;p=8899"},"modified":"2026-01-18T20:16:40","modified_gmt":"2026-01-18T20:16:40","slug":"ryinz-mountain-bike-handschuhe-voll-finger-atmungsaktiv-mtb-enduro-cross-country-downhill-handschuhe-fur-manner-und-frauen","status":"publish","type":"product","link":"https:\/\/ryinz.cz\/velkoobchod\/de\/product\/ryinz-mountain-bike-gloves-full-finger-breathable-mtb-enduro-cross-country-downhill-gloves-for-men-and-women\/","title":{"rendered":"RYINZ Mountainbike Handschuhe Full Finger - Atmungsaktive MTB, Enduro, Cross-Country, Downhill Handschuhe f\u00fcr M\u00e4nner und Frauen"},"content":{"rendered":"<p class=\"\" data-start=\"285\" data-end=\"734\">Entfesseln Sie Ihren Trail-Riding-Spirit mit den RYINZ Mountainbike-Handschuhen Full Finger - entwickelt, um ultimative Kontrolle, Komfort und Schutz f\u00fcr ernsthafte Biker zu bieten. Egal, ob du raue Bergpfade bezwingst, Enduro-Herausforderungen meisterst, Downhill-Rennen f\u00e4hrst oder Cross-Country-Abenteuer genie\u00dft, diese Handschuhe bieten die perfekte Kombination aus Grip, Atmungsaktivit\u00e4t und Strapazierf\u00e4higkeit, die zu deiner Intensit\u00e4t passt.<\/p>\n<p class=\"\" data-start=\"736\" data-end=\"1151\">Die RYINZ Mountainbike-Handschuhe verf\u00fcgen \u00fcber ein leichtes, atmungsaktives Mesh-Gewebe auf der R\u00fcckseite, das Ihre H\u00e4nde auch bei den anspruchsvollsten Fahrten k\u00fchl h\u00e4lt. Selbst bei gro\u00dfer Anstrengung oder hei\u00dfem Wetter sorgt das fortschrittliche Bel\u00fcftungssystem f\u00fcr feuchtigkeitsableitenden Komfort, um schwitzige Handfl\u00e4chen zu vermeiden und die Griffkontrolle zu verbessern. Diese Handschuhe wurden speziell f\u00fcr Mountainbike-Disziplinen entwickelt und eignen sich hervorragend f\u00fcr schwieriges Terrain und extreme Wetterbedingungen.<\/p>\n<p class=\"\" data-start=\"1153\" data-end=\"1624\">Die Handfl\u00e4chen sind aus hochwertigem, verst\u00e4rktem synthetischem Wildleder gefertigt und bieten hervorragende Griffigkeit und Abriebfestigkeit, ohne dabei an Flexibilit\u00e4t einzub\u00fc\u00dfen. Rutschfeste Silikonstreifen an den Fingern maximieren Ihre Kontrolle \u00fcber Lenker, Bremsen und Schalthebel und geben Ihnen den n\u00f6tigen Vorsprung bei technischen Abfahrten und scharfen Kurven. Die sto\u00dfabsorbierende Polsterung, die strategisch an den Handfl\u00e4chen platziert ist, reduziert Vibrationen, minimiert die Erm\u00fcdung und sch\u00fctzt empfindliche Bereiche bei l\u00e4ngeren Fahrten.<\/p>\n<p class=\"\" data-start=\"1626\" data-end=\"2011\">Diese Handschuhe wurden f\u00fcr aggressive Fahrstile entwickelt und bieten Schutz f\u00fcr die gesamten Finger, w\u00e4hrend sie gleichzeitig eine au\u00dfergew\u00f6hnlich leichte und reaktionsfreudige Passform bieten. Der sichere Klettverschluss am Handgelenk erm\u00f6glicht eine individuelle Anpassung der Passform, sodass die Handschuhe auch bei intensiven Fahrten an Ort und Stelle bleiben. Verst\u00e4rkte Daumeneins\u00e4tze sorgen f\u00fcr zus\u00e4tzliche Haltbarkeit in stark beanspruchten Bereichen.<\/p>\n<p class=\"\" data-start=\"2013\" data-end=\"2332\">Die RYINZ Mountainbike-Handschuhe sind auch Touchscreen-kompatibel, so dass Sie Ihr Smartphone, GPS-Ger\u00e4t oder Ihre Action-Kamera einfach bedienen k\u00f6nnen, ohne die Handschuhe ausziehen zu m\u00fcssen. Erh\u00e4ltlich in kr\u00e4ftigen und attraktiven Farben, einschlie\u00dflich einer auff\u00e4lligen Kombination aus Rot, Wei\u00df und Blau, sorgen diese Handschuhe daf\u00fcr, dass du genauso stark aussiehst wie du f\u00e4hrst.<\/p>\n<p class=\"\" data-start=\"2334\" data-end=\"2523\">Perfekt f\u00fcr alle Arten von Mountainbiking - von Trail und All-Mountain bis Downhill und Cross-Country - sind diese Handschuhe ein Muss f\u00fcr Fahrer, die Leistung, Schutz und Stil verlangen.<\/p>\n<p class=\"\" data-start=\"2525\" data-end=\"2546\"><strong data-start=\"2525\" data-end=\"2544\">Spezifikationen:<\/strong><\/p>\n<ul data-start=\"2547\" data-end=\"3025\">\n<li class=\"\" data-start=\"2547\" data-end=\"2579\">\n<p class=\"\" data-start=\"2549\" data-end=\"2579\">Geschlecht: Unisex (M\u00e4nner &amp; Frauen)<\/p>\n<\/li>\n<li class=\"\" data-start=\"2580\" data-end=\"2622\">\n<p class=\"\" data-start=\"2582\" data-end=\"2622\">Typ: Vollfinger-Mountainbike-Handschuhe<\/p>\n<\/li>\n<li class=\"\" data-start=\"2623\" data-end=\"2669\">\n<p class=\"\" data-start=\"2625\" data-end=\"2669\">Farben: Rot, Wei\u00df und Blau (mehrfarbig)<\/p>\n<\/li>\n<li class=\"\" data-start=\"2670\" data-end=\"2707\">\n<p class=\"\" data-start=\"2672\" data-end=\"2707\">Verf\u00fcgbare Gr\u00f6\u00dfen: S, M, L, XL, XXL<\/p>\n<\/li>\n<li class=\"\" data-start=\"2708\" data-end=\"2765\">\n<p class=\"\" data-start=\"2710\" data-end=\"2765\">Material: Atmungsaktiver Mesh-R\u00fccken, verst\u00e4rkte Handfl\u00e4che aus Wildleder<\/p>\n<\/li>\n<li class=\"\" data-start=\"2766\" data-end=\"2882\">\n<p class=\"\" data-start=\"2768\" data-end=\"2882\">Merkmale: Rutschfester Silikongriff, sto\u00dfabsorbierende Handfl\u00e4chenpolsterung, atmungsaktives Mesh, verstellbarer Klettverschluss<\/p>\n<\/li>\n<li class=\"\" data-start=\"2883\" data-end=\"2936\">\n<p class=\"\" data-start=\"2885\" data-end=\"2936\">Besondere Zus\u00e4tze: Touchscreen-kompatible Finger<\/p>\n<\/li>\n<li class=\"\" data-start=\"2937\" data-end=\"3025\">\n<p class=\"\" data-start=\"2939\" data-end=\"3025\">Ideal f\u00fcr: MTB, Enduro, Cross-Country, Downhill, Trail Riding, Fitness, Freizeitradfahren<\/p>\n<\/li>\n<\/ul>\n<p class=\"\" data-start=\"3027\" data-end=\"3046\"><strong data-start=\"3027\" data-end=\"3044\">Wesentliche Merkmale:<\/strong><\/p>\n<ul data-start=\"3047\" data-end=\"3849\">\n<li class=\"\" data-start=\"3047\" data-end=\"3104\">\n<p class=\"\" data-start=\"3049\" data-end=\"3104\">Leichtes, atmungsaktives Mesh f\u00fcr hervorragende Bel\u00fcftung<\/p>\n<\/li>\n<li class=\"\" data-start=\"3105\" data-end=\"3157\">\n<p class=\"\" data-start=\"3107\" data-end=\"3157\">Verst\u00e4rkte Handfl\u00e4che aus rutschfestem Wildleder f\u00fcr maximale Griffigkeit<\/p>\n<\/li>\n<li class=\"\" data-start=\"3158\" data-end=\"3211\">\n<p class=\"\" data-start=\"3160\" data-end=\"3211\">Vibrationsd\u00e4mpfende Polsterung f\u00fcr Komfort und Schutz<\/p>\n<\/li>\n<li class=\"\" data-start=\"3212\" data-end=\"3255\">\n<p class=\"\" data-start=\"3214\" data-end=\"3255\">Touchscreen-Kompatibilit\u00e4t an den Fingerspitzen<\/p>\n<\/li>\n<li class=\"\" data-start=\"3256\" data-end=\"3312\">\n<p class=\"\" data-start=\"3258\" data-end=\"3312\">Flexibles, leichtes Design f\u00fcr Agilit\u00e4t und Komfort<\/p>\n<\/li>\n<li class=\"\" data-start=\"3313\" data-end=\"3357\">\n<p class=\"\" data-start=\"3315\" data-end=\"3357\">Verstellbares Handgelenkband f\u00fcr perfekten Sitz<\/p>\n<\/li>\n<li class=\"\" data-start=\"3358\" data-end=\"3405\">\n<p class=\"\" data-start=\"3360\" data-end=\"3405\">Schockabsorption in kritischen Druckzonen<\/p>\n<\/li>\n<li class=\"\" data-start=\"3406\" data-end=\"3463\">\n<p class=\"\" data-start=\"3408\" data-end=\"3463\">Elegantes rot-wei\u00df-blaues Design f\u00fcr bessere Sichtbarkeit<\/p>\n<\/li>\n<li class=\"\" data-start=\"3464\" data-end=\"3509\">\n<p class=\"\" data-start=\"3466\" data-end=\"3509\">Langlebige N\u00e4hte und robuste Konstruktion<\/p>\n<\/li>\n<li class=\"\" data-start=\"3510\" data-end=\"3556\">\n<p class=\"\" data-start=\"3512\" data-end=\"3556\">Ideal f\u00fcr Fahrten im Fr\u00fchling, Sommer und Herbst<\/p>\n<\/li>\n<li class=\"\" data-start=\"3557\" data-end=\"3615\">\n<p class=\"\" data-start=\"3559\" data-end=\"3615\">Perfekt f\u00fcr Rennsport und Freizeitradfahren<\/p>\n<\/li>\n<li class=\"\" data-start=\"3616\" data-end=\"3662\">\n<p class=\"\" data-start=\"3618\" data-end=\"3662\">Gebaut, um schwierigem Berggel\u00e4nde zu trotzen<\/p>\n<\/li>\n<li class=\"\" data-start=\"3663\" data-end=\"3727\">\n<p class=\"\" data-start=\"3665\" data-end=\"3727\">Entwickelt, um die Erm\u00fcdung der H\u00e4nde zu verringern und die Ausdauer beim Fahren zu verbessern<\/p>\n<\/li>\n<li class=\"\" data-start=\"3728\" data-end=\"3798\">\n<p class=\"\" data-start=\"3730\" data-end=\"3798\">Geeignet f\u00fcr Anf\u00e4nger, Enthusiasten und professionelle Reiter gleicherma\u00dfen<\/p>\n<\/li>\n<li class=\"\" data-start=\"3799\" data-end=\"3849\">\n<p class=\"\" data-start=\"3801\" data-end=\"3849\">Einfache Pflege: handwaschbar und schnelltrocknend<\/p>\n<\/li>\n<\/ul>\n<p class=\"\" data-start=\"3851\" data-end=\"4023\">Mit den RYINZ Mountainbike-Handschuhen Full Finger bist du bestens ger\u00fcstet f\u00fcr deine n\u00e4chste Tour - dein ultimativer Partner, wenn es darum geht, die h\u00e4rtesten Trails zu bezwingen und auf jedem Kilometer H\u00f6chstleistungen zu erbringen.<\/p>","protected":false},"excerpt":{"rendered":"<p>Erobern Sie jeden Trail mit den RYINZ Mountainbike-Handschuhen Full Finger. Diese Handschuhe wurden f\u00fcr MTB, Enduro, Cross-Country und Downhill entwickelt und verf\u00fcgen \u00fcber atmungsaktives Mesh, rutschfeste Handfl\u00e4chen, sto\u00dfabsorbierende Polsterung und Touchscreen-Kompatibilit\u00e4t. Sie sind leicht, flexibel und strapazierf\u00e4hig und gew\u00e4hrleisten maximale Kontrolle, Komfort und Schutz bei jeder Fahrt. Fahren Sie intelligenter und h\u00e4rter mit den RYINZ-Handschuhen, die f\u00fcr Champions gebaut wurden.<\/p>\n<ul data-start=\"3047\" data-end=\"3849\">\n<li class=\"\" data-start=\"3256\" data-end=\"3312\">\n<p class=\"\" data-start=\"3258\" data-end=\"3312\">Flexibles, leichtes Design f\u00fcr Agilit\u00e4t und Komfort<\/p>\n<\/li>\n<li class=\"\" data-start=\"3313\" data-end=\"3357\">\n<p class=\"\" data-start=\"3315\" data-end=\"3357\">Verstellbares Handgelenkband f\u00fcr perfekten Sitz<\/p>\n<\/li>\n<li class=\"\" data-start=\"3358\" data-end=\"3405\">\n<p class=\"\" data-start=\"3360\" data-end=\"3405\">Schockabsorption in kritischen Druckzonen<\/p>\n<\/li>\n<li class=\"\" data-start=\"3406\" data-end=\"3463\">\n<p class=\"\" data-start=\"3408\" data-end=\"3463\">Elegantes rot-wei\u00df-blaues Design f\u00fcr bessere Sichtbarkeit<\/p>\n<\/li>\n<li class=\"\" data-start=\"3464\" data-end=\"3509\">\n<p class=\"\" data-start=\"3466\" data-end=\"3509\">Langlebige N\u00e4hte und robuste Konstruktion<\/p>\n<\/li>\n<li class=\"\" data-start=\"3510\" data-end=\"3556\">\n<p class=\"\" data-start=\"3512\" data-end=\"3556\">Ideal f\u00fcr Fahrten im Fr\u00fchling, Sommer und Herbst<\/p>\n<\/li>\n<\/ul>","protected":false},"featured_media":8931,"comment_status":"closed","ping_status":"closed","template":"","meta":[],"product_brand":[35],"product_cat":[31,50],"product_tag":[49,34],"class_list":{"0":"post-8899","1":"product","2":"type-product","3":"status-publish","4":"has-post-thumbnail","6":"product_brand-ryinz","7":"product_cat-cycling-mountain-gloves","8":"product_cat-mountain-bike-gloves","9":"product_tag-full-finger-cycling-gloves","10":"product_tag-mountain-bike-gloves","12":"first","13":"instock","14":"sold-individually","15":"taxable","16":"shipping-taxable","17":"purchasable","18":"product-type-simple"},"_links":{"self":[{"href":"https:\/\/ryinz.cz\/velkoobchod\/de\/wp-json\/wp\/v2\/product\/8899","targetHints":{"allow":["GET"]}}],"collection":[{"href":"https:\/\/ryinz.cz\/velkoobchod\/de\/wp-json\/wp\/v2\/product"}],"about":[{"href":"https:\/\/ryinz.cz\/velkoobchod\/de\/wp-json\/wp\/v2\/types\/product"}],"replies":[{"embeddable":true,"href":"https:\/\/ryinz.cz\/velkoobchod\/de\/wp-json\/wp\/v2\/comments?post=8899"}],"wp:featuredmedia":[{"embeddable":true,"href":"https:\/\/ryinz.cz\/velkoobchod\/de\/wp-json\/wp\/v2\/media\/8931"}],"wp:attachment":[{"href":"https:\/\/ryinz.cz\/velkoobchod\/de\/wp-json\/wp\/v2\/media?parent=8899"}],"wp:term":[{"taxonomy":"product_brand","embeddable":true,"href":"https:\/\/ryinz.cz\/velkoobchod\/de\/wp-json\/wp\/v2\/product_brand?post=8899"},{"taxonomy":"product_cat","embeddable":true,"href":"https:\/\/ryinz.cz\/velkoobchod\/de\/wp-json\/wp\/v2\/product_cat?post=8899"},{"taxonomy":"product_tag","embeddable":true,"href":"https:\/\/ryinz.cz\/velkoobchod\/de\/wp-json\/wp\/v2\/product_tag?post=8899"}],"curies":[{"name":"wp","href":"https:\/\/api.w.org\/{rel}","templated":true}]}}