{"id":8897,"date":"2025-06-22T15:21:02","date_gmt":"2025-06-22T15:21:02","guid":{"rendered":"https:\/\/ryinz.cz\/velkoobchod\/?post_type=product&#038;p=8897"},"modified":"2026-01-18T20:16:39","modified_gmt":"2026-01-18T20:16:39","slug":"ryinz-leichte-atmungsaktive-halbe-finger-fahrradhandschuhe-fur-manner-und-frauen-anti-rutsch-gepolstert-sport-fahrradfahren-handschuhe","status":"publish","type":"product","link":"https:\/\/ryinz.cz\/velkoobchod\/de\/product\/ryinz-lightweight-breathable-half-finger-cycling-gloves-for-men-and-women-anti-slip-padded-sport-bike-riding-gloves\/","title":{"rendered":"RYINZ Leichte, atmungsaktive Halbfinger-Radhandschuhe f\u00fcr M\u00e4nner und Frauen - rutschfeste, gepolsterte Sporthandschuhe f\u00fcr Radfahrer"},"content":{"rendered":"<p class=\"\" data-start=\"277\" data-end=\"946\">Erleben Sie un\u00fcbertroffenen Komfort, Leistung und Kontrolle mit den RYINZ Lightweight Breathable Half Finger Cycling Gloves, die f\u00fcr die Bed\u00fcrfnisse aller Radsportler entwickelt wurden, von Gelegenheitsfahrern bis zu ernsthaften Rennfahrern. Diese Handschuhe wurden aus modernsten, leichten Materialien entwickelt und bieten maximale Bel\u00fcftung, damit Ihre H\u00e4nde auch bei den intensivsten Fahrten k\u00fchl und trocken bleiben. Das atmungsaktive Mesh-Gewebe auf dem Handr\u00fccken sorgt f\u00fcr volle Luftzirkulation, w\u00e4hrend die strapazierf\u00e4hige Kunstlederhandfl\u00e4che mit rutschfester Polsterung f\u00fcr verbesserten Grip, Sto\u00dfd\u00e4mpfung und optimale Druckverteilung auf die H\u00e4nde sorgt und so das Risiko von Taubheit und Erm\u00fcdung verringert.<\/p>\n<p class=\"\" data-start=\"949\" data-end=\"1398\">Das ergonomische Design mit halben Fingern erm\u00f6glicht ein nat\u00fcrliches Gef\u00fchl f\u00fcr den Lenker, wodurch Gangwechsel, Bremsen und Kurvenfahrten pr\u00e4ziser und reaktionsschneller werden. Strategisch platzierte Gel-Pads sch\u00fctzen Ihre Handfl\u00e4chen vor Vibrationen und St\u00f6\u00dfen, die durch unebenes Gel\u00e4nde oder lange Fahrten verursacht werden. Verstellbare Handgelenksverschl\u00fcsse sorgen f\u00fcr eine sichere und individuelle Passform, verhindern ein Verrutschen und sorgen daf\u00fcr, dass die Handschuhe fest an ihrem Platz bleiben, egal wie anspruchsvoll die Fahrt wird.<\/p>\n<p class=\"\" data-start=\"1401\" data-end=\"1903\">Die RYINZ Fahrradhandschuhe sind vielseitig einsetzbar und k\u00f6nnen f\u00fcr verschiedene Aktivit\u00e4ten wie Stra\u00dfenradfahren, Mountainbiking (MTB), BMX, Rollerfahren, Fitnesstraining und Outdoor-Workouts verwendet werden. Das stilvolle, moderne Design und die hochwertige Konstruktion machen sie zur perfekten Wahl f\u00fcr M\u00e4nner und Frauen, die hohe Anspr\u00fcche an die Qualit\u00e4t und Leistung ihrer Ausr\u00fcstung stellen. Egal, ob Sie t\u00e4glich pendeln, in der Freizeit fahren oder an Wettk\u00e4mpfen teilnehmen, diese Handschuhe bieten essentiellen Schutz, Komfort und einen professionellen Look.<\/p>\n<p class=\"\" data-start=\"1906\" data-end=\"2296\">Bei RYINZ kommt es auf jedes Detail an. Verst\u00e4rkte N\u00e4hte erh\u00f6hen die Strapazierf\u00e4higkeit und sorgen daf\u00fcr, dass diese Handschuhe einer intensiven Nutzung und harten Fahrbedingungen standhalten. Die praktischen Zuglaschen an den Fingern erm\u00f6glichen ein schnelles und einfaches Ausziehen, ohne die Handschuhe auf links zu drehen. Ein weiches, saugf\u00e4higes Pflaster am Daumen wischt den Schwei\u00df w\u00e4hrend der Fahrt ab und hilft Ihnen, konzentriert und komfortabel zu bleiben.<\/p>\n<p class=\"\" data-start=\"2299\" data-end=\"2566\">Die in verschiedenen Gr\u00f6\u00dfen erh\u00e4ltlichen RYINZ Lightweight Breathable Half Finger Cycling Gloves sind so konzipiert, dass sie perfekt passen und zu verschiedenen Handformen passen. Die schlichte schwarz-graue Farbkombination sorgt f\u00fcr eine universelle Anziehungskraft, die sich nahtlos in jedes Radsport-Outfit einf\u00fcgt.<\/p>\n<p class=\"\" data-start=\"2569\" data-end=\"2982\">Investieren Sie in RYINZ-Handschuhe und heben Sie Ihr Bike-Erlebnis auf ein neues Niveau von Sicherheit, Kontrolle und Komfort. Entwickelt f\u00fcr Langlebigkeit, gestylt f\u00fcr Selbstvertrauen und gebaut f\u00fcr Champions, sind diese Handschuhe der ultimative Fahrradbegleiter, nach dem Sie gesucht haben. Egal, ob du durch die Stra\u00dfen der Stadt f\u00e4hrst, auf der Rennstrecke sprintest oder im Gel\u00e4nde unterwegs bist, die Handschuhe von RYINZ sind dein Ticket zu H\u00f6chstleistungen.<\/p>\n<p class=\"\" data-start=\"2985\" data-end=\"3227\">Verabschieden Sie sich von Blasen, verschwitzten Handfl\u00e4chen und rutschigen Griffen - und begr\u00fc\u00dfen Sie ultimative Kontrolle, hervorragenden Schutz und ein \u00fcberragendes Fahrerlebnis. Vertrauen Sie auf RYINZ, um Ihre H\u00e4nde zu sch\u00fctzen und Ihre Fahrt jeden Kilometer, jeden Tag zu verbessern.<\/p>","protected":false},"excerpt":{"rendered":"<p>Die RYINZ Lightweight Breathable Half Finger Cycling Gloves kombinieren Hochleistungsmaterialien mit ergonomischem Design f\u00fcr eine bessere Fahrt. Mit rutschfesten, gepolsterten Handfl\u00e4chen, atmungsaktivem Netzgewebe und verstellbaren Handgelenksverschl\u00fcssen bieten diese Handschuhe un\u00fcbertroffenen Komfort, Grip und Kontrolle. Sie sind ideal f\u00fcr Rennradfahren, Mountainbiking, Fitnesstraining und mehr und sch\u00fctzen Ihre H\u00e4nde vor Erm\u00fcdung und St\u00f6\u00dfen. Mit Zuglaschen zum einfachen Ausziehen und einem saugf\u00e4higen Daumen zum Abwischen von Schwei\u00df sind die RYINZ-Handschuhe perfekt f\u00fcr Radfahrer, die Wert auf Stil, Komfort und Funktionalit\u00e4t legen. Fahren Sie intelligenter, sicherer und st\u00e4rker mit RYINZ.<\/p>","protected":false},"featured_media":8923,"comment_status":"closed","ping_status":"closed","template":"","meta":[],"product_brand":[35],"product_cat":[31,33],"product_tag":[43,44,45],"class_list":{"0":"post-8897","1":"product","2":"type-product","3":"status-publish","4":"has-post-thumbnail","6":"product_brand-ryinz","7":"product_cat-cycling-mountain-gloves","8":"product_cat-cycling-gloves","9":"product_tag-breathable-lycra-gloves","10":"product_tag-non-slip-silicone-grip","11":"product_tag-performance-cycling-gloves","13":"first","14":"instock","15":"sold-individually","16":"taxable","17":"shipping-taxable","18":"purchasable","19":"product-type-simple"},"_links":{"self":[{"href":"https:\/\/ryinz.cz\/velkoobchod\/de\/wp-json\/wp\/v2\/product\/8897","targetHints":{"allow":["GET"]}}],"collection":[{"href":"https:\/\/ryinz.cz\/velkoobchod\/de\/wp-json\/wp\/v2\/product"}],"about":[{"href":"https:\/\/ryinz.cz\/velkoobchod\/de\/wp-json\/wp\/v2\/types\/product"}],"replies":[{"embeddable":true,"href":"https:\/\/ryinz.cz\/velkoobchod\/de\/wp-json\/wp\/v2\/comments?post=8897"}],"wp:featuredmedia":[{"embeddable":true,"href":"https:\/\/ryinz.cz\/velkoobchod\/de\/wp-json\/wp\/v2\/media\/8923"}],"wp:attachment":[{"href":"https:\/\/ryinz.cz\/velkoobchod\/de\/wp-json\/wp\/v2\/media?parent=8897"}],"wp:term":[{"taxonomy":"product_brand","embeddable":true,"href":"https:\/\/ryinz.cz\/velkoobchod\/de\/wp-json\/wp\/v2\/product_brand?post=8897"},{"taxonomy":"product_cat","embeddable":true,"href":"https:\/\/ryinz.cz\/velkoobchod\/de\/wp-json\/wp\/v2\/product_cat?post=8897"},{"taxonomy":"product_tag","embeddable":true,"href":"https:\/\/ryinz.cz\/velkoobchod\/de\/wp-json\/wp\/v2\/product_tag?post=8897"}],"curies":[{"name":"wp","href":"https:\/\/api.w.org\/{rel}","templated":true}]}}