{"id":8896,"date":"2025-06-22T15:21:02","date_gmt":"2025-06-22T15:21:02","guid":{"rendered":"https:\/\/ryinz.cz\/velkoobchod\/?post_type=product&#038;p=8896"},"modified":"2026-01-18T20:16:39","modified_gmt":"2026-01-18T20:16:39","slug":"ryinz-pro-grip-halbe-finger-radhandschuhe-stosdampfende-anti-rutsch-atmungsaktive-rennradhandschuhe-fur-manner-und-frauen","status":"publish","type":"product","link":"https:\/\/ryinz.cz\/velkoobchod\/de\/product\/ryinz-pro-grip-half-finger-cycling-gloves-shock-absorbing-anti-slip-breathable-racing-bike-gloves-for-men-and-women\/","title":{"rendered":"RYINZ Pro Grip Half Finger Cycling Gloves - sto\u00dfd\u00e4mpfende, rutschfeste, atmungsaktive Rennradhandschuhe f\u00fcr M\u00e4nner und Frauen"},"content":{"rendered":"<p class=\"\" data-start=\"241\" data-end=\"736\">Erleben Sie den ultimativen Komfort und die Kontrolle beim Radfahren mit den RYINZ Pro Grip Half Finger Cycling Gloves. Speziell f\u00fcr Rennradfahrer, Mountainbiker, Pendler und Fitness-Enthusiasten entwickelt, bieten diese Handschuhe \u00fcberlegene Leistung, Haltbarkeit und Stil. Die RYINZ Pro Grip Handschuhe wurden f\u00fcr ernsthafte Fahrer entwickelt und kombinieren modernste Materialien mit einer ergonomischen Passform, um Ihr Fahrerlebnis zu verbessern, Erm\u00fcdung zu reduzieren und die Sicherheit bei jedem Abenteuer zu erh\u00f6hen.<\/p>\n<p class=\"\" data-start=\"738\" data-end=\"1216\">Die Handschuhe bestehen aus hochelastischem, atmungsaktivem Mesh-Gewebe, das eine optimale Luftzirkulation erm\u00f6glicht und selbst bei langen Sommerfahrten \u00dcberhitzung und Schwei\u00dfbildung verhindert. Das Design mit halben Fingern bietet hervorragende Flexibilit\u00e4t und taktile Sensibilit\u00e4t, so dass Sie schalten, bremsen und mobile Ger\u00e4te bedienen k\u00f6nnen, ohne die Handschuhe ausziehen zu m\u00fcssen. Perfekt f\u00fcr Sportler und Gelegenheitsfahrer gleicherma\u00dfen, bieten sie die Freiheit und Geschicklichkeit, die Sie f\u00fcr volle Kontrolle auf der Stra\u00dfe oder auf dem Trail ben\u00f6tigen.<\/p>\n<p class=\"\" data-start=\"1218\" data-end=\"1616\">Das herausragende Merkmal dieser Handschuhe ist die strategisch platzierte sto\u00dfabsorbierende Gel-Polsterung im Handfl\u00e4chenbereich. Es wurde entwickelt, um Vibrationen und St\u00f6\u00dfe auf der Stra\u00dfe zu absorbieren und so die Belastung der H\u00e4nde und Taubheitsgef\u00fchle deutlich zu reduzieren, besonders auf unwegsamem Gel\u00e4nde oder bei langen Fahrten. Egal, ob Sie Rennen oder Touren fahren, die RYINZ Pro Grip Handschuhe sch\u00fctzen Ihre H\u00e4nde, w\u00e4hrend sie ein leichtes, flexibles Gef\u00fchl vermitteln.<\/p>\n<p class=\"\" data-start=\"1618\" data-end=\"2034\">Die Handfl\u00e4chen sind mit rutschfesten, sechseckigen, strukturierten Patches verst\u00e4rkt, die auch bei N\u00e4sse, Schlamm oder Schwei\u00df einen sicheren Halt am Lenker bieten. Diese Handschuhe geben Ihnen das Vertrauen, aggressiv zu fahren und dabei jederzeit die Kontrolle \u00fcber Ihr Fahrrad zu behalten. Der ergonomische Schnitt und die 3D-Konstruktion sorgen f\u00fcr einen passgenauen Sitz, ohne die Bewegungsfreiheit der H\u00e4nde einzuschr\u00e4nken, und verbessern die Man\u00f6vrierf\u00e4higkeit und die Kraft\u00fcbertragung auf den Lenker.<\/p>\n<p class=\"\" data-start=\"2036\" data-end=\"2404\">Zu den weiteren Designmerkmalen geh\u00f6ren einfach zu ziehende Fingerlaschen f\u00fcr ein schnelles Ausziehen, reflektierende Akzente f\u00fcr zus\u00e4tzliche Sicherheit bei schlechten Lichtverh\u00e4ltnissen und ein weicher Mikrofaseraufn\u00e4her am Daumen zum Abwischen von Schwei\u00df bei intensiven Fahrten. Der verstellbare Handgelenksverschluss sorgt f\u00fcr eine individuelle, sichere Passform und verhindert ein Verrutschen der Handschuhe beim Radfahren, Fitness-Workout oder Training im Fitnessstudio.<\/p>\n<p class=\"\" data-start=\"2406\" data-end=\"2841\">Die RYINZ Pro Grip Half Finger Gloves sind in den stylischen Farben Schwarz, Grau und Racing Gold erh\u00e4ltlich und sind ebenso modisch wie funktionell. Ihre strapazierf\u00e4higen N\u00e4hte und hochwertigen Materialien versprechen lang anhaltende Leistung Saison f\u00fcr Saison. Sie eignen sich ideal f\u00fcr den Stra\u00dfenradsport, Mountainbiking, BMX, Schotterfahren, Indoor-Cycling, Spinning-Kurse und sogar f\u00fcr den allgemeinen Gebrauch im Fitnessstudio und sind ein Muss f\u00fcr jeden, der Wert auf Komfort und Leistung legt.<\/p>\n<p class=\"\" data-start=\"2843\" data-end=\"2864\"><strong data-start=\"2843\" data-end=\"2862\">Spezifikationen:<\/strong><\/p>\n<ul data-start=\"2865\" data-end=\"3258\">\n<li class=\"\" data-start=\"2865\" data-end=\"2897\">\n<p class=\"\" data-start=\"2867\" data-end=\"2897\">Geschlecht: Unisex (M\u00e4nner &amp; Frauen)<\/p>\n<\/li>\n<li class=\"\" data-start=\"2898\" data-end=\"2944\">\n<p class=\"\" data-start=\"2900\" data-end=\"2944\">Stil: Halbfinger, Pro Grip Racing Design<\/p>\n<\/li>\n<li class=\"\" data-start=\"2945\" data-end=\"2981\">\n<p class=\"\" data-start=\"2947\" data-end=\"2981\">Farben: Schwarz, Grau, Racing Gold<\/p>\n<\/li>\n<li class=\"\" data-start=\"2982\" data-end=\"3014\">\n<p class=\"\" data-start=\"2984\" data-end=\"3014\">Verf\u00fcgbare Gr\u00f6\u00dfen: S, M, L, XL<\/p>\n<\/li>\n<li class=\"\" data-start=\"3015\" data-end=\"3112\">\n<p class=\"\" data-start=\"3017\" data-end=\"3112\">Materialien: Atmungsaktives Netzgewebe auf der R\u00fcckseite, sto\u00dfabsorbierende Gel-Polsterung, rutschfeste, strukturierte Handfl\u00e4chen<\/p>\n<\/li>\n<li class=\"\" data-start=\"3113\" data-end=\"3160\">\n<p class=\"\" data-start=\"3115\" data-end=\"3160\">Verschluss-Typ: Verstellbares Klettband am Handgelenk<\/p>\n<\/li>\n<li class=\"\" data-start=\"3161\" data-end=\"3258\">\n<p class=\"\" data-start=\"3163\" data-end=\"3258\">Ideal f\u00fcr: Rennradfahren, Mountainbiking, Fitnesstraining, Indoor Cycling, BMX, Scooterfahren<\/p>\n<\/li>\n<\/ul>\n<p class=\"\" data-start=\"3260\" data-end=\"3613\">R\u00fcsten Sie sich mit den RYINZ Pro Grip Half Finger Cycling Gloves aus und fahren Sie mit unvergleichlichem Vertrauen, Komfort und Stil. Egal, ob du Bergpfade bezwingst, \u00fcber Autobahnen sprintest oder durch die Stra\u00dfen der Stadt strampelst, diese Handschuhe wurden entwickelt, um dich bei jeder Bewegung zu unterst\u00fctzen. Fahren Sie schneller, l\u00e4nger und intelligenter mit RYINZ - Ihrem Partner f\u00fcr jeden Kilometer.<\/p>","protected":false},"excerpt":{"rendered":"<p class=\"\" data-start=\"3620\" data-end=\"4068\"><br data-start=\"3665\" data-end=\"3668\" \/>Beherrsche deine Fahrt mit den RYINZ Pro Grip Half Finger Cycling Gloves. Diese Handschuhe wurden f\u00fcr Rennfahrer und Alltagsradler entwickelt und verf\u00fcgen \u00fcber atmungsaktives Mesh-Gewebe, einen rutschfesten sechseckigen Griff, sto\u00dfd\u00e4mpfende Gel-Pads und eine leichte, flexible Konstruktion. Sie eignen sich perfekt f\u00fcr Stra\u00dfen-, MTB-, BMX- und Fitnesstraining und halten Ihre H\u00e4nde k\u00fchl, gesch\u00fctzt und komfortabel. Steigern Sie Ihre Leistung und bleiben Sie stilvoll mit RYINZ.<\/p>\n<p data-start=\"3620\" data-end=\"4068\">Die RYINZ Pro Grip Half Finger Gloves sind in den stylischen Farben Schwarz, Grau und Racing Gold erh\u00e4ltlich und sind ebenso modisch wie funktionell. Ihre strapazierf\u00e4higen N\u00e4hte und hochwertigen Materialien versprechen lang anhaltende Leistung Saison f\u00fcr Saison. Sie eignen sich ideal f\u00fcr den Stra\u00dfenradsport, Mountainbiking, BMX, Schotterfahren, Indoor-Cycling, Spinning-Kurse und sogar f\u00fcr den allgemeinen Gebrauch im Fitnessstudio und sind ein Muss f\u00fcr jeden, der Wert auf Komfort und Leistung legt.<\/p>","protected":false},"featured_media":8926,"comment_status":"closed","ping_status":"closed","template":"","meta":[],"product_brand":[35],"product_cat":[31,33],"product_tag":[36,37,40],"class_list":{"0":"post-8896","1":"product","2":"type-product","3":"status-publish","4":"has-post-thumbnail","6":"product_brand-ryinz","7":"product_cat-cycling-mountain-gloves","8":"product_cat-cycling-gloves","9":"product_tag-cycling-gloves","10":"product_tag-half-finger-gloves","11":"product_tag-performance-cycling-gear","13":"first","14":"instock","15":"taxable","16":"shipping-taxable","17":"purchasable","18":"product-type-simple"},"_links":{"self":[{"href":"https:\/\/ryinz.cz\/velkoobchod\/de\/wp-json\/wp\/v2\/product\/8896","targetHints":{"allow":["GET"]}}],"collection":[{"href":"https:\/\/ryinz.cz\/velkoobchod\/de\/wp-json\/wp\/v2\/product"}],"about":[{"href":"https:\/\/ryinz.cz\/velkoobchod\/de\/wp-json\/wp\/v2\/types\/product"}],"replies":[{"embeddable":true,"href":"https:\/\/ryinz.cz\/velkoobchod\/de\/wp-json\/wp\/v2\/comments?post=8896"}],"wp:featuredmedia":[{"embeddable":true,"href":"https:\/\/ryinz.cz\/velkoobchod\/de\/wp-json\/wp\/v2\/media\/8926"}],"wp:attachment":[{"href":"https:\/\/ryinz.cz\/velkoobchod\/de\/wp-json\/wp\/v2\/media?parent=8896"}],"wp:term":[{"taxonomy":"product_brand","embeddable":true,"href":"https:\/\/ryinz.cz\/velkoobchod\/de\/wp-json\/wp\/v2\/product_brand?post=8896"},{"taxonomy":"product_cat","embeddable":true,"href":"https:\/\/ryinz.cz\/velkoobchod\/de\/wp-json\/wp\/v2\/product_cat?post=8896"},{"taxonomy":"product_tag","embeddable":true,"href":"https:\/\/ryinz.cz\/velkoobchod\/de\/wp-json\/wp\/v2\/product_tag?post=8896"}],"curies":[{"name":"wp","href":"https:\/\/api.w.org\/{rel}","templated":true}]}}