{"id":8895,"date":"2025-06-22T15:21:02","date_gmt":"2025-06-22T15:21:02","guid":{"rendered":"https:\/\/ryinz.cz\/velkoobchod\/?post_type=product&#038;p=8895"},"modified":"2026-01-18T20:16:38","modified_gmt":"2026-01-18T20:16:38","slug":"ryinz-ultra-grip-halbe-finger-fahrradhandschuhe-fur-manner-frauen-atmungsaktiv-gepolstert-fahrradhandschuhe-fur-strase-mtb-fitness-spin-training","status":"publish","type":"product","link":"https:\/\/ryinz.cz\/velkoobchod\/de\/product\/ryinz-ultra-grip-half-finger-cycling-gloves-for-men-women-breathable-padded-bicycle-gloves-for-road-mtb-fitness-spin-training\/","title":{"rendered":"RYINZ Ultra Grip Half-Finger Cycling Gloves f\u00fcr M\u00e4nner &amp; Frauen - Atmungsaktive, gepolsterte Fahrradhandschuhe f\u00fcr Stra\u00dfe, MTB, Fitness &amp; Spin Training"},"content":{"rendered":"<p>RYINZ Ultra Grip Half-Finger Cycling Gloves sind die ultimative L\u00f6sung f\u00fcr Radfahrer, die Atmungsaktivit\u00e4t, Komfort und Kontrolle suchen. Gefertigt aus hochwertigen, leichten Materialien, sind diese Handschuhe so konzipiert, dass sie die Erm\u00fcdung der H\u00e4nde reduzieren, St\u00f6\u00dfe absorbieren und einen hervorragenden Grip bei intensiven Fahrten bieten. Das Halbfinger-Design sorgt f\u00fcr maximale Fingerbeweglichkeit und Bel\u00fcftung und ist damit ideal f\u00fcr den Sommer, Mountainbiking, Stra\u00dfenrennen und Indoor-Spin-Training. Die verstellbaren Riemen am Handgelenk sorgen f\u00fcr einen sicheren Sitz, w\u00e4hrend die gelgepolsterte Innenhand Vibrationen absorbiert und vor Blasenbildung sch\u00fctzt. Die ergonomische Konstruktion folgt den nat\u00fcrlichen Konturen Ihrer Hand und sorgt f\u00fcr eine perfekte, flexible Passform. Egal, ob Sie steile H\u00fcgel erklimmen, durch unwegsames Gel\u00e4nde man\u00f6vrieren oder eine entspannte Fahrt genie\u00dfen, die Handschuhe von RYINZ bieten Leistung, Haltbarkeit und Stil. Diese Handschuhe verf\u00fcgen au\u00dferdem \u00fcber rutschfeste Silikongriffe, die ein Abrutschen der Hand verhindern, selbst bei schwei\u00dftreibenden Fahrten. Mit verst\u00e4rkten N\u00e4hten und atmungsaktivem Mesh-Gewebe bieten sie sowohl Amateuren als auch professionellen Radfahrern eine lange Lebensdauer. Diese Radhandschuhe sind f\u00fcr M\u00e4nner und Frauen gleicherma\u00dfen geeignet und in verschiedenen Gr\u00f6\u00dfen erh\u00e4ltlich, damit sie zu jeder Hand passen. Die Zuglaschen an den Fingern erm\u00f6glichen ein schnelles und einfaches Ausziehen nach der Fahrt. Verwenden Sie sie f\u00fcr Spinning-Kurse, Radfahren im Freien oder Cross-Training. RYINZ-Handschuhe sind maschinenwaschbar und schnelltrocknend, was die Pflege m\u00fchelos macht. Der flexible Klettverschluss erm\u00f6glicht eine einfache Anpassung, so dass kein Druck auf das Handgelenk entsteht. Sie sind auf Sicherheit ausgelegt, verringern das Verletzungsrisiko und erm\u00f6glichen auch bei langen Fahrten ein komfortables Fahren. Das markante RYINZ-Logo sorgt f\u00fcr einen Hauch von Branding und Leistungsvertrauen. Diese von echten Fahrern getesteten Handschuhe erf\u00fcllen hohe Anforderungen an Grip, Schwei\u00dfresistenz und Komfort. Sie sind nicht nur funktional, sondern auch modisch, mit einem eleganten schwarzen Design, das durch reflektierende Details f\u00fcr bessere Sichtbarkeit akzentuiert wird. Diese Handschuhe eignen sich f\u00fcr alle Leistungsklassen - vom t\u00e4glichen Pendler bis zum Langstrecken-Rennfahrer. Das atmungsaktive Lycra-Obermaterial sorgt f\u00fcr eine gleichm\u00e4\u00dfige Luftzirkulation und sch\u00fctzt vor \u00dcberhitzung. Die Handfl\u00e4chenpolsterung reduziert Vibrationen auf der Stra\u00dfe und die Belastung der Handgelenke. Die RYINZ Halbfingerhandschuhe wurden in Zusammenarbeit mit Fitnessexperten und Radfahrern entwickelt und sind ein Muss f\u00fcr jede Radausr\u00fcstung. Wenn Sie Wert auf Leistung und Wertigkeit legen, ist dieses Produkt genau das Richtige f\u00fcr Sie. Die Comfort-Fit-Technologie sorgt daf\u00fcr, dass sich die Handschuhe im Laufe der Zeit an Ihre Hand anpassen und ein individuelles Gef\u00fchl vermitteln. Sie k\u00f6nnen sich auf sie beim Triathlon-Training, beim Ausdauertraining und bei vielen anderen Gelegenheiten verlassen. Dank ihrer kompakten, faltbaren Form lassen sie sich leicht verstauen und in jeder Fahrradtasche mitf\u00fchren. Diese Handschuhe haben Haltbarkeitstests, Abnutzungs- und Verschlei\u00dftests sowie Grip-Tests bestanden. Egal, ob Sie im Fitnessstudio oder auf einem Schotterweg unterwegs sind, sie zeichnen sich aus. RYINZ ist f\u00fchrend in der Herstellung von Handschuhen und stellt sicher, dass jedes Produkt ein Gleichgewicht zwischen Funktion und modernem Design bietet. Unsere Radhandschuhe sind auch mit Touchscreen-Navigation kompatibel, damit Sie unterwegs schnell Ihr Handy bedienen k\u00f6nnen. Steigern Sie Ihre Leistung mit Handschuhen, die von Athleten f\u00fcr Athleten entwickelt wurden.<\/p>","protected":false},"excerpt":{"rendered":"<p>Dank ihrer kompakten, faltbaren Form lassen sie sich leicht verstauen und in jeder Fahrradtasche mitf\u00fchren. Diese Handschuhe haben Haltbarkeitstests, Verschlei\u00dftests und Grip-Ausdauerpr\u00fcfungen bestanden. Egal, ob Sie im Fitnessstudio oder auf einem Schotterweg unterwegs sind, sie zeichnen sich aus. RYINZ ist f\u00fchrend in der Herstellung von Handschuhen und stellt sicher, dass jedes Produkt ein ausgewogenes Verh\u00e4ltnis zwischen Funktion und modernem Styling aufweist. Unsere Radhandschuhe sind auch mit Touchscreen-Navigation kompatibel, damit Sie unterwegs schnell Ihr Handy bedienen k\u00f6nnen. Steigern Sie Ihre Leistung mit Handschuhen, die von Athleten f\u00fcr Athleten entwickelt wurden.<\/p>","protected":false},"featured_media":8930,"comment_status":"closed","ping_status":"closed","template":"","meta":[],"product_brand":[35],"product_cat":[31,33],"product_tag":[40,42],"class_list":{"0":"post-8895","1":"product","2":"type-product","3":"status-publish","4":"has-post-thumbnail","6":"product_brand-ryinz","7":"product_cat-cycling-mountain-gloves","8":"product_cat-cycling-gloves","9":"product_tag-performance-cycling-gear","10":"product_tag-shock-absorbing-gloves","12":"first","13":"instock","14":"taxable","15":"shipping-taxable","16":"purchasable","17":"product-type-simple"},"_links":{"self":[{"href":"https:\/\/ryinz.cz\/velkoobchod\/de\/wp-json\/wp\/v2\/product\/8895","targetHints":{"allow":["GET"]}}],"collection":[{"href":"https:\/\/ryinz.cz\/velkoobchod\/de\/wp-json\/wp\/v2\/product"}],"about":[{"href":"https:\/\/ryinz.cz\/velkoobchod\/de\/wp-json\/wp\/v2\/types\/product"}],"replies":[{"embeddable":true,"href":"https:\/\/ryinz.cz\/velkoobchod\/de\/wp-json\/wp\/v2\/comments?post=8895"}],"wp:featuredmedia":[{"embeddable":true,"href":"https:\/\/ryinz.cz\/velkoobchod\/de\/wp-json\/wp\/v2\/media\/8930"}],"wp:attachment":[{"href":"https:\/\/ryinz.cz\/velkoobchod\/de\/wp-json\/wp\/v2\/media?parent=8895"}],"wp:term":[{"taxonomy":"product_brand","embeddable":true,"href":"https:\/\/ryinz.cz\/velkoobchod\/de\/wp-json\/wp\/v2\/product_brand?post=8895"},{"taxonomy":"product_cat","embeddable":true,"href":"https:\/\/ryinz.cz\/velkoobchod\/de\/wp-json\/wp\/v2\/product_cat?post=8895"},{"taxonomy":"product_tag","embeddable":true,"href":"https:\/\/ryinz.cz\/velkoobchod\/de\/wp-json\/wp\/v2\/product_tag?post=8895"}],"curies":[{"name":"wp","href":"https:\/\/api.w.org\/{rel}","templated":true}]}}