{"id":8894,"date":"2025-06-22T15:21:01","date_gmt":"2025-06-22T15:21:01","guid":{"rendered":"https:\/\/ryinz.cz\/velkoobchod\/?post_type=product&#038;p=8894"},"modified":"2026-01-18T20:16:38","modified_gmt":"2026-01-18T20:16:38","slug":"ryinz-zebra-print-fahrradhandschuhe-halbe-finger-gepolsterte-handschuhe-fur-radfahren-spinning-fitnessstudio-und-fitness-atmungsaktiv-und-stilvoll","status":"publish","type":"product","link":"https:\/\/ryinz.cz\/velkoobchod\/de\/product\/ryinz-zebra-print-cycling-gloves-half-finger-padded-gloves-for-biking-spinning-gym-and-fitness-breathable-and-stylish\/","title":{"rendered":"RYINZ Zebra Print Cycling Gloves - Halbfinger gepolsterte Handschuhe f\u00fcr Radfahren, Spinning, Gym, und Fitness - Atmungsaktiv und stilvoll"},"content":{"rendered":"<p>Entfessle deine wilde Seite mit den RYINZ Zebra Print Radhandschuhen, die einen gewagten Stil mit unschlagbarer Leistung kombinieren. Egal, ob du durch die Stra\u00dfen der Stadt rennst, raue Bergpfade erkundest oder dich durch eine intensive Indoor-Cycling-Session qu\u00e4lst, diese Handschuhe bieten eine perfekte Mischung aus Komfort, Kontrolle und Pers\u00f6nlichkeit. Ideal f\u00fcr Radsportler, die sich von der Masse abheben und gleichzeitig gesch\u00fctzt sein wollen, um ihr Bestes zu geben.<\/p>\n<p>Die RYINZ Zebra Print Cycling Gloves sind aus hochelastischen, atmungsaktiven Materialien gefertigt und halten deine H\u00e4nde k\u00fchl und trocken, egal wie hart du f\u00e4hrst. Das feuchtigkeitsableitende Material auf der R\u00fcckseite sorgt f\u00fcr eine gute Bel\u00fcftung, reduziert die Schwei\u00dfbildung und verhindert \u00dcberhitzung bei hei\u00dfen Sommerfahrten. Das Design mit halben Fingern verbessert die Flexibilit\u00e4t und bietet taktile Kontrolle, so dass Sie einfach schalten, bremsen und Ihr Smartphone benutzen k\u00f6nnen, ohne die Handschuhe ausziehen zu m\u00fcssen.<\/p>\n<p>Strategisch platzierte, gelgepolsterte Handfl\u00e4chen absorbieren St\u00f6\u00dfe und Vibrationen in unwegsamem Gel\u00e4nde und sorgen daf\u00fcr, dass Ihre H\u00e4nde auch bei langen Fahrten entspannt bleiben und nicht erm\u00fcden. Der Handfl\u00e4chenbereich ist mit langlebigen Anti-Rutsch-Texturen ausgestattet, die bei allen Wetterbedingungen - Regen, Schlamm oder Schwei\u00df - einen sicheren Griff am Lenker gew\u00e4hrleisten. Die verst\u00e4rkten N\u00e4hte sorgen daf\u00fcr, dass diese Handschuhe den Anforderungen harter Fahrten standhalten, Saison f\u00fcr Saison.<\/p>\n<p>Neben dem Radsport sind diese Handschuhe auch vielseitig genug f\u00fcr Fitnesstraining, Gewichtheben, Spinning und allgemeines Training im Fitnessstudio. Ihre eng anliegende, ergonomische Passform minimiert die Reibung, reduziert das Risiko von Blasen und verbessert die allgemeine Fahrleistung. Ein einfaches Zuglaschen-System erm\u00f6glicht ein schnelles Ausziehen nach einer langen Fahrt, w\u00e4hrend der verstellbare Klettverschluss f\u00fcr eine individuelle, sichere Passform sorgt, die an Ort und Stelle bleibt, ohne die Bewegung des Handgelenks einzuschr\u00e4nken.<\/p>\n<p>Das kultige schwarz-wei\u00dfe Zebramuster verleiht deinem Radsport-Outfit nicht nur einen stylischen Touch, sondern auch ein einzigartiges Flair, das dich auf dem Trail, der Strecke oder im Fitnessstudio von anderen unterscheidet. Egal, ob du ein Rennfahrer, ein Pendler oder ein Fitness-Enthusiast bist, die RYINZ Zebra Print Cycling Gloves sind die ultimative Wahl f\u00fcr \u00fcberlegenen Handschutz, au\u00dfergew\u00f6hnlichen Komfort und auff\u00e4lligen Stil.<\/p>\n<p>Spezifikationen:<\/p>\n<p>Geschlecht: Unisex (M\u00e4nner &amp; Frauen)<\/p>\n<p>Stil: Halber Finger, gepolsterte Handfl\u00e4che, Zebradruck-Design<\/p>\n<p>Farben: Schwarzes und wei\u00dfes Zebramuster<\/p>\n<p>Verf\u00fcgbare Gr\u00f6\u00dfen: S, M, L, XL<\/p>\n<p>Materialien: Atmungsaktives Stretchgewebe, gelgepolsterte Handfl\u00e4chen, rutschfester, strukturierter Griff<\/p>\n<p>Verschluss-Typ: Verstellbares Klettband am Handgelenk<\/p>\n<p>Ideal f\u00fcr: Rennradfahren, Mountainbiking, Fitnesstraining, Indoor-Cycling, Spinning, Fitnessstudio-Training<\/p>\n<p>Merkmale:<\/p>\n<p>Auff\u00e4lliges Zebradruck-Design<\/p>\n<p>Atmungsaktives und feuchtigkeitstransportierendes R\u00fcckengewebe<\/p>\n<p>Sto\u00dfd\u00e4mpfende Gel-Handfl\u00e4chenpolsterung<\/p>\n<p>Anti-Rutsch-Griff f\u00fcr sichere Handhabung<\/p>\n<p>Leicht und flexibel f\u00fcr maximale Fingerfertigkeit<\/p>\n<p>Leicht abziehbare Laschen f\u00fcr mehr Komfort<\/p>\n<p>Verstellbares Handgelenkband f\u00fcr einen sicheren Sitz<\/p>\n<p>Strapazierf\u00e4hige N\u00e4hte f\u00fcr lang anhaltenden Tragekomfort<\/p>\n<p>R\u00fcsten Sie sich mit den RYINZ Zebra Print Cycling Gloves aus und werten Sie jede Fahrt oder Trainingseinheit auf. Mit unvergleichlichem Komfort, Schutz und auff\u00e4lligem Design halten diese Handschuhe deine H\u00e4nde sicher und stilvoll, Fahrt f\u00fcr Fahrt, Meile f\u00fcr Meile.<\/p>","protected":false},"excerpt":{"rendered":"<p>R\u00fcsten Sie sich mit den RYINZ Zebra Print Cycling Gloves aus und werten Sie jede Fahrt oder Trainingseinheit auf. Mit unvergleichlichem Komfort, Schutz und auff\u00e4lligem Design halten diese Handschuhe deine H\u00e4nde sicher und stilvoll, Fahrt f\u00fcr Fahrt, Meile f\u00fcr Meile.<\/p>\n<p>Fahren Sie mit Stil und Selbstvertrauen mit den RYINZ Zebra Print Cycling Gloves. Mit atmungsaktivem, feuchtigkeitsableitendem Material, sto\u00dfabsorbierenden Gel-Pads und einem sicheren Anti-Rutsch-Griff bieten diese Halbfinger-Handschuhe den ganzen Tag \u00fcber Komfort und Kontrolle. Das auff\u00e4llige Zebradesign sorgt daf\u00fcr, dass du bei jeder Fahrt auff\u00e4llst - perfekt f\u00fcr Rennradfahren, Mountainbiking, Fitnesstraining und Workouts im Fitnessstudio.<\/p>","protected":false},"featured_media":8922,"comment_status":"closed","ping_status":"closed","template":"","meta":[],"product_brand":[35],"product_cat":[31,33],"product_tag":[36,37,41],"class_list":{"0":"post-8894","1":"product","2":"type-product","3":"status-publish","4":"has-post-thumbnail","6":"product_brand-ryinz","7":"product_cat-cycling-mountain-gloves","8":"product_cat-cycling-gloves","9":"product_tag-cycling-gloves","10":"product_tag-half-finger-gloves","11":"product_tag-lightweight-gloves","13":"first","14":"instock","15":"taxable","16":"shipping-taxable","17":"purchasable","18":"product-type-simple"},"_links":{"self":[{"href":"https:\/\/ryinz.cz\/velkoobchod\/de\/wp-json\/wp\/v2\/product\/8894","targetHints":{"allow":["GET"]}}],"collection":[{"href":"https:\/\/ryinz.cz\/velkoobchod\/de\/wp-json\/wp\/v2\/product"}],"about":[{"href":"https:\/\/ryinz.cz\/velkoobchod\/de\/wp-json\/wp\/v2\/types\/product"}],"replies":[{"embeddable":true,"href":"https:\/\/ryinz.cz\/velkoobchod\/de\/wp-json\/wp\/v2\/comments?post=8894"}],"wp:featuredmedia":[{"embeddable":true,"href":"https:\/\/ryinz.cz\/velkoobchod\/de\/wp-json\/wp\/v2\/media\/8922"}],"wp:attachment":[{"href":"https:\/\/ryinz.cz\/velkoobchod\/de\/wp-json\/wp\/v2\/media?parent=8894"}],"wp:term":[{"taxonomy":"product_brand","embeddable":true,"href":"https:\/\/ryinz.cz\/velkoobchod\/de\/wp-json\/wp\/v2\/product_brand?post=8894"},{"taxonomy":"product_cat","embeddable":true,"href":"https:\/\/ryinz.cz\/velkoobchod\/de\/wp-json\/wp\/v2\/product_cat?post=8894"},{"taxonomy":"product_tag","embeddable":true,"href":"https:\/\/ryinz.cz\/velkoobchod\/de\/wp-json\/wp\/v2\/product_tag?post=8894"}],"curies":[{"name":"wp","href":"https:\/\/api.w.org\/{rel}","templated":true}]}}