{"id":8893,"date":"2025-06-22T15:21:01","date_gmt":"2025-06-22T15:21:01","guid":{"rendered":"https:\/\/ryinz.cz\/velkoobchod\/?post_type=product&#038;p=8893"},"modified":"2026-01-18T20:16:37","modified_gmt":"2026-01-18T20:16:37","slug":"ryinz-ultraleichte-atmungsaktive-halbe-finger-fahrradhandschuhe-anti-rutsch-stosdampfende-sommer-fahrradhandschuhe-fur-manner-und-frauen","status":"publish","type":"product","link":"https:\/\/ryinz.cz\/velkoobchod\/de\/product\/ryinz-ultra-light-breathable-half-finger-cycling-gloves-anti-slip-shock-absorbing-summer-bike-gloves-for-men-and-women\/","title":{"rendered":"RYINZ Ultraleichte, atmungsaktive Halbfinger-Radhandschuhe - Anti-Rutsch, sto\u00dfd\u00e4mpfend, Sommer-Radhandschuhe f\u00fcr M\u00e4nner und Frauen"},"content":{"rendered":"<p class=\"\" data-start=\"284\" data-end=\"797\">Die RYINZ Ultra-Light Breathable Half Finger Cycling Gloves sind Ihr ultimativer Begleiter f\u00fcr alle Bike-Abenteuer! Diese Handschuhe wurden mit Pr\u00e4zision f\u00fcr M\u00e4nner und Frauen entwickelt, die \u00fcberragenden Komfort, Strapazierf\u00e4higkeit und Leistung verlangen, und kombinieren Stil und Technologie, um ein unvergleichliches Fahrerlebnis zu bieten. Egal, ob Sie auf Bergpfaden unterwegs sind, Rennen auf Autobahnen fahren oder durch die Stadt pendeln, diese Handschuhe bieten die perfekte Mischung aus Schutz, Atmungsaktivit\u00e4t und Grip.<\/p>\n<p class=\"\" data-start=\"799\" data-end=\"1183\">Die aus hochwertigem, leichtem Mesh-Gewebe gefertigten Handschuhe bieten eine hervorragende Bel\u00fcftung, damit Ihre H\u00e4nde auch an den hei\u00dfesten Tagen k\u00fchl und trocken bleiben. Das Design mit halben Fingern sorgt f\u00fcr maximale Fingerbeweglichkeit, sodass Sie Schaltung, Bremsen und Smartphone bedienen k\u00f6nnen, ohne die Handschuhe ausziehen zu m\u00fcssen. Ihre atmungsaktive Struktur reduziert die Schwei\u00dfbildung und verhindert so Unbehagen bei langen Fahrten.<\/p>\n<p class=\"\" data-start=\"1185\" data-end=\"1468\">Die Handfl\u00e4che ist mit sto\u00dfabsorbierendem, gepolstertem Schaumstoff ausgestattet, der strategisch platziert ist, um Vibrationen zu minimieren und Ihre H\u00e4nde bei langen Radfahrsessions zu sch\u00fctzen. Diese Handschuhe wurden f\u00fcr die Bew\u00e4ltigung von unwegsamem Gel\u00e4nde und st\u00e4dtischen Strecken entwickelt und verringern Taubheitsgef\u00fchle und Erm\u00fcdung der H\u00e4nde, was sowohl die Sicherheit als auch die Ausdauer verbessert.<\/p>\n<p class=\"\" data-start=\"1470\" data-end=\"1840\">Die Handfl\u00e4chen sind mit strapazierf\u00e4higem, rutschfestem Kunstleder verst\u00e4rkt und bieten bei allen Wetterbedingungen einen sicheren Halt. Egal, ob Sie durch Regen, auf schlammigen Wegen oder auf trockenen B\u00fcrgersteigen radeln, die RYINZ-Handschuhe halten Ihre H\u00e4nde sicher am Lenker. Die ergonomischen N\u00e4hte passen sich der nat\u00fcrlichen Form Ihrer Hand an und sorgen f\u00fcr eine gute Passform, die die Kontrolle und Man\u00f6vrierf\u00e4higkeit verbessert.<\/p>\n<p class=\"\" data-start=\"1842\" data-end=\"2164\">Die Schnellzuglaschen an den Fingern erm\u00f6glichen ein einfaches und schnelles Ausziehen nach intensiven Fahrten, w\u00e4hrend das verstellbare Handgelenkband mit Klettverschluss eine individuelle Passform f\u00fcr alle Handgelenkgr\u00f6\u00dfen gew\u00e4hrleistet. Doppelte N\u00e4hte in stark beanspruchten Bereichen erh\u00f6hen die Lebensdauer der Handschuhe und machen sie zu einer zuverl\u00e4ssigen Investition f\u00fcr ambitionierte Fahrer und Gelegenheitsfahrer gleicherma\u00dfen.<\/p>\n<p class=\"\" data-start=\"2166\" data-end=\"2490\">Neben dem Radfahren k\u00f6nnen diese vielseitigen Handschuhe auch f\u00fcr Fitnessaktivit\u00e4ten wie Gewichtheben, Spinning-Kurse, Ruderger\u00e4te und allgemeine Outdoor-Sportarten verwendet werden. Die stylische Farbkombination aus Schwarz, Wei\u00df und Kaffee sorgt f\u00fcr einen trendigen, sportlichen Look, der perfekt zu einer Vielzahl von Fahrrad- und Fitnessstudio-Outfits passt.<\/p>\n<p class=\"\" data-start=\"2492\" data-end=\"2513\"><strong data-start=\"2492\" data-end=\"2511\">Spezifikationen:<\/strong><\/p>\n<ul data-start=\"2514\" data-end=\"2883\">\n<li class=\"\" data-start=\"2514\" data-end=\"2546\">\n<p class=\"\" data-start=\"2516\" data-end=\"2546\">Geschlecht: Unisex (M\u00e4nner &amp; Frauen)<\/p>\n<\/li>\n<li class=\"\" data-start=\"2547\" data-end=\"2569\">\n<p class=\"\" data-start=\"2549\" data-end=\"2569\">Stil: Halber Finger<\/p>\n<\/li>\n<li class=\"\" data-start=\"2570\" data-end=\"2602\">\n<p class=\"\" data-start=\"2572\" data-end=\"2602\">Farben: Schwarz, Wei\u00df, Kaffee<\/p>\n<\/li>\n<li class=\"\" data-start=\"2603\" data-end=\"2635\">\n<p class=\"\" data-start=\"2605\" data-end=\"2635\">Verf\u00fcgbare Gr\u00f6\u00dfen: S, M, L, XL<\/p>\n<\/li>\n<li class=\"\" data-start=\"2636\" data-end=\"2726\">\n<p class=\"\" data-start=\"2638\" data-end=\"2726\">Materialien: Atmungsaktiver Netzr\u00fccken, rutschfeste Kunstlederhandfl\u00e4che, gepolsterte Schaumstoffeins\u00e4tze<\/p>\n<\/li>\n<li class=\"\" data-start=\"2727\" data-end=\"2763\">\n<p class=\"\" data-start=\"2729\" data-end=\"2763\">Verschluss: Verstellbarer Klettverschluss<\/p>\n<\/li>\n<li class=\"\" data-start=\"2764\" data-end=\"2883\">\n<p class=\"\" data-start=\"2766\" data-end=\"2883\">Ideal f\u00fcr: Rennradfahren, MTB, Touren, Fitnessstudio, Krafttraining, Indoor Cycling, Rollerfahren, Adventure Biking<\/p>\n<\/li>\n<\/ul>\n<p class=\"\" data-start=\"2885\" data-end=\"3178\">Wenn Sie auf der Suche nach Komfort, Schutz und einem modischen Vorteil in einem Paar Handschuhe sind, sind die RYINZ Ultra-Light Breathable Half Finger Cycling Gloves Ihre erste Wahl. Entwickelt f\u00fcr Leistung, gebaut f\u00fcr Ausdauer und gefertigt f\u00fcr allt\u00e4gliche Champions - fahren Sie intelligenter, fahren Sie weiter, fahren Sie mit RYINZ.<\/p>","protected":false},"excerpt":{"rendered":"<p class=\"\" data-start=\"3185\" data-end=\"3740\"><br data-start=\"3230\" data-end=\"3233\" \/>Mit den ultraleichten, atmungsaktiven Halbfinger-Radhandschuhen von RYINZ bleiben Sie k\u00fchl, komfortabel und haben die Kontrolle. Diese Handschuhe sind perfekt f\u00fcr Fahrten im Sommer, Workouts im Fitnessstudio und Outdoor-Abenteuer. Sie verf\u00fcgen \u00fcber atmungsaktives Mesh-Gewebe, eine sto\u00dfabsorbierende Handfl\u00e4chenpolsterung und rutschfesten Griff. Das stilvolle Farbschema in Schwarz, Wei\u00df und Kaffee passt zu jeder Ausr\u00fcstung. Sie wurden sowohl f\u00fcr M\u00e4nner als auch f\u00fcr Frauen entwickelt und bieten optimale Flexibilit\u00e4t, hervorragenden Grip und verbesserte Haltbarkeit. Steigern Sie Ihre Leistung und erleben Sie ultimativen Komfort mit RYINZ.<\/p>","protected":false},"featured_media":8928,"comment_status":"closed","ping_status":"closed","template":"","meta":[],"product_brand":[35],"product_cat":[31,33],"product_tag":[40,39],"class_list":{"0":"post-8893","1":"product","2":"type-product","3":"status-publish","4":"has-post-thumbnail","6":"product_brand-ryinz","7":"product_cat-cycling-mountain-gloves","8":"product_cat-cycling-gloves","9":"product_tag-performance-cycling-gear","10":"product_tag-sport-gloves","12":"first","13":"instock","14":"taxable","15":"shipping-taxable","16":"purchasable","17":"product-type-simple"},"_links":{"self":[{"href":"https:\/\/ryinz.cz\/velkoobchod\/de\/wp-json\/wp\/v2\/product\/8893","targetHints":{"allow":["GET"]}}],"collection":[{"href":"https:\/\/ryinz.cz\/velkoobchod\/de\/wp-json\/wp\/v2\/product"}],"about":[{"href":"https:\/\/ryinz.cz\/velkoobchod\/de\/wp-json\/wp\/v2\/types\/product"}],"replies":[{"embeddable":true,"href":"https:\/\/ryinz.cz\/velkoobchod\/de\/wp-json\/wp\/v2\/comments?post=8893"}],"wp:featuredmedia":[{"embeddable":true,"href":"https:\/\/ryinz.cz\/velkoobchod\/de\/wp-json\/wp\/v2\/media\/8928"}],"wp:attachment":[{"href":"https:\/\/ryinz.cz\/velkoobchod\/de\/wp-json\/wp\/v2\/media?parent=8893"}],"wp:term":[{"taxonomy":"product_brand","embeddable":true,"href":"https:\/\/ryinz.cz\/velkoobchod\/de\/wp-json\/wp\/v2\/product_brand?post=8893"},{"taxonomy":"product_cat","embeddable":true,"href":"https:\/\/ryinz.cz\/velkoobchod\/de\/wp-json\/wp\/v2\/product_cat?post=8893"},{"taxonomy":"product_tag","embeddable":true,"href":"https:\/\/ryinz.cz\/velkoobchod\/de\/wp-json\/wp\/v2\/product_tag?post=8893"}],"curies":[{"name":"wp","href":"https:\/\/api.w.org\/{rel}","templated":true}]}}