{"id":8892,"date":"2025-06-22T15:21:01","date_gmt":"2025-06-22T15:21:01","guid":{"rendered":"https:\/\/ryinz.cz\/velkoobchod\/?post_type=product&#038;p=8892"},"modified":"2026-01-18T20:16:36","modified_gmt":"2026-01-18T20:16:36","slug":"ryinz-rosa-halbe-finger-fahrradhandschuhe-atmungsaktiv-leicht-gepolsterte-fahrradhandschuhe-fur-frauen-und-manner-stosdampfenden-komfort","status":"publish","type":"product","link":"https:\/\/ryinz.cz\/velkoobchod\/de\/product\/ryinz-pink-half-finger-cycling-gloves-breathable-lightweight-padded-bike-gloves-for-women-and-men-shock-absorbing-comfort\/","title":{"rendered":"RYINZ Pink Half Finger Cycling Gloves - Atmungsaktive, leichte, gepolsterte Fahrradhandschuhe f\u00fcr Frauen und M\u00e4nner, sto\u00dfabsorbierender Komfort"},"content":{"rendered":"<p class=\"\" data-start=\"262\" data-end=\"748\">Die RYINZ Pink Half Finger Cycling Gloves sind eine perfekte Kombination aus Leistung, Komfort und auff\u00e4lligem Stil. Diese Handschuhe wurden speziell f\u00fcr Fahrer entwickelt, die Wert auf Funktionalit\u00e4t legen, ohne dabei auf Mode zu verzichten, und bieten alles, was man f\u00fcr ein verbessertes Raderlebnis braucht. Egal, ob Sie Rennen auf der Stra\u00dfe fahren, raue H\u00fcgel erklimmen, in der Halle trainieren oder durch die Stadt cruisen, die RYINZ Handschuhe bieten den Leistungsschub, den Sie verdienen.<\/p>\n<p class=\"\" data-start=\"750\" data-end=\"1087\">Diese Handschuhe sind aus hochwertigen, atmungsaktiven Materialien gefertigt und erm\u00f6glichen eine maximale Luftzirkulation, damit Ihre H\u00e4nde auch bei den intensivsten Fahrten k\u00fchl, trocken und komfortabel bleiben. Das feuchtigkeitsableitende Material h\u00e4lt den Schwei\u00df in Schach, w\u00e4hrend die leichte Konstruktion ein kaum sp\u00fcrbares Gef\u00fchl vermittelt, sodass du dich ohne Ablenkung auf deine Fahrt konzentrieren kannst.<\/p>\n<p class=\"\" data-start=\"1089\" data-end=\"1464\">Die Handfl\u00e4chen sind mit sto\u00dfabsorbierenden Gel- und Schaumstoffeins\u00e4tzen gepolstert, die strategisch platziert sind, um Vibrationen auf der Stra\u00dfe zu reduzieren, den Druck auf die Hand zu verringern und Taubheit und Erm\u00fcdung vorzubeugen. Diese Handschuhe sch\u00fctzen Ihre H\u00e4nde auf Langstreckenfahrten und verbessern gleichzeitig Ihre Kontrolle \u00fcber den Lenker. Die strukturierte Anti-Rutsch-Oberfl\u00e4che sorgt auch bei N\u00e4sse f\u00fcr einen sicheren und zuverl\u00e4ssigen Halt.<\/p>\n<p class=\"\" data-start=\"1466\" data-end=\"1796\">Diese Handschuhe sind in einem stylischen und leuchtenden Pink gehalten, kombiniert mit eleganten schwarzen Akzenten und dem RYINZ-Logo, und bieten sowohl einen trendigen Look als auch professionelle Qualit\u00e4t. Das Design mit halben Fingern sorgt f\u00fcr Bewegungsfreiheit und taktile Kontrolle, sodass Sie Bremsen, G\u00e4nge und mobile Ger\u00e4te leicht bedienen k\u00f6nnen, ohne die Handschuhe ausziehen zu m\u00fcssen.<\/p>\n<p class=\"\" data-start=\"1798\" data-end=\"2168\">Ein verstellbarer Klettverschluss sorgt f\u00fcr einen passgenauen, anpassbaren Sitz am Handgelenk, verhindert ein Verrutschen und erm\u00f6glicht ein schnelles An- und Ausziehen. Zus\u00e4tzlich erm\u00f6glichen Zuglaschen an den Fingern ein schnelles und m\u00fcheloses Ausziehen, selbst nach einer schwei\u00dftreibenden Fahrt. Verst\u00e4rkte, doppelt gen\u00e4hte N\u00e4hte erh\u00f6hen die Haltbarkeit der Handschuhe und machen sie ideal f\u00fcr t\u00e4gliche Fahrten und harte Trainingseinheiten.<\/p>\n<p class=\"\" data-start=\"2170\" data-end=\"2440\">Die RYINZ Pink Cycling Gloves sind nicht nur f\u00fcr den Radsport geeignet - sie eignen sich hervorragend f\u00fcr verschiedene Fitnessaktivit\u00e4ten wie Fitnessstudio-Workouts, Krafttraining, Rudern und sogar Roller- oder E-Bike-Fahren. Ihr multifunktionales Design sorgt daf\u00fcr, dass du das Beste aus deiner Investition herausholst.<\/p>\n<p class=\"\" data-start=\"2442\" data-end=\"2779\">Dank der ergonomischen Form und der atmungsaktiven Konstruktion minimieren diese Handschuhe das Risiko von Erm\u00fcdung, Blasenbildung oder \u00dcberhitzung der H\u00e4nde, damit Sie l\u00e4nger fahren und sich besser f\u00fchlen. Egal, ob du ein Gelegenheitsradler, ein Pendler in der Stadt, ein Rennfahrer oder ein Fitness-Enthusiast bist, diese Handschuhe liefern auf jeder Fahrt zuverl\u00e4ssige Leistung.<\/p>\n<p class=\"\" data-start=\"2781\" data-end=\"3056\">Mit RYINZ tragen Sie nicht einfach nur Handschuhe - Sie entscheiden sich f\u00fcr eine Ausr\u00fcstung, die Sie bei jedem Tritt in die Pedale, bei jedem Anstieg und bei jedem \u00dcberqueren der Ziellinie unterst\u00fctzt. Vertrauen Sie darauf, dass RYINZ Handschuhe liefert, die f\u00fcr Champions entwickelt wurden und f\u00fcr Individuen gestylt sind, die keine Angst haben, sich abzuheben.<\/p>","protected":false},"excerpt":{"rendered":"<p>Fahren Sie mit Stil und Komfort mit den RYINZ Pink Half Finger Cycling Gloves. Diese atmungsaktiven, leichten Handschuhe bieten eine hervorragende Bel\u00fcftung, eine rutschfeste, sto\u00dfabsorbierende Handfl\u00e4chenpolsterung und einen einfach zu verstellenden Handgelenkverschluss f\u00fcr einen sicheren Sitz. Sie eignen sich perfekt zum Radfahren, Spinning, Fitnesstraining und Rollerfahren und kombinieren modisches pinkes Design mit robuster Strapazierf\u00e4higkeit. Genie\u00dfen Sie maximalen Grip, weniger Erm\u00fcdung und ultimativen Handschutz bei jeder Fahrt. Entscheiden Sie sich f\u00fcr RYINZ, wenn Sie einen leistungsorientierten Stil suchen, der Sie bei jedem Kilometer unterst\u00fctzt, den Sie zur\u00fccklegen.<\/p>","protected":false},"featured_media":8924,"comment_status":"closed","ping_status":"closed","template":"","meta":[],"product_brand":[35],"product_cat":[31,33],"product_tag":[36,37,38,39],"class_list":{"0":"post-8892","1":"product","2":"type-product","3":"status-publish","4":"has-post-thumbnail","6":"product_brand-ryinz","7":"product_cat-cycling-mountain-gloves","8":"product_cat-cycling-gloves","9":"product_tag-cycling-gloves","10":"product_tag-half-finger-gloves","11":"product_tag-pink-gloves","12":"product_tag-sport-gloves","14":"first","15":"instock","16":"taxable","17":"shipping-taxable","18":"purchasable","19":"product-type-simple"},"_links":{"self":[{"href":"https:\/\/ryinz.cz\/velkoobchod\/de\/wp-json\/wp\/v2\/product\/8892","targetHints":{"allow":["GET"]}}],"collection":[{"href":"https:\/\/ryinz.cz\/velkoobchod\/de\/wp-json\/wp\/v2\/product"}],"about":[{"href":"https:\/\/ryinz.cz\/velkoobchod\/de\/wp-json\/wp\/v2\/types\/product"}],"replies":[{"embeddable":true,"href":"https:\/\/ryinz.cz\/velkoobchod\/de\/wp-json\/wp\/v2\/comments?post=8892"}],"wp:featuredmedia":[{"embeddable":true,"href":"https:\/\/ryinz.cz\/velkoobchod\/de\/wp-json\/wp\/v2\/media\/8924"}],"wp:attachment":[{"href":"https:\/\/ryinz.cz\/velkoobchod\/de\/wp-json\/wp\/v2\/media?parent=8892"}],"wp:term":[{"taxonomy":"product_brand","embeddable":true,"href":"https:\/\/ryinz.cz\/velkoobchod\/de\/wp-json\/wp\/v2\/product_brand?post=8892"},{"taxonomy":"product_cat","embeddable":true,"href":"https:\/\/ryinz.cz\/velkoobchod\/de\/wp-json\/wp\/v2\/product_cat?post=8892"},{"taxonomy":"product_tag","embeddable":true,"href":"https:\/\/ryinz.cz\/velkoobchod\/de\/wp-json\/wp\/v2\/product_tag?post=8892"}],"curies":[{"name":"wp","href":"https:\/\/api.w.org\/{rel}","templated":true}]}}