{"id":8891,"date":"2025-06-22T15:21:01","date_gmt":"2025-06-22T15:21:01","guid":{"rendered":"https:\/\/ryinz.cz\/velkoobchod\/?post_type=product&#038;p=8891"},"modified":"2026-01-18T20:16:36","modified_gmt":"2026-01-18T20:16:36","slug":"ryinz-atmungsaktive-halbe-finger-fahrradhandschuhe-leichtes-anti-rutsch-gepolstert-sport-fahrradhandschuhe-fur-manner-und-frauen","status":"publish","type":"product","link":"https:\/\/ryinz.cz\/velkoobchod\/de\/product\/ryinz-breathable-half-finger-cycling-gloves-lightweight-anti-slip-padded-sport-bike-gloves-for-men-and-women\/","title":{"rendered":"RYINZ Atmungsaktive Halbfinger-Radhandschuhe - Leichte, rutschfeste, gepolsterte Sportradhandschuhe f\u00fcr M\u00e4nner und Frauen"},"content":{"rendered":"<p class=\"\" data-start=\"254\" data-end=\"755\">Entdecken Sie \u00fcberlegenen Komfort, Grip und Schutz mit den RYINZ Breathable Half Finger Cycling Gloves, die speziell f\u00fcr passionierte Radfahrer entwickelt wurden, die Wert auf Leistung und Haltbarkeit legen. Aus hochwertigem, atmungsaktivem Material gefertigt, sorgen diese Handschuhe f\u00fcr maximale Bel\u00fcftung und halten Ihre H\u00e4nde auch bei langen Fahrten in gro\u00dfer Hitze k\u00fchl und schwei\u00dffrei. Das leichte Material f\u00fchlt sich wie eine zweite Haut an und erm\u00f6glicht volle Beweglichkeit der H\u00e4nde, ohne den Schutz zu beeintr\u00e4chtigen.<\/p>\n<p class=\"\" data-start=\"757\" data-end=\"1106\">Der Handfl\u00e4chenbereich ist mit einer rutschfesten, sto\u00dfd\u00e4mpfenden Polsterung verst\u00e4rkt, die strategisch platziert ist, um Vibrationen durch unwegsames Gel\u00e4nde zu minimieren, die Hand vor Erm\u00fcdung zu sch\u00fctzen und die Griffstabilit\u00e4t zu verbessern. Egal, ob Sie auf rauen Trails unterwegs sind, auf der Stra\u00dfe sprinten oder durch die Stra\u00dfen der Stadt cruisen, die RYINZ-Handschuhe bieten konsequente Kontrolle und \u00fcberragenden Komfort.<\/p>\n<p class=\"\" data-start=\"1109\" data-end=\"1446\">Das Halbfinger-Design sorgt f\u00fcr eine bessere taktile Sensibilit\u00e4t und erleichtert die Bedienung von Bremsen, Schaltung und anderen Lenkerfunktionen, ohne das nat\u00fcrliche Gef\u00fchl f\u00fcr das Fahrrad zu verlieren. Mit den verstellbaren Handgelenksverschl\u00fcssen k\u00f6nnen Sie die Passform anpassen und sicherstellen, dass die Handschuhe sicher an ihrem Platz bleiben, ohne die Blutzirkulation einzuschr\u00e4nken oder Unbehagen zu verursachen.<\/p>\n<p class=\"\" data-start=\"1448\" data-end=\"1792\">Das stilvolle, minimalistische schwarze Design mit dezentem RYINZ-Branding sorgt f\u00fcr einen eleganten, professionellen Look, der sowohl f\u00fcr M\u00e4nner als auch f\u00fcr Frauen geeignet ist. Egal, ob Sie Wettk\u00e4mpfe oder Fitnessrennen fahren, diese Handschuhe bieten ein perfektes Gleichgewicht zwischen Leistung und Stil. Strapazierf\u00e4hige Doppeln\u00e4hte sorgen f\u00fcr lange Haltbarkeit, auch nach wiederholtem Gebrauch und mehreren Waschg\u00e4ngen.<\/p>\n<p class=\"\" data-start=\"1795\" data-end=\"2150\">Dank der Schnellverschlusslaschen an den Fingern lassen sich die Handschuhe m\u00fchelos ausziehen, selbst wenn sie durch Schwei\u00df nass sind. Ein weiches, saugf\u00e4higes Daumenpflaster ist integriert, um Schwei\u00df abzuwischen und eine klare Sicht und ungest\u00f6rte Konzentration w\u00e4hrend der Fahrt zu gew\u00e4hrleisten. Das ergonomische Design der Handfl\u00e4che und das weiche Innenfutter sorgen f\u00fcr maximalen Handkomfort auf langen Fahrten und reduzieren Hotspots und Druckstellen.<\/p>\n<p class=\"\" data-start=\"2153\" data-end=\"2494\">Perfekt f\u00fcr verschiedene Radsportdisziplinen wie Mountainbiking (MTB), Stra\u00dfenradfahren, Schotterfahren, BMX, Spinning-Kurse und sogar allgemeine Fitnessaktivit\u00e4ten wie Fitnessstudio-Workouts, Gewichtheben oder Rudern. Dank ihres vielseitigen Designs eignen sich die RYINZ-Handschuhe auch hervorragend als Roller-Handschuhe, E-Bike-Handschuhe und Handschuhe f\u00fcr Freizeitaktivit\u00e4ten im Freien.<\/p>\n<p class=\"\" data-start=\"2496\" data-end=\"2831\">Die atmungsaktiven Halbfinger-Radhandschuhe von RYINZ wurden f\u00fcr alle entwickelt, die Wert auf Komfort, Kontrolle und Haltbarkeit legen. Verbessern Sie Ihr Fahrgef\u00fchl mit Handschuhen, die sowohl von professionellen Radfahrern als auch von Alltagsfahrern gesch\u00e4tzt werden. Fahren Sie weiter, schneller und sicherer mit der sch\u00fctzenden Kraft und ergonomischen Brillanz der RYINZ Radhandschuhe.<\/p>\n<p class=\"\" data-start=\"2833\" data-end=\"3022\">Von harten Aufstiegen bis hin zu aufregenden Abfahrten, vom t\u00e4glichen Pendeln bis hin zu Wochenendabenteuern - die RYINZ-Handschuhe sorgen daf\u00fcr, dass Ihre H\u00e4nde bei jedem Kilometer gesch\u00fctzt, gest\u00fctzt und komfortabel bleiben.<\/p>","protected":false},"excerpt":{"rendered":"<p>Mit den atmungsaktiven Half Finger Cycling Gloves von RYINZ bleiben Sie k\u00fchl, komfortabel und haben die Kontrolle. Mit atmungsaktivem Hochleistungsmaterial, sto\u00dfd\u00e4mpfender, rutschfester Handfl\u00e4chenpolsterung und ergonomischer Halbfinger-Konstruktion bieten diese Handschuhe ultimativen Grip und reduzieren Erm\u00fcdung. Sie eignen sich perfekt zum Mountainbiken, Stra\u00dfenradfahren, Fitnesstraining und Rollerfahren und verf\u00fcgen \u00fcber einen verstellbaren Handgelenkverschluss und leicht zu ziehende Laschen f\u00fcr ein schnelles Ausziehen. Ideal f\u00fcr M\u00e4nner und Frauen, die bei jeder Fahrt Wert auf Qualit\u00e4t, Stil und Komfort legen. RYINZ Handschuhe sind das unverzichtbare Upgrade, das Ihre H\u00e4nde verdienen.<\/p>","protected":false},"featured_media":8927,"comment_status":"closed","ping_status":"closed","template":"","meta":[],"product_brand":[35],"product_cat":[31,33],"product_tag":[32,34],"class_list":{"0":"post-8891","1":"product","2":"type-product","3":"status-publish","4":"has-post-thumbnail","6":"product_brand-ryinz","7":"product_cat-cycling-mountain-gloves","8":"product_cat-cycling-gloves","9":"product_tag-cycling-mountain-gloves","10":"product_tag-mountain-bike-gloves","12":"first","13":"instock","14":"taxable","15":"shipping-taxable","16":"purchasable","17":"product-type-simple"},"_links":{"self":[{"href":"https:\/\/ryinz.cz\/velkoobchod\/de\/wp-json\/wp\/v2\/product\/8891","targetHints":{"allow":["GET"]}}],"collection":[{"href":"https:\/\/ryinz.cz\/velkoobchod\/de\/wp-json\/wp\/v2\/product"}],"about":[{"href":"https:\/\/ryinz.cz\/velkoobchod\/de\/wp-json\/wp\/v2\/types\/product"}],"replies":[{"embeddable":true,"href":"https:\/\/ryinz.cz\/velkoobchod\/de\/wp-json\/wp\/v2\/comments?post=8891"}],"wp:featuredmedia":[{"embeddable":true,"href":"https:\/\/ryinz.cz\/velkoobchod\/de\/wp-json\/wp\/v2\/media\/8927"}],"wp:attachment":[{"href":"https:\/\/ryinz.cz\/velkoobchod\/de\/wp-json\/wp\/v2\/media?parent=8891"}],"wp:term":[{"taxonomy":"product_brand","embeddable":true,"href":"https:\/\/ryinz.cz\/velkoobchod\/de\/wp-json\/wp\/v2\/product_brand?post=8891"},{"taxonomy":"product_cat","embeddable":true,"href":"https:\/\/ryinz.cz\/velkoobchod\/de\/wp-json\/wp\/v2\/product_cat?post=8891"},{"taxonomy":"product_tag","embeddable":true,"href":"https:\/\/ryinz.cz\/velkoobchod\/de\/wp-json\/wp\/v2\/product_tag?post=8891"}],"curies":[{"name":"wp","href":"https:\/\/api.w.org\/{rel}","templated":true}]}}