{"id":8890,"date":"2025-06-22T15:21:00","date_gmt":"2025-06-22T15:21:00","guid":{"rendered":"https:\/\/ryinz.cz\/velkoobchod\/?post_type=product&#038;p=8890"},"modified":"2026-01-18T20:16:35","modified_gmt":"2026-01-18T20:16:35","slug":"ryinz-atmungsaktive-gepolsterte-halbe-finger-fahrradhandschuhe-fur-manner-und-frauen-stosdampfung-anti-rutsch-leichte-sommer-reithandschuhe","status":"publish","type":"product","link":"https:\/\/ryinz.cz\/velkoobchod\/de\/product\/ryinz-breathable-padded-half-finger-cycling-gloves-for-men-and-women-shock-absorption-anti-slip-lightweight-summer-riding-gloves\/","title":{"rendered":"RYINZ Atmungsaktive, gepolsterte Halbfinger-Radhandschuhe f\u00fcr M\u00e4nner und Frauen - sto\u00dfd\u00e4mpfend, rutschfest, leichte Sommer-Radhandschuhe"},"content":{"rendered":"<p class=\"\" data-start=\"535\" data-end=\"942\">Die RYINZ Breathable Padded Half Finger Cycling Gloves sind die ideale Wahl f\u00fcr Radfahrer, die sowohl hohe Leistung als auch stilvollen Komfort verlangen. Diese f\u00fcr M\u00e4nner und Frauen gleicherma\u00dfen konzipierten Halbfingerhandschuhe bieten un\u00fcbertroffene Atmungsaktivit\u00e4t, ergonomische Unterst\u00fctzung und verbesserten Grip f\u00fcr jede Art von Fahrt - vom Pendeln in der Stadt bis hin zu Bergpfaden und Langstreckenfahrten auf der Stra\u00dfe.<\/p>\n<p class=\"\" data-start=\"944\" data-end=\"1286\">Die Handschuhe sind aus erstklassigen, leichten Materialien gefertigt und verf\u00fcgen \u00fcber ein atmungsaktives Mesh-Gewebe auf dem Handr\u00fccken, das f\u00fcr maximale Luftzirkulation sorgt und die H\u00e4nde auch bei den intensivsten Fahrten k\u00fchl und schwei\u00dffrei h\u00e4lt. Das stilvolle, moderne Design in nat\u00fcrlichen Erdt\u00f6nen macht diese Handschuhe zu einem vielseitigen Begleiter, der sowohl zu sportlicher als auch zu legerer Sportkleidung passt.<\/p>\n<p class=\"\" data-start=\"1288\" data-end=\"1610\">Die strategisch gepolsterten Handfl\u00e4chen sind mit sto\u00dfd\u00e4mpfenden Schaumstoffeins\u00e4tzen ausgestattet, die Vibrationen auf der Stra\u00dfe und Erm\u00fcdungserscheinungen der H\u00e4nde minimieren und so f\u00fcr l\u00e4ngere, komfortablere Fahrten sorgen. Egal, ob Sie auf holprigen Trails oder auf glatten Autobahnen unterwegs sind, diese Handschuhe reduzieren die Belastung Ihrer H\u00e4nde und Handgelenke und verbessern die Kontrolle \u00fcber Ihr Motorrad.<\/p>\n<p class=\"\" data-start=\"1612\" data-end=\"1978\">Der rutschfeste Silikondruck auf der Handfl\u00e4che sorgt f\u00fcr einen hervorragenden Grip bei allen Wetterbedingungen, so dass Sie auch bei Regen oder hoher Luftfeuchtigkeit die Kontrolle \u00fcber Ihren Lenker behalten. Die robuste Konstruktion mit verst\u00e4rkten N\u00e4hten sorgt daf\u00fcr, dass die Handschuhe dem t\u00e4glichen Gebrauch, Trainingseinheiten und Wettk\u00e4mpfen standhalten, ohne an Form oder Komfort zu verlieren.<\/p>\n<p class=\"\" data-start=\"1980\" data-end=\"2281\">Ein einfach zu verstellender Handgelenkriemen mit sicherem Klettverschluss erm\u00f6glicht die perfekte Anpassung an Ihre Handgelenksgr\u00f6\u00dfe, verhindert ein Verrutschen und erm\u00f6glicht ein schnelles An- und Ausziehen. Au\u00dferdem erm\u00f6glichen die Fingerschlaufen mit Zuglasche ein schnelles Ausziehen der Handschuhe nach dem Training oder der Fahrt, ohne die Handschuhe zu strapazieren.<\/p>\n<p class=\"\" data-start=\"2283\" data-end=\"2671\">Der ergonomische Schnitt des Halbfinger-Designs sorgt f\u00fcr eine nat\u00fcrliche Bewegung und ein hervorragendes taktiles Feedback, sodass Sie Schaltung, Bremsen und Smartphone einfach bedienen k\u00f6nnen, ohne die Handschuhe ausziehen zu m\u00fcssen. Egal, ob du mit deinem Mountainbike, Rennrad oder Pendlerrad unterwegs bist, oder ob du diese Handschuhe f\u00fcr dein Training im Fitnessstudio, beim Gewichtheben oder beim Fitnesstraining verwendest, RYINZ sorgt f\u00fcr exzellente Unterst\u00fctzung und Funktionalit\u00e4t.<\/p>\n<p class=\"\" data-start=\"2673\" data-end=\"2863\">Neben dem Radfahren sind diese Handschuhe auch ideal f\u00fcr Spinning-Kurse, Ruderger\u00e4te, Wanderungen mit St\u00f6cken oder allgemeine Outdoor-Fitness, was sie zu einem Mehrzweckhandschuh f\u00fcr einen aktiven Lebensstil macht.<\/p>\n<p class=\"\" data-start=\"2865\" data-end=\"2886\"><strong data-start=\"2865\" data-end=\"2884\">Spezifikationen:<\/strong><\/p>\n<ul data-start=\"2887\" data-end=\"3210\">\n<li class=\"\" data-start=\"2887\" data-end=\"2919\">\n<p class=\"\" data-start=\"2889\" data-end=\"2919\">Geschlecht: Unisex (M\u00e4nner &amp; Frauen)<\/p>\n<\/li>\n<li class=\"\" data-start=\"2920\" data-end=\"2942\">\n<p class=\"\" data-start=\"2922\" data-end=\"2942\">Stil: Halber Finger<\/p>\n<\/li>\n<li class=\"\" data-start=\"2943\" data-end=\"2979\">\n<p class=\"\" data-start=\"2945\" data-end=\"2979\">Farben: Erdwei\u00df, Grau, Braun<\/p>\n<\/li>\n<li class=\"\" data-start=\"2980\" data-end=\"3012\">\n<p class=\"\" data-start=\"2982\" data-end=\"3012\">Verf\u00fcgbare Gr\u00f6\u00dfen: S, M, L, XL<\/p>\n<\/li>\n<li class=\"\" data-start=\"3013\" data-end=\"3080\">\n<p class=\"\" data-start=\"3015\" data-end=\"3080\">Materialien: Atmungsaktives Mesh, gepolsterter Schaumstoff, Handfl\u00e4che aus Kunstleder<\/p>\n<\/li>\n<li class=\"\" data-start=\"3081\" data-end=\"3117\">\n<p class=\"\" data-start=\"3083\" data-end=\"3117\">Verschluss: Verstellbarer Klettverschluss<\/p>\n<\/li>\n<li class=\"\" data-start=\"3118\" data-end=\"3210\">\n<p class=\"\" data-start=\"3120\" data-end=\"3210\">Ideal f\u00fcr: Rennradfahren, MTB, Pendeln, Indoor-Spinning, Fitnesstraining, Rollerfahren<\/p>\n<\/li>\n<\/ul>\n<p class=\"\" data-start=\"3212\" data-end=\"3452\">RYINZ Handschuhe werden f\u00fcr Champions gebaut, die jedes Detail zu sch\u00e4tzen wissen - Komfort, Leistung und stilvolle Zweckm\u00e4\u00dfigkeit. Entscheiden Sie sich f\u00fcr RYINZ Breathable Half Finger Cycling Gloves, um jeden Tag l\u00e4ngere Fahrten, besseren Grip und erstklassigen Schutz zu erleben.<\/p>","protected":false},"excerpt":{"rendered":"<p class=\"\" data-start=\"3459\" data-end=\"4029\">Mit den atmungsaktiven, gepolsterten Halbfinger-Radhandschuhen von RYINZ bringen Sie Ihr Radfahrerlebnis auf die n\u00e4chste Stufe. Diese Handschuhe wurden f\u00fcr maximale Bel\u00fcftung und verbesserten Grip entwickelt und verf\u00fcgen \u00fcber eine sto\u00dfabsorbierende Handfl\u00e4chenpolsterung, rutschfeste Silikondrucke und ein leicht verstellbares Handgelenkband f\u00fcr eine perfekte Passform. Die stilvolle Farbkombination Earth White-Grey-Brown passt zu jeder Fahrergarderobe. Ideal f\u00fcr Rennrad, MTB, Spinning, Fitness und allgemeinen Sport. Fahren Sie mit den RYINZ Performance-Handschuhen weiter, st\u00e4rker und mit mehr Selbstvertrauen.<\/p>","protected":false},"featured_media":8920,"comment_status":"closed","ping_status":"closed","template":"","meta":[],"product_brand":[35],"product_cat":[31,33],"product_tag":[30,32],"class_list":{"0":"post-8890","1":"product","2":"type-product","3":"status-publish","4":"has-post-thumbnail","6":"product_brand-ryinz","7":"product_cat-cycling-mountain-gloves","8":"product_cat-cycling-gloves","9":"product_tag-cycling","10":"product_tag-cycling-mountain-gloves","12":"first","13":"instock","14":"virtual","15":"taxable","16":"purchasable","17":"product-type-simple"},"_links":{"self":[{"href":"https:\/\/ryinz.cz\/velkoobchod\/de\/wp-json\/wp\/v2\/product\/8890","targetHints":{"allow":["GET"]}}],"collection":[{"href":"https:\/\/ryinz.cz\/velkoobchod\/de\/wp-json\/wp\/v2\/product"}],"about":[{"href":"https:\/\/ryinz.cz\/velkoobchod\/de\/wp-json\/wp\/v2\/types\/product"}],"replies":[{"embeddable":true,"href":"https:\/\/ryinz.cz\/velkoobchod\/de\/wp-json\/wp\/v2\/comments?post=8890"}],"wp:featuredmedia":[{"embeddable":true,"href":"https:\/\/ryinz.cz\/velkoobchod\/de\/wp-json\/wp\/v2\/media\/8920"}],"wp:attachment":[{"href":"https:\/\/ryinz.cz\/velkoobchod\/de\/wp-json\/wp\/v2\/media?parent=8890"}],"wp:term":[{"taxonomy":"product_brand","embeddable":true,"href":"https:\/\/ryinz.cz\/velkoobchod\/de\/wp-json\/wp\/v2\/product_brand?post=8890"},{"taxonomy":"product_cat","embeddable":true,"href":"https:\/\/ryinz.cz\/velkoobchod\/de\/wp-json\/wp\/v2\/product_cat?post=8890"},{"taxonomy":"product_tag","embeddable":true,"href":"https:\/\/ryinz.cz\/velkoobchod\/de\/wp-json\/wp\/v2\/product_tag?post=8890"}],"curies":[{"name":"wp","href":"https:\/\/api.w.org\/{rel}","templated":true}]}}