{"id":10437,"date":"2025-11-02T13:33:57","date_gmt":"2025-11-02T13:33:57","guid":{"rendered":"https:\/\/ryinz.cz\/velkoobchod\/?post_type=product&#038;p=10437"},"modified":"2026-01-18T20:23:49","modified_gmt":"2026-01-18T20:23:49","slug":"ryinz-stormguard-ce-level-2-motorradhandschuhe-premium-lederschutz-fur-extreme-fahrer","status":"publish","type":"product","link":"https:\/\/ryinz.cz\/velkoobchod\/de\/product\/ryinz-stormguard-ce-level-2-motorcycle-gloves-premium-leather-protection-for-extreme-riders\/","title":{"rendered":"RYINZ StormGuard CE Level 2 Motorradhandschuhe - Premium Lederschutz f\u00fcr Extremfahrer"},"content":{"rendered":"<p data-start=\"122\" data-end=\"572\">Die <strong data-start=\"175\" data-end=\"224\">RYINZ StormGuard CE Level 2 Motorradhandschuhe<\/strong> sind die n\u00e4chste Generation des professionellen Reitschutzes. Diese Handschuhe wurden f\u00fcr Fahrer entwickelt, die keine Kompromisse zwischen Komfort, Leistung und Sicherheit eingehen wollen, und kombinieren <strong data-start=\"404\" data-end=\"440\">Vollnarbiges Leder, handwerklich verarbeitet<\/strong> mit <strong data-start=\"446\" data-end=\"471\">hochentwickelte Aufprallpanzerung<\/strong> f\u00fcr Vertrauen auf jedem Kilometer - ob auf Autobahnen, Rennstrecken oder bei Abenteuern im Gel\u00e4nde.<\/p>\n<p data-start=\"574\" data-end=\"913\">Der StormGuard ist auf St\u00e4rke und Ausdauer ausgelegt und verf\u00fcgt \u00fcber ein haltbares <strong data-start=\"642\" data-end=\"691\">Au\u00dfenh\u00fclle aus hochwertigem Rindsleder<\/strong>, Das Material wurde aufgrund seiner Abriebfestigkeit und Flexibilit\u00e4t ausgew\u00e4hlt. Die Handschuhe sind so konzipiert, dass sie sich mit deinen H\u00e4nden bewegen und nicht gegen sie - so hast du auch bei aggressiven Fahrten die volle Kontrolle \u00fcber Gas, Kupplung und Bremsen.<\/p>\n<p data-start=\"915\" data-end=\"1271\">Das Herzst\u00fcck des Handschuhs ist ein <strong data-start=\"958\" data-end=\"1010\">CE-zertifizierter, karbonverst\u00e4rkter Kn\u00f6chelprotektor<\/strong>, eingebettet in eine luftdurchl\u00e4ssige Wabenstruktur, die den Aufprall abf\u00e4ngt und gleichzeitig den Luftstrom aufrechterh\u00e4lt. Die <strong data-start=\"1113\" data-end=\"1129\">Fingerpanzer<\/strong> und <strong data-start=\"1134\" data-end=\"1164\">gepolsterte Handfl\u00e4chenverst\u00e4rkungen<\/strong> bieten zus\u00e4tzlichen Schutz in kritischen Bereichen und sorgen f\u00fcr \u00fcberlegenen Schutz, ohne die Fingerfertigkeit zu beeintr\u00e4chtigen.<\/p>\n<p data-start=\"1273\" data-end=\"1596\">Die <strong data-start=\"1277\" data-end=\"1304\">Handfl\u00e4che aus zweilagigem Leder<\/strong> gew\u00e4hrleistet eine hervorragende Griffigkeit und Widerstandsf\u00e4higkeit gegen den Verschlei\u00df von Gleitern, w\u00e4hrend <strong data-start=\"1369\" data-end=\"1406\">strategisch platzierte Perforationen<\/strong> quer \u00fcber den Handschuh verbessern die Atmungsaktivit\u00e4t. Doppelt und dreifach gen\u00e4hte N\u00e4hte verst\u00e4rken die Haltbarkeit des Handschuhs unter Belastung und machen ihn zu einem zuverl\u00e4ssigen Begleiter f\u00fcr Touren- und Sportfahrer.<\/p>\n<p data-start=\"1598\" data-end=\"1853\">A <strong data-start=\"1600\" data-end=\"1624\">lange Schutzstulpe<\/strong> mit einem verstellbaren Klettverschluss sorgt f\u00fcr eine vollst\u00e4ndige Abdeckung des Handgelenks und einen passgenauen Sitz, der mit den meisten Jacken\u00e4rmeln kompatibel ist. Das vorgeformte ergonomische Design reduziert Erm\u00fcdungserscheinungen und macht diese Handschuhe ideal f\u00fcr Langstreckenkomfort und Kontrolle.<\/p>\n<p data-start=\"1855\" data-end=\"2413\">Jedes Detail des StormGuard-Handschuhs spiegelt das Engagement von RYINZ f\u00fcr <strong data-start=\"1926\" data-end=\"1969\">ethische Handwerkskunst und soziale Auswirkungen<\/strong>. Jedes Paar wird in sorgf\u00e4ltiger Handarbeit unter fairen, sicheren und erm\u00e4chtigenden Arbeitsbedingungen als Teil von RYINZs <strong data-start=\"2080\" data-end=\"2126\">Programm zur St\u00e4rkung von Frauen und Menschenrechten<\/strong>. Diese Initiative bietet Frauen in Pakistan und Bangladesch nicht nur ein stabiles Einkommen und eine Ausbildung, sondern auch rund um die Uhr emotionale und psychologische Unterst\u00fctzung in \u00fcber 110 Sprachen - ein Beweis f\u00fcr die \u00dcberzeugung von RYINZ, dass der Schutz nicht nur die Fahrer, sondern auch die H\u00e4nde, die etwas schaffen, umfassen sollte.<\/p>\n<p data-start=\"2415\" data-end=\"2545\">Wenn Sie sich f\u00fcr RYINZ entscheiden, entscheiden Sie sich daf\u00fcr, mit Kraft und Herz zu fahren - um sich selbst zu sch\u00fctzen und eine gr\u00f6\u00dfere humanit\u00e4re Sache zu unterst\u00fctzen.<\/p>\n<p data-start=\"2547\" data-end=\"2566\"><strong data-start=\"2547\" data-end=\"2564\">Wesentliche Merkmale:<\/strong><\/p>\n<ul data-start=\"2567\" data-end=\"3167\">\n<li data-start=\"2567\" data-end=\"2615\">\n<p data-start=\"2569\" data-end=\"2615\">CE Level 2 zertifiziertes Vollschutzdesign.<\/p>\n<\/li>\n<li data-start=\"2616\" data-end=\"2668\">\n<p data-start=\"2618\" data-end=\"2668\">Hochwertiges, vollnarbiges Rindsleder.<\/p>\n<\/li>\n<li data-start=\"2669\" data-end=\"2750\">\n<p data-start=\"2671\" data-end=\"2750\">Luftdurchl\u00e4ssiger, karbonverst\u00e4rkter Kn\u00f6chelschutz f\u00fcr maximale Sto\u00dfd\u00e4mpfung.<\/p>\n<\/li>\n<li data-start=\"2751\" data-end=\"2805\">\n<p data-start=\"2753\" data-end=\"2805\">Fingerpanzer und Handfl\u00e4chenpolsterung f\u00fcr mehr Sicherheit.<\/p>\n<\/li>\n<li data-start=\"2806\" data-end=\"2857\">\n<p data-start=\"2808\" data-end=\"2857\">Langes Stulpenb\u00fcndchen f\u00fcr eine erweiterte Abdeckung des Handgelenks.<\/p>\n<\/li>\n<li data-start=\"2858\" data-end=\"2912\">\n<p data-start=\"2860\" data-end=\"2912\">Doppellagig verst\u00e4rkte Handfl\u00e4che mit rutschfestem Leder.<\/p>\n<\/li>\n<li data-start=\"2913\" data-end=\"2969\">\n<p data-start=\"2915\" data-end=\"2969\">Vorgekr\u00fcmmte ergonomische Form f\u00fcr erm\u00fcdungsfreie Kontrolle.<\/p>\n<\/li>\n<li data-start=\"2970\" data-end=\"3036\">\n<p data-start=\"2972\" data-end=\"3036\">Verstellbare Handgelenk- und Manschettenriemen f\u00fcr einen sicheren, individuellen Sitz.<\/p>\n<\/li>\n<li data-start=\"3037\" data-end=\"3097\">\n<p data-start=\"3039\" data-end=\"3097\">Strategische Perforationszonen f\u00fcr Bel\u00fcftung und Komfort.<\/p>\n<\/li>\n<li data-start=\"3098\" data-end=\"3167\">\n<p data-start=\"3100\" data-end=\"3167\">Ethisch handgefertigt im Rahmen der Women Empowerment Initiative von RYINZ.<\/p>\n<\/li>\n<\/ul>\n<p data-start=\"3169\" data-end=\"3348\">Jeder RYINZ StormGuard Handschuh ist eine Verschmelzung von Technologie, Stil und Mitgef\u00fchl - er bef\u00e4higt Fahrerinnen, die Stra\u00dfe mit Selbstvertrauen zu erobern und hilft Frauen, eine st\u00e4rkere Zukunft aufzubauen.<\/p>","protected":false},"excerpt":{"rendered":"<p data-start=\"3355\" data-end=\"3954\">Die RYINZ StormGuard CE Level 2 Handschuhe wurden f\u00fcr Fahrer entwickelt, die maximalen Schutz und Komfort verlangen. Sie sind aus Vollnarbenleder mit bel\u00fcfteter Carbon-Kn\u00f6chelpanzerung gefertigt und sorgen f\u00fcr \u00fcberragende Haltbarkeit und Sto\u00dffestigkeit. Die lange Stulpe und die beiden Klettverschl\u00fcsse garantieren einen sicheren Sitz, w\u00e4hrend die perforierten Bereiche die Atmungsaktivit\u00e4t erh\u00f6hen. Diese Handschuhe eignen sich perfekt f\u00fcr Touren oder Hochgeschwindigkeitsfahrten und vereinen St\u00e4rke, Sicherheit und Zweckm\u00e4\u00dfigkeit. Ethisch hergestellt im Rahmen des RYINZ Women Empowerment Programms - jede Bestellung unterst\u00fctzt faire Arbeit und das emotionale Wohlbefinden von Frauen weltweit.<\/p>","protected":false},"featured_media":10438,"comment_status":"closed","ping_status":"closed","template":"","meta":[],"product_brand":[35],"product_cat":[1111,380,1268],"product_tag":[1270,1216,916,1212,1073,1273,1269,1271,841,1272,1055,123,419,1214,1091],"class_list":{"0":"post-10437","1":"product","2":"type-product","3":"status-publish","4":"has-post-thumbnail","6":"product_brand-ryinz","7":"product_cat-motorbike","8":"product_cat-motorbike-gloves","9":"product_cat-racing-ce-level-2-protective-gloves","10":"product_tag-armored-gloves","11":"product_tag-breathable-motorcycle-gloves","12":"product_tag-carbon-knuckle-gloves","13":"product_tag-ce-level-2-gloves","14":"product_tag-ethical-manufacturing","15":"product_tag-high-protection-gloves","16":"product_tag-leather-motorbike-gloves","17":"product_tag-long-cuff-gloves","18":"product_tag-motorcycle-gloves","19":"product_tag-premium-biker-gear","20":"product_tag-protective-gloves","21":"product_tag-racing-gloves","22":"product_tag-ryinz-gloves","23":"product_tag-touring-gloves","24":"product_tag-women-empowerment","26":"first","27":"instock","28":"taxable","29":"shipping-taxable","30":"purchasable","31":"product-type-simple"},"_links":{"self":[{"href":"https:\/\/ryinz.cz\/velkoobchod\/de\/wp-json\/wp\/v2\/product\/10437","targetHints":{"allow":["GET"]}}],"collection":[{"href":"https:\/\/ryinz.cz\/velkoobchod\/de\/wp-json\/wp\/v2\/product"}],"about":[{"href":"https:\/\/ryinz.cz\/velkoobchod\/de\/wp-json\/wp\/v2\/types\/product"}],"replies":[{"embeddable":true,"href":"https:\/\/ryinz.cz\/velkoobchod\/de\/wp-json\/wp\/v2\/comments?post=10437"}],"wp:featuredmedia":[{"embeddable":true,"href":"https:\/\/ryinz.cz\/velkoobchod\/de\/wp-json\/wp\/v2\/media\/10438"}],"wp:attachment":[{"href":"https:\/\/ryinz.cz\/velkoobchod\/de\/wp-json\/wp\/v2\/media?parent=10437"}],"wp:term":[{"taxonomy":"product_brand","embeddable":true,"href":"https:\/\/ryinz.cz\/velkoobchod\/de\/wp-json\/wp\/v2\/product_brand?post=10437"},{"taxonomy":"product_cat","embeddable":true,"href":"https:\/\/ryinz.cz\/velkoobchod\/de\/wp-json\/wp\/v2\/product_cat?post=10437"},{"taxonomy":"product_tag","embeddable":true,"href":"https:\/\/ryinz.cz\/velkoobchod\/de\/wp-json\/wp\/v2\/product_tag?post=10437"}],"curies":[{"name":"wp","href":"https:\/\/api.w.org\/{rel}","templated":true}]}}