{"id":10429,"date":"2025-11-02T13:08:40","date_gmt":"2025-11-02T13:08:40","guid":{"rendered":"https:\/\/ryinz.cz\/velkoobchod\/?post_type=product&#038;p=10429"},"modified":"2026-01-18T20:23:39","modified_gmt":"2026-01-18T20:23:39","slug":"ryinz-stormguard-ce-level-2-motorradhandschuhe-premium-rindsleder-abenteuer-schutz","status":"publish","type":"product","link":"https:\/\/ryinz.cz\/velkoobchod\/de\/product\/ryinz-stormguard-ce-level-2-motorcycle-gloves-premium-cowhide-leather-adventure-protection\/","title":{"rendered":"RYINZ StormGuard CE Level 2 Motorradhandschuhe - Premium-Rindsleder Abenteuerschutz"},"content":{"rendered":"<p data-start=\"121\" data-end=\"547\">Die <strong data-start=\"174\" data-end=\"223\">RYINZ StormGuard CE Level 2 Motorradhandschuhe<\/strong> wurden f\u00fcr Fahrer entwickelt, die \u00fcber ihre Grenzen hinausgehen - Fahrer, die sich nach Pr\u00e4zision, Komfort und absoluter Sicherheit unter allen Bedingungen sehnen. Egal, ob du durch enge Stadtkurven man\u00f6vrierst, durch Bergp\u00e4sse carvst oder durch L\u00e4nder cruist, diese Handschuhe bieten professionellen Schutz, ohne dabei auf Komfort oder Kontrolle zu verzichten.<\/p>\n<p data-start=\"549\" data-end=\"901\">Gefertigt aus <strong data-start=\"562\" data-end=\"598\">hochwertiges Rinds- und Ziegenleder<\/strong>, Die StormGuard-Handschuhe kombinieren Strapazierf\u00e4higkeit und Geschmeidigkeit f\u00fcr einen nat\u00fcrlichen Griff und lang anhaltende Leistung. Verst\u00e4rkt mit <strong data-start=\"721\" data-end=\"751\">CE Level 2-zertifizierte R\u00fcstung<\/strong>, Diese Handschuhe haben folgende Eigenschaften <strong data-start=\"774\" data-end=\"803\">Carbon-Achsschenkel-Protektoren<\/strong>, <strong data-start=\"805\" data-end=\"829\">gepolsterte Fingereins\u00e4tze<\/strong>, und <strong data-start=\"835\" data-end=\"855\">verst\u00e4rkte Palmen<\/strong> f\u00fcr maximale Sto\u00df- und Abriebfestigkeit.<\/p>\n<p data-start=\"903\" data-end=\"1221\">Jeder Handschuh ist ergonomisch geformt und passt sich der nat\u00fcrlichen Form Ihrer Hand an, um Erm\u00fcdungserscheinungen bei langen Fahrten zu minimieren. Der <strong data-start=\"1030\" data-end=\"1051\">doppellagige Handfl\u00e4che<\/strong> mit Anti-Rutsch-Verst\u00e4rkung verbessert die Griffigkeit und die Pr\u00e4zision des Gaspedals, w\u00e4hrend <strong data-start=\"1125\" data-end=\"1152\">sto\u00dfd\u00e4mpfende Polsterung<\/strong> an kritischen Stellen sch\u00fctzt vor Vibrationen und Sto\u00dfverletzungen.<\/p>\n<p data-start=\"1223\" data-end=\"1660\">Bel\u00fcftete Ledereins\u00e4tze sorgen f\u00fcr eine gute Luftzirkulation und halten die H\u00e4nde bei warmen Temperaturen k\u00fchl und komfortabel. Bei k\u00e4lterem Wetter sorgen die nat\u00fcrlichen Isolationseigenschaften des StormGuard f\u00fcr W\u00e4rme, ohne dabei aufzutragen. Der <strong data-start=\"1430\" data-end=\"1458\">Akkordeon-Stretchplatten<\/strong> an den Fingern und im Bereich des Handgelenks bieten hervorragende Flexibilit\u00e4t und Bewegungsfreiheit, w\u00e4hrend die verl\u00e4ngerte Manschette mit <strong data-start=\"1568\" data-end=\"1603\">Klettverschluss und Handgelenkversteller<\/strong> sorgt f\u00fcr einen sicheren Sitz unter oder \u00fcber dem Jacken\u00e4rmel.<\/p>\n<p data-start=\"1662\" data-end=\"1915\">Das zweifarbige schwarz-gelbe Finish des Handschuhs spiegelt die raffinierte europ\u00e4ische Handwerkskunst und das Engagement von RYINZ f\u00fcr eine leistungsstarke \u00c4sthetik wider. Jede Naht ist verst\u00e4rkt mit <strong data-start=\"1834\" data-end=\"1852\">KEVLAR\u00ae Gewinde<\/strong>, und sorgt so f\u00fcr hohe Rei\u00dffestigkeit und lange Haltbarkeit.<\/p>\n<p data-start=\"1917\" data-end=\"2366\">Mehr als nur ein Reithandschuh, der <strong data-start=\"1952\" data-end=\"1972\">RYINZ StormGuard<\/strong> steht f\u00fcr den Zweck. Jedes Paar wird in ethischer Handarbeit unter RYINZs <strong data-start=\"2043\" data-end=\"2092\">Initiative zur St\u00e4rkung von Frauen und Menschenrechten<\/strong>, RYINZ sorgt daf\u00fcr, dass qualifizierte Frauen in Pakistan und Bangladesch in einem sicheren, fairen und unterst\u00fctzenden Umfeld arbeiten. RYINZ reinvestiert einen Teil seiner Einnahmen in Bildungs-, Berufsausbildungs- und emotionale Unterst\u00fctzungsprogramme f\u00fcr Frauen und bietet rund um die Uhr mehrsprachige Unterst\u00fctzung in \u00fcber 110 Sprachen.<\/p>\n<p data-start=\"2368\" data-end=\"2450\">Wenn Sie sich f\u00fcr RYINZ entscheiden, tragen Sie nicht nur Schutz, sondern auch eine Sache.<\/p>\n<p data-start=\"2452\" data-end=\"2471\"><strong data-start=\"2452\" data-end=\"2469\">Wesentliche Merkmale:<\/strong><\/p>\n<ul data-start=\"2472\" data-end=\"3130\">\n<li data-start=\"2472\" data-end=\"2558\">\n<p data-start=\"2474\" data-end=\"2558\">Premium-Rinds- und Ziegenlederkonstruktion f\u00fcr ultimativen Schutz und Komfort.<\/p>\n<\/li>\n<li data-start=\"2559\" data-end=\"2611\">\n<p data-start=\"2561\" data-end=\"2611\">CE Level 2 zertifizierter Schutz (EN 13594:2015).<\/p>\n<\/li>\n<li data-start=\"2612\" data-end=\"2683\">\n<p data-start=\"2614\" data-end=\"2683\">Kn\u00f6chelpanzer aus Carbon und schaumstoffgepolsterte Finger zur Sto\u00dfd\u00e4mpfung.<\/p>\n<\/li>\n<li data-start=\"2684\" data-end=\"2750\">\n<p data-start=\"2686\" data-end=\"2750\">Verst\u00e4rkte Handfl\u00e4che mit doppelter Lederbeschichtung und rutschfestem Griff.<\/p>\n<\/li>\n<li data-start=\"2751\" data-end=\"2805\">\n<p data-start=\"2753\" data-end=\"2805\">Akkordeon-Stretcheins\u00e4tze f\u00fcr mehr Flexibilit\u00e4t.<\/p>\n<\/li>\n<li data-start=\"2806\" data-end=\"2875\">\n<p data-start=\"2808\" data-end=\"2875\">Perforierte Lederzonen f\u00fcr Bel\u00fcftung und Temperaturausgleich.<\/p>\n<\/li>\n<li data-start=\"2876\" data-end=\"2942\">\n<p data-start=\"2878\" data-end=\"2942\">Verl\u00e4ngerte Manschette mit verstellbarem Klettverschluss f\u00fcr einen sicheren Sitz.<\/p>\n<\/li>\n<li data-start=\"2943\" data-end=\"3001\">\n<p data-start=\"2945\" data-end=\"3001\">Ergonomisches, vorgekr\u00fcmmtes Fingerdesign f\u00fcr bessere Kontrolle.<\/p>\n<\/li>\n<li data-start=\"3002\" data-end=\"3063\">\n<p data-start=\"3004\" data-end=\"3063\">KEVLAR\u00ae-N\u00e4hte f\u00fcr Strapazierf\u00e4higkeit und Widerstandsf\u00e4higkeit gegen Risse.<\/p>\n<\/li>\n<li data-start=\"3064\" data-end=\"3130\">\n<p data-start=\"3066\" data-end=\"3130\">Ethisch handgefertigt im Rahmen der RYINZ-Mission zur St\u00e4rkung der Frauen.<\/p>\n<\/li>\n<\/ul>\n<p data-start=\"3132\" data-end=\"3342\">Jedes Detail der <strong data-start=\"3152\" data-end=\"3182\">RYINZ StormGuard CE Handschuhe<\/strong> wurde entwickelt, um das zu sch\u00fctzen, was am wichtigsten ist - Ihre Sicherheit, Ihren Komfort und Ihre Werte. Fahren Sie selbstbewusst mit dem Wissen, dass Ihre Ausr\u00fcstung f\u00fcr St\u00e4rke und Mitgef\u00fchl steht.<\/p>","protected":false},"excerpt":{"rendered":"<p>Die RYINZ StormGuard CE Level 2 Handschuhe bieten erstklassigen Schutz und Flexibilit\u00e4t f\u00fcr anspruchsvolle Fahrer. Sie sind aus hochwertigem Rinds- und Ziegenleder mit CE-zertifizierter Panzerung gefertigt und verf\u00fcgen \u00fcber Karbonkn\u00f6chel, verst\u00e4rkte Handfl\u00e4chen und Akkordeonplatten f\u00fcr maximale Kontrolle und Sicherheit. Bel\u00fcftete Abschnitte verbessern die Luftzirkulation, w\u00e4hrend verl\u00e4ngerte Manschetten f\u00fcr einen sicheren Sitz sorgen. Jedes Paar wird unter ethischen Gesichtspunkten im Rahmen der RYINZ-Initiative zur St\u00e4rkung der Frauen hergestellt und unterst\u00fctzt die Menschenrechte, faire Arbeitsbedingungen und sichere Arbeitspl\u00e4tze. RYINZ ist anders - jede Bestellung unterst\u00fctzt eine sinnvolle Sache.<\/p>","protected":false},"featured_media":10430,"comment_status":"closed","ping_status":"closed","template":"","meta":[],"product_brand":[35],"product_cat":[1111],"product_tag":[1225,1231,1230,1227,1212,1226,1073,1093,1218,841,1229,1228,419,1214,1091],"class_list":{"0":"post-10429","1":"product","2":"type-product","3":"status-publish","4":"has-post-thumbnail","6":"product_brand-ryinz","7":"product_cat-motorbike","8":"product_tag-adventure-motorcycle-gloves","9":"product_tag-armored-biker-gloves","10":"product_tag-breathable-leather-gloves","11":"product_tag-carbon-knuckle-protection","12":"product_tag-ce-level-2-gloves","13":"product_tag-cowhide-gloves","14":"product_tag-ethical-manufacturing","15":"product_tag-european-design-gloves","16":"product_tag-leather-biker-gloves","17":"product_tag-motorcycle-gloves","18":"product_tag-premium-motorcycle-gear","19":"product_tag-protective-riding-gear","20":"product_tag-ryinz-gloves","21":"product_tag-touring-gloves","22":"product_tag-women-empowerment","24":"first","25":"instock","26":"taxable","27":"shipping-taxable","28":"purchasable","29":"product-type-simple"},"_links":{"self":[{"href":"https:\/\/ryinz.cz\/velkoobchod\/de\/wp-json\/wp\/v2\/product\/10429","targetHints":{"allow":["GET"]}}],"collection":[{"href":"https:\/\/ryinz.cz\/velkoobchod\/de\/wp-json\/wp\/v2\/product"}],"about":[{"href":"https:\/\/ryinz.cz\/velkoobchod\/de\/wp-json\/wp\/v2\/types\/product"}],"replies":[{"embeddable":true,"href":"https:\/\/ryinz.cz\/velkoobchod\/de\/wp-json\/wp\/v2\/comments?post=10429"}],"wp:featuredmedia":[{"embeddable":true,"href":"https:\/\/ryinz.cz\/velkoobchod\/de\/wp-json\/wp\/v2\/media\/10430"}],"wp:attachment":[{"href":"https:\/\/ryinz.cz\/velkoobchod\/de\/wp-json\/wp\/v2\/media?parent=10429"}],"wp:term":[{"taxonomy":"product_brand","embeddable":true,"href":"https:\/\/ryinz.cz\/velkoobchod\/de\/wp-json\/wp\/v2\/product_brand?post=10429"},{"taxonomy":"product_cat","embeddable":true,"href":"https:\/\/ryinz.cz\/velkoobchod\/de\/wp-json\/wp\/v2\/product_cat?post=10429"},{"taxonomy":"product_tag","embeddable":true,"href":"https:\/\/ryinz.cz\/velkoobchod\/de\/wp-json\/wp\/v2\/product_tag?post=10429"}],"curies":[{"name":"wp","href":"https:\/\/api.w.org\/{rel}","templated":true}]}}