{"id":10416,"date":"2025-11-02T12:21:48","date_gmt":"2025-11-02T12:21:48","guid":{"rendered":"https:\/\/ryinz.cz\/velkoobchod\/?post_type=product&#038;p=10416"},"modified":"2026-01-18T20:23:21","modified_gmt":"2026-01-18T20:23:21","slug":"ryinz-streetrider-schwarz-ce-gepanzerte-motorrad-jeans-urbaner-schutz-im-stil","status":"publish","type":"product","link":"https:\/\/ryinz.cz\/velkoobchod\/de\/product\/ryinz-streetrider-black-ce-armored-motorcycle-jeans-urban-protection-in-style\/","title":{"rendered":"RYINZ StreetRider Black CE-gepanzerte Motorradjeans - Urbaner Schutz mit Stil"},"content":{"rendered":"<p data-start=\"108\" data-end=\"490\">Die <strong data-start=\"161\" data-end=\"216\">RYINZ StreetRider Schwarze CE-gepanzerte Motorradjeans<\/strong> bringt das Beste aus zwei Welten zusammen - modernes Streetwear-Design und fortschrittlichen Motorradschutz. Diese Jeans wurde f\u00fcr Fahrer entwickelt, die schnell leben und sich frei bewegen. Sie kombiniert hochwertige Materialien, europ\u00e4ische Handwerkskunst und den f\u00fcr Ryinz typischen ethischen Ansatz bei der Herstellung.<\/p>\n<p data-start=\"492\" data-end=\"843\">Gefertigt aus <strong data-start=\"505\" data-end=\"573\">Strapazierf\u00e4higer Stretch-Denim mit Aramidfaserverst\u00e4rkung<\/strong>, Die StreetRider-Jeans bieten eine hervorragende Abriebfestigkeit, w\u00e4hrend sie ein nat\u00fcrliches Denim-Gef\u00fchl beibehalten. Sie eignet sich sowohl f\u00fcr den Stadtverkehr als auch f\u00fcr Wochenendausfl\u00fcge und bietet den Schutz einer professionellen Motorradhose, ohne den Stil einer Freizeitjeans zu beeintr\u00e4chtigen.<\/p>\n<p data-start=\"845\" data-end=\"1287\">Die Jeans weisen folgende Merkmale auf <strong data-start=\"863\" data-end=\"893\">CE-zertifizierte Level-1-R\u00fcstung<\/strong> an den Knien und H\u00fcften, diskret integriert und abnehmbar, um sie au\u00dferhalb des Fahrrads zu tragen. Verst\u00e4rkte Aramidfaser-Paneele in kritischen Zonen - einschlie\u00dflich des Ges\u00e4\u00dfes, der Knie und der Oberschenkel - sch\u00fctzen den Fahrer vor Abrieb und Hitze bei einem Sturz. Das sch\u00fctzende Netzfutter sorgt f\u00fcr Atmungsaktivit\u00e4t und Feuchtigkeitsregulierung, w\u00e4hrend die nat\u00fcrliche Dehnbarkeit des Gewebes volle Bewegungsfreiheit in jeder Fahrposition erm\u00f6glicht.<\/p>\n<p data-start=\"1289\" data-end=\"1632\">Unverwechselbar <strong data-start=\"1301\" data-end=\"1342\">gerippte Stretcheins\u00e4tze \u00fcber den Knien<\/strong> verbessern die Flexibilit\u00e4t und machen lange Fahrten oder Stop-and-Go-Verkehr in der Stadt bequemer. Die schmal zulaufende Passform passt sich dem K\u00f6rper an, ohne die Bewegungsfreiheit einzuschr\u00e4nken, w\u00e4hrend die <strong data-start=\"1510\" data-end=\"1545\">strategisch notleidendes Design<\/strong> f\u00fcgt einen robusten, lebendigen Look hinzu, der den Lebensstil des urbanen Fahrers perfekt erg\u00e4nzt.<\/p>\n<p data-start=\"1634\" data-end=\"1915\">Die tiefschwarze Waschung mit minimalem RYINZ-Branding macht diese Jeans auch abseits des Motorrads zu einem stylischen und funktionalen Begleiter. Verst\u00e4rkte Dreifachn\u00e4hte an allen wichtigen N\u00e4hten erh\u00f6hen die Festigkeit, w\u00e4hrend langlebige YKK-Rei\u00dfverschl\u00fcsse und Nieten die hochwertige Konstruktion vervollst\u00e4ndigen.<\/p>\n<p data-start=\"1917\" data-end=\"2351\">Jedes Paar StreetRider Jeans ist Teil von Ryinz' Engagement f\u00fcr <strong data-start=\"1981\" data-end=\"2032\">ethische Produktion und Eintreten f\u00fcr die Menschenrechte<\/strong>. Sie werden in zertifizierten Betrieben in Pakistan und Bangladesch hergestellt und bieten sichere Arbeitsumgebungen, gleiche Bezahlung und M\u00f6glichkeiten zur St\u00e4rkung der Rolle der Frau. Ein Teil jedes Kaufs unterst\u00fctzt 24\/7 mehrsprachige emotionale Unterst\u00fctzung und Bildungsprogramme f\u00fcr Frauen in \u00fcber 110 Sprachen - ein Markenzeichen der Ryinz-Mission.<\/p>\n<p data-start=\"2353\" data-end=\"2562\">Die <strong data-start=\"2357\" data-end=\"2401\">RYINZ StreetRider Schwarz CE-gepanzerte Jeans<\/strong> sind nicht einfach nur Reithosen - sie sind ein Statement f\u00fcr Widerstandsf\u00e4higkeit, Individualit\u00e4t und Verantwortung. Gebaut f\u00fcr Reiter, die so gut aussehen wollen, wie sie sich sicher f\u00fchlen.<\/p>\n<p data-start=\"2564\" data-end=\"2583\"><strong data-start=\"2564\" data-end=\"2581\">Wesentliche Merkmale:<\/strong><\/p>\n<ul data-start=\"2584\" data-end=\"3227\">\n<li data-start=\"2584\" data-end=\"2669\">\n<p data-start=\"2586\" data-end=\"2669\">Strapazierf\u00e4higer Stretch-Denim mit Aramidfaserverst\u00e4rkung f\u00fcr Abriebfestigkeit.<\/p>\n<\/li>\n<li data-start=\"2670\" data-end=\"2741\">\n<p data-start=\"2672\" data-end=\"2741\">Abnehmbare Panzerung der Stufe 1 an Knien und H\u00fcften (EN 1621-1 zertifiziert).<\/p>\n<\/li>\n<li data-start=\"2742\" data-end=\"2797\">\n<p data-start=\"2744\" data-end=\"2797\">Atmungsaktives Netzfutter f\u00fcr Komfort und Bel\u00fcftung.<\/p>\n<\/li>\n<li data-start=\"2798\" data-end=\"2857\">\n<p data-start=\"2800\" data-end=\"2857\">Gerippte Stretcheins\u00e4tze f\u00fcr Flexibilit\u00e4t und Komfort am Knie.<\/p>\n<\/li>\n<li data-start=\"2858\" data-end=\"2924\">\n<p data-start=\"2860\" data-end=\"2924\">Dreifach gen\u00e4hte N\u00e4hte in den Belastungszonen f\u00fcr \u00fcberragende Haltbarkeit.<\/p>\n<\/li>\n<li data-start=\"2925\" data-end=\"2978\">\n<p data-start=\"2927\" data-end=\"2978\">Abgenutztes Design f\u00fcr eine urbane, robuste \u00c4sthetik.<\/p>\n<\/li>\n<li data-start=\"2979\" data-end=\"3040\">\n<p data-start=\"2981\" data-end=\"3040\">Schmal zulaufende Passform f\u00fcr modernes Styling und optimale Bewegungsfreiheit.<\/p>\n<\/li>\n<li data-start=\"3041\" data-end=\"3099\">\n<p data-start=\"3043\" data-end=\"3099\">Verst\u00e4rkte Ges\u00e4\u00df- und Oberschenkelzonen f\u00fcr lang anhaltenden Tragekomfort.<\/p>\n<\/li>\n<li data-start=\"3100\" data-end=\"3148\">\n<p data-start=\"3102\" data-end=\"3148\">Strapazierf\u00e4hige YKK-Rei\u00dfverschl\u00fcsse und Metallnieten.<\/p>\n<\/li>\n<li data-start=\"3149\" data-end=\"3227\">\n<p data-start=\"3151\" data-end=\"3227\">Ethisch hergestellt im Rahmen der Ryinz-Mission zur F\u00f6rderung von Frauen und fairen Arbeitsbedingungen.<\/p>\n<\/li>\n<\/ul>\n<p data-start=\"3229\" data-end=\"3369\">Wenn Sie tragen <strong data-start=\"3243\" data-end=\"3264\">RYINZ StreetRider<\/strong>, tragen Sie mehr als nur Schutz - Sie tragen Fortschritt, Zuversicht und Mitgef\u00fchl, alles in einem.<\/p>","protected":false},"excerpt":{"rendered":"<p>Die RYINZ StreetRider Black CE-Armored Jeans kombinieren Streetwear-Stil mit ernsthaftem Schutz. Hergestellt aus Stretch-Denim mit Aramid-Verst\u00e4rkung und CE Level 1 Panzerung an Knien und H\u00fcfte, bieten sie Haltbarkeit, Komfort und Flexibilit\u00e4t f\u00fcr t\u00e4gliche Fahrten. Mit ihren gerippten Eins\u00e4tzen, der schmalen Passform und den Used-Details eignet sie sich perfekt f\u00fcr den Einsatz auf dem Rad oder in der Freizeit. Entworfen in Europa und unter ethischen Gesichtspunkten im Rahmen der Ryinz-Initiative zur St\u00e4rkung der Frauen hergestellt, unterst\u00fctzt jede Bestellung die Menschenrechte, sichere Arbeitspl\u00e4tze und faire L\u00f6hne.<\/p>","protected":false},"featured_media":10418,"comment_status":"closed","ping_status":"closed","template":"","meta":[],"product_brand":[35],"product_cat":[1111,1109],"product_tag":[1185,1183,1163,1182,1184,1189,1073,1190,1158,1162,1165,1188,1187,1186,1091],"class_list":{"0":"post-10416","1":"product","2":"type-product","3":"status-publish","4":"has-post-thumbnail","6":"product_brand-ryinz","7":"product_cat-motorbike","8":"product_cat-motorbike-apparel","9":"product_tag-aramid-reinforced-jeans","10":"product_tag-armored-denim","11":"product_tag-biker-jeans","12":"product_tag-black-riding-jeans","13":"product_tag-ce-certified-jeans","14":"product_tag-durable-denim","15":"product_tag-ethical-manufacturing","16":"product_tag-european-design-riding-jeans","17":"product_tag-motorcycle-jeans","18":"product_tag-protective-riding-pants","19":"product_tag-ryinz-jeans","20":"product_tag-slim-fit-motorcycle-jeans","21":"product_tag-streetwear-motorcycle-gear","22":"product_tag-urban-motorcycle-wear","23":"product_tag-women-empowerment","25":"first","26":"instock","27":"taxable","28":"shipping-taxable","29":"purchasable","30":"product-type-simple"},"_links":{"self":[{"href":"https:\/\/ryinz.cz\/velkoobchod\/de\/wp-json\/wp\/v2\/product\/10416","targetHints":{"allow":["GET"]}}],"collection":[{"href":"https:\/\/ryinz.cz\/velkoobchod\/de\/wp-json\/wp\/v2\/product"}],"about":[{"href":"https:\/\/ryinz.cz\/velkoobchod\/de\/wp-json\/wp\/v2\/types\/product"}],"replies":[{"embeddable":true,"href":"https:\/\/ryinz.cz\/velkoobchod\/de\/wp-json\/wp\/v2\/comments?post=10416"}],"wp:featuredmedia":[{"embeddable":true,"href":"https:\/\/ryinz.cz\/velkoobchod\/de\/wp-json\/wp\/v2\/media\/10418"}],"wp:attachment":[{"href":"https:\/\/ryinz.cz\/velkoobchod\/de\/wp-json\/wp\/v2\/media?parent=10416"}],"wp:term":[{"taxonomy":"product_brand","embeddable":true,"href":"https:\/\/ryinz.cz\/velkoobchod\/de\/wp-json\/wp\/v2\/product_brand?post=10416"},{"taxonomy":"product_cat","embeddable":true,"href":"https:\/\/ryinz.cz\/velkoobchod\/de\/wp-json\/wp\/v2\/product_cat?post=10416"},{"taxonomy":"product_tag","embeddable":true,"href":"https:\/\/ryinz.cz\/velkoobchod\/de\/wp-json\/wp\/v2\/product_tag?post=10416"}],"curies":[{"name":"wp","href":"https:\/\/api.w.org\/{rel}","templated":true}]}}