{"id":9335,"date":"2025-06-22T15:41:32","date_gmt":"2025-06-22T15:41:32","guid":{"rendered":"https:\/\/ryinz.cz\/velkoobchod\/?post_type=product&#038;p=9335"},"modified":"2026-01-18T20:19:02","modified_gmt":"2026-01-18T20:19:02","slug":"natistene-navleky-na-krk-strecove-mikrovlakno-tepelne-kamase-pro-outdoorove-sporty-cyklistika-pesi-turistika-reklamni-znacka","status":"publish","type":"product","link":"https:\/\/ryinz.cz\/velkoobchod\/cs\/product\/printed-neck-warmers-stretchable-microfiber-thermal-gaiters-for-outdoor-sports-biking-hiking-promotional-branding\/","title":{"rendered":"N\u00e1t\u011bln\u00edky s potiskem - elastick\u00e9 n\u00e1vleky z mikrovl\u00e1kna a termo n\u00e1vleky pro outdoorov\u00e9 sporty, cyklistiku, turistiku a propaga\u010dn\u00ed zna\u010dku"},"content":{"rendered":"<p data-start=\"1208\" data-end=\"1569\">Na\u0161e n\u00e1kr\u010dn\u00edky jsou dokonalou kombinac\u00ed v\u00fdkonu, osobitosti a ochrany. Jsou navr\u017eeny pro vysoce energetick\u00e9 outdoorov\u00e9 pou\u017eit\u00ed, nos\u00ed je cyklist\u00e9, b\u011b\u017eci, ly\u017ea\u0159i, turist\u00e9 a v\u0161ichni, kdo jsou vystaveni v\u011btru, prachu nebo slunci. Jsou vyrobeny z elastick\u00e9 tkaniny z mikrovl\u00e1kna nebo z lehk\u00fdch polyesterov\u00fdch sm\u011bs\u00ed a p\u0159edstavuj\u00ed prody\u0161nou, celoro\u010dn\u00ed alternativu tradi\u010dn\u00edch \u0161\u00e1tk\u016f.<\/p>\n<p data-start=\"1571\" data-end=\"1686\">Ka\u017ed\u00e1 jednotka je vyrobena jako beze\u0161v\u00e1 trubka pro maxim\u00e1ln\u00ed pohodl\u00ed a stylovou variabilitu. U\u017eivatel\u00e9 ji mohou nosit v\u00edce ne\u017e 10 zp\u016fsoby:<\/p>\n<ul data-start=\"1687\" data-end=\"1798\">\n<li data-start=\"1687\" data-end=\"1702\">\n<p data-start=\"1689\" data-end=\"1702\">Kama\u0161e na krk<\/p>\n<\/li>\n<li data-start=\"1703\" data-end=\"1717\">\n<p data-start=\"1705\" data-end=\"1717\">Obli\u010dejov\u00fd kryt<\/p>\n<\/li>\n<li data-start=\"1718\" data-end=\"1731\">\n<p data-start=\"1720\" data-end=\"1731\">Balaklava<\/p>\n<\/li>\n<li data-start=\"1732\" data-end=\"1742\">\n<p data-start=\"1734\" data-end=\"1742\">Beanie<\/p>\n<\/li>\n<li data-start=\"1743\" data-end=\"1755\">\n<p data-start=\"1745\" data-end=\"1755\">\u010celenka<\/p>\n<\/li>\n<li data-start=\"1756\" data-end=\"1769\">\n<p data-start=\"1758\" data-end=\"1769\">N\u00e1ramek na ruku<\/p>\n<\/li>\n<li data-start=\"1770\" data-end=\"1783\">\n<p data-start=\"1772\" data-end=\"1783\">Pod\u0161\u00edvka klobouku<\/p>\n<\/li>\n<li data-start=\"1784\" data-end=\"1798\">\n<p data-start=\"1786\" data-end=\"1798\">Ochrana proti prachu<\/p>\n<\/li>\n<\/ul>\n<p data-start=\"1800\" data-end=\"1817\">Vlastnosti produktu:<\/p>\n<ul data-start=\"1818\" data-end=\"2136\">\n<li data-start=\"1818\" data-end=\"1876\">\n<p data-start=\"1820\" data-end=\"1876\">Beze\u0161v\u00e1 trubkov\u00e1 konstrukce pro no\u0161en\u00ed bez podr\u00e1\u017ed\u011bn\u00ed<\/p>\n<\/li>\n<li data-start=\"1877\" data-end=\"1928\">\n<p data-start=\"1879\" data-end=\"1928\">4sm\u011brn\u011b stre\u010dov\u00e1 tkanina z mikrovl\u00e1kna nebo polyspandexu<\/p>\n<\/li>\n<li data-start=\"1929\" data-end=\"1956\">\n<p data-start=\"1931\" data-end=\"1956\">Ochrana proti UV z\u00e1\u0159en\u00ed (UPF 30+)<\/p>\n<\/li>\n<li data-start=\"1957\" data-end=\"1993\">\n<p data-start=\"1959\" data-end=\"1993\">Lehk\u00fd a odv\u00e1d\u011bj\u00edc\u00ed vlhkost<\/p>\n<\/li>\n<li data-start=\"1994\" data-end=\"2046\">\n<p data-start=\"1996\" data-end=\"2046\">Tiskne se v barv\u00e1ch s vysok\u00fdm rozli\u0161en\u00edm, kter\u00e9 jsou odoln\u00e9 proti vyblednut\u00ed.<\/p>\n<\/li>\n<li data-start=\"2047\" data-end=\"2089\">\n<p data-start=\"2049\" data-end=\"2089\">Univerz\u00e1ln\u00ed velikost pro v\u011bt\u0161inu (mu\u017ei, \u017eeny, ml\u00e1de\u017e)<\/p>\n<\/li>\n<li data-start=\"2090\" data-end=\"2136\">\n<p data-start=\"2092\" data-end=\"2136\">Rychleschnouc\u00ed a snadno slo\u017eiteln\u00e9 do ka\u017ed\u00e9 kapsy<\/p>\n<\/li>\n<\/ul>\n<p data-start=\"2138\" data-end=\"2165\">K dispozici jsou tyto vzory:<\/p>\n<ul data-start=\"2166\" data-end=\"2306\">\n<li data-start=\"2166\" data-end=\"2183\">\n<p data-start=\"2168\" data-end=\"2183\">Vojensk\u00e1 kamufl\u00e1\u017e<\/p>\n<\/li>\n<li data-start=\"2184\" data-end=\"2205\">\n<p data-start=\"2186\" data-end=\"2205\">Um\u011bleck\u00e9 graffiti<\/p>\n<\/li>\n<li data-start=\"2206\" data-end=\"2232\">\n<p data-start=\"2208\" data-end=\"2232\">Kmenov\u00fd nebo zv\u00ed\u0159ec\u00ed potisk<\/p>\n<\/li>\n<li data-start=\"2233\" data-end=\"2252\">\n<p data-start=\"2235\" data-end=\"2252\">Tropick\u00e9 kv\u011btiny<\/p>\n<\/li>\n<li data-start=\"2253\" data-end=\"2275\">\n<p data-start=\"2255\" data-end=\"2275\">M\u011bstsk\u00e9 sportovn\u00ed t\u00f3ny<\/p>\n<\/li>\n<li data-start=\"2276\" data-end=\"2306\">\n<p data-start=\"2278\" data-end=\"2306\">P\u0159\u00edrodn\u00ed a sez\u00f3nn\u00ed t\u00e9mata<\/p>\n<\/li>\n<\/ul>\n<p data-start=\"2308\" data-end=\"2324\">Ide\u00e1ln\u00ed p\u0159\u00edpady pou\u017eit\u00ed:<\/p>\n<ul data-start=\"2325\" data-end=\"2559\">\n<li data-start=\"2325\" data-end=\"2364\">\n<p data-start=\"2327\" data-end=\"2364\">Zna\u010dky outdoorov\u00fdch sport\u016f a dobrodru\u017estv\u00ed<\/p>\n<\/li>\n<li data-start=\"2365\" data-end=\"2405\">\n<p data-start=\"2367\" data-end=\"2405\">Sady zimn\u00edho a horsk\u00e9ho sportovn\u00edho vybaven\u00ed<\/p>\n<\/li>\n<li data-start=\"2406\" data-end=\"2443\">\n<p data-start=\"2408\" data-end=\"2443\">Firemn\u00ed propaga\u010dn\u00ed zbo\u017e\u00ed<\/p>\n<\/li>\n<li data-start=\"2444\" data-end=\"2488\">\n<p data-start=\"2446\" data-end=\"2488\">Vlastn\u00ed d\u00e1rky na z\u00e1vodech nebo veletrz\u00edch<\/p>\n<\/li>\n<li data-start=\"2489\" data-end=\"2526\">\n<p data-start=\"2491\" data-end=\"2526\">Bezpe\u010dnostn\u00ed sady nevl\u00e1dn\u00edch organizac\u00ed a cyklistick\u00e9 kluby<\/p>\n<\/li>\n<li data-start=\"2527\" data-end=\"2559\">\n<p data-start=\"2529\" data-end=\"2559\">Taktick\u00e9 a paintballov\u00e9 hry<\/p>\n<\/li>\n<\/ul>\n<p data-start=\"2561\" data-end=\"2584\">Slu\u017eby p\u0159izp\u016fsoben\u00ed:<\/p>\n<ul data-start=\"2585\" data-end=\"2776\">\n<li data-start=\"2585\" data-end=\"2618\">\n<p data-start=\"2587\" data-end=\"2618\">Celoplo\u0161n\u00fd sublima\u010dn\u00ed tisk<\/p>\n<\/li>\n<li data-start=\"2619\" data-end=\"2648\">\n<p data-start=\"2621\" data-end=\"2648\">Zna\u010dkov\u00e9 obaly<\/p>\n<\/li>\n<li data-start=\"2649\" data-end=\"2689\">\n<p data-start=\"2651\" data-end=\"2689\">Ti\u0161t\u011bn\u00e9 \u0161t\u00edtky nebo na\u0161it\u00e9 \u0161t\u00edtky zna\u010dky<\/p>\n<\/li>\n<li data-start=\"2690\" data-end=\"2725\">\n<p data-start=\"2692\" data-end=\"2725\">Sady multipack\u016f p\u0159ipraven\u00e9 k maloobchodn\u00edmu prodeji<\/p>\n<\/li>\n<li data-start=\"2726\" data-end=\"2776\">\n<p data-start=\"2728\" data-end=\"2776\">V\u00fdroba slad\u011bn\u00e1 s barvou Pantone pro jedine\u010dnou identitu<\/p>\n<\/li>\n<\/ul>\n<p data-start=\"2778\" data-end=\"3020\">Vyrobil <strong data-start=\"2790\" data-end=\"2812\">Ryinz spol. s.r.o.<\/strong>, tyto n\u00e1kr\u010dn\u00edky jsou dod\u00e1v\u00e1ny s fakturac\u00ed a dodr\u017eov\u00e1n\u00edm DPH v EU, rychlou expedic\u00ed z \u010cesk\u00e9 republiky a plnou podporou OEM pro va\u0161i priv\u00e1tn\u00ed zna\u010dku nebo sortiment outdoorov\u00e9ho vybaven\u00ed. MOQ za\u010d\u00edn\u00e1 na 100 ks\/design.<\/p>\n<p data-start=\"3022\" data-end=\"3137\">Nechte sv\u00e9 z\u00e1kazn\u00edky jezdit, b\u011bhat a objevovat v pohodl\u00ed - s v\u00fdrazn\u00fdmi barvami, kter\u00e9 vynikaj\u00ed v\u00fdkonem a ochranou.<\/p>","protected":false},"excerpt":{"rendered":"<p data-start=\"304\" data-end=\"684\">Na\u0161e n\u00e1kr\u010dn\u00edky jsou barevn\u00e9, v\u0161estrann\u00e9 a ide\u00e1ln\u00ed do chladn\u00e9ho i p\u0159echodn\u00e9ho po\u010das\u00ed. Tyto multifunk\u010dn\u00ed kama\u0161e slou\u017e\u00ed jako n\u00e1vleky na krk, obli\u010dejov\u00e9 masky a stylov\u00e9 outdoorov\u00e9 dopl\u0148ky. Jsou vyrobeny z elastick\u00e9ho mikrovl\u00e1kna nebo prody\u0161n\u00e9ho polyesteru a poskytuj\u00ed ochranu proti v\u011btru, odvod vlhkosti a ochranu proti UV z\u00e1\u0159en\u00ed p\u0159i aktivit\u00e1ch, jako je j\u00edzda na kole, turistika, ly\u017eov\u00e1n\u00ed nebo b\u011bh.<\/p>\n<p data-start=\"686\" data-end=\"976\">Tyto trubicov\u00e9 n\u00e1vleky na krk jsou k dispozici v \u0161irok\u00e9 \u0161k\u00e1le \u017eiv\u00fdch potisk\u016f - od mask\u00e1\u010dov\u00fdch a kv\u011btinov\u00fdch a\u017e po grafick\u00e9 a abstraktn\u00ed - jsou velmi lehk\u00e9, rychleschnouc\u00ed a p\u0159\u00edjemn\u00e9 na poko\u017eku. Jejich beze\u0161v\u00e1 konstrukce umo\u017e\u0148uje v\u00edce zp\u016fsob\u016f no\u0161en\u00ed: jako kukla, \u010depice, \u010delenka nebo \u0161\u00e1tek.<\/p>\n<p data-start=\"978\" data-end=\"1154\">Spole\u010dnost Ryinz, kter\u00e1 je ide\u00e1ln\u00ed pro zna\u010dky sportovn\u00edho oble\u010den\u00ed, outdoorov\u00e9 akce, reklamn\u00ed d\u00e1rky a prodejce sportovn\u00edch pot\u0159eb, nab\u00edz\u00ed zak\u00e1zkov\u00fd tisk a n\u00edzk\u00e9 MOQ s kompletn\u00edm B2B servisem z \u010cesk\u00e9 republiky.<\/p>","protected":false},"featured_media":10151,"comment_status":"closed","ping_status":"closed","template":"","meta":[],"product_brand":[35],"product_cat":[68],"product_tag":[688,689,690,691,692,693,694,695,696,697,698,699,700,701,702],"class_list":{"0":"post-9335","1":"product","2":"type-product","3":"status-publish","4":"has-post-thumbnail","6":"product_brand-ryinz","7":"product_cat-ryinz","8":"product_tag-all-over-print-gaiters-for-promotion","9":"product_tag-breathable-face-and-neck-protectors","10":"product_tag-custom-event-scarves-outdoor-use","11":"product_tag-custom-logo-neck-gaiters-europe","12":"product_tag-cycling-and-hiking-neck-warmers-czechia","13":"product_tag-multifunctional-neck-scarves-wholesale","14":"product_tag-neck-warmers-for-travel-and-ski-brands","15":"product_tag-outdoor-headwear-accessories-exporter","16":"product_tag-printed-neck-warmers-for-sports-brands","17":"product_tag-quick-dry-tube-scarves-for-runners","18":"product_tag-seamless-outdoor-gaiters-for-winter","19":"product_tag-sportswear-neck-wraps-b2b-supplier","20":"product_tag-stretchable-microfiber-neck-covers-eu","21":"product_tag-tactical-camo-neck-gaiters-supplier","22":"product_tag-uv-protective-printed-neck-tubes-eu","24":"first","25":"instock","26":"taxable","27":"shipping-taxable","28":"purchasable","29":"product-type-simple"},"_links":{"self":[{"href":"https:\/\/ryinz.cz\/velkoobchod\/cs\/wp-json\/wp\/v2\/product\/9335","targetHints":{"allow":["GET"]}}],"collection":[{"href":"https:\/\/ryinz.cz\/velkoobchod\/cs\/wp-json\/wp\/v2\/product"}],"about":[{"href":"https:\/\/ryinz.cz\/velkoobchod\/cs\/wp-json\/wp\/v2\/types\/product"}],"replies":[{"embeddable":true,"href":"https:\/\/ryinz.cz\/velkoobchod\/cs\/wp-json\/wp\/v2\/comments?post=9335"}],"wp:featuredmedia":[{"embeddable":true,"href":"https:\/\/ryinz.cz\/velkoobchod\/cs\/wp-json\/wp\/v2\/media\/10151"}],"wp:attachment":[{"href":"https:\/\/ryinz.cz\/velkoobchod\/cs\/wp-json\/wp\/v2\/media?parent=9335"}],"wp:term":[{"taxonomy":"product_brand","embeddable":true,"href":"https:\/\/ryinz.cz\/velkoobchod\/cs\/wp-json\/wp\/v2\/product_brand?post=9335"},{"taxonomy":"product_cat","embeddable":true,"href":"https:\/\/ryinz.cz\/velkoobchod\/cs\/wp-json\/wp\/v2\/product_cat?post=9335"},{"taxonomy":"product_tag","embeddable":true,"href":"https:\/\/ryinz.cz\/velkoobchod\/cs\/wp-json\/wp\/v2\/product_tag?post=9335"}],"curies":[{"name":"wp","href":"https:\/\/api.w.org\/{rel}","templated":true}]}}