{"id":9332,"date":"2025-06-22T15:41:31","date_gmt":"2025-06-22T15:41:31","guid":{"rendered":"https:\/\/ryinz.cz\/velkoobchod\/?post_type=product&#038;p=9332"},"modified":"2026-01-18T20:18:57","modified_gmt":"2026-01-18T20:18:57","slug":"lehke-nepromokave-bundy-do-deste-prodysne-vetruodolne-venkovni-plaste-pro-cyklistiku-pesi-turistiku-mestske-dojizdeni-b2b","status":"publish","type":"product","link":"https:\/\/ryinz.cz\/velkoobchod\/cs\/product\/lightweight-waterproof-rain-jackets-breathable-windproof-outdoor-shells-for-cycling-hiking-urban-commuting-b2b\/","title":{"rendered":"Lehk\u00e9 nepromokav\u00e9 bundy do de\u0161t\u011b - prody\u0161n\u00e9, v\u011btruodoln\u00e9 outdoorov\u00e9 pl\u00e1\u0161t\u011bnky pro cyklistiku, turistiku a doj\u00ed\u017ed\u011bn\u00ed do m\u011bsta (B2B)"},"content":{"rendered":"<p data-start=\"1292\" data-end=\"1542\">Z\u016fsta\u0148te v suchu a viditeln\u00ed d\u00edky na\u0161\u00ed nab\u00eddce profesion\u00e1ln\u00edch bund do de\u0161t\u011b - ide\u00e1ln\u00ed pro sportovce, doj\u00ed\u017ed\u011bj\u00edc\u00ed, pracovn\u00edky v p\u0159\u00edrod\u011b i m\u011bstsk\u00e9 pr\u016fzkumn\u00edky. Tyto nepromokav\u00e9 bundy jsou lehk\u00e9, prody\u0161n\u00e9 a pln\u011b p\u0159izp\u016fsobiteln\u00e9 va\u0161\u00ed zna\u010dce nebo organizaci.<\/p>\n<p data-start=\"1544\" data-end=\"1569\">Ka\u017ed\u00fd model je vyroben s pou\u017eit\u00edm:<\/p>\n<ul data-start=\"1570\" data-end=\"1770\">\n<li data-start=\"1570\" data-end=\"1610\">\n<p data-start=\"1572\" data-end=\"1610\">Vod\u011bodoln\u00e1 polyesterov\u00e1 nebo nylonov\u00e1 tkanina<\/p>\n<\/li>\n<li data-start=\"1611\" data-end=\"1677\">\n<p data-start=\"1613\" data-end=\"1677\">Vnit\u0159n\u00ed PU nebo TPU povlak pro odolnost proti vod\u011b (a\u017e 10 000 mm)<\/p>\n<\/li>\n<li data-start=\"1678\" data-end=\"1722\">\n<p data-start=\"1680\" data-end=\"1722\">Sva\u0159ovan\u00e9 nebo podlepen\u00e9 \u0161vy zabra\u0148uj\u00edc\u00ed \u00fanik\u016fm.<\/p>\n<\/li>\n<li data-start=\"1723\" data-end=\"1770\">\n<p data-start=\"1725\" data-end=\"1770\">Barvy s vysokou viditelnost\u00ed a kontrastn\u00ed zipy<\/p>\n<\/li>\n<\/ul>\n<p data-start=\"1772\" data-end=\"1819\">Na\u0161e bundy do de\u0161t\u011b jsou speci\u00e1ln\u011b navr\u017eeny pro:<\/p>\n<ul data-start=\"1820\" data-end=\"1965\">\n<li data-start=\"1820\" data-end=\"1847\">\n<p data-start=\"1822\" data-end=\"1847\">J\u00edzda na kole a motocyklu<\/p>\n<\/li>\n<li data-start=\"1848\" data-end=\"1870\">\n<p data-start=\"1850\" data-end=\"1870\">B\u011bh\u00e1n\u00ed a p\u011b\u0161\u00ed turistika<\/p>\n<\/li>\n<li data-start=\"1871\" data-end=\"1906\">\n<p data-start=\"1873\" data-end=\"1906\">Pracovn\u00edci ve stavebnictv\u00ed nebo komun\u00e1ln\u00edch slu\u017eb\u00e1ch<\/p>\n<\/li>\n<li data-start=\"1907\" data-end=\"1941\">\n<p data-start=\"1909\" data-end=\"1941\">Venkovn\u00ed rozvoz a doj\u00ed\u017ed\u011bn\u00ed<\/p>\n<\/li>\n<li data-start=\"1942\" data-end=\"1965\">\n<p data-start=\"1944\" data-end=\"1965\">Ud\u00e1losti a t\u00fdmov\u00e9 oble\u010den\u00ed<\/p>\n<\/li>\n<\/ul>\n<p data-start=\"1967\" data-end=\"1984\">Mezi funkce pat\u0159\u00ed:<\/p>\n<ul data-start=\"1985\" data-end=\"2272\">\n<li data-start=\"1985\" data-end=\"2039\">\n<p data-start=\"1987\" data-end=\"2039\">Nastaviteln\u00e9 kapuce s p\u0159ep\u00edna\u010di nebo elastick\u00fdmi \u0161\u0148\u016frkami<\/p>\n<\/li>\n<li data-start=\"2040\" data-end=\"2090\">\n<p data-start=\"2042\" data-end=\"2090\">Celozipov\u00e9 nebo polozipov\u00e9 zap\u00edn\u00e1n\u00ed s klopami proti bou\u0159i<\/p>\n<\/li>\n<li data-start=\"2091\" data-end=\"2134\">\n<p data-start=\"2093\" data-end=\"2134\">Prodlou\u017een\u00e9 zadn\u00ed lemy pro pokryt\u00ed p\u0159i j\u00edzd\u011b na kole<\/p>\n<\/li>\n<li data-start=\"2135\" data-end=\"2182\">\n<p data-start=\"2137\" data-end=\"2182\">Elastick\u00e9 man\u017eety nebo man\u017eety na such\u00fd zip zabra\u0148uj\u00edc\u00ed vniknut\u00ed de\u0161t\u011b<\/p>\n<\/li>\n<li data-start=\"2183\" data-end=\"2226\">\n<p data-start=\"2185\" data-end=\"2226\">Lehk\u00e9 sbaliteln\u00e9 proveden\u00ed na cesty<\/p>\n<\/li>\n<li data-start=\"2227\" data-end=\"2272\">\n<p data-start=\"2229\" data-end=\"2272\">Reflexn\u00ed lemov\u00e1n\u00ed nebo bezpe\u010dnostn\u00ed z\u00f3ny s potiskem<\/p>\n<\/li>\n<\/ul>\n<p data-start=\"2274\" data-end=\"2492\">N\u011bkter\u00e9 bundy maj\u00ed prody\u0161n\u00e9 s\u00ed\u0165ovan\u00e9 pod\u0161\u00edvky nebo v\u011btrac\u00ed panely v podpa\u017e\u00ed, kter\u00e9 zabra\u0148uj\u00ed p\u0159eh\u0159\u00e1t\u00ed. Ergonomick\u00fd st\u0159ih je optimalizov\u00e1n pro volnost pohybu p\u0159i vrstven\u00ed p\u0159es sportovn\u00ed oble\u010den\u00ed, uniformy nebo z\u00e1kladn\u00ed vrstvy.<\/p>\n<p data-start=\"2494\" data-end=\"2539\">Nab\u00edz\u00edme kompletn\u00ed slu\u017eby p\u0159izp\u016fsoben\u00ed OEM\/ODM:<\/p>\n<ul data-start=\"2540\" data-end=\"2730\">\n<li data-start=\"2540\" data-end=\"2577\">\n<p data-start=\"2542\" data-end=\"2577\">Shoda barev Pantone pro tkaniny<\/p>\n<\/li>\n<li data-start=\"2578\" data-end=\"2626\">\n<p data-start=\"2580\" data-end=\"2626\">Vyti\u0161t\u011bn\u00e1 nebo p\u0159enesen\u00e1 loga spole\u010dnosti nebo klubu<\/p>\n<\/li>\n<li data-start=\"2627\" data-end=\"2659\">\n<p data-start=\"2629\" data-end=\"2659\">Ti\u0161t\u011bn\u00e9 \u0161t\u00edtky pro p\u00e9\u010di a velikost<\/p>\n<\/li>\n<li data-start=\"2660\" data-end=\"2702\">\n<p data-start=\"2662\" data-end=\"2702\">Balen\u00ed na zip s va\u0161\u00ed zna\u010dkou<\/p>\n<\/li>\n<li data-start=\"2703\" data-end=\"2730\">\n<p data-start=\"2705\" data-end=\"2730\">Z\u00e1v\u011bsn\u00e9 \u0161t\u00edtky a \u010d\u00e1rov\u00e9 k\u00f3dy<\/p>\n<\/li>\n<\/ul>\n<p data-start=\"2732\" data-end=\"2897\">Velikosti se pohybuj\u00ed od XS do 3XL a k dispozici jsou st\u0159ihy podle pohlav\u00ed (p\u00e1nsk\u00e9, d\u00e1msk\u00e9, unisex). Na vy\u017e\u00e1d\u00e1n\u00ed je mo\u017en\u00e9 vytvo\u0159it tak\u00e9 vlastn\u00ed velikosti pro d\u011bti nebo plusov\u00e9 velikosti.<\/p>\n<p data-start=\"2899\" data-end=\"2909\">Ide\u00e1ln\u00ed pro:<\/p>\n<ul data-start=\"2910\" data-end=\"3086\">\n<li data-start=\"2910\" data-end=\"2939\">\n<p data-start=\"2912\" data-end=\"2939\">Spole\u010dnosti vyr\u00e1b\u011bj\u00edc\u00ed cyklistick\u00e9 oble\u010den\u00ed<\/p>\n<\/li>\n<li data-start=\"2940\" data-end=\"2977\">\n<p data-start=\"2942\" data-end=\"2977\">Zna\u010dky outdoorov\u00e9ho dobrodru\u017estv\u00ed a vybaven\u00ed<\/p>\n<\/li>\n<li data-start=\"2978\" data-end=\"3010\">\n<p data-start=\"2980\" data-end=\"3010\">Nevl\u00e1dn\u00ed organizace a vybaven\u00ed dobrovoln\u00edk\u016f<\/p>\n<\/li>\n<li data-start=\"3011\" data-end=\"3042\">\n<p data-start=\"3013\" data-end=\"3042\">Sportovn\u00ed kluby a soupravy pro akce<\/p>\n<\/li>\n<li data-start=\"3043\" data-end=\"3086\">\n<p data-start=\"3045\" data-end=\"3086\">Stejnokroje st\u00e1tn\u00edch a obecn\u00edch zam\u011bstnanc\u016f<\/p>\n<\/li>\n<\/ul>\n<p data-start=\"3088\" data-end=\"3408\">Spole\u010dnost Ryinz vyr\u00e1b\u00ed a dod\u00e1v\u00e1 v\u0161echny od\u011bvy pod zna\u010dkou <strong data-start=\"3135\" data-end=\"3157\">Ryinz spol. s.r.o.<\/strong> (\u010cesk\u00e1 republika) s plnou kompatibilitou s DPH EU, celn\u00edmi deklaracemi a rychl\u00fdm dod\u00e1n\u00edm do v\u0161ech 28 zem\u00ed EU. D\u00edky konkurenceschopn\u00fdm B2B cen\u00e1m a n\u00edzk\u00fdm MOQ od 100 ks\/design jsme tu, abychom v\u00e1m pomohli snadno spustit nebo roz\u0161\u00ed\u0159it va\u0161i \u0159adu oble\u010den\u00ed do de\u0161t\u011b.<\/p>","protected":false},"excerpt":{"rendered":"<p data-start=\"297\" data-end=\"649\">Na\u0161e nepromokav\u00e9 bundy do de\u0161t\u011b jsou navr\u017eeny pro aktivn\u00ed venkovn\u00ed pou\u017eit\u00ed a doj\u00ed\u017ed\u011bn\u00ed do pr\u00e1ce ve m\u011bst\u011b. Jsou lehk\u00e9, sbaliteln\u00e9 a prody\u0161n\u00e9 a poskytuj\u00ed plnou ochranu p\u0159ed v\u011btrem a de\u0161t\u011bm p\u0159i zachov\u00e1n\u00ed volnosti pohybu. Tyto bundy jsou vyrobeny z odoln\u00e9ho polyesteru nebo nylonu s PU nebo TPU z\u00e1t\u011brem a jsou ide\u00e1ln\u00ed pro cyklisty, b\u011b\u017ece, turisty a doru\u010dovatele.<\/p>\n<p data-start=\"651\" data-end=\"978\">Tyto bundy jsou k dispozici v z\u00e1\u0159iv\u00fdch bezpe\u010dnostn\u00edch barv\u00e1ch, jako je neonov\u011b zelen\u00e1, oran\u017eov\u00e1, \u010derven\u00e1, \u017elut\u00e1 a modr\u00e1, a maj\u00ed podlepen\u00e9 \u0161vy, nastaviteln\u00e9 kapuce, elastick\u00e9 man\u017eety a dlouh\u00fd ocas, kter\u00fd udr\u017euje z\u00e1da v suchu b\u011bhem j\u00edzdy nebo pohybu. N\u011bkter\u00e9 modely maj\u00ed v\u011btr\u00e1n\u00ed v podpa\u017e\u00ed, s\u00ed\u0165ovan\u00e9 pod\u0161\u00edvky a reflexn\u00ed detaily pro v\u011bt\u0161\u00ed pohodl\u00ed a bezpe\u010dnost.<\/p>\n<p data-start=\"980\" data-end=\"1238\">Nab\u00edz\u00edme B2B p\u0159izp\u016fsoben\u00ed s potiskem loga, velikostn\u00ed tabulky, vlastn\u00ed balen\u00ed a fakturaci DPH v EU. D\u00edky na\u0161\u00ed podpo\u0159e exportu v \u010cesk\u00e9 republice je Ryinz spolehliv\u00fdm dodavatelem technick\u00e9ho oble\u010den\u00ed do de\u0161t\u011b pro zna\u010dky, sportovn\u00ed kluby a distributory outdoorov\u00e9ho vybaven\u00ed v cel\u00e9 Evrop\u011b.<\/p>","protected":false},"featured_media":10155,"comment_status":"closed","ping_status":"closed","template":"","meta":[],"product_brand":[35],"product_cat":[68],"product_tag":[643,644,645,646,647,648,649,650,651,652,653,654,655,656,657],"class_list":{"0":"post-9332","1":"product","2":"type-product","3":"status-publish","4":"has-post-thumbnail","6":"product_brand-ryinz","7":"product_cat-ryinz","8":"product_tag-b2b-custom-rain-jackets-for-brands","9":"product_tag-custom-printed-outdoor-jackets-europe","10":"product_tag-cycling-rainwear-breathable-waterproof","11":"product_tag-high-visibility-rain-jackets-for-safety","12":"product_tag-lightweight-waterproof-rain-jackets-eu","13":"product_tag-packable-windproof-jackets-for-biking","14":"product_tag-polyester-waterproof-jackets-ce-approved","15":"product_tag-rain-jackets-for-hiking-and-commuting","16":"product_tag-rain-jackets-with-hood-and-vents-eu","17":"product_tag-reflective-outdoor-shell-jackets-czechia","18":"product_tag-safety-color-waterproof-jackets-for-teams-let-me-know-when-youre-ready-to-continue-with-the-next-item","19":"product_tag-technical-shell-jackets-for-outdoor-use","20":"product_tag-tpu-coated-waterproof-jackets-supplier","21":"product_tag-urban-commuter-rain-jackets-manufacturer","22":"product_tag-waterproof-windbreakers-for-events","24":"first","25":"instock","26":"taxable","27":"shipping-taxable","28":"purchasable","29":"product-type-simple"},"_links":{"self":[{"href":"https:\/\/ryinz.cz\/velkoobchod\/cs\/wp-json\/wp\/v2\/product\/9332","targetHints":{"allow":["GET"]}}],"collection":[{"href":"https:\/\/ryinz.cz\/velkoobchod\/cs\/wp-json\/wp\/v2\/product"}],"about":[{"href":"https:\/\/ryinz.cz\/velkoobchod\/cs\/wp-json\/wp\/v2\/types\/product"}],"replies":[{"embeddable":true,"href":"https:\/\/ryinz.cz\/velkoobchod\/cs\/wp-json\/wp\/v2\/comments?post=9332"}],"wp:featuredmedia":[{"embeddable":true,"href":"https:\/\/ryinz.cz\/velkoobchod\/cs\/wp-json\/wp\/v2\/media\/10155"}],"wp:attachment":[{"href":"https:\/\/ryinz.cz\/velkoobchod\/cs\/wp-json\/wp\/v2\/media?parent=9332"}],"wp:term":[{"taxonomy":"product_brand","embeddable":true,"href":"https:\/\/ryinz.cz\/velkoobchod\/cs\/wp-json\/wp\/v2\/product_brand?post=9332"},{"taxonomy":"product_cat","embeddable":true,"href":"https:\/\/ryinz.cz\/velkoobchod\/cs\/wp-json\/wp\/v2\/product_cat?post=9332"},{"taxonomy":"product_tag","embeddable":true,"href":"https:\/\/ryinz.cz\/velkoobchod\/cs\/wp-json\/wp\/v2\/product_tag?post=9332"}],"curies":[{"name":"wp","href":"https:\/\/api.w.org\/{rel}","templated":true}]}}