{"id":9330,"date":"2025-06-22T15:41:31","date_gmt":"2025-06-22T15:41:31","guid":{"rendered":"https:\/\/ryinz.cz\/velkoobchod\/?post_type=product&#038;p=9330"},"modified":"2026-01-18T20:18:54","modified_gmt":"2026-01-18T20:18:54","slug":"vlastni-znackove-polokosile-premium-cotton-poly-polo-tees-pro-firemni-sportovni-uniformy-a-modu-b2b-wholesale","status":"publish","type":"product","link":"https:\/\/ryinz.cz\/velkoobchod\/cs\/product\/custom-branded-polo-shirts-premium-cotton-poly-polo-tees-for-corporate-sports-uniforms-and-fashion-b2b-wholesale\/","title":{"rendered":"Vlastn\u00ed zna\u010dkov\u00e9 poloko\u0161ile - pr\u00e9miov\u00e1 bavln\u011bn\u00e1\/poly tri\u010dka pro firmy, sport, uniformy a m\u00f3du B2B velkoobchod"},"content":{"rendered":"<p data-start=\"1347\" data-end=\"1723\">Na\u0161e tri\u010dka s potiskem jsou dokonal\u00fdm pl\u00e1tnem pro zna\u010dky, kluby, n\u00e1vrh\u00e1\u0159e a firmy, kter\u00e9 cht\u011bj\u00ed vyj\u00e1d\u0159it svou identitu, propagovat sd\u011blen\u00ed nebo u\u010dinit odv\u00e1\u017en\u00e9 m\u00f3dn\u00ed prohl\u00e1\u0161en\u00ed. Tato tri\u010dka s kr\u00e1tk\u00fdm ruk\u00e1vem jsou vyrobena z m\u011bkk\u00e9, prody\u0161n\u00e9 a p\u0159edsr\u00e1\u017een\u00e9 bavlny nebo vysoce kvalitn\u00ed sm\u011bsi bavlny a polyesteru a nab\u00edzej\u00ed lehk\u00e9 a celodenn\u011b nositeln\u00e9 \u0159e\u0161en\u00ed pro mu\u017ee i \u017eeny.<\/p>\n<p data-start=\"1725\" data-end=\"1792\">St\u0159ih je modern\u00ed a uvoln\u011bn\u00fd a je navr\u017een pro masovou oblibu:<\/p>\n<ul data-start=\"1793\" data-end=\"1913\">\n<li data-start=\"1793\" data-end=\"1816\">\n<p data-start=\"1795\" data-end=\"1816\">\u017debrovan\u00e9 v\u00fdst\u0159ihy pos\u00e1dky<\/p>\n<\/li>\n<li data-start=\"1817\" data-end=\"1839\">\n<p data-start=\"1819\" data-end=\"1839\">Dvojit\u011b pro\u0161it\u00e9 lemy<\/p>\n<\/li>\n<li data-start=\"1840\" data-end=\"1877\">\n<p data-start=\"1842\" data-end=\"1877\">Podlepen\u00e1 ramena pro udr\u017een\u00ed tvaru<\/p>\n<\/li>\n<li data-start=\"1878\" data-end=\"1913\">\n<p data-start=\"1880\" data-end=\"1913\">Soft-touch \u0161t\u00edtky nebo priv\u00e1tn\u00ed \u0161t\u00edtky<\/p>\n<\/li>\n<\/ul>\n<p data-start=\"1915\" data-end=\"2197\">V\u0161echny n\u00e1vrhy jsou vyr\u00e1b\u011bny pomoc\u00ed odoln\u00fdch tiskov\u00fdch technik, v\u010detn\u011b <strong data-start=\"1984\" data-end=\"2003\">s\u00edtotisk<\/strong>, <strong data-start=\"2005\" data-end=\"2032\">DTG (Direct to Garment)<\/strong>, nebo <strong data-start=\"2037\" data-end=\"2054\">p\u0159enos tepla<\/strong>, v z\u00e1vislosti na va\u0161\u00ed grafice a mno\u017estv\u00ed objedn\u00e1vky. Inkousty jsou ekologicky certifikovan\u00e9 a z\u00e1\u0159iv\u00e9 a nab\u00edzej\u00ed dlouhotrvaj\u00edc\u00ed barvy i po opakovan\u00e9m pran\u00ed.<\/p>\n<p data-start=\"2199\" data-end=\"2408\">K dispozici v obou verz\u00edch <strong data-start=\"2217\" data-end=\"2232\">jednostrann\u00fd<\/strong> a <strong data-start=\"2237\" data-end=\"2251\">p\u0159edn\u00ed zadn\u00ed strana<\/strong> tisky, m\u016f\u017eete si vybrat ze sportovn\u00ed grafiky, motiva\u010dn\u00edch cit\u00e1t\u016f, komiksov\u00fdch ilustrac\u00ed, loga nebo minim\u00e1ln\u00edho brandingu. N\u011bkter\u00e9 z nab\u00edzen\u00fdch styl\u016f zahrnuj\u00ed t\u00e9mata jako:<\/p>\n<ul data-start=\"2409\" data-end=\"2610\">\n<li data-start=\"2409\" data-end=\"2442\">\n<p data-start=\"2411\" data-end=\"2442\">Sportovn\u00ed d\u00edla inspirovan\u00e1 jezdci<\/p>\n<\/li>\n<li data-start=\"2443\" data-end=\"2470\">\n<p data-start=\"2445\" data-end=\"2470\">Tu\u010dn\u00e1 loga (nap\u0159. Naska)<\/p>\n<\/li>\n<li data-start=\"2471\" data-end=\"2510\">\n<p data-start=\"2473\" data-end=\"2510\">Grafick\u00e9 exploze a abstraktn\u00ed um\u011bn\u00ed<\/p>\n<\/li>\n<li data-start=\"2511\" data-end=\"2564\">\n<p data-start=\"2513\" data-end=\"2564\">Motiva\u010dn\u00ed tisky (\u201cNikdo to za v\u00e1s neud\u011bl\u00e1\u201d)<\/p>\n<\/li>\n<li data-start=\"2565\" data-end=\"2610\">\n<p data-start=\"2567\" data-end=\"2610\">Popkulturn\u00ed mashupy a v\u00fdrazn\u00e9 designy<\/p>\n<\/li>\n<\/ul>\n<p data-start=\"2612\" data-end=\"2853\">V\u0161echna tri\u010dka lze p\u0159izp\u016fsobit - po\u0161lete n\u00e1m svou grafiku nebo koncept zna\u010dky a my se postar\u00e1me o zbytek. Na\u0161e MOQ pro tri\u010dka s vlastn\u00edm potiskem za\u010d\u00edn\u00e1 na pouh\u00fdch 100 kusech na barvu\/design, co\u017e je dostupn\u00e9 pro akce, startupy a sez\u00f3nn\u00ed kolekce.<\/p>\n<p data-start=\"2855\" data-end=\"2868\">Ryinz nab\u00edz\u00ed:<\/p>\n<ul data-start=\"2869\" data-end=\"3033\">\n<li data-start=\"2869\" data-end=\"2894\">\n<p data-start=\"2871\" data-end=\"2894\">Velkoobchodn\u00ed ceny B2B<\/p>\n<\/li>\n<li data-start=\"2895\" data-end=\"2915\">\n<p data-start=\"2897\" data-end=\"2915\">Fakturace DPH v EU<\/p>\n<\/li>\n<li data-start=\"2916\" data-end=\"2942\">\n<p data-start=\"2918\" data-end=\"2942\">Obaly p\u0159ipraven\u00e9 pro export<\/p>\n<\/li>\n<li data-start=\"2943\" data-end=\"2973\">\n<p data-start=\"2945\" data-end=\"2973\">Hromadn\u00e1 velikost od XS do 3XL<\/p>\n<\/li>\n<li data-start=\"2974\" data-end=\"2999\">\n<p data-start=\"2976\" data-end=\"2999\">P\u0159izp\u016fsoben\u00ed barev<\/p>\n<\/li>\n<li data-start=\"3000\" data-end=\"3033\">\n<p data-start=\"3002\" data-end=\"3033\">Vlastn\u00ed visa\u010dky na krk a \u010d\u00e1rov\u00e9 k\u00f3dy<\/p>\n<\/li>\n<\/ul>\n<p data-start=\"3035\" data-end=\"3056\">Mezi aplikace pat\u0159\u00ed:<\/p>\n<ul data-start=\"3057\" data-end=\"3220\">\n<li data-start=\"3057\" data-end=\"3078\">\n<p data-start=\"3059\" data-end=\"3078\">Streetwear zna\u010dky<\/p>\n<\/li>\n<li data-start=\"3079\" data-end=\"3099\">\n<p data-start=\"3081\" data-end=\"3099\">Fitness t\u00fdmov\u00e9 oble\u010den\u00ed<\/p>\n<\/li>\n<li data-start=\"3100\" data-end=\"3126\">\n<p data-start=\"3102\" data-end=\"3126\">Hudebn\u00ed a tane\u010dn\u00ed akce<\/p>\n<\/li>\n<li data-start=\"3127\" data-end=\"3156\">\n<p data-start=\"3129\" data-end=\"3156\">Kampan\u011b na podporu pov\u011bdom\u00ed o zna\u010dce<\/p>\n<\/li>\n<li data-start=\"3157\" data-end=\"3187\">\n<p data-start=\"3159\" data-end=\"3187\">Veletrhy nebo v\u00fdstavy<\/p>\n<\/li>\n<li data-start=\"3188\" data-end=\"3220\">\n<p data-start=\"3190\" data-end=\"3220\">Firemn\u00ed d\u00e1rky a maloobchod<\/p>\n<\/li>\n<\/ul>\n<p data-start=\"3222\" data-end=\"3536\">Na\u0161e v\u00fdroba prob\u00edh\u00e1 prost\u0159ednictv\u00edm <strong data-start=\"3256\" data-end=\"3278\">Ryinz spol. s.r.o.<\/strong>, se s\u00eddlem v \u010cesk\u00e9 republice. T\u00edm je zaji\u0161t\u011bna bezprobl\u00e9mov\u00e1 logistika, fakturace DPH a dod\u00e1n\u00ed do v\u0161ech 28 zem\u00ed EU. Maloobchodn\u00edci a distributo\u0159i v N\u011bmecku, It\u00e1lii, Francii, Polsku, Rakousku a Nizozemsku ji\u017e vyu\u017e\u00edvaj\u00ed v\u00fdhod na\u0161\u00ed kvality a n\u00edzk\u00fdch MOQ.<\/p>\n<p data-start=\"3538\" data-end=\"3838\">D\u00edky na\u0161\u00ed vlastn\u00ed podpo\u0159e designu, rychl\u00e9mu v\u00fdb\u011bru vzork\u016f a spolehlivosti v\u00fdroby m\u016f\u017ee va\u0161e zna\u010dka uv\u00e9st na trh vizu\u00e1ln\u011b atraktivn\u00ed a pohodlnou kolekci s minim\u00e1ln\u00edm \u00fasil\u00edm. A\u0165 u\u017e pot\u0159ebujete odv\u00e1\u017en\u00e9 potisky pro festivaly nebo minimalistick\u00fd branding pro streetwear, Ryinz m\u00e1 kapacitu a kreativitu, aby v\u00e1m je dodal.<\/p>","protected":false},"excerpt":{"rendered":"<p data-start=\"312\" data-end=\"586\">Na\u0161e poloko\u0161ile na zak\u00e1zku spojuj\u00ed le\u017e\u00e9rn\u00ed styl s mo\u017enost\u00ed elegantn\u00edho brandingu. Tyto ko\u0161ile jsou vyrobeny z vysoce kvalitn\u00ed bavlny, sm\u011bs\u00ed bavlny a poly nebo v\u00fdkonn\u00e9 tkaniny piqu\u00e9 a jsou ide\u00e1ln\u00ed pro obchodn\u00ed t\u00fdmy, sportovn\u00ed uniformy, brand merchandising a lifestylov\u00e9 maloobchodn\u00ed kolekce.<\/p>\n<p data-start=\"588\" data-end=\"911\">Poloko\u0161ile se strukturovan\u00fdm l\u00edmcem, knofl\u00edkov\u00fdmi l\u00e9gami a \u017eebrovan\u00fdmi man\u017eetami maj\u00ed \u010distou siluetu, prody\u0161nost a pohodl\u00ed. A\u0165 u\u017e se pou\u017e\u00edvaj\u00ed pro firemn\u00ed identitu, golfov\u00e9 kluby, pracovn\u00ed oble\u010den\u00ed nebo akce, tato poloko\u0161ile se dod\u00e1vaj\u00ed v \u0161irok\u00e9 \u0161k\u00e1le barev - b\u00edl\u00e9, n\u00e1mo\u0159nick\u00e9, v\u00ednov\u00e9, \u017elut\u00e9, sv\u011btle modr\u00e9 a ve v\u00edcebarevn\u00fdch pruhovan\u00fdch proveden\u00edch.<\/p>\n<p data-start=\"913\" data-end=\"1185\">Podporujeme vytv\u00e1\u0159en\u00ed priv\u00e1tn\u00edch zna\u010dek pomoc\u00ed v\u00fd\u0161ivek, ti\u0161t\u011bn\u00fdch log, visa\u010dek na krk a obalov\u00fdch \u0159e\u0161en\u00ed. V\u0161echny velikosti od XS do 3XL jsou k dispozici v p\u00e1nsk\u00fdch, d\u00e1msk\u00fdch nebo unisex st\u0159iz\u00edch. N\u011bkter\u00e9 modely obsahuj\u00ed kontrastn\u00ed lemy, bo\u010dn\u00ed rozparky a stre\u010dov\u00e9 materi\u00e1ly pro lep\u0161\u00ed p\u0159izp\u016fsoben\u00ed a pohyb.<\/p>\n<p data-start=\"1187\" data-end=\"1366\">Spole\u010dnost Ryinz nab\u00edz\u00ed kompletn\u00ed B2B slu\u017eby z \u010cesk\u00e9 republiky s fakturac\u00ed DPH, n\u00edzk\u00fdmi MOQ a rychl\u00fdm obratem. Ide\u00e1ln\u00ed pro m\u00f3dn\u00ed zna\u010dky, propaga\u010dn\u00ed agentury nebo distributory obsluhuj\u00edc\u00ed trhy EU.<\/p>","protected":false},"featured_media":10153,"comment_status":"closed","ping_status":"closed","template":"","meta":[],"product_brand":[35],"product_cat":[438,68,467],"product_tag":[613,614,615,616,617,618,619,620,621,622,623,624,625,626,627],"class_list":{"0":"post-9330","1":"product","2":"type-product","3":"status-publish","4":"has-post-thumbnail","6":"product_brand-ryinz","7":"product_cat-leather-motorbike-pants","8":"product_cat-ryinz","9":"product_cat-textile-motorbike-jackets","10":"product_tag-b2b-fashion-polo-t-shirt-exporter","11":"product_tag-branded-cotton-polo-t-shirts-wholesale","12":"product_tag-corporate-logo-polo-shirt-supplier","13":"product_tag-custom-polo-shirts-for-branding-eu","14":"product_tag-embroidery-polo-shirt-manufacturer-czech","15":"product_tag-golf-and-casual-polo-shirts-supplier","16":"product_tag-moisture-wicking-polo-shirts-supplier","17":"product_tag-oem-polo-shirts-for-eu-brands","18":"product_tag-polo-shirts-for-promotional-events-b2b","19":"product_tag-premium-cotton-polos-private-label","20":"product_tag-sports-team-polo-shirts-eu-wholesale","21":"product_tag-striped-and-contrast-collar-polo-europe","22":"product_tag-tailored-fit-cotton-poly-polo-europe","23":"product_tag-uniform-polo-shirts-with-logo-print","24":"product_tag-workwear-polos-for-staff-uniforms","26":"first","27":"instock","28":"taxable","29":"shipping-taxable","30":"purchasable","31":"product-type-simple"},"_links":{"self":[{"href":"https:\/\/ryinz.cz\/velkoobchod\/cs\/wp-json\/wp\/v2\/product\/9330","targetHints":{"allow":["GET"]}}],"collection":[{"href":"https:\/\/ryinz.cz\/velkoobchod\/cs\/wp-json\/wp\/v2\/product"}],"about":[{"href":"https:\/\/ryinz.cz\/velkoobchod\/cs\/wp-json\/wp\/v2\/types\/product"}],"replies":[{"embeddable":true,"href":"https:\/\/ryinz.cz\/velkoobchod\/cs\/wp-json\/wp\/v2\/comments?post=9330"}],"wp:featuredmedia":[{"embeddable":true,"href":"https:\/\/ryinz.cz\/velkoobchod\/cs\/wp-json\/wp\/v2\/media\/10153"}],"wp:attachment":[{"href":"https:\/\/ryinz.cz\/velkoobchod\/cs\/wp-json\/wp\/v2\/media?parent=9330"}],"wp:term":[{"taxonomy":"product_brand","embeddable":true,"href":"https:\/\/ryinz.cz\/velkoobchod\/cs\/wp-json\/wp\/v2\/product_brand?post=9330"},{"taxonomy":"product_cat","embeddable":true,"href":"https:\/\/ryinz.cz\/velkoobchod\/cs\/wp-json\/wp\/v2\/product_cat?post=9330"},{"taxonomy":"product_tag","embeddable":true,"href":"https:\/\/ryinz.cz\/velkoobchod\/cs\/wp-json\/wp\/v2\/product_tag?post=9330"}],"curies":[{"name":"wp","href":"https:\/\/api.w.org\/{rel}","templated":true}]}}