{"id":9327,"date":"2025-06-22T15:41:30","date_gmt":"2025-06-22T15:41:30","guid":{"rendered":"https:\/\/ryinz.cz\/velkoobchod\/?post_type=product&#038;p=9327"},"modified":"2026-01-18T20:18:51","modified_gmt":"2026-01-18T20:18:51","slug":"mechanicke-rukavice-s-vysokou-obratnosti-odolne-proti-proriznuti-chranene-proti-narazu-protiskluzove-rukavice-pro-prumyslove-prace-v-automobilovem-prumyslu","status":"publish","type":"product","link":"https:\/\/ryinz.cz\/velkoobchod\/cs\/product\/high-dexterity-mechanic-gloves-cut-resistant-impact-protected-anti-slip-gloves-for-industrial-automotive-work\/","title":{"rendered":"Mechanick\u00e9 rukavice s vysokou obratnost\u00ed - rukavice odoln\u00e9 proti pro\u0159\u00edznut\u00ed, chr\u00e1n\u011bn\u00e9 proti n\u00e1razu a protiskluzov\u00e9 rukavice pro pr\u016fmyslov\u00e9 a automobilov\u00e9 pr\u00e1ce"},"content":{"rendered":"<p data-start=\"1504\" data-end=\"1854\">Na\u0161e mechanick\u00e9 rukavice jsou navr\u017eeny tak, aby poskytovaly v\u00fdkon, bezpe\u010dnost a pohodl\u00ed profesion\u00e1l\u016fm pracuj\u00edc\u00edm ve vysoce rizikov\u00fdch a p\u0159esn\u00fdch prost\u0159ed\u00edch. Tyto rukavice pom\u00e1haj\u00ed chr\u00e1nit ruce p\u0159ed po\u0159ez\u00e1n\u00edm, od\u0159en\u00edm, vibracemi a n\u00e1razy - od gar\u00e1\u017e\u00ed a oprav\u00e1rensk\u00fdch d\u00edlen a\u017e po staveni\u0161t\u011b a pr\u016fmyslov\u00e9 \u00fadr\u017eb\u00e1\u0159sk\u00e9 provozy - ani\u017e by se t\u00edm sn\u00ed\u017eila jejich obratnost nebo p\u0159ilnavost.<\/p>\n<p data-start=\"1856\" data-end=\"2288\">Na\u0161e rukavice jsou vyrobeny z odoln\u00e9 syntetick\u00e9 k\u016f\u017ee, elastick\u00e9ho nylonu, neoprenu nebo \u00faplet\u016f a vyzna\u010duj\u00ed se vysokou flexibilitou a z\u00e1rove\u0148 odolnost\u00ed proti opot\u0159eben\u00ed. Oblasti dlan\u00ed jsou vylep\u0161eny silikonizovan\u00fdmi nebo texturovan\u00fdmi vzory pro pevn\u00fd \u00fachop n\u00e1stroj\u016f, d\u00edl\u016f a mokr\u00fdch povrch\u016f. Mnoho model\u016f je vybaveno <strong data-start=\"2135\" data-end=\"2172\">chr\u00e1ni\u010de z termoplastick\u00e9 pry\u017ee (TPR)<\/strong> na prstech a kloubech, aby tlumily vn\u011bj\u0161\u00ed n\u00e1razy a zabr\u00e1nily zran\u011bn\u00ed p\u0159i p\u00e1du n\u00e1\u0159ad\u00ed nebo kontaktu se strojem.<\/p>\n<p data-start=\"2290\" data-end=\"2607\">Verze odoln\u00e9 proti pro\u0159\u00edznut\u00ed jsou vyrobeny s pou\u017eit\u00edm <strong data-start=\"2329\" data-end=\"2369\">HPPE (vysoce \u00fa\u010dinn\u00fd polyethylen)<\/strong> nebo <strong data-start=\"2373\" data-end=\"2396\">Kevlarov\u00e1 sm\u011bsov\u00e1 p\u0159\u00edze<\/strong>, a poskytuje certifikovanou ochranu proti po\u0159ez\u00e1n\u00ed podle normy EN388. Jsou ide\u00e1ln\u00ed pro kovov\u00fdrobu, manipulaci se sklem a pr\u00e1ci s ostr\u00fdmi hranami. Polstrov\u00e1n\u00ed v oblasti dlan\u00ed sni\u017euje \u00fanavu p\u0159i pou\u017e\u00edv\u00e1n\u00ed elektrick\u00e9ho n\u00e1\u0159ad\u00ed nebo opakovan\u00e9m uchopov\u00e1n\u00ed.<\/p>\n<p data-start=\"2609\" data-end=\"2648\">Mezi z\u00e1kladn\u00ed vlastnosti cel\u00e9 \u0159ady pat\u0159\u00ed:<\/p>\n<ul data-start=\"2649\" data-end=\"2851\">\n<li data-start=\"2649\" data-end=\"2684\">\n<p data-start=\"2651\" data-end=\"2684\">Kone\u010dky prst\u016f kompatibiln\u00ed s dotykovou obrazovkou<\/p>\n<\/li>\n<li data-start=\"2685\" data-end=\"2724\">\n<p data-start=\"2687\" data-end=\"2724\">Zap\u00edn\u00e1n\u00ed na h\u00e1\u010dky a smy\u010dky nebo na z\u00e1p\u011bst\u00ed<\/p>\n<\/li>\n<li data-start=\"2725\" data-end=\"2764\">\n<p data-start=\"2727\" data-end=\"2764\">Prody\u0161n\u00e1 s\u00ed\u0165ovan\u00e1 z\u00e1da pro v\u011btr\u00e1n\u00ed<\/p>\n<\/li>\n<li data-start=\"2765\" data-end=\"2807\">\n<p data-start=\"2767\" data-end=\"2807\">Ergonomick\u00fd design s p\u0159edem zak\u0159iven\u00fdmi prsty<\/p>\n<\/li>\n<li data-start=\"2808\" data-end=\"2851\">\n<p data-start=\"2810\" data-end=\"2851\">Zes\u00edlen\u00e9 \u0161vy v oblastech s vysok\u00fdm nam\u00e1h\u00e1n\u00edm<\/p>\n<\/li>\n<\/ul>\n<p data-start=\"2853\" data-end=\"3219\">Jasn\u00e9 barvy (neonov\u011b \u017elut\u00e1, oran\u017eov\u00e1, \u010derven\u00e1, fialov\u00e1) zlep\u0161uj\u00ed viditelnost a identifikaci t\u00fdmu, zat\u00edmco tmav\u0161\u00ed modely nab\u00edzej\u00ed \u010dist\u00fd, profesion\u00e1ln\u00ed vzhled. Rukavice jsou vhodn\u00e9 pro prav\u00e1ky i lev\u00e1ky a zachov\u00e1vaj\u00ed si pru\u017enost p\u0159i teplot\u00e1ch do 0 \u00b0C. V z\u00e1vislosti na va\u0161ich pot\u0159eb\u00e1ch nab\u00edz\u00edme univerz\u00e1ln\u00ed, proti\u00faderov\u00e9, antivibra\u010dn\u00ed nebo tepeln\u011b lemovan\u00e9 varianty.<\/p>\n<p data-start=\"3221\" data-end=\"3277\">Poskytujeme slu\u017eby OEM na zak\u00e1zku pro B2B kupuj\u00edc\u00ed, v\u010detn\u011b:<\/p>\n<ul data-start=\"3278\" data-end=\"3473\">\n<li data-start=\"3278\" data-end=\"3323\">\n<p data-start=\"3280\" data-end=\"3323\">Tisk loga (gumov\u00fd, s\u00edtotisk nebo transfer)<\/p>\n<\/li>\n<li data-start=\"3324\" data-end=\"3358\">\n<p data-start=\"3326\" data-end=\"3358\">Vlastn\u00ed etikety a obaly na man\u017eety<\/p>\n<\/li>\n<li data-start=\"3359\" data-end=\"3396\">\n<p data-start=\"3361\" data-end=\"3396\">Jedine\u010dn\u00e9 \u00fapravy barev a velikost\u00ed<\/p>\n<\/li>\n<li data-start=\"3397\" data-end=\"3429\">\n<p data-start=\"3399\" data-end=\"3429\">Integrace maloobchodn\u00edch zna\u010dek\/\u010d\u00e1rkov\u00fdch k\u00f3d\u016f<\/p>\n<\/li>\n<li data-start=\"3430\" data-end=\"3473\">\n<p data-start=\"3432\" data-end=\"3473\">Certifika\u010dn\u00ed dokumentace EN388 nebo ANSI<\/p>\n<\/li>\n<\/ul>\n<p data-start=\"3475\" data-end=\"3735\">V\u0161echny rukavice jsou vyr\u00e1b\u011bny pod p\u0159\u00edsnou kontrolou kvality a jsou dod\u00e1v\u00e1ny pod zna\u010dkou Ryinz nebo pod va\u0161\u00ed vlastn\u00ed zna\u010dkou. Jako spole\u010dnost registrovan\u00e1 v \u010cesk\u00e9 republice (<strong data-start=\"3622\" data-end=\"3644\">Ryinz spol. s.r.o.<\/strong>), zaji\u0161\u0165ujeme kompletn\u00ed fakturaci DPH v EU, v\u00fdvozn\u00ed dokumentaci a rychlou logistiku po cel\u00e9 Evrop\u011b.<\/p>\n<p data-start=\"3737\" data-end=\"3778\">Mezi obl\u00edben\u00e1 odv\u011btv\u00ed a p\u0159\u00edpady pou\u017eit\u00ed pat\u0159\u00ed:<\/p>\n<ul data-start=\"3779\" data-end=\"3991\">\n<li data-start=\"3779\" data-end=\"3815\">\n<p data-start=\"3781\" data-end=\"3815\">Automobilov\u00e9 gar\u00e1\u017ee a d\u00edlny<\/p>\n<\/li>\n<li data-start=\"3816\" data-end=\"3853\">\n<p data-start=\"3818\" data-end=\"3853\">Pr\u016fmyslov\u00e1 strojn\u00ed \u00fadr\u017eba<\/p>\n<\/li>\n<li data-start=\"3854\" data-end=\"3877\">\n<p data-start=\"3856\" data-end=\"3877\">Pr\u00e1ce v oblasti ropy a zemn\u00edho plynu<\/p>\n<\/li>\n<li data-start=\"3878\" data-end=\"3912\">\n<p data-start=\"3880\" data-end=\"3912\">Mont\u00e1\u017e a opravy za\u0159\u00edzen\u00ed<\/p>\n<\/li>\n<li data-start=\"3913\" data-end=\"3949\">\n<p data-start=\"3915\" data-end=\"3949\">Logistika, skladov\u00e1n\u00ed a balen\u00ed<\/p>\n<\/li>\n<li data-start=\"3950\" data-end=\"3991\">\n<p data-start=\"3952\" data-end=\"3991\">Stavebn\u00ed, mal\u00ed\u0159sk\u00e9 a tesa\u0159sk\u00e9 pr\u00e1ce<\/p>\n<\/li>\n<\/ul>\n<p data-start=\"3993\" data-end=\"4225\">D\u00edky velikostem od S do XXL a model\u016fm optimalizovan\u00fdm pro lehk\u00e9, st\u0159edn\u00ed nebo t\u011b\u017ek\u00e9 pou\u017eit\u00ed se na na\u0161e mechanick\u00e9 rukavice spol\u00e9haj\u00ed prodejny n\u00e1\u0159ad\u00ed, distributo\u0159i osobn\u00edch ochrann\u00fdch pom\u016fcek a pr\u016fmyslov\u00ed dodavatel\u00e9 v N\u011bmecku, Francii, \u010cesk\u00e9 republice, \u0160pan\u011blsku a Polsku.<\/p>\n<p data-start=\"4227\" data-end=\"4399\">Kontaktujte n\u00e1s pro p\u0159\u00edstup ke katalogu, \u017e\u00e1dosti o vzorky, ceny za model nebo kompletn\u00ed podporu p\u0159i tvorb\u011b vlastn\u00ed zna\u010dky. Ryinz poskytuje kvalitu, pohodl\u00ed a soulad s p\u0159edpisy - stvo\u0159eno pro pracovn\u00ed ruce.<\/p>","protected":false},"excerpt":{"rendered":"<p data-start=\"314\" data-end=\"631\">Na\u0161e mechanick\u00e9 rukavice jsou ur\u010deny pro profesion\u00e1ly, kte\u0159\u00ed pot\u0159ebuj\u00ed p\u0159ilnavost, obratnost a ochranu v n\u00e1ro\u010dn\u00e9m pracovn\u00edm prost\u0159ed\u00ed. Tyto rukavice kombinuj\u00ed protiskluzovou strukturu dlan\u011b, n\u00e1razuvzdorn\u00e9 chr\u00e1ni\u010de kloub\u016f a prody\u0161n\u00e9 materi\u00e1ly - ide\u00e1ln\u00ed pro pr\u00e1ci v automobilov\u00e9m pr\u016fmyslu, stavebnictv\u00ed, pr\u016fmyslov\u00e9 \u00fadr\u017eb\u011b a mechanick\u00fdch oprav\u00e1ch.<\/p>\n<p data-start=\"633\" data-end=\"931\">V z\u00e1vislosti na modelu jsou rukavice vybaveny ochranou proti n\u00e1razu z materi\u00e1lu TPR, zes\u00edlen\u00fdmi kone\u010dky prst\u016f, kompatibilitou s dotykov\u00fdmi obrazovkami, polstrovan\u00fdmi dlan\u011bmi a pru\u017en\u00fdmi \u00faplety nebo man\u017eetami. Mnoh\u00e9 z nich obsahuj\u00ed v\u00fdstelky odoln\u00e9 proti pro\u0159\u00edznut\u00ed (certifikovan\u00e9 podle normy EN388), beze\u0161v\u00e9 proveden\u00ed sko\u0159epiny nebo barvy s vysokou viditelnost\u00ed pro v\u011bt\u0161\u00ed bezpe\u010dnost na pracovi\u0161t\u00edch se \u0161patn\u00fdm osv\u011btlen\u00edm.<\/p>\n<p data-start=\"933\" data-end=\"1199\">Tyto rukavice, kter\u00e9 jsou k dispozici v z\u00e1\u0159iv\u011b \u010derven\u00e9, \u017elut\u00e9, oran\u017eov\u00e9, fialov\u00e9, \u010dern\u00e9 a \u0161ed\u00e9 kombinaci, jsou ide\u00e1ln\u00ed pro dodavatele bezpe\u010dnostn\u00edho vybaven\u00ed, maloobchodn\u00edky s n\u00e1\u0159ad\u00edm, pr\u016fmyslov\u00e9 velkoobchody a soukrom\u00e9 zna\u010dky. Velikosti se pohybuj\u00ed od S do XXL a mohou b\u00fdt opat\u0159eny logem va\u0161\u00ed spole\u010dnosti.<\/p>\n<p data-start=\"1201\" data-end=\"1450\">Spole\u010dnost Ryinz dod\u00e1v\u00e1 mechanick\u00e9 rukavice do 28 zem\u00ed EU s fakturac\u00ed DPH v EU, rychl\u00fdm servisem vzork\u016f a n\u00edzk\u00fdmi MOQ pro prodejce a dovozce. Na\u0161e rukavice poskytuj\u00ed odolnou a cenov\u011b dostupnou ochranu rukou, a\u0165 u\u017e pot\u0159ebujete odolnost proti n\u00e1razu, \u00fachopu nebo pro\u0159\u00edznut\u00ed.<\/p>","protected":false},"featured_media":10161,"comment_status":"closed","ping_status":"closed","template":"","meta":[],"product_brand":[35],"product_cat":[438,68,467],"product_tag":[545,546,547,548,549,550,551,552,553,554,555,556,557,558,559],"class_list":{"0":"post-9327","1":"product","2":"type-product","3":"status-publish","4":"has-post-thumbnail","6":"product_brand-ryinz","7":"product_cat-leather-motorbike-pants","8":"product_cat-ryinz","9":"product_cat-textile-motorbike-jackets","10":"product_tag-anti-slip-work-gloves-wholesale-eu","11":"product_tag-automotive-repair-gloves-with-grip","12":"product_tag-custom-branded-ppe-work-gloves","13":"product_tag-cut-resistant-gloves-for-auto-repair","14":"product_tag-cut-resistant-mechanic-gloves-en388","15":"product_tag-durable-utility-gloves-b2b-europe","16":"product_tag-flexible-gloves-for-workshop-safety","17":"product_tag-high-dexterity-mechanic-gloves-ce","18":"product_tag-high-visibility-mechanic-gloves-supplier","19":"product_tag-industrial-hand-protection-czech-supplier","20":"product_tag-mechanic-gloves-with-knuckle-guards","21":"product_tag-ppe-distributor-gloves-czech-republic","22":"product_tag-touchscreen-mechanic-gloves-europe","23":"product_tag-tpr-impact-gloves-for-mechanics","24":"product_tag-workshop-gloves-with-padded-palms","26":"first","27":"instock","28":"taxable","29":"shipping-taxable","30":"purchasable","31":"product-type-simple"},"_links":{"self":[{"href":"https:\/\/ryinz.cz\/velkoobchod\/cs\/wp-json\/wp\/v2\/product\/9327","targetHints":{"allow":["GET"]}}],"collection":[{"href":"https:\/\/ryinz.cz\/velkoobchod\/cs\/wp-json\/wp\/v2\/product"}],"about":[{"href":"https:\/\/ryinz.cz\/velkoobchod\/cs\/wp-json\/wp\/v2\/types\/product"}],"replies":[{"embeddable":true,"href":"https:\/\/ryinz.cz\/velkoobchod\/cs\/wp-json\/wp\/v2\/comments?post=9327"}],"wp:featuredmedia":[{"embeddable":true,"href":"https:\/\/ryinz.cz\/velkoobchod\/cs\/wp-json\/wp\/v2\/media\/10161"}],"wp:attachment":[{"href":"https:\/\/ryinz.cz\/velkoobchod\/cs\/wp-json\/wp\/v2\/media?parent=9327"}],"wp:term":[{"taxonomy":"product_brand","embeddable":true,"href":"https:\/\/ryinz.cz\/velkoobchod\/cs\/wp-json\/wp\/v2\/product_brand?post=9327"},{"taxonomy":"product_cat","embeddable":true,"href":"https:\/\/ryinz.cz\/velkoobchod\/cs\/wp-json\/wp\/v2\/product_cat?post=9327"},{"taxonomy":"product_tag","embeddable":true,"href":"https:\/\/ryinz.cz\/velkoobchod\/cs\/wp-json\/wp\/v2\/product_tag?post=9327"}],"curies":[{"name":"wp","href":"https:\/\/api.w.org\/{rel}","templated":true}]}}