{"id":9326,"date":"2025-06-22T15:41:30","date_gmt":"2025-06-22T15:41:30","guid":{"rendered":"https:\/\/ryinz.cz\/velkoobchod\/?post_type=product&#038;p=9326"},"modified":"2026-01-18T20:18:50","modified_gmt":"2026-01-18T20:18:50","slug":"termalni-nepromokave-zimni-rukavice-vetruodolne-rukavice-s-dotykovou-obrazovkou-pro-venkovni-pouziti-pro-cyklistiku-a-turistiku-v-chladnem-pocasi","status":"publish","type":"product","link":"https:\/\/ryinz.cz\/velkoobchod\/cs\/product\/thermal-waterproof-winter-gloves-windproof-touchscreen-ready-outdoor-gloves-for-biking-hiking-and-cold-weather-use\/","title":{"rendered":"Term\u00e1ln\u00ed nepromokav\u00e9 zimn\u00ed rukavice - v\u011btruodoln\u00e9 outdoorov\u00e9 rukavice s dotykov\u00fdm displejem pro cyklistiku, turistiku a pou\u017eit\u00ed v chladn\u00e9m po\u010das\u00ed"},"content":{"rendered":"<p data-start=\"1508\" data-end=\"1854\">Na\u0161e zimn\u00ed rukavice jsou odborn\u011b navr\u017eeny pro nejchladn\u011bj\u0161\u00ed m\u011bs\u00edce roku - jsou navr\u017eeny tak, aby poskytovaly tepelnou ochranu, odolnost proti v\u011btru, odpuzovaly vodu a byly flexibiln\u00ed p\u0159i pou\u017eit\u00ed v n\u00e1ro\u010dn\u00fdch podm\u00ednk\u00e1ch. A\u0165 u\u017e jsou va\u0161i z\u00e1kazn\u00edci cyklist\u00e9, b\u011b\u017eci, hor\u0161t\u00ed chodci, zimn\u00ed doj\u00ed\u017ed\u011b\u010di nebo doru\u010dovatel\u00e9, tyto rukavice zaji\u0161\u0165uj\u00ed teplo, viditelnost a pou\u017eitelnost.<\/p>\n<p data-start=\"1856\" data-end=\"2204\">Vn\u011bj\u0161\u00ed vrstva je vyrobena z vysoce kvalitn\u00ed polyesterov\u00e9 nebo softshellov\u00e9 tkaniny a odpuzuje lehk\u00fd d\u00e9\u0161\u0165 a sn\u00edh. Vnit\u0159n\u00ed strana obsahuje term\u00e1ln\u00ed fleecovou nebo zateplenou pod\u0161\u00edvku, kter\u00e1 zachycuje teplo, ani\u017e by p\u0159id\u00e1vala nadm\u011brn\u00fd objem. D\u00edky tomu jsou rukavice ide\u00e1ln\u00ed pro aktivn\u00ed pou\u017eit\u00ed a umo\u017e\u0148uj\u00ed u\u017eivatel\u016fm dr\u017eet \u0159\u00edd\u00edtka, pou\u017e\u00edvat telefony nebo vykon\u00e1vat ka\u017edodenn\u00ed \u010dinnosti v mraziv\u00fdch podm\u00ednk\u00e1ch.<\/p>\n<p data-start=\"2206\" data-end=\"2559\">Plochy dlan\u00ed jsou opat\u0159eny protiskluzov\u00fdm silikonov\u00fdm nebo pry\u017eov\u00fdm vzorem pro pevn\u00fd \u00fachop v mokr\u00e9m nebo zledovat\u011bl\u00e9m prost\u0159ed\u00ed. To zlep\u0161uje kontrolu cyklist\u016f a poskytuje v\u011bt\u0161\u00ed bezpe\u010dnost p\u0159i zimn\u00edch sportech. Prsty jsou p\u0159edem zak\u0159iven\u00e9 pro v\u011bt\u0161\u00ed pohodl\u00ed a vylep\u0161en\u00e9 pomoc\u00ed <strong data-start=\"2451\" data-end=\"2482\">tipy kompatibiln\u00ed s dotykov\u00fdm displejem<\/strong> u\u017eivatel\u00e9 tak mohou ovl\u00e1dat chytr\u00e9 telefony nebo za\u0159\u00edzen\u00ed GPS, ani\u017e by si museli sundat rukavice.<\/p>\n<p data-start=\"2561\" data-end=\"2582\">Mezi hlavn\u00ed funkce pat\u0159\u00ed:<\/p>\n<ul data-start=\"2583\" data-end=\"2831\">\n<li data-start=\"2583\" data-end=\"2621\">\n<p data-start=\"2585\" data-end=\"2621\">Elastick\u00e9 man\u017eety na z\u00e1p\u011bst\u00ed pro ut\u011bsn\u011bn\u00ed proti v\u011btru<\/p>\n<\/li>\n<li data-start=\"2622\" data-end=\"2665\">\n<p data-start=\"2624\" data-end=\"2665\">Roz\u0161\u00ed\u0159en\u00e9 man\u017eety pro lep\u0161\u00ed pokryt\u00ed<\/p>\n<\/li>\n<li data-start=\"2666\" data-end=\"2714\">\n<p data-start=\"2668\" data-end=\"2714\">Reflexn\u00ed loga nebo detaily pro no\u010dn\u00ed bezpe\u010dnost<\/p>\n<\/li>\n<li data-start=\"2715\" data-end=\"2769\">\n<p data-start=\"2717\" data-end=\"2769\">Vod\u011bodoln\u00e9 povlaky nebo vn\u011bj\u0161\u00ed tkanina s \u00fapravou DWR<\/p>\n<\/li>\n<li data-start=\"2770\" data-end=\"2831\">\n<p data-start=\"2772\" data-end=\"2831\">K dispozici v atraktivn\u00edch bezpe\u010dnostn\u00edch barv\u00e1ch (\u010derven\u00e1, \u017elut\u00e1, modr\u00e1).<\/p>\n<\/li>\n<\/ul>\n<p data-start=\"2833\" data-end=\"3126\">Tyto rukavice jsou <strong data-start=\"2850\" data-end=\"2895\">lehk\u00e9, omyvateln\u00e9 a vysoce odoln\u00e9<\/strong>, tak\u017ee jsou ide\u00e1ln\u00ed pro dal\u0161\u00ed prodej prost\u0159ednictv\u00edm prodejc\u016f outdoorov\u00e9ho vybaven\u00ed, obchod\u016f s j\u00edzdn\u00edmi koly, b\u011b\u017eeck\u00fdch klub\u016f nebo propaga\u010dn\u00edch akc\u00ed. Podporujeme tak\u00e9 <strong data-start=\"3026\" data-end=\"3053\">firemn\u00ed p\u0159izp\u016fsoben\u00ed<\/strong> v\u010detn\u011b v\u00fd\u0161ivky, potisku loga, speci\u00e1ln\u00edho balen\u00ed nebo ozna\u010den\u00ed velikosti.<\/p>\n<p data-start=\"3128\" data-end=\"3358\">Dostupn\u00e9 velikosti se pohybuj\u00ed od XS do XXL a jsou vhodn\u00e9 pro mu\u017ee i \u017eeny. Pro velkoobchodn\u00ed z\u00e1kazn\u00edky, kte\u0159\u00ed pot\u0159ebuj\u00ed speci\u00e1ln\u00ed rozm\u011bry, lze p\u0159idat vlastn\u00ed velikosti. V\u011bt\u0161ina model\u016f je unisexov\u00e1 a je ur\u010dena k t\u011bsn\u00e9mu no\u0161en\u00ed pro maxim\u00e1ln\u00ed tepeln\u00fd v\u00fdkon.<\/p>\n<p data-start=\"3360\" data-end=\"3381\">Mezi aplikace pat\u0159\u00ed:<\/p>\n<ul data-start=\"3382\" data-end=\"3544\">\n<li data-start=\"3382\" data-end=\"3404\">\n<p data-start=\"3384\" data-end=\"3404\">Cyklistika v chladn\u00e9m po\u010das\u00ed<\/p>\n<\/li>\n<li data-start=\"3405\" data-end=\"3433\">\n<p data-start=\"3407\" data-end=\"3433\">Zimn\u00ed turistika a trekking<\/p>\n<\/li>\n<li data-start=\"3434\" data-end=\"3456\">\n<p data-start=\"3436\" data-end=\"3456\">Denn\u00ed doj\u00ed\u017ed\u011bn\u00ed do m\u011bsta<\/p>\n<\/li>\n<li data-start=\"3457\" data-end=\"3476\">\n<p data-start=\"3459\" data-end=\"3476\">P\u0159\u00edprava ly\u017e\u00ed a sn\u011bhu<\/p>\n<\/li>\n<li data-start=\"3477\" data-end=\"3504\">\n<p data-start=\"3479\" data-end=\"3504\">Kur\u00fdrn\u00ed nebo skladov\u00e9 pr\u00e1ce<\/p>\n<\/li>\n<li data-start=\"3505\" data-end=\"3544\">\n<p data-start=\"3507\" data-end=\"3544\">d\u00e1rky pro propaga\u010dn\u00ed nebo sportovn\u00ed akce<\/p>\n<\/li>\n<\/ul>\n<p data-start=\"3546\" data-end=\"3867\">Vyr\u00e1b\u00ed a vyv\u00e1\u017e\u00ed <strong data-start=\"3571\" data-end=\"3593\">Ryinz spol. s.r.o.<\/strong>, na\u0161e rukavice spl\u0148uj\u00ed po\u017eadavky CE a jsou spravov\u00e1ny s DPH EU z na\u0161\u00ed kancel\u00e1\u0159e v \u010cesk\u00e9 republice. V\u0161echny rukavice jsou baleny v maloobchodn\u00edm nebo voln\u011b lo\u017een\u00e9m form\u00e1tu v z\u00e1vislosti na va\u0161ich preferenc\u00edch. Obsluhujeme maloobchodn\u00edky a velkoobchodn\u00edky v N\u011bmecku, Francii, It\u00e1lii, \u0160pan\u011blsku, Polsku a dal\u0161\u00edch zem\u00edch.<\/p>\n<p data-start=\"3869\" data-end=\"4151\">Pokud chcete m\u00edt na sklad\u011b spolehlivou, stylovou a v\u00fdkonnou \u0159adu zimn\u00edch rukavic, na\u0161e tov\u00e1rn\u00ed v\u00fdroba zaji\u0161\u0165uje konzistenci a p\u0159izp\u016fsoben\u00ed pot\u0159ebn\u00e9 pro roz\u0161\u00ed\u0159en\u00ed va\u0161\u00ed nab\u00eddky. Na\u0161e MOQ za\u010d\u00edn\u00e1 na 100 p\u00e1rech s flexibiln\u00edmi mo\u017enostmi na z\u00e1klad\u011b v\u00fdb\u011bru modelu a pot\u0159eb brandingu.<\/p>","protected":false},"excerpt":{"rendered":"<p data-start=\"313\" data-end=\"655\">Z\u016fsta\u0148te v teple a chr\u00e1n\u011bni s na\u0161imi zimn\u00edmi rukavicemi ur\u010den\u00fdmi do mraziv\u00fdch teplot, vlhka a pro ka\u017edodenn\u00ed outdoorov\u00e9 aktivity. Tyto rukavice jsou vyrobeny z v\u00edcevrstv\u00e9 tepeln\u00e9 izolace, nepromokav\u00fdch softshellov\u00fdch nebo polyesterov\u00fdch svrchn\u00edch tkanin a protiskluzov\u00fdch silikonov\u00fdch \u00fachopov\u00fdch z\u00f3n - ide\u00e1ln\u00ed pro cyklisty, b\u011b\u017ece, chodce nebo doj\u00ed\u017ed\u011bj\u00edc\u00ed do pr\u00e1ce v chladn\u00e9m podneb\u00ed.<\/p>\n<p data-start=\"657\" data-end=\"1042\">Ka\u017ed\u00fd model je vybaven kone\u010dky prst\u016f kompatibiln\u00edmi s dotykov\u00fdm displejem pro pou\u017e\u00edv\u00e1n\u00ed chytr\u00e9ho telefonu, elastick\u00fdmi man\u017eetami na z\u00e1p\u011bst\u00ed, kter\u00e9 br\u00e1n\u00ed p\u0159\u00edstupu chladn\u00e9ho vzduchu, a reflexn\u00edmi prvky pro no\u010dn\u00ed viditelnost. Vnit\u0159n\u00ed pod\u0161\u00edvka je m\u011bkk\u00e1 a prody\u0161n\u00e1 a z\u00e1rove\u0148 udr\u017euje ruce v teple p\u0159i sn\u011b\u017een\u00ed, v\u011btru nebo sn\u011bhu. Tyto rukavice, kter\u00e9 jsou k dispozici ve v\u00fdrazn\u00fdch barv\u00e1ch, jako je \u010derven\u00e1, neonov\u011b \u017elut\u00e1, tmav\u011b modr\u00e1 a \u010dern\u00e1, kombinuj\u00ed funk\u010dnost s designem s vysokou viditelnost\u00ed.<\/p>\n<p data-start=\"1044\" data-end=\"1287\">Na\u0161e zimn\u00ed rukavice, kter\u00e9 jsou ide\u00e1ln\u00ed pro pracovn\u00edky v p\u0159\u00edrod\u011b, \u0159idi\u010de dod\u00e1vek, sportovn\u00ed nad\u0161ence i b\u011b\u017en\u00e9 u\u017eivatele, jsou lehk\u00e9, pru\u017en\u00e9 a odoln\u00e9 proti vlhkosti. V\u0161echny modely mohou b\u00fdt opat\u0159eny logem va\u0161\u00ed spole\u010dnosti nebo navr\u017eeny pro z\u00e1kazn\u00edky s vlastn\u00ed zna\u010dkou.<\/p>\n<p data-start=\"1289\" data-end=\"1454\">D\u00edky fakturaci v EU, rychl\u00fdm dodac\u00edm lh\u016ft\u00e1m a n\u00edzk\u00fdm minim\u00e1ln\u00edm objedn\u00e1vk\u00e1m je spole\u010dnost Ryinz va\u0161\u00edm d\u016fv\u011bryhodn\u00fdm B2B dodavatelem pr\u00e9miov\u00fdch zimn\u00edch rukavic v \u010cesku a ve 28 evropsk\u00fdch zem\u00edch.<\/p>","protected":false},"featured_media":10160,"comment_status":"closed","ping_status":"closed","template":"","meta":[],"product_brand":[35],"product_cat":[438,68,467],"product_tag":[530,531,532,533,534,535,536,537,538,539,540,541,542,543,544],"class_list":{"0":"post-9326","1":"product","2":"type-product","3":"status-publish","4":"has-post-thumbnail","6":"product_brand-ryinz","7":"product_cat-leather-motorbike-pants","8":"product_cat-ryinz","9":"product_cat-textile-motorbike-jackets","10":"product_tag-breathable-fleece-lined-gloves-eu","11":"product_tag-cold-weather-gloves-for-cyclists","12":"product_tag-custom-branded-thermal-gloves-czechia","13":"product_tag-insulated-gloves-for-outdoor-activities","14":"product_tag-lightweight-cold-weather-gloves-europe","15":"product_tag-reflective-winter-gloves-for-night-use","16":"product_tag-running-gloves-for-freezing-conditions","17":"product_tag-softshell-gloves-for-winter-biking","18":"product_tag-sport-and-commuter-gloves-ce-certified","19":"product_tag-thermal-waterproof-winter-gloves-eu","20":"product_tag-touchscreen-insulated-gloves-wholesale","21":"product_tag-water-resistant-gloves-for-delivery-staff","22":"product_tag-windproof-touchscreen-gloves-supplier","23":"product_tag-winter-gloves-with-silicone-grip","24":"product_tag-winter-safety-gloves-manufacturer-europe","26":"first","27":"instock","28":"taxable","29":"shipping-taxable","30":"purchasable","31":"product-type-simple"},"_links":{"self":[{"href":"https:\/\/ryinz.cz\/velkoobchod\/cs\/wp-json\/wp\/v2\/product\/9326","targetHints":{"allow":["GET"]}}],"collection":[{"href":"https:\/\/ryinz.cz\/velkoobchod\/cs\/wp-json\/wp\/v2\/product"}],"about":[{"href":"https:\/\/ryinz.cz\/velkoobchod\/cs\/wp-json\/wp\/v2\/types\/product"}],"replies":[{"embeddable":true,"href":"https:\/\/ryinz.cz\/velkoobchod\/cs\/wp-json\/wp\/v2\/comments?post=9326"}],"wp:featuredmedia":[{"embeddable":true,"href":"https:\/\/ryinz.cz\/velkoobchod\/cs\/wp-json\/wp\/v2\/media\/10160"}],"wp:attachment":[{"href":"https:\/\/ryinz.cz\/velkoobchod\/cs\/wp-json\/wp\/v2\/media?parent=9326"}],"wp:term":[{"taxonomy":"product_brand","embeddable":true,"href":"https:\/\/ryinz.cz\/velkoobchod\/cs\/wp-json\/wp\/v2\/product_brand?post=9326"},{"taxonomy":"product_cat","embeddable":true,"href":"https:\/\/ryinz.cz\/velkoobchod\/cs\/wp-json\/wp\/v2\/product_cat?post=9326"},{"taxonomy":"product_tag","embeddable":true,"href":"https:\/\/ryinz.cz\/velkoobchod\/cs\/wp-json\/wp\/v2\/product_tag?post=9326"}],"curies":[{"name":"wp","href":"https:\/\/api.w.org\/{rel}","templated":true}]}}