{"id":9302,"date":"2025-08-26T11:48:36","date_gmt":"2025-08-26T11:48:36","guid":{"rendered":"https:\/\/ryinz.cz\/velkoobchod\/?post_type=product&#038;p=9302"},"modified":"2026-01-18T20:33:54","modified_gmt":"2026-01-18T20:33:54","slug":"celorocni-nepromokave-textilni-bundy-na-motorku-s-certifikaci-ce-b2b-motocyklove-vybaveni-pro-cestovani-do-prace-a-zavodeni","status":"publish","type":"product","link":"https:\/\/ryinz.cz\/velkoobchod\/cs\/product\/all-season-waterproof-textile-motorbike-jackets-ce-approved-b2b-motorcycle-gear-for-touring-commuting-and-racing\/","title":{"rendered":"Celoro\u010dn\u00ed nepromokav\u00e9 textiln\u00ed bundy na motorku - CE Schv\u00e1len\u00e1 v\u00fdbava B2B na motorku pro turistiku, doj\u00ed\u017ed\u011bn\u00ed a z\u00e1vody"},"content":{"rendered":"<p data-start=\"1616\" data-end=\"2037\">Textiln\u00ed bundy na motorku jsou nezbytnou v\u00fdbavou pro jezdce, kte\u0159\u00ed vy\u017eaduj\u00ed v\u0161estrannost, ochranu a v\u00fdkon v jak\u00e9mkoli podneb\u00ed. Na\u0161e textiln\u00ed bundy s certifikac\u00ed CE jsou pe\u010dliv\u011b zkonstruov\u00e1ny z odoln\u00fdch materi\u00e1l\u016f, jako je polyester 600D, Cordura a s\u00ed\u0165ov\u00e9 panely, s vysoce pevn\u00fdmi \u0161vy a vrstvami odoln\u00fdmi proti pov\u011btrnostn\u00edm vliv\u016fm. Tyto bundy zaji\u0161\u0165uj\u00ed funk\u010dnost ve v\u00edce ro\u010dn\u00edch obdob\u00edch, ani\u017e by byla ohro\u017eena bezpe\u010dnost, pohodl\u00ed nebo styl jezdce.<\/p>\n<p data-start=\"2039\" data-end=\"2506\">Ka\u017ed\u00e1 bunda je vyrobena z n\u011bkolika vrstev: vn\u011bj\u0161\u00edho pl\u00e1\u0161t\u011b odoln\u00e9ho proti od\u011bru, prody\u0161n\u00e9 nepromokav\u00e9 vlo\u017eky a odn\u00edmateln\u00e9 vnit\u0159n\u00ed tepeln\u00e9 vlo\u017eky. Jezdci mohou bundu snadno p\u0159izp\u016fsobit zm\u011bn\u00e1m po\u010das\u00ed vyjmut\u00edm nebo vlo\u017een\u00edm vlo\u017eky, rozepnut\u00edm v\u011btrac\u00edch otvor\u016f nebo ut\u011bsn\u011bn\u00edm klapek proti v\u011btru. Kl\u00ed\u010dov\u00e9 oblasti, jako jsou lokty, ramena a z\u00e1da, jsou vybaveny panc\u00e9\u0159ov\u00e1n\u00edm schv\u00e1len\u00fdm CE (\u00farove\u0148 1 nebo 2), zat\u00edmco n\u011bkter\u00e9 modely obsahuj\u00ed volitelnou ochranu hrudn\u00edku nebo zes\u00edlen\u00e9 polstrov\u00e1n\u00ed.<\/p>\n<p data-start=\"2508\" data-end=\"2923\">Konstrukce je zam\u011b\u0159ena na jezdce, m\u00e1 ergonomick\u00e9 st\u0159ihy, pru\u017en\u00e9 z\u00f3ny v loktech, \u00fapravy v pase a dlouh\u00e9 zadn\u00ed kapsy, kter\u00e9 kryj\u00ed z\u00e1da b\u011bhem pohybu. Konstrukce s vysok\u00fdm l\u00edmcem chr\u00e1n\u00ed p\u0159ed v\u011btrem a de\u0161t\u011bm, zat\u00edmco zipy YKK, such\u00e9 zipy a bedern\u00ed p\u00e1sy zaji\u0161\u0165uj\u00ed t\u011bsn\u00e9 a bezpe\u010dn\u00e9 uchycen\u00ed. Dal\u0161\u00ed v\u011btrac\u00ed panely na hrudi, v podpa\u017e\u00ed a na z\u00e1dech umo\u017e\u0148uj\u00ed \u00fanik tepla p\u0159i v\u00fdkonn\u00fdch j\u00edzd\u00e1ch nebo letn\u00edch v\u00fdletech.<\/p>\n<p data-start=\"2925\" data-end=\"3205\">Barevn\u00e9 varianty zahrnuj\u00ed vysoce viditeln\u00e9 fluorescen\u010dn\u00ed akcenty pro bezpe\u010dnost, neutr\u00e1ln\u00ed \u0161ed\u00e9 a \u010dern\u00e9 t\u00f3ny pro klasick\u00fd styl a v\u00fdrazn\u00e9 barevn\u00e9 bloky v oran\u017eov\u00e9, modr\u00e9 a \u017elut\u00e9 barv\u011b pro z\u00e1vodn\u00ed a klubov\u00e9 pou\u017eit\u00ed. Reflexn\u00ed prou\u017eky a lemov\u00e1n\u00ed zaji\u0161\u0165uj\u00ed viditelnost v noci nebo za zhor\u0161en\u00fdch sv\u011bteln\u00fdch podm\u00ednek.<\/p>\n<p data-start=\"3207\" data-end=\"3541\">Ka\u017ed\u00e1 bunda obsahuje n\u011bkolik vn\u011bj\u0161\u00edch a vnit\u0159n\u00edch kapes - n\u011bkter\u00e9 z nich jsou vodot\u011bsn\u00e9 - ide\u00e1ln\u00ed pro ulo\u017een\u00ed map, n\u00e1\u0159ad\u00ed, telefon\u016f nebo dokument\u016f. Jezdci ocen\u00ed funkce, jako jsou integrovan\u00e9 hydrata\u010dn\u00ed porty, poutka na kabel sluch\u00e1tek a tah\u00e1\u010dky zip\u016f vhodn\u00e9 pro rukavice. N\u011bkter\u00e9 dobrodru\u017en\u00e9 modely nab\u00edzej\u00ed tak\u00e9 vn\u011bj\u0161\u00ed syst\u00e9my MOLLE pro p\u0159ipevn\u011bn\u00ed n\u00e1\u0159ad\u00ed nebo bra\u0161en.<\/p>\n<p data-start=\"3543\" data-end=\"3912\">Na\u0161e textiln\u00ed bundy jsou k dispozici ve velikostech XS a\u017e 5XL a m\u016f\u017eeme vyrobit zak\u00e1zkov\u00e9 velikosti pro vysok\u00e9 jezdce nebo jezdce s nadm\u011brnou velikost\u00ed. Podporujeme kompletn\u00ed priv\u00e1tn\u00ed zna\u010den\u00ed, v\u010detn\u011b um\u00edst\u011bn\u00ed loga, ti\u0161t\u011bn\u00fdch \u0161t\u00edtk\u016f, vlastn\u00edch v\u00fd\u0161ivek a exkluzivn\u00edho barevn\u00e9ho slad\u011bn\u00ed. A\u0165 u\u017e jste maloobchodn\u00ed prodejce, kter\u00fd hled\u00e1 zna\u010dkov\u00e9 vybaven\u00ed, nebo jezdeck\u00fd klub, kter\u00fd objedn\u00e1v\u00e1 ve velk\u00e9m, vyhov\u00edme v\u0161em \u00farovn\u00edm p\u0159izp\u016fsoben\u00ed.<\/p>\n<p data-start=\"3914\" data-end=\"4259\">Dod\u00e1v\u00e1me z\u00e1kazn\u00edk\u016fm v cel\u00e9 Evropsk\u00e9 unii pod hlavi\u010dkou na\u0161\u00ed spole\u010dnosti Ryinz spol. s.r.o. se s\u00eddlem v \u010cesk\u00e9 republice. Na\u0161e slu\u017eby B2B zahrnuj\u00ed fakturaci DPH v EU, v\u00fdvoz s celn\u00edm odbaven\u00edm, zas\u00edl\u00e1n\u00ed vzork\u016f a podporu kupuj\u00edc\u00edho po celou dobu n\u00e1kupu. Ji\u017e nyn\u00ed dod\u00e1v\u00e1me z\u00e1kazn\u00edk\u016fm v N\u011bmecku, Francii, It\u00e1lii, Nizozemsku, Rakousku a dal\u0161\u00edch zem\u00edch.<\/p>\n<p data-start=\"4261\" data-end=\"4606\">Pokud hled\u00e1te spolehliv\u00e9 motocyklov\u00e9 bundy odoln\u00e9 proti pov\u011btrnostn\u00edm vliv\u016fm, kter\u00e9 spl\u0148uj\u00ed evropsk\u00e9 bezpe\u010dnostn\u00ed normy, spole\u010dnost Ryinz nab\u00edz\u00ed ide\u00e1ln\u00ed textiln\u00ed \u0159e\u0161en\u00ed. Na\u0161e bundy nos\u00ed \u0159idi\u010di doj\u00ed\u017ed\u011bj\u00edc\u00ed na silnici, v\u00edkendov\u00ed jezdci, majitel\u00e9 sportovn\u00edch motocykl\u016f i turist\u00e9. Lehk\u00e9, nastaviteln\u00e9 a odoln\u00e9 bundy nab\u00edzej\u00ed plnou ochranu v prody\u0161n\u00e9m a p\u0159izp\u016fsobiv\u00e9m balen\u00ed.<\/p>\n<p data-start=\"4608\" data-end=\"4790\">V\u00edt\u00e1me hromadn\u00e9 objedn\u00e1vky, partnerstv\u00ed se showroomy nebo sez\u00f3nn\u00ed p\u0159edobjedn\u00e1vky. Kontaktujte n\u00e1s a z\u00edskejte katalogy, technick\u00e9 specifikace a ceny p\u0159izp\u016fsoben\u00e9 va\u0161emu regionu nebo profilu z\u00e1kazn\u00edka.<\/p>","protected":false},"excerpt":{"rendered":"<p data-start=\"352\" data-end=\"672\">Na\u0161e textiln\u00ed bundy na motorku s certifikac\u00ed CE jsou ur\u010deny pro jezdce, kte\u0159\u00ed vy\u017eaduj\u00ed ochranu za ka\u017ed\u00e9ho po\u010das\u00ed, pohodl\u00ed a odolnost. Tyto bundy jsou vyrobeny z od\u011bruvzdorn\u00e9ho polyesteru nebo tkaniny Cordura, obsahuj\u00ed prody\u0161n\u00e9 membr\u00e1ny, nepromokav\u00e9 vlo\u017eky a odn\u00edmatelnou tepelnou izolaci, tak\u017ee jsou ide\u00e1ln\u00ed pro celoro\u010dn\u00ed pou\u017eit\u00ed.<\/p>\n<p data-start=\"674\" data-end=\"995\">Tyto bundy se p\u0159izp\u016fsob\u00ed va\u0161\u00ed j\u00edzd\u011b, a\u0165 u\u017e doj\u00ed\u017ed\u00edte do m\u011bsta, jezd\u00edte v ter\u00e9nu nebo na dlouh\u00e9 vzd\u00e1lenosti. Jsou vybaveny nastaviteln\u00fdmi ventila\u010dn\u00edmi panely, ergonomick\u00fdm st\u0159ihem, reflexn\u00edmi detaily a panc\u00e9\u0159ov\u00e1n\u00edm s certifikac\u00ed CE na loktech, ramenou a z\u00e1dech. N\u011bkter\u00e9 modely obsahuj\u00ed tak\u00e9 hrudn\u00ed chr\u00e1ni\u010d a integrovan\u00fd hydrata\u010dn\u00ed syst\u00e9m.<\/p>\n<p data-start=\"997\" data-end=\"1314\">Nab\u00edz\u00edme n\u011bkolik barevn\u00fdch kombinac\u00ed - \u0161edou, oran\u017eovou, \u010dernou, \u017elutou, modrou - vhodn\u00fdch pro zviditeln\u011bn\u00ed a ozna\u010den\u00ed zna\u010dky. Kupuj\u00edc\u00ed si mohou vy\u017e\u00e1dat personalizovan\u00e9 n\u00e1\u0161ivky, v\u00fd\u0161ivky nebo loga pro pou\u017eit\u00ed pod vlastn\u00ed zna\u010dkou. Na\u0161e kolekce zahrnuje dobrodru\u017en\u00e9, turistick\u00e9 a streetov\u00e9 styly, kter\u00e9 spl\u0148uj\u00ed m\u00f3dn\u00ed i funk\u010dn\u00ed po\u017eadavky jezdc\u016f po cel\u00e9 Evrop\u011b.<\/p>\n<p data-start=\"1316\" data-end=\"1562\">Spole\u010dnost Ryinz podporuje B2B klienty ve 28 zem\u00edch s rychlou p\u0159epravou, n\u00edzk\u00fdmi MOQ, fakturac\u00ed DPH v EU a p\u0159izp\u016fsoben\u00edm. Na\u0161e textiln\u00ed bundy, kter\u00fdm d\u016fv\u011b\u0159uj\u00ed obchody s motocykly, dodavatel\u00e9 bezpe\u010dnostn\u00edho vybaven\u00ed a jezdeck\u00e9 kluby, jsou navr\u017eeny tak, aby fungovaly za v\u0161ech podm\u00ednek.<\/p>","protected":false},"featured_media":10139,"comment_status":"closed","ping_status":"closed","template":"","meta":[],"product_brand":[35],"product_cat":[438,68,467],"product_tag":[454,455,456,457,458,459,460,461,462,463,464,465,466,468,469],"class_list":{"0":"post-9302","1":"product","2":"type-product","3":"status-publish","4":"has-post-thumbnail","6":"product_brand-ryinz","7":"product_cat-leather-motorbike-pants","8":"product_cat-ryinz","9":"product_cat-textile-motorbike-jackets","10":"product_tag-adventure-riding-jackets-wholesale-europe","11":"product_tag-all-season-motorcycle-riding-jackets","12":"product_tag-b2b-touring-motorcycle-jacket-supplier","13":"product_tag-breathable-motorcycle-jackets-for-men","14":"product_tag-bulk-textile-jackets-with-protection","15":"product_tag-ce-certified-biker-jackets-cordura","16":"product_tag-cordura-armored-biker-jackets-europe","17":"product_tag-custom-textile-jackets-for-bikers-eu","18":"product_tag-european-motorcycle-jacket-distributor","19":"product_tag-motorbike-clothing-czech-manufacturer","20":"product_tag-motorcycle-jackets-for-all-weather","21":"product_tag-reflective-motorcycle-clothing-supplier","22":"product_tag-removable-liner-motorbike-jackets","23":"product_tag-urban-and-touring-biker-jacket-oem","24":"product_tag-waterproof-textile-motorbike-jackets","26":"first","27":"instock","28":"taxable","29":"shipping-taxable","30":"purchasable","31":"product-type-simple"},"_links":{"self":[{"href":"https:\/\/ryinz.cz\/velkoobchod\/cs\/wp-json\/wp\/v2\/product\/9302","targetHints":{"allow":["GET"]}}],"collection":[{"href":"https:\/\/ryinz.cz\/velkoobchod\/cs\/wp-json\/wp\/v2\/product"}],"about":[{"href":"https:\/\/ryinz.cz\/velkoobchod\/cs\/wp-json\/wp\/v2\/types\/product"}],"replies":[{"embeddable":true,"href":"https:\/\/ryinz.cz\/velkoobchod\/cs\/wp-json\/wp\/v2\/comments?post=9302"}],"wp:featuredmedia":[{"embeddable":true,"href":"https:\/\/ryinz.cz\/velkoobchod\/cs\/wp-json\/wp\/v2\/media\/10139"}],"wp:attachment":[{"href":"https:\/\/ryinz.cz\/velkoobchod\/cs\/wp-json\/wp\/v2\/media?parent=9302"}],"wp:term":[{"taxonomy":"product_brand","embeddable":true,"href":"https:\/\/ryinz.cz\/velkoobchod\/cs\/wp-json\/wp\/v2\/product_brand?post=9302"},{"taxonomy":"product_cat","embeddable":true,"href":"https:\/\/ryinz.cz\/velkoobchod\/cs\/wp-json\/wp\/v2\/product_cat?post=9302"},{"taxonomy":"product_tag","embeddable":true,"href":"https:\/\/ryinz.cz\/velkoobchod\/cs\/wp-json\/wp\/v2\/product_tag?post=9302"}],"curies":[{"name":"wp","href":"https:\/\/api.w.org\/{rel}","templated":true}]}}