{"id":9266,"date":"2025-08-26T11:48:35","date_gmt":"2025-08-26T11:48:35","guid":{"rendered":"https:\/\/ryinz.cz\/velkoobchod\/?post_type=product&#038;p=9266"},"modified":"2026-01-18T20:18:36","modified_gmt":"2026-01-18T20:18:36","slug":"ce-certifikovane-kozene-kalhoty-na-motorku-zakazkove-b2b-kalhoty-na-motorku-s-ochranou-kolen-pro-silnicni-jezdce-na-trati","status":"publish","type":"product","link":"https:\/\/ryinz.cz\/velkoobchod\/cs\/product\/ce-certified-leather-motorbike-pants-custom-b2b-motorcycle-trousers-with-knee-protection-for-track-road-riders\/","title":{"rendered":"Ko\u017een\u00e9 kalhoty na motorku s certifikac\u00ed CE - Custom B2B Motocyklov\u00e9 kalhoty s ochranou kolen pro Track &amp; Road Riders"},"content":{"rendered":"<p data-start=\"1704\" data-end=\"2049\">Na\u0161e ko\u017een\u00e9 kalhoty na motorku, navr\u017een\u00e9 pro v\u00fdkon, jsou nezbytnou ochranou spodn\u00ed \u010d\u00e1sti t\u011bla pro motork\u00e1\u0159e, kte\u0159\u00ed odm\u00edtaj\u00ed d\u011blat kompromisy v oblasti ochrany, pohodl\u00ed a funk\u010dnosti. Tyto kalhoty jsou vyrobeny z vysoce kvalitn\u00ed hov\u011bz\u00ed k\u016f\u017ee a spl\u0148uj\u00ed nebo p\u0159ekra\u010duj\u00ed certifika\u010dn\u00ed normy CE a jsou ur\u010deny pro dlouh\u00e9 j\u00edzdy, rychl\u00e9 zat\u00e1\u010dky a v\u0161e mezi t\u00edm.<\/p>\n<p data-start=\"2051\" data-end=\"2502\">Ka\u017ed\u00fd p\u00e1r je vyroben z prav\u00e9 k\u016f\u017ee o tlou\u0161\u0165ce 1,2-1,4 mm, kter\u00e1 nab\u00edz\u00ed vynikaj\u00edc\u00ed odolnost proti od\u011bru a dlouhou \u017eivotnost. Kalhoty maj\u00ed trojit\u00e9 \u0161vy v kritick\u00fdch z\u00f3n\u00e1ch, kter\u00e9 poskytuj\u00ed dodate\u010dnou pevnost tam, kde je to nejv\u00edce pot\u0159eba. Jezdci jsou chr\u00e1n\u011bni integrovan\u00fdm nebo odn\u00edmateln\u00fdm chr\u00e1ni\u010dem schv\u00e1len\u00fdm CE na kolenou a boc\u00edch. Otvory pro panc\u00ed\u0159 jsou snadno p\u0159\u00edstupn\u00e9 a vym\u011bniteln\u00e9, tak\u017ee kalhoty jsou vhodn\u00e9 pro b\u011b\u017enou j\u00edzdu, z\u00e1vody nebo kaskad\u00e9rsk\u00fd tr\u00e9nink.<\/p>\n<p data-start=\"2504\" data-end=\"2861\">Stre\u010dov\u00e9 panely ve stylu harmoniky na kolenou a v zadn\u00ed \u010d\u00e1sti pasu zaji\u0161\u0165uj\u00ed vynikaj\u00edc\u00ed pohyb na kole i mimo n\u011bj. Tyto z\u00f3ny se p\u0159irozen\u011b oh\u00fdbaj\u00ed podle polohy t\u011bla jezdce a z\u00e1rove\u0148 sni\u017euj\u00ed nap\u011bt\u00ed a tlakov\u00e9 body. Odv\u011btr\u00e1van\u00e9 ko\u017een\u00e9 panely nebo v\u011btrac\u00ed otvory na zip zaji\u0161\u0165uj\u00ed voliteln\u00e9 proud\u011bn\u00ed vzduchu, co\u017e pom\u00e1h\u00e1 regulovat t\u011blesnou teplotu p\u0159i del\u0161\u00edch j\u00edzd\u00e1ch v tepl\u00fdch podm\u00ednk\u00e1ch.<\/p>\n<p data-start=\"2863\" data-end=\"3197\">Abychom zv\u00fd\u0161ili pou\u017eitelnost, zahrnuli jsme funkce, jako jsou zipy na nohavic\u00edch pro integraci bot, zipy pro p\u0159ipojen\u00ed k bund\u011b a vnit\u0159n\u00ed s\u00ed\u0165ovan\u00e1 pod\u0161\u00edvka pro odvod vlhkosti. Vnit\u0159n\u00ed pod\u0161\u00edvka je m\u011bkk\u00e1, prody\u0161n\u00e1 a sni\u017euje t\u0159en\u00ed o poko\u017eku p\u0159i j\u00edzd\u011b. Kapsy jsou diskr\u00e9tn\u00ed, ale z\u00e1rove\u0148 p\u0159\u00edstupn\u00e9 pro drobn\u00e9 nezbytnosti, jako jsou kl\u00ed\u010de nebo karty.<\/p>\n<p data-start=\"3199\" data-end=\"3475\">K dispozici je cel\u00e1 \u0159ada styl\u016f - od z\u00e1vodn\u00edch \u010derveno-\u010dern\u00fdch kombinac\u00ed a\u017e po klasick\u00e9 matn\u00e9 \u010dern\u00e9 proveden\u00ed a retro hn\u011bd\u00e9 varianty. Jezdci, kte\u0159\u00ed si cen\u00ed viditelnosti, si mohou vybrat modely s reflexn\u00edm lemov\u00e1n\u00edm nebo jasn\u00fdmi barevn\u00fdmi akcenty pro v\u011bt\u0161\u00ed bezpe\u010dnost p\u0159i no\u010dn\u00edch nebo mlhav\u00fdch j\u00edzd\u00e1ch.<\/p>\n<p data-start=\"3477\" data-end=\"3773\">Pro kupuj\u00edc\u00ed, kte\u0159\u00ed pot\u0159ebuj\u00ed specifickou zna\u010dku, barvy nebo velikost, je k dispozici p\u0159izp\u016fsoben\u00ed. M\u016f\u017eete p\u0159idat sv\u00e9 logo nebo upravit stylistick\u00e9 detaily tak, aby odpov\u00eddaly va\u0161\u00ed produktov\u00e9 \u0159ad\u011b. Jako velkoobchodn\u00ed v\u00fdrobce podporujeme jak hotov\u00e9 skladov\u00e9 z\u00e1soby, tak kalhoty na motorku vyroben\u00e9 na zak\u00e1zku pod va\u0161\u00ed zna\u010dkou nebo na\u0161\u00ed obecnou zna\u010dkou.<\/p>\n<p data-start=\"3775\" data-end=\"4109\">Dod\u00e1v\u00e1me maloobchodn\u00edk\u016fm, B2B prodejc\u016fm, sportovn\u00edm t\u00fdm\u016fm a soukrom\u00fdm zna\u010dk\u00e1m po cel\u00e9 Evrop\u011b. Na\u0161e spole\u010dnost Ryinz spol. s.r.o. s\u00eddl\u00ed v \u010cesk\u00e9 republice a zaji\u0161\u0165uje ve\u0161ker\u00e9 po\u017eadavky na dovoz, fakturaci a p\u0159epravu v r\u00e1mci EU. Odb\u011bratel\u00e9 v N\u011bmecku, Polsku, Francii, It\u00e1lii a \u0160pan\u011blsku se na n\u00e1s spol\u00e9haj\u00ed pro st\u00e1lou kvalitu, jasnou komunikaci a konkurenceschopn\u00e9 ceny.<\/p>\n<p data-start=\"4111\" data-end=\"4379\">A\u0165 u\u017e va\u0161i z\u00e1kazn\u00edci doj\u00ed\u017ed\u011bj\u00ed do m\u011bsta, jezd\u00ed na v\u00edkendov\u00e9 z\u00e1vody nebo se vyd\u00e1vaj\u00ed na dobrodru\u017enou t\u00faru, tyto kalhoty jim poskytnou o\u010dek\u00e1vanou bezpe\u010dnost a v\u00fdkon. Poskytujeme kompletn\u00ed tabulky velikost\u00ed (XS a\u017e 5XL), slu\u017eby vzorkov\u00e1n\u00ed, rychlou v\u00fdrobu a n\u00edzk\u00e9 minim\u00e1ln\u00ed mno\u017estv\u00ed objedn\u00e1vek.<\/p>\n<p data-start=\"4381\" data-end=\"4598\">\u00da\u010dastn\u00edme se tak\u00e9 v\u00fdstav a veletrh\u016f motocykl\u016f po cel\u00e9 Evrop\u011b, kde nab\u00edz\u00edme osobn\u00ed prohl\u00eddky v\u00fdrobk\u016f a dlouhodobou spolupr\u00e1ci. Kontaktujte n\u00e1s a vy\u017e\u00e1dejte si vzorky nebo si sjednejte sch\u016fzku, abychom prodiskutovali va\u0161e pot\u0159eby v oblasti B2B.<\/p>\n<p data-start=\"4600\" data-end=\"4773\">Kdy\u017e si vyberete na\u0161e ko\u017een\u00e9 kalhoty na motorku, nevyb\u00edr\u00e1te si jen vybaven\u00ed - vyb\u00edr\u00e1te si spolehlivou ochranu, za kterou stoj\u00ed dlouholet\u00e9 evropsk\u00e9 zku\u0161enosti v oblasti bezpe\u010dnostn\u00edho oble\u010den\u00ed pro jezdce.<\/p>","protected":false},"excerpt":{"rendered":"<p data-start=\"328\" data-end=\"625\">Na\u0161e ko\u017een\u00e9 kalhoty na motorku s certifikac\u00ed CE nab\u00edzej\u00ed seri\u00f3zn\u00ed ochranu a pohodl\u00ed pro motork\u00e1\u0159e, kte\u0159\u00ed vy\u017eaduj\u00ed vysoce v\u00fdkonnou v\u00fdbavu. Tyto kalhoty jsou ur\u010deny pro silni\u010dn\u00ed jezdce i z\u00e1vodn\u00edky na okruz\u00edch, maj\u00ed zes\u00edlen\u00e9 panely v kl\u00ed\u010dov\u00fdch m\u00edstech n\u00e1razu, ergonomick\u00e9 tvarov\u00e1n\u00ed a stre\u010dov\u00e9 z\u00f3ny pro neomezen\u00fd pohyb.<\/p>\n<p data-start=\"627\" data-end=\"949\">Ka\u017ed\u00fd p\u00e1r je vyroben z vysoce kvalitn\u00ed hov\u011bz\u00ed k\u016f\u017ee (tlou\u0161\u0165ka 1,2-1,4 mm), kter\u00e1 zaji\u0161\u0165uje vynikaj\u00edc\u00ed odolnost proti od\u011bru a dlouhodobou \u017eivotnost. Na kolena integrujeme ochranu na \u00farovni CE a na boky voliteln\u00fd panc\u00ed\u0159. Akordeonov\u00e9 stre\u010dov\u00e9 panely a man\u017eety na zip usnad\u0148uj\u00ed no\u0161en\u00ed s botami a kompatibiln\u00edmi bundami.<\/p>\n<p data-start=\"951\" data-end=\"1187\">Ko\u017een\u00e9 kalhoty se dod\u00e1vaj\u00ed v z\u00e1vodn\u00edm stylu, m\u011bstsk\u00e9 \u010dern\u00e9 a vysoce viditeln\u00fdch barv\u00e1ch, jako je \u010derven\u00e1, oran\u017eov\u00e1 a b\u00edl\u00e1, co\u017e jezdc\u016fm pom\u00e1h\u00e1 z\u016fstat viditeln\u00ed a stylov\u00ed. V\u0161echny kalhoty jsou kompatibiln\u00ed s v\u011bt\u0161inou jezdeck\u00fdch bund prost\u0159ednictv\u00edm konektor\u016f na zip.<\/p>\n<p data-start=\"1189\" data-end=\"1419\">Ide\u00e1ln\u00ed pro maloobchodn\u00edky, online obchody nebo zna\u010dky, kter\u00e9 hledaj\u00ed OEM nebo priv\u00e1tn\u00ed zna\u010dky motork\u00e1\u0159sk\u00e9ho oble\u010den\u00ed. D\u00edky n\u00edzk\u00fdm MOQ a mo\u017enosti \u00fapln\u00e9ho p\u0159izp\u016fsoben\u00ed na\u0161im ko\u017een\u00fdm kalhot\u00e1m d\u016fv\u011b\u0159uj\u00ed v cel\u00e9 Evrop\u011b profesion\u00e1lov\u00e9 i v\u00e1\u0161niv\u00ed motork\u00e1\u0159i.<\/p>\n<p data-start=\"1421\" data-end=\"1648\">Spole\u010dnost Ryinz nab\u00edz\u00ed B2B \u0159e\u0161en\u00ed s fakturac\u00ed od na\u0161\u00ed \u010desk\u00e9 spole\u010dnosti, rychlou expedic\u00ed ve 28 zem\u00edch a pohotovou podporou. A\u0165 u\u017e jste prodejce nebo distributor, na\u0161e ko\u017een\u00e9 kalhoty na motorku nab\u00edzej\u00ed bezkonkuren\u010dn\u00ed hodnotu a bezpe\u010dnost.<\/p>","protected":false},"featured_media":10148,"comment_status":"closed","ping_status":"closed","template":"","meta":[],"product_brand":[35],"product_cat":[438,68],"product_tag":[422,423,424,425,426,427,428,429,430,432,433,434,435,436,437],"class_list":{"0":"post-9266","1":"product","2":"type-product","3":"status-publish","4":"has-post-thumbnail","6":"product_brand-ryinz","7":"product_cat-leather-motorbike-pants","8":"product_cat-ryinz","9":"product_tag-b2b-motorbike-gear-czech-manufacturer","10":"product_tag-bulk-order-motorbike-protective-clothing","11":"product_tag-buy-motorcycle-suits-wholesale-online","12":"product_tag-ce-certified-leather-motorbike-suits","13":"product_tag-custom-motorbike-suits-with-branding","14":"product_tag-custom-made-leather-riding-suits-europe","15":"product_tag-durable-motorcycle-safety-gear-supplier","16":"product_tag-eu-approved-protective-biker-clothing","17":"product_tag-european-supplier-of-leather-race-suits","18":"product_tag-one-piece-biker-leather-racing-suit","19":"product_tag-private-label-motorbike-suits-manufacturer","20":"product_tag-professional-racing-suit-for-bikers","21":"product_tag-racing-leather-suits-for-eu-road-riders","22":"product_tag-track-ready-motorcycle-leather-apparel","23":"product_tag-wholesale-motorcycle-racing-suits-europe","25":"first","26":"instock","27":"taxable","28":"shipping-taxable","29":"purchasable","30":"product-type-simple"},"_links":{"self":[{"href":"https:\/\/ryinz.cz\/velkoobchod\/cs\/wp-json\/wp\/v2\/product\/9266","targetHints":{"allow":["GET"]}}],"collection":[{"href":"https:\/\/ryinz.cz\/velkoobchod\/cs\/wp-json\/wp\/v2\/product"}],"about":[{"href":"https:\/\/ryinz.cz\/velkoobchod\/cs\/wp-json\/wp\/v2\/types\/product"}],"replies":[{"embeddable":true,"href":"https:\/\/ryinz.cz\/velkoobchod\/cs\/wp-json\/wp\/v2\/comments?post=9266"}],"wp:featuredmedia":[{"embeddable":true,"href":"https:\/\/ryinz.cz\/velkoobchod\/cs\/wp-json\/wp\/v2\/media\/10148"}],"wp:attachment":[{"href":"https:\/\/ryinz.cz\/velkoobchod\/cs\/wp-json\/wp\/v2\/media?parent=9266"}],"wp:term":[{"taxonomy":"product_brand","embeddable":true,"href":"https:\/\/ryinz.cz\/velkoobchod\/cs\/wp-json\/wp\/v2\/product_brand?post=9266"},{"taxonomy":"product_cat","embeddable":true,"href":"https:\/\/ryinz.cz\/velkoobchod\/cs\/wp-json\/wp\/v2\/product_cat?post=9266"},{"taxonomy":"product_tag","embeddable":true,"href":"https:\/\/ryinz.cz\/velkoobchod\/cs\/wp-json\/wp\/v2\/product_tag?post=9266"}],"curies":[{"name":"wp","href":"https:\/\/api.w.org\/{rel}","templated":true}]}}