{"id":9251,"date":"2025-08-26T11:48:35","date_gmt":"2025-08-26T11:48:35","guid":{"rendered":"https:\/\/ryinz.cz\/velkoobchod\/?post_type=product&#038;p=9251"},"modified":"2026-01-18T20:18:35","modified_gmt":"2026-01-18T20:18:35","slug":"vlastni-ce-certifikovane-kozene-motocyklove-bundy-pro-b2b-velkoobchodni-ochranne-motocyklove-svrchni-obleceni-pro-eu-silnicni-jezdce","status":"publish","type":"product","link":"https:\/\/ryinz.cz\/velkoobchod\/cs\/product\/custom-ce-certified-leather-motorbike-jackets-for-b2b-wholesale-protective-motorcycle-outerwear-for-eu-road-riders\/","title":{"rendered":"Vlastn\u00ed CE certifikovan\u00e9 ko\u017een\u00e9 motocyklov\u00e9 bundy pro B2B velkoobchod - Ochrann\u00e9 svrchn\u00ed od\u011bvy na motocykl pro silni\u010dn\u00ed jezdce EU"},"content":{"rendered":"<p data-start=\"1723\" data-end=\"2171\">Na\u0161e ko\u017een\u00e9 bundy na motorku p\u0159edstavuj\u00ed ide\u00e1ln\u00ed kombinaci ochrany, v\u0161estrannosti a estetiky pro seri\u00f3zn\u00ed jezdce a motork\u00e1\u0159e, kte\u0159\u00ed si potrp\u00ed na styl, v cel\u00e9 Evrop\u011b. Na\u0161e bundy jsou navr\u017eeny tak, aby spl\u0148ovaly vyv\u00edjej\u00edc\u00ed se po\u017eadavky modern\u00edch u\u017eivatel\u016f motocykl\u016f, maj\u00ed certifikaci CE a jsou vyrobeny z odoln\u00e9, pru\u017en\u00e9 hov\u011bz\u00ed k\u016f\u017ee o tlou\u0161\u0165ce od 1,1 do 1,3 mm - ide\u00e1ln\u00ed pro ka\u017edodenn\u00ed pou\u017e\u00edv\u00e1n\u00ed na silnici, j\u00edzdu po m\u011bst\u011b, d\u00e1lkov\u00e9 cestov\u00e1n\u00ed, a dokonce i pro prost\u0159ed\u00ed z\u00e1vodn\u00edch trat\u00ed.<\/p>\n<p data-start=\"2173\" data-end=\"2647\">Ka\u017ed\u00e1 bunda z t\u00e9to kolekce je vyrobena s ohledem na bezpe\u010dnost. Ochrann\u00e9 vlo\u017eky v oblasti lokt\u016f, ramen a zad jsou bu\u010f integrovan\u00e9, nebo odn\u00edmateln\u00e9 a spl\u0148uj\u00ed normy CE \u00farovn\u011b 1 nebo 2 v z\u00e1vislosti na specifikac\u00edch kupuj\u00edc\u00edho. Panc\u00ed\u0159 je lehk\u00fd a tlum\u00ed n\u00e1razy, \u010d\u00edm\u017e pom\u00e1h\u00e1 p\u0159edch\u00e1zet zran\u011bn\u00edm p\u0159i p\u00e1dech. Krom\u011b polstrovan\u00fdch oblast\u00ed jsou bundy pro\u0161ity nit\u011bmi s vysokou pevnost\u00ed v tahu, vyztu\u017een\u00fdmi ve v\u0161ech \u0161vech a tlakov\u00fdch z\u00f3n\u00e1ch.<\/p>\n<p data-start=\"2649\" data-end=\"3111\">Jezdci ocen\u00ed ergonomick\u00e9 tvarov\u00e1n\u00ed t\u011bchto bund. A\u0165 u\u017e se jedn\u00e1 o z\u00e1vodn\u00ed bundu \u00fazk\u00e9ho st\u0159ihu, uvoln\u011bnou turistickou bundu nebo hybridn\u00ed bundu pro dva sporty, ka\u017ed\u00e1 bunda je vyrobena tak, aby sni\u017eovala odpor v\u011btru a z\u00e1rove\u0148 umo\u017e\u0148ovala flexibilitu horn\u00ed \u010d\u00e1sti t\u011bla. Panely ze stre\u010dov\u00e9 tkaniny nebo harmonikov\u00e9 k\u016f\u017ee na ramenou a loktech pom\u00e1haj\u00ed p\u0159izp\u016fsobit se p\u0159irozen\u00e9mu pohybu b\u011bhem j\u00edzdy. Vysok\u00e9 l\u00edmce, man\u017eety se zap\u00edn\u00e1n\u00edm a zap\u00edn\u00e1n\u00ed proti v\u011btru zvy\u0161uj\u00ed funk\u010dnost p\u0159i dlouh\u00fdch j\u00edzd\u00e1ch v r\u016fzn\u00fdch klimatick\u00fdch podm\u00ednk\u00e1ch.<\/p>\n<p data-start=\"3113\" data-end=\"3441\">V chladn\u011bj\u0161\u00edch podm\u00ednk\u00e1ch zachycuj\u00ed tepeln\u00e9 pro\u0161\u00edvan\u00e9 pod\u0161\u00edvky teplo a udr\u017euj\u00ed t\u011blesn\u00e9 teplo, zat\u00edmco odep\u00ednac\u00ed pod\u0161\u00edvky umo\u017e\u0148uj\u00ed b\u011bhem n\u011bkolika minut p\u0159em\u011bnu na prody\u0161nou letn\u00ed bundu. V\u011btrac\u00ed zipy nebo s\u00ed\u0165ovan\u00e9 panely zaji\u0161\u0165uj\u00ed cirkulaci vzduchu v hork\u00fdch dnech. V\u0161echny zipy jsou YKK a odoln\u00e9, vybran\u00e9 tak, aby vydr\u017eely dlouholet\u00e9 opot\u0159eben\u00ed.<\/p>\n<p data-start=\"3443\" data-end=\"3829\">Stejn\u011b d\u016fle\u017eit\u00e1 je i vizu\u00e1ln\u00ed p\u0159ita\u017elivost. Nab\u00edz\u00edme \u0161irokou \u0161k\u00e1lu barevn\u00fdch akcent\u016f, jako je \u010dern\u00e1 s b\u00edl\u00fdmi pruhy, celo\u010dern\u00e9 stealth bundy, hn\u011bd\u00e9 vintage \u00fapravy a v\u00fdkonn\u00e9 styly s vysoce viditeln\u00fdmi neonov\u00fdmi panely. Pro lep\u0161\u00ed viditelnost p\u0159i no\u010dn\u00edch j\u00edzd\u00e1ch jsou p\u0159id\u00e1ny reflexn\u00ed prou\u017eky. Loga lze p\u0159idat na hrudn\u00edk, ruk\u00e1vy nebo zadn\u00ed \u010d\u00e1st v z\u00e1vislosti na va\u0161ich pot\u0159eb\u00e1ch v oblasti brandingu.<\/p>\n<p data-start=\"3831\" data-end=\"4140\">Na\u0161e bundy jsou k dispozici ve velikostech XS a\u017e 5XL a na vy\u017e\u00e1d\u00e1n\u00ed je mo\u017en\u00e9 zvolit vlastn\u00ed velikost. M\u016f\u017eete si vybrat mezi standardn\u00edmi styly z na\u0161eho katalogu nebo zadat sv\u016fj n\u00e1vrh pro zak\u00e1zkovou v\u00fdrobu OEM. M\u00e1me zku\u0161enosti s dod\u00e1vkami pro zna\u010dky, kluby a m\u00f3dn\u00ed prodejce, kter\u00fdm dod\u00e1v\u00e1me zbo\u017e\u00ed p\u0159ipraven\u00e9 k prodeji nebo zbo\u017e\u00ed s b\u00edl\u00fdmi etiketami.<\/p>\n<p data-start=\"4142\" data-end=\"4535\">Ve\u0161ker\u00e1 v\u00fdroba prob\u00edh\u00e1 v ka\u017ed\u00e9 f\u00e1zi se zaji\u0161t\u011bn\u00edm kvality, aby ka\u017ed\u00fd dodan\u00fd kus spl\u0148oval o\u010dek\u00e1v\u00e1n\u00ed. Na\u0161e spole\u010dnost Ryinz spol. s.r.o. s\u00eddl\u00ed v \u010cesk\u00e9 republice a poskytuje kompletn\u00ed dokumentaci EU, celn\u00ed odbaven\u00ed a faktura\u010dn\u00ed podporu. Jako d\u016fv\u011bryhodn\u00fd B2B dodavatel \u0159\u00edd\u00edme v\u0161e od po\u010d\u00e1te\u010dn\u00edho odb\u011bru vzork\u016f a\u017e po kone\u010dn\u00fd v\u00fdvoz, tak\u017ee kupuj\u00edc\u00ed obdr\u017e\u00ed hladkou dod\u00e1vku bez rizika.<\/p>\n<p data-start=\"4537\" data-end=\"4857\">Pokud jste maloobchodn\u00ed prodejce nebo distributor, kter\u00fd chce roz\u0161\u00ed\u0159it svou nab\u00eddku motocyklov\u00e9ho oble\u010den\u00ed o bundy pr\u00e9miov\u00e9 kvality, na\u0161e flexibiln\u00ed MOQ a podpora priv\u00e1tn\u00edch zna\u010dek v\u00e1m usnadn\u00ed za\u010d\u00e1tek. Obsluhujeme klienty ve v\u00edce ne\u017e 28 evropsk\u00fdch zem\u00edch a m\u016f\u017eeme v\u00e1m pomoci s region\u00e1ln\u00edmi velikostn\u00edmi tabulkami, dodr\u017eov\u00e1n\u00edm p\u0159edpis\u016f pro ozna\u010dov\u00e1n\u00ed a n\u00e1vrhem katalogu.<\/p>\n<p data-start=\"4859\" data-end=\"5124\">Na\u0161e ko\u017een\u00e9 bundy na motorku nejsou jen od\u011bvem - jsou kl\u00ed\u010dovou sou\u010d\u00e1st\u00ed bezpe\u010dnostn\u00ed v\u00fdbavy jezdce. D\u00edky t\u00e9to kombinaci stylu, pohodl\u00ed a ochrany certifikovan\u00e9 CE z\u00edskaj\u00ed va\u0161i z\u00e1kazn\u00edci pot\u0159ebnou jistotu a va\u0161e firma v\u00fdkon, kter\u00fd si zaslou\u017e\u00ed.<\/p>","protected":false},"excerpt":{"rendered":"<p data-start=\"373\" data-end=\"669\">Na\u0161e kolekce ko\u017een\u00fdch motork\u00e1\u0159sk\u00fdch bund s certifikac\u00ed CE je navr\u017eena pro bezpe\u010dnost na silnici, pohodl\u00ed jezdce a stylov\u00fd v\u00fdkon. Tyto bundy kombinuj\u00ed klasickou pevnost hov\u011bz\u00ed k\u016f\u017ee s modern\u00edmi ochrann\u00fdmi syst\u00e9my, kter\u00e9 zaji\u0161\u0165uj\u00ed vynikaj\u00edc\u00ed odolnost proti od\u011bru, n\u00e1razu a pov\u011btrnostn\u00edm podm\u00ednk\u00e1m.<\/p>\n<p data-start=\"671\" data-end=\"971\">Ka\u017ed\u00e1 bunda je p\u0159izp\u016fsobena pro ka\u017edodenn\u00ed u\u017eivatele silnic, profesion\u00e1ln\u00ed jezdce, cyklisty na dod\u00e1vk\u00e1ch a nad\u0161ence do turistiky a obsahuje ochrann\u00e9 polstrov\u00e1n\u00ed na loktech, ramenou a p\u00e1te\u0159i. Tyto bundy jsou vyrobeny pro celoro\u010dn\u00ed pou\u017eit\u00ed a obsahuj\u00ed jak odv\u011btr\u00e1van\u00e9 panely pro letn\u00ed obdob\u00ed, tak term\u00e1ln\u00ed vlo\u017eky pro zimn\u00ed j\u00edzdu.<\/p>\n<p data-start=\"973\" data-end=\"1284\">Nab\u00edz\u00edme mnoho styl\u016f, v\u010detn\u011b vintage ko\u017een\u00fdch povrch\u016f, st\u0159ih\u016f pro z\u00e1vodn\u00ed st\u0159ihy a vysoce viditeln\u00fdch neonov\u00fdch lem\u016f, co\u017e zaru\u010duje, \u017ee si vybere ka\u017ed\u00fd trh a ka\u017ed\u00e1 zna\u010dka. Mezi na\u0161e klienty pat\u0159\u00ed maloobchodn\u00edci, prodejci a distributo\u0159i v N\u011bmecku, \u0160pan\u011blsku, Francii, \u010cesk\u00e9 republice a Nizozemsku.<\/p>\n<p data-start=\"1286\" data-end=\"1669\">Vlastn\u00ed loga, v\u00fd\u0161ivky, v\u00fdb\u011br barev a velikost\u00ed jsou k dispozici s n\u00edzk\u00fdmi minim\u00e1ln\u00edmi objednac\u00edmi mno\u017estv\u00edmi (MOQ). Podporujeme soukrom\u00e9 zna\u010den\u00ed a velkoobchodn\u00ed B2B objedn\u00e1vky s fakturac\u00ed DPH v EU a rychl\u00fdm dod\u00e1n\u00edm. A\u0165 u\u017e dopl\u0148ujete z\u00e1soby ve sv\u00e9m obchod\u011b, zav\u00e1d\u00edte novou kolekci, nebo hled\u00e1te vysoce kvalitn\u00ed ochrann\u00e9 vybaven\u00ed, bund\u00e1m Ryinz d\u016fv\u011b\u0159uje cel\u00e1 Evropa d\u00edky jejich vzhledu i v\u00fdkonu.<\/p>","protected":false},"featured_media":10141,"comment_status":"closed","ping_status":"closed","template":"","meta":[],"product_brand":[35],"product_cat":[68],"product_tag":[422,423,424,425,426,427,428,429,430,432,433,434,435,436,437],"class_list":{"0":"post-9251","1":"product","2":"type-product","3":"status-publish","4":"has-post-thumbnail","6":"product_brand-ryinz","7":"product_cat-ryinz","8":"product_tag-b2b-motorbike-gear-czech-manufacturer","9":"product_tag-bulk-order-motorbike-protective-clothing","10":"product_tag-buy-motorcycle-suits-wholesale-online","11":"product_tag-ce-certified-leather-motorbike-suits","12":"product_tag-custom-motorbike-suits-with-branding","13":"product_tag-custom-made-leather-riding-suits-europe","14":"product_tag-durable-motorcycle-safety-gear-supplier","15":"product_tag-eu-approved-protective-biker-clothing","16":"product_tag-european-supplier-of-leather-race-suits","17":"product_tag-one-piece-biker-leather-racing-suit","18":"product_tag-private-label-motorbike-suits-manufacturer","19":"product_tag-professional-racing-suit-for-bikers","20":"product_tag-racing-leather-suits-for-eu-road-riders","21":"product_tag-track-ready-motorcycle-leather-apparel","22":"product_tag-wholesale-motorcycle-racing-suits-europe","24":"first","25":"instock","26":"taxable","27":"shipping-taxable","28":"purchasable","29":"product-type-simple"},"_links":{"self":[{"href":"https:\/\/ryinz.cz\/velkoobchod\/cs\/wp-json\/wp\/v2\/product\/9251","targetHints":{"allow":["GET"]}}],"collection":[{"href":"https:\/\/ryinz.cz\/velkoobchod\/cs\/wp-json\/wp\/v2\/product"}],"about":[{"href":"https:\/\/ryinz.cz\/velkoobchod\/cs\/wp-json\/wp\/v2\/types\/product"}],"replies":[{"embeddable":true,"href":"https:\/\/ryinz.cz\/velkoobchod\/cs\/wp-json\/wp\/v2\/comments?post=9251"}],"wp:featuredmedia":[{"embeddable":true,"href":"https:\/\/ryinz.cz\/velkoobchod\/cs\/wp-json\/wp\/v2\/media\/10141"}],"wp:attachment":[{"href":"https:\/\/ryinz.cz\/velkoobchod\/cs\/wp-json\/wp\/v2\/media?parent=9251"}],"wp:term":[{"taxonomy":"product_brand","embeddable":true,"href":"https:\/\/ryinz.cz\/velkoobchod\/cs\/wp-json\/wp\/v2\/product_brand?post=9251"},{"taxonomy":"product_cat","embeddable":true,"href":"https:\/\/ryinz.cz\/velkoobchod\/cs\/wp-json\/wp\/v2\/product_cat?post=9251"},{"taxonomy":"product_tag","embeddable":true,"href":"https:\/\/ryinz.cz\/velkoobchod\/cs\/wp-json\/wp\/v2\/product_tag?post=9251"}],"curies":[{"name":"wp","href":"https:\/\/api.w.org\/{rel}","templated":true}]}}