{"id":9233,"date":"2025-08-26T11:48:35","date_gmt":"2025-08-26T11:48:35","guid":{"rendered":"https:\/\/ryinz.cz\/velkoobchod\/?post_type=product&#038;p=9233"},"modified":"2026-01-18T20:18:33","modified_gmt":"2026-01-18T20:18:33","slug":"velkoobchodni-zakazkove-kozene-motocyklove-zavodni-obleky-ochrana-celeho-tela-pro-jezdce-eu-usa-oem-k-dispozici","status":"publish","type":"product","link":"https:\/\/ryinz.cz\/velkoobchod\/cs\/product\/wholesale-custom-leather-motorbike-racing-suits-full-body-protection-for-eu-usa-riders-oem-available\/","title":{"rendered":"Velkoobchod Custom Leather Motorbike Racing Suits - Full Body Protection for EU\/USA Riders, OEM Available"},"content":{"rendered":"<p data-start=\"204\" data-end=\"725\">Na\u0161e ko\u017een\u00e9 z\u00e1vodn\u00ed kombin\u00e9zy pro motocykly jsou navr\u017eeny s jasn\u00fdm c\u00edlem: chr\u00e1nit jezdce, ani\u017e by to bylo na \u00fakor v\u00fdkonu, pohodl\u00ed nebo stylu. Ka\u017ed\u00e1 na\u0161e kombin\u00e9za, vyroben\u00e1 z nejkvalitn\u011bj\u0161\u00ed hov\u011bz\u00ed k\u016f\u017ee o tlou\u0161\u0165ce 1,2 a\u017e 1,4 mm, kombinuje modern\u00ed bezpe\u010dnostn\u00ed inovace s klasickou z\u00e1vodn\u00ed estetikou. A\u0165 u\u017e jste amat\u00e9rsk\u00fd jezdec, profesion\u00e1ln\u00ed z\u00e1vodn\u00edk na dr\u00e1ze, nebo prodejce, kter\u00fd hled\u00e1 vysoce \u017e\u00e1dan\u00e9 certifikovan\u00e9 vybaven\u00ed pro sv\u00e9 klienty, na\u0161e obleky spl\u0148uj\u00ed nejvy\u0161\u0161\u00ed evropsk\u00e9 standardy v oblasti ochrann\u00fdch od\u011bv\u016f.<\/p>\n<p data-start=\"727\" data-end=\"1263\">Ka\u017ed\u00e1 ko\u017een\u00e1 z\u00e1vodn\u00ed kombin\u00e9za je vyrobena s pou\u017eit\u00edm dvojit\u00fdch a trojit\u00fdch steh\u016f s vysokou pevnost\u00ed v tahu, kter\u00e9 zpev\u0148uj\u00ed v\u0161echny z\u00f3ny s vysok\u00fdm n\u00e1razem. Na ramenou, loktech, kolenou a z\u00e1dech integrujeme panc\u00ed\u0159e schv\u00e1len\u00e9 CE, abychom zajistili kompletn\u00ed ochranu proti n\u00e1razu v p\u0159\u00edpad\u011b nehody nebo p\u00e1du. Jezdci se mohou rozhodnout pro pokro\u010dil\u00e9 vylep\u0161en\u00ed panc\u00ed\u0159e, jako je D3O nebo SAS-TEC, pro je\u0161t\u011b lep\u0161\u00ed absorpci n\u00e1raz\u016f a rozpt\u00fdlen\u00ed energie. Obleky jsou tvarov\u00e1ny tak, aby dob\u0159e padly a z\u00e1rove\u0148 umo\u017e\u0148ovaly volnost pohybu d\u00edky elastick\u00fdm panel\u016fm z harmonikov\u00e9ho stre\u010de v doln\u00ed \u010d\u00e1sti zad, na kolenou a loktech.<\/p>\n<p data-start=\"1265\" data-end=\"1758\">Na\u0161e kombin\u00e9zy jsou jednod\u00edln\u00e9, co\u017e preferuj\u00ed jezdci na sportovn\u00edch motocyklech, a poskytuj\u00ed minim\u00e1ln\u00ed odpor v\u011btru a vynikaj\u00edc\u00ed aerodynamick\u00fd tvar. Jsou tak\u00e9 vybaveny strategicky um\u00edst\u011bn\u00fdm aerodynamick\u00fdm rychlostn\u00edm hrbem v zadn\u00ed horn\u00ed \u010d\u00e1sti zad, kter\u00fd nejen zlep\u0161uje proud\u011bn\u00ed vzduchu p\u0159i vysok\u00fdch rychlostech, ale tak\u00e9 zvy\u0161uje ochranu krku a p\u00e1te\u0159e. Ka\u017ed\u00e1 sou\u010d\u00e1st - od odoln\u00fdch zip\u016f YKK a\u017e po man\u017eety a l\u00edmec se such\u00fdm zipem - je vybr\u00e1na tak, aby odolala n\u00e1ro\u010dn\u00fdm z\u00e1vod\u016fm a dlouhodob\u00e9mu pou\u017e\u00edv\u00e1n\u00ed.<\/p>\n<p data-start=\"1760\" data-end=\"2157\">Pohodl\u00ed nen\u00ed ob\u011btov\u00e1no bezpe\u010dnosti. Ka\u017ed\u00e1 kombin\u00e9za obsahuje m\u011bkkou vnit\u0159n\u00ed s\u00ed\u0165ovanou vlo\u017eku odv\u00e1d\u011bj\u00edc\u00ed vlhkost, kter\u00e1 udr\u017euje jezdce v suchu a chladu b\u011bhem intenzivn\u00edch j\u00edzd. Vnit\u0159n\u00ed pod\u0161\u00edvka je odn\u00edmateln\u00e1 a prateln\u00e1, co\u017e zaji\u0161\u0165uje hygienu i po n\u011bkolikan\u00e1sobn\u00e9m pou\u017eit\u00ed. Perforovan\u00e9 ko\u017een\u00e9 panely a v\u011btrac\u00ed zipy umo\u017e\u0148uj\u00ed proud\u011bn\u00ed vzduchu b\u011bhem teplej\u0161\u00edho po\u010das\u00ed, zat\u00edmco tepeln\u00fd komfort udr\u017euje jezdce v teple v chladn\u011bj\u0161\u00edm podneb\u00ed.<\/p>\n<p data-start=\"2159\" data-end=\"2595\">P\u0159izp\u016fsoben\u00ed je pro na\u0161e B2B z\u00e1kazn\u00edky hlavn\u00edm c\u00edlem. A\u0165 u\u017e jste zavedenou zna\u010dkou motocyklov\u00e9ho vybaven\u00ed, nebo zav\u00e1d\u00edte vlastn\u00ed priv\u00e1tn\u00ed zna\u010dku, poskytujeme ve\u0161ker\u00e9 mo\u017enosti p\u0159izp\u016fsoben\u00ed. Loga, barevn\u00e1 sch\u00e9mata, jm\u00e9na jezdc\u016f a potisky sponzor\u016f lze za\u010dlenit pomoc\u00ed sublimace, s\u00edtotisku nebo v\u00fd\u0161ivky. M\u016f\u017eete si vybrat z na\u0161eho \u0161irok\u00e9ho katalogu standardn\u00edch model\u016f - nebo vytvo\u0159it exkluzivn\u00ed n\u00e1vrhy na zak\u00e1zku, abyste na trhu vynikli.<\/p>\n<p data-start=\"2597\" data-end=\"3102\">Nab\u00edz\u00edme obleky ve velikostech od XS do 5XL, co\u017e zaru\u010duje, \u017ee padnou v\u0161em typ\u016fm postavy. N\u00e1\u0161 t\u00fdm n\u00e1vrh\u00e1\u0159\u016f je k dispozici evropsk\u00fdm z\u00e1kazn\u00edk\u016fm, aby zajistil, \u017ee tabulky velikost\u00ed, slad\u011bn\u00ed zna\u010dek a ergonomick\u00e9 \u00fapravy odpov\u00eddaj\u00ed o\u010dek\u00e1v\u00e1n\u00edm m\u00edstn\u00edch z\u00e1kazn\u00edk\u016f. Maloobchodn\u00ed prodejci v N\u011bmecku, It\u00e1lii, \u0160pan\u011blsku, Francii a \u010cesk\u00e9 republice se na n\u00e1s ji\u017e spol\u00e9haj\u00ed pro konzistentn\u00ed kvalitu a slu\u017eby. Na\u0161e dodac\u00ed lh\u016fty pro v\u00fdrobu jsou kr\u00e1tk\u00e9 a na vy\u017e\u00e1d\u00e1n\u00ed nab\u00edz\u00edme vzorky, kter\u00e9 v\u00e1m pomohou posoudit kvalitu p\u0159ed zad\u00e1n\u00edm cel\u00e9 objedn\u00e1vky.<\/p>\n<p data-start=\"3104\" data-end=\"3511\">Bezpe\u010dnostn\u00ed certifik\u00e1ty zahrnuj\u00ed normy EN 13595 a CE Level 1\/2 v z\u00e1vislosti na zvolen\u00fdch ochrann\u00fdch prvc\u00edch. Na vy\u017e\u00e1d\u00e1n\u00ed m\u016f\u017eeme poskytnout dokumentaci, technick\u00e9 specifikace a v\u00fdsledky test\u016f. D\u00edky t\u011bmto certifikac\u00edm jsou na\u0161e obleky v souladu s evropsk\u00fdmi p\u0159edpisy a jsou velmi vhodn\u00e9 pro online prodejce, obchodn\u00ed obchody, nebo dokonce pro trhy s donucovac\u00edmi prost\u0159edky a speci\u00e1ln\u00edmi \u00fa\u010dely, jako jsou kaskad\u00e9\u0159i nebo v\u00fdcvikov\u00e9 akademie.<\/p>\n<p data-start=\"3513\" data-end=\"3939\">Na\u0161e tov\u00e1rna m\u00e1 zku\u0161enosti se spoluprac\u00ed s velk\u00fdmi i mal\u00fdmi prodejci, sportovn\u00edmi t\u00fdmy a z\u00e1vodn\u00edmi kluby. Ch\u00e1peme d\u016fle\u017eitost spolehliv\u00fdch dod\u00e1vek a transparentnosti v podnik\u00e1n\u00ed. Proto jsme hrd\u00ed na to, \u017ee p\u016fsob\u00edme pod na\u0161\u00ed registrovanou evropskou spole\u010dnost\u00ed Ryinz spol. s.r.o. se s\u00eddlem v \u010cesk\u00e9 republice. Ve\u0161ker\u00e9 faktury, celn\u00ed z\u00e1le\u017eitosti a DPH vy\u0159izujeme prost\u0159ednictv\u00edm na\u0161\u00ed kancel\u00e1\u0159e v EU, co\u017e v\u00e1m usnad\u0148uje obchodov\u00e1n\u00ed a \u00fa\u010detnictv\u00ed.<\/p>\n<p data-start=\"3941\" data-end=\"4337\">Zveme v\u00e1s, abyste se stali sou\u010d\u00e1st\u00ed glob\u00e1ln\u00ed distribu\u010dn\u00ed rodiny spole\u010dnosti Ryinz. D\u00edky n\u00edzk\u00fdm minim\u00e1ln\u00edm objednac\u00edm mno\u017estv\u00edm, atraktivn\u00edm cen\u00e1m, profesion\u00e1ln\u00edmu balen\u00ed a vst\u0159\u00edcn\u00e9 komunikaci jsme zde, abychom v\u00e1m pomohli rozv\u00edjet va\u0161e podnik\u00e1n\u00ed. M\u016f\u017eete n\u00e1s nav\u0161t\u00edvit na v\u00fdstav\u00e1ch nebo si vy\u017e\u00e1dat sch\u016fzku Zoom a prohl\u00e9dnout si na\u0161e vzorky na\u017eivo. Kontaktujte n\u00e1s a z\u00edskejte katalogy, velikostn\u00ed tabulky a videa z v\u00fdroby, kter\u00e1 v\u00e1m pomohou vybudovat si d\u016fv\u011bru.<\/p>\n<p data-start=\"4339\" data-end=\"4498\">Je to v\u00edc ne\u017e jen motocyklov\u00e1 kombin\u00e9za - je to vysoce v\u00fdkonn\u00fd, p\u0159izp\u016fsobiteln\u00fd panc\u00e9\u0159ov\u00fd syst\u00e9m, kter\u00e9mu d\u016fv\u011b\u0159uj\u00ed profesion\u00e1ln\u00ed jezdci, prodejci a prodejci v cel\u00e9 Evrop\u011b.<\/p>","protected":false},"excerpt":{"rendered":"<p data-start=\"343\" data-end=\"767\">Objevte na\u0161i pr\u00e9miovou kolekci ko\u017een\u00fdch z\u00e1vodn\u00edch kombin\u00e9z pro motocykly, kter\u00e9 jsou navr\u017eeny pro maxim\u00e1ln\u00ed ochranu, odolnost a aerodynamick\u00fd v\u00fdkon. Tyto jednod\u00edln\u00e9 kombin\u00e9zy se schv\u00e1len\u00edm CE, ur\u010den\u00e9 pro profesion\u00e1ln\u00ed z\u00e1vodn\u00edky i b\u011b\u017en\u00e9 jezdce, jsou vyrobeny z vysoce kvalitn\u00ed hov\u011bz\u00ed k\u016f\u017ee v kombinaci se zes\u00edlen\u00fdmi \u0161vy, stre\u010dov\u00fdmi panely a panc\u00e9\u0159ovou ochranou kritick\u00fdch n\u00e1razov\u00fdch z\u00f3n v\u010detn\u011b ramen, lokt\u016f, kolen a zad.<\/p>\n<p data-start=\"769\" data-end=\"1060\">Ka\u017ed\u00fd oblek je ergonomicky p\u0159izp\u016fsoben tak, aby dokonale padl a z\u00e1rove\u0148 umo\u017e\u0148oval flexibilitu a v\u011btr\u00e1n\u00ed. M\u016f\u017eete si vybrat z \u0159ady dynamick\u00fdch barevn\u00fdch kombinac\u00ed - \u010dern\u00e9, \u010derven\u00e9, b\u00edl\u00e9, neonov\u011b zelen\u00e9, \u017elut\u00e9 a oran\u017eov\u00e9 - a po\u017e\u00e1dat o \u00fapln\u00e9 p\u0159izp\u016fsoben\u00ed v\u010detn\u011b loga zna\u010dky, jm\u00e9na jezdce nebo t\u00fdmov\u00e9 identity.<\/p>\n<p data-start=\"1062\" data-end=\"1361\">A\u0165 u\u017e se vyd\u00e1te na z\u00e1vodn\u00ed dr\u00e1hu, nebo si u\u017e\u00edv\u00e1te d\u00e1lkov\u00e9 j\u00edzdy po d\u00e1lnic\u00edch, na\u0161e kombin\u00e9zy poskytuj\u00ed dokonalou rovnov\u00e1hu mezi pohodl\u00edm, bezpe\u010dnost\u00ed a stylem. D\u00edky vnit\u0159n\u00ed pod\u0161\u00edvce odv\u00e1d\u011bj\u00edc\u00ed vlhkost, odn\u00edmateln\u00fdm chr\u00e1ni\u010d\u016fm a aerodynamick\u00e9mu designu hrb\u016f spl\u0148uj\u00ed tyto obleky po\u017eadavky seri\u00f3zn\u00edch motork\u00e1\u0159\u016f po cel\u00e9 Evrop\u011b.<\/p>\n<p data-start=\"1363\" data-end=\"1559\">Ide\u00e1ln\u00ed pro B2B n\u00e1kup\u010d\u00ed, prodejce, velkoobchodn\u00edky nebo z\u00e1kazn\u00edky s priv\u00e1tn\u00ed zna\u010dkou, kte\u0159\u00ed cht\u011bj\u00ed dov\u00e1\u017eet motocyklov\u00e9 oble\u010den\u00ed ve velk\u00e9m. Nab\u00edz\u00edme mal\u00e9 MOQ, soukrom\u00e9 zna\u010dky a flexibiln\u00ed dopravu do 28 zem\u00ed EU.<\/p>","protected":false},"featured_media":10140,"comment_status":"closed","ping_status":"closed","template":"","meta":[],"product_brand":[35],"product_cat":[431,68],"product_tag":[422,423,424,425,426,427,428,429,430,432,433,434,435,436,437],"class_list":{"0":"post-9233","1":"product","2":"type-product","3":"status-publish","4":"has-post-thumbnail","6":"product_brand-ryinz","7":"product_cat-leather-motorbike-racing-suits","8":"product_cat-ryinz","9":"product_tag-b2b-motorbike-gear-czech-manufacturer","10":"product_tag-bulk-order-motorbike-protective-clothing","11":"product_tag-buy-motorcycle-suits-wholesale-online","12":"product_tag-ce-certified-leather-motorbike-suits","13":"product_tag-custom-motorbike-suits-with-branding","14":"product_tag-custom-made-leather-riding-suits-europe","15":"product_tag-durable-motorcycle-safety-gear-supplier","16":"product_tag-eu-approved-protective-biker-clothing","17":"product_tag-european-supplier-of-leather-race-suits","18":"product_tag-one-piece-biker-leather-racing-suit","19":"product_tag-private-label-motorbike-suits-manufacturer","20":"product_tag-professional-racing-suit-for-bikers","21":"product_tag-racing-leather-suits-for-eu-road-riders","22":"product_tag-track-ready-motorcycle-leather-apparel","23":"product_tag-wholesale-motorcycle-racing-suits-europe","25":"first","26":"instock","27":"taxable","28":"shipping-taxable","29":"purchasable","30":"product-type-simple"},"_links":{"self":[{"href":"https:\/\/ryinz.cz\/velkoobchod\/cs\/wp-json\/wp\/v2\/product\/9233","targetHints":{"allow":["GET"]}}],"collection":[{"href":"https:\/\/ryinz.cz\/velkoobchod\/cs\/wp-json\/wp\/v2\/product"}],"about":[{"href":"https:\/\/ryinz.cz\/velkoobchod\/cs\/wp-json\/wp\/v2\/types\/product"}],"replies":[{"embeddable":true,"href":"https:\/\/ryinz.cz\/velkoobchod\/cs\/wp-json\/wp\/v2\/comments?post=9233"}],"wp:featuredmedia":[{"embeddable":true,"href":"https:\/\/ryinz.cz\/velkoobchod\/cs\/wp-json\/wp\/v2\/media\/10140"}],"wp:attachment":[{"href":"https:\/\/ryinz.cz\/velkoobchod\/cs\/wp-json\/wp\/v2\/media?parent=9233"}],"wp:term":[{"taxonomy":"product_brand","embeddable":true,"href":"https:\/\/ryinz.cz\/velkoobchod\/cs\/wp-json\/wp\/v2\/product_brand?post=9233"},{"taxonomy":"product_cat","embeddable":true,"href":"https:\/\/ryinz.cz\/velkoobchod\/cs\/wp-json\/wp\/v2\/product_cat?post=9233"},{"taxonomy":"product_tag","embeddable":true,"href":"https:\/\/ryinz.cz\/velkoobchod\/cs\/wp-json\/wp\/v2\/product_tag?post=9233"}],"curies":[{"name":"wp","href":"https:\/\/api.w.org\/{rel}","templated":true}]}}