{"id":9212,"date":"2025-06-22T15:33:26","date_gmt":"2025-06-22T15:33:26","guid":{"rendered":"https:\/\/ryinz.cz\/velkoobchod\/?post_type=product&#038;p=9212"},"modified":"2026-01-18T20:18:32","modified_gmt":"2026-01-18T20:18:32","slug":"ryinz-vyhrivane-kozene-rukavice-s-bateriovym-systemem-dotykove-prsty-hipora-vlozka-gelova-polstrovana-dlan-pro-b2b-retail","status":"publish","type":"product","link":"https:\/\/ryinz.cz\/velkoobchod\/cs\/product\/ryinz-heated-leather-gloves-with-battery-system-touchscreen-fingers-hipora-insert-gel-padded-palm-for-b2b-retail\/","title":{"rendered":"Vyh\u0159\u00edvan\u00e9 ko\u017een\u00e9 rukavice RYINZ s bateriov\u00fdm syst\u00e9mem, dotykov\u00fdmi prsty, vlo\u017ekou Hipora a gelovou polstrovanou dlan\u00ed pro B2B\/maloobchodn\u00ed prodejce"},"content":{"rendered":"<p data-start=\"949\" data-end=\"1064\"><strong data-start=\"949\" data-end=\"1064\">RYINZ GPTG-0283 Vyh\u0159\u00edvan\u00e9 rukavice na motorku - pr\u00e9miov\u00e9 elektrick\u00e9 vyh\u0159\u00edv\u00e1n\u00ed s vod\u011bodolnou ochranou a dotykov\u00fdm ovl\u00e1d\u00e1n\u00edm<\/strong><\/p>\n<p data-start=\"1066\" data-end=\"1461\">P\u0159i poklesu teploty mus\u00ed z\u016fstat bezpe\u010dnost a obratnost nekompromisn\u00ed. <strong data-start=\"1145\" data-end=\"1178\">RYINZ GPTG-0283 Vyh\u0159\u00edvan\u00e9 rukavice<\/strong> jsou zkonstruov\u00e1ny p\u0159esn\u011b tak, aby to spl\u0148ovaly. Tyto rukavice jsou ur\u010deny pro jezdce, profesion\u00e1ly a outdoorov\u00e9 pracovn\u00edky, kte\u0159\u00ed se pohybuj\u00ed v mraziv\u00e9m prost\u0159ed\u00ed, a spojuj\u00ed \u0161pi\u010dkovou tepelnou technologii s prvot\u0159\u00eddn\u00edmi materi\u00e1ly, kter\u00e9 udr\u017euj\u00ed ruce v teple, suchu a chr\u00e1n\u00ed je, ani\u017e by do\u0161lo ke ztr\u00e1t\u011b p\u0159ilnavosti nebo kontroly.<\/p>\n<p data-start=\"1463\" data-end=\"1691\">Tento model, kter\u00fd spl\u0148uje po\u017eadavky CE, je ide\u00e1ln\u00ed pro zimn\u00ed turistiku, doj\u00ed\u017ed\u011bn\u00ed na dlouh\u00e9 vzd\u00e1lenosti, sady pro dobrodru\u017estv\u00ed na sn\u011bhu nebo B2B velkoobchod na evropsk\u00e9m trhu s osobn\u00edmi ochrann\u00fdmi pom\u016fckami a motocyklov\u00fdm vybaven\u00edm.<\/p>\n<hr data-start=\"1693\" data-end=\"1696\" \/>\n<h3 data-start=\"1698\" data-end=\"1764\"><strong data-start=\"1702\" data-end=\"1764\">Dla\u0148 z prav\u00e9 k\u016f\u017ee s v\u00fdztu\u017e\u00ed Pittard a gelovou v\u00fdstelkou<\/strong><\/h3>\n<p data-start=\"1766\" data-end=\"2202\">J\u00e1drem t\u00e9to rukavice je <strong data-start=\"1797\" data-end=\"1829\">konstrukce z prav\u00e9 k\u016f\u017ee<\/strong>, kter\u00e1 nab\u00edz\u00ed bezkonkuren\u010dn\u00ed odolnost proti od\u011bru a p\u0159irozenou p\u0159ilnavost. Dla\u0148 je vybavena <strong data-start=\"1909\" data-end=\"1936\">P\u0159ekryt\u00ed k\u016f\u017e\u00ed Pittard<\/strong>, kter\u00e1 je celosv\u011btov\u011b zn\u00e1m\u00e1 svou v\u00fdjime\u010dnou trvanlivost\u00ed, odolnost\u00ed proti vod\u011b a pru\u017enost\u00ed - a to i p\u0159i teplot\u00e1ch pod bodem mrazu. Pod n\u00edm se nach\u00e1z\u00ed <strong data-start=\"2064\" data-end=\"2091\">vlo\u017eka z gelov\u00e9 p\u011bny<\/strong> tlum\u00ed vibrace od \u0159\u00edd\u00edtek nebo elektrick\u00e9ho n\u00e1\u0159ad\u00ed, \u010d\u00edm\u017e sni\u017euje \u00fanavu jezdce p\u0159i dlouh\u00fdch cest\u00e1ch nebo sm\u011bn\u00e1ch.<\/p>\n<hr data-start=\"2204\" data-end=\"2207\" \/>\n<h3 data-start=\"2209\" data-end=\"2263\"><strong data-start=\"2213\" data-end=\"2263\">Mo\u017enost dotykov\u00e9 obrazovky na ukazov\u00e1\u010dku a palci<\/strong><\/h3>\n<p data-start=\"2265\" data-end=\"2535\">Rukavice jsou navr\u017eeny pro modern\u00ed jezdce a jsou vybaveny <strong data-start=\"2312\" data-end=\"2340\">materi\u00e1l citliv\u00fd na dotek<\/strong> na ukazov\u00e1\u010dku a palci. To umo\u017e\u0148uje bezprobl\u00e9mov\u00e9 pou\u017e\u00edv\u00e1n\u00ed chytr\u00fdch telefon\u016f, za\u0159\u00edzen\u00ed GPS nebo dotykov\u00fdch displej\u016f motocykl\u016f bez nutnosti sund\u00e1vat rukavici, co\u017e je nezbytn\u00e9 pro efektivitu a bezpe\u010dnost p\u0159i cestov\u00e1n\u00ed.<\/p>\n<hr data-start=\"2537\" data-end=\"2540\" \/>\n<h3 data-start=\"2542\" data-end=\"2614\"><strong data-start=\"2546\" data-end=\"2614\">Vyh\u0159\u00edvan\u00e1 technologie s integrovan\u00fdm tla\u010d\u00edtkem zapnut\u00ed\/vypnut\u00ed a kapsou na baterie<\/strong><\/h3>\n<p data-start=\"2616\" data-end=\"3023\">Hlavn\u00ed p\u0159ednost\u00ed modelu GPTG-0283 je jeho <strong data-start=\"2660\" data-end=\"2687\">pokro\u010dil\u00fd syst\u00e9m vyt\u00e1p\u011bn\u00ed<\/strong>, diskr\u00e9tn\u011b vlo\u017een\u00e9 do vnit\u0159n\u00edch vrstev rukavice. . <strong data-start=\"2748\" data-end=\"2765\">tla\u010d\u00edtko zapnut\u00ed\/vypnut\u00ed<\/strong> je pohodln\u011b um\u00edst\u011bno na h\u0159betu rukavice a je spojeno s <strong data-start=\"2829\" data-end=\"2869\">p\u0159ihr\u00e1dka na baterie a kabelov\u00fd syst\u00e9m<\/strong>. To umo\u017e\u0148uje u\u017eivatel\u016fm regulovat \u00farove\u0148 tepla podle pot\u0159eby - ide\u00e1ln\u00ed pro jezdce na b\u011b\u017ek\u00e1ch, nad\u0161ence do sn\u011b\u017en\u00fdch sk\u00fatr\u016f nebo pr\u016fmyslov\u00e9 pracovn\u00edky vystaven\u00e9 drsn\u00fdm klimatick\u00fdm podm\u00ednk\u00e1m.<\/p>\n<p data-start=\"3025\" data-end=\"3237\">Kryt\u00ed topen\u00ed <strong data-start=\"3044\" data-end=\"3083\">h\u0159bet ruky, prsty a dla\u0148.<\/strong>, a nab\u00edz\u00ed rovnom\u011brn\u00e9 rozlo\u017een\u00ed tepla. Syst\u00e9m je kompatibiln\u00ed s dob\u00edjec\u00edmi lithium-iontov\u00fdmi akumul\u00e1tory (prod\u00e1vaj\u00ed se samostatn\u011b), je bezpe\u010dn\u00fd, spolehliv\u00fd a vodot\u011bsn\u00fd.<\/p>\n<hr data-start=\"3239\" data-end=\"3242\" \/>\n<h3 data-start=\"3244\" data-end=\"3299\"><strong data-start=\"3248\" data-end=\"3299\">Chr\u00e1ni\u010d kloub\u016f, zip YKK a zes\u00edlen\u00e1 zadn\u00ed ruka<\/strong><\/h3>\n<p data-start=\"3301\" data-end=\"3660\">Pro zaji\u0161t\u011bn\u00ed bezpe\u010dnosti rukavice obsahuje <strong data-start=\"3332\" data-end=\"3367\">tepeln\u011b tvarovan\u00e9 chr\u00e1ni\u010de kloub\u016f<\/strong>, vrstven\u00e9 do svr\u0161ku ze stre\u010dov\u00e9 tkaniny, kter\u00e1 tlum\u00ed n\u00e1razy. Str\u00e1nky <strong data-start=\"3430\" data-end=\"3449\">Zap\u00edn\u00e1n\u00ed na zip YKK<\/strong> na bo\u010dn\u00ed man\u017eet\u011b umo\u017e\u0148uje p\u0159il\u00e9hav\u00e9 a nastaviteln\u00e9 uchycen\u00ed a zvy\u0161uje odolnost proti v\u011btru. Dal\u0161\u00ed <strong data-start=\"3539\" data-end=\"3570\">tisk reflexn\u00edch samolepek<\/strong> zlep\u0161uje viditelnost v noci, co\u017e je d\u016fle\u017eit\u00e9 pro motocyklisty, pracovn\u00edky na silnic\u00edch nebo z\u00e1chrann\u00e9 t\u00fdmy.<\/p>\n<hr data-start=\"3662\" data-end=\"3665\" \/>\n<h3 data-start=\"3667\" data-end=\"3722\"><strong data-start=\"3671\" data-end=\"3722\">Vod\u011bodoln\u00e1 vlo\u017eka Hipora + Tricot Fleece pod\u0161\u00edvka<\/strong><\/h3>\n<p data-start=\"3724\" data-end=\"4095\">Uvnit\u0159 rukavice je <strong data-start=\"3744\" data-end=\"3764\">Membr\u00e1na Hipora\u00ae<\/strong> funguje jako prody\u0161n\u00e1 nepromokav\u00e1 bari\u00e9ra, kter\u00e1 br\u00e1n\u00ed de\u0161ti a sn\u011bhu a z\u00e1rove\u0148 propou\u0161t\u00ed pot. Vnit\u0159n\u00ed prostor zahrnuje tak\u00e9 <strong data-start=\"3884\" data-end=\"3913\">m\u011bkk\u00e1 trikotov\u00e1 fleecov\u00e1 pod\u0161\u00edvka<\/strong>, kter\u00fd poskytuje izolaci bez v\u011bt\u0161\u00edho objemu. Tento dvouvrstv\u00fd syst\u00e9m zaji\u0161\u0165uje, \u017ee rukavice dob\u0159e funguj\u00ed ve vlhk\u00fdch nebo ledov\u00fdch podm\u00ednk\u00e1ch a z\u00e1rove\u0148 z\u016fst\u00e1vaj\u00ed pohodln\u00e9 po cel\u00e9 hodiny nep\u0159etr\u017eit\u00e9ho pou\u017e\u00edv\u00e1n\u00ed.<\/p>\n<hr data-start=\"4097\" data-end=\"4100\" \/>\n<h3 data-start=\"4102\" data-end=\"4146\"><strong data-start=\"4106\" data-end=\"4146\">Z\u00f3ny z elastick\u00e9 tkaniny a ergonomick\u00fd st\u0159ih<\/strong><\/h3>\n<p data-start=\"4148\" data-end=\"4466\">Elastick\u00e9 panely na prstech a z\u00e1p\u011bst\u00ed zlep\u0161uj\u00ed obratnost a umo\u017e\u0148uj\u00ed pln\u00fd pohyb prst\u016f i s topn\u00fdmi t\u011blesy uvnit\u0159. D\u00edky tomu jsou rukavice vhodn\u00e9 pro detailn\u00ed manipula\u010dn\u00ed \u00fakony, jako je uchopen\u00ed \u0159\u00edd\u00edtek, obsluha stroj\u016f nebo zap\u00edn\u00e1n\u00ed spon na p\u0159ilbu - co\u017e jsou nezbytn\u00e9 vlastnosti pro bezpe\u010dnost i pohodl\u00ed.<\/p>\n<hr data-start=\"4468\" data-end=\"4471\" \/>\n<h3 data-start=\"4473\" data-end=\"4496\"><strong data-start=\"4477\" data-end=\"4494\">Aplikace:<\/strong><\/h3>\n<ul data-start=\"4497\" data-end=\"4861\">\n<li data-start=\"4497\" data-end=\"4551\">\n<p data-start=\"4499\" data-end=\"4551\">Vyh\u0159\u00edvan\u00e9 rukavice na motocykl pro chladn\u00e9 podneb\u00ed<\/p>\n<\/li>\n<li data-start=\"4552\" data-end=\"4616\">\n<p data-start=\"4554\" data-end=\"4616\">Vyh\u0159\u00edvan\u00e9 rukavice OOP pro pracovn\u00edky v ter\u00e9nu do mrazu<\/p>\n<\/li>\n<li data-start=\"4617\" data-end=\"4675\">\n<p data-start=\"4619\" data-end=\"4675\">Rukavice pro sn\u011b\u017en\u00e9 sk\u00fatry a zimn\u00ed sporty s bateriov\u00fdm syst\u00e9mem<\/p>\n<\/li>\n<li data-start=\"4676\" data-end=\"4737\">\n<p data-start=\"4678\" data-end=\"4737\">Pr\u016fmyslov\u00e9 rukavice pro pracovn\u00edky komun\u00e1ln\u00edch slu\u017eeb a \u00fadr\u017eby<\/p>\n<\/li>\n<li data-start=\"4738\" data-end=\"4797\">\n<p data-start=\"4740\" data-end=\"4797\">Velkoobchodn\u00ed a maloobchodn\u00ed prodej tepeln\u00e9ho vybaven\u00ed pro Evropu i mimo ni<\/p>\n<\/li>\n<li data-start=\"4798\" data-end=\"4861\">\n<p data-start=\"4800\" data-end=\"4861\">Profesion\u00e1ln\u00ed z\u00e1chran\u00e1\u0159sk\u00e9 rukavice, rukavice pro bezpe\u010dnost na silnic\u00edch nebo rukavice pro horsk\u00e9 hl\u00eddky<\/p>\n<\/li>\n<\/ul>\n<hr data-start=\"4863\" data-end=\"4866\" \/>\n<h3 data-start=\"4868\" data-end=\"4898\"><strong data-start=\"4872\" data-end=\"4896\">Shrnut\u00ed z\u00e1kladn\u00edch funkc\u00ed:<\/strong><\/h3>\n<ul data-start=\"4899\" data-end=\"5456\">\n<li data-start=\"4899\" data-end=\"4950\">\n<p data-start=\"4901\" data-end=\"4950\">Dla\u0148 z prav\u00e9 k\u016f\u017ee se zes\u00edlenou n\u00e1\u0161ivkou Pittard<\/p>\n<\/li>\n<li data-start=\"4951\" data-end=\"5001\">\n<p data-start=\"4953\" data-end=\"5001\">Gelov\u00e9 p\u011bnov\u00e9 polstrov\u00e1n\u00ed pro tlumen\u00ed vibrac\u00ed dlan\u011b<\/p>\n<\/li>\n<li data-start=\"5002\" data-end=\"5047\">\n<p data-start=\"5004\" data-end=\"5047\">Podpora dotyku smartphonu na ukazov\u00e1\u010dku a palci<\/p>\n<\/li>\n<li data-start=\"5048\" data-end=\"5097\">\n<p data-start=\"5050\" data-end=\"5097\">Integrovan\u00fd syst\u00e9m vyt\u00e1p\u011bn\u00ed s ovl\u00e1dac\u00edm tla\u010d\u00edtkem<\/p>\n<\/li>\n<li data-start=\"5098\" data-end=\"5147\">\n<p data-start=\"5100\" data-end=\"5147\">Kompatibilita s dob\u00edjec\u00edmi bateriemi (extern\u00edmi)<\/p>\n<\/li>\n<li data-start=\"5148\" data-end=\"5200\">\n<p data-start=\"5150\" data-end=\"5200\">Chr\u00e1ni\u010d kloub\u016f s odolnost\u00ed stre\u010dov\u00e9 tkaniny<\/p>\n<\/li>\n<li data-start=\"5201\" data-end=\"5245\">\n<p data-start=\"5203\" data-end=\"5245\">Reflexn\u00ed potisk pro bezpe\u010dnost v noci<\/p>\n<\/li>\n<li data-start=\"5246\" data-end=\"5292\">\n<p data-start=\"5248\" data-end=\"5292\">Vod\u011bodoln\u00e1 vlo\u017eka Hipora a trikotov\u00e1 pod\u0161\u00edvka<\/p>\n<\/li>\n<li data-start=\"5293\" data-end=\"5337\">\n<p data-start=\"5295\" data-end=\"5337\">Bo\u010dn\u00ed man\u017eety na zip YKK + stre\u010dov\u00fd st\u0159ih na z\u00e1p\u011bst\u00ed<\/p>\n<\/li>\n<li data-start=\"5338\" data-end=\"5386\">\n<p data-start=\"5340\" data-end=\"5386\">Certifik\u00e1t CE pro bezpe\u010dnost a v\u00fdkon v EU<\/p>\n<\/li>\n<li data-start=\"5387\" data-end=\"5456\">\n<p data-start=\"5389\" data-end=\"5456\">Ide\u00e1ln\u00ed pro zimn\u00ed jezdce, pracovn\u00edky logistiky a horsk\u00e9 z\u00e1chran\u00e1\u0159e.<\/p>\n<\/li>\n<\/ul>\n<p data-start=\"5458\" data-end=\"5658\">Tato rukavice nen\u00ed jen vybaven\u00ed - je to <strong data-start=\"5493\" data-end=\"5541\">kompletn\u00ed \u0159e\u0161en\u00ed tepeln\u00e9 regulace a bezpe\u010dnosti<\/strong>, kter\u00e9 pom\u00e1haj\u00ed zna\u010dk\u00e1m vyniknout skute\u010dn\u00fdmi inovacemi a funkcemi, kter\u00e9 jezdci, pracovn\u00edci a profesion\u00e1lov\u00e9 skute\u010dn\u011b pot\u0159ebuj\u00ed.<\/p>","protected":false},"excerpt":{"rendered":"<p data-start=\"429\" data-end=\"898\">RYINZ GPTG-0283 jsou vysoce v\u00fdkonn\u00e9 vyh\u0159\u00edvan\u00e9 rukavice ur\u010den\u00e9 pro jezdce v chladn\u00e9m po\u010das\u00ed a outdoorov\u00e9 profesion\u00e1ly. Jsou vyrobeny z prav\u00e9 k\u016f\u017ee, maj\u00ed vyztu\u017eenou dla\u0148 Pittards, dotykov\u00e9 kone\u010dky prst\u016f a vyh\u0159\u00edvac\u00ed syst\u00e9m s tla\u010d\u00edtkem pro zapnut\u00ed\/vypnut\u00ed a poskytuj\u00ed teplo, ochranu a p\u0159ilnavost v extr\u00e9mn\u00edch podm\u00ednk\u00e1ch. Obsahuje vod\u011bodolnou vlo\u017eku Hipora, zip YKK a v\u00fdztuhu kloub\u016f - ide\u00e1ln\u00ed pro motocyklov\u00fd turismus, pr\u016fmyslov\u00e9 osobn\u00ed ochrann\u00e9 pom\u016fcky a pr\u00e9miov\u00e9 prodejce rukavic.<\/p>","protected":false},"featured_media":9307,"comment_status":"closed","ping_status":"closed","template":"","meta":[],"product_brand":[35],"product_cat":[1111,380,122,68],"product_tag":[404,405,406,407,408,409,410,411,412,413,121,414,48,415,416,417,418,419,420,421],"class_list":{"0":"post-9212","1":"product","2":"type-product","3":"status-publish","4":"has-post-thumbnail","6":"product_brand-ryinz","7":"product_cat-motorbike","8":"product_cat-motorbike-gloves","9":"product_cat-motorbike-racing-gloves","10":"product_cat-ryinz","11":"product_tag-all-black-gloves","12":"product_tag-biker-gloves","13":"product_tag-black-riding-gloves","14":"product_tag-carbon-shell-gloves","15":"product_tag-ce-certified-gloves","16":"product_tag-eu-biker-gloves","17":"product_tag-gloves-for-racing","18":"product_tag-goat-leather-gloves","19":"product_tag-hook-loop-gloves","20":"product_tag-leather-motorcycle-gloves","21":"product_tag-motorbike-gloves","22":"product_tag-neoprene-cuff-gloves","23":"product_tag-padded-palm-gloves","24":"product_tag-premium-biker-gloves","25":"product_tag-racing-hand-gear","26":"product_tag-riding-gloves","27":"product_tag-road-trip-gloves","28":"product_tag-ryinz-gloves","29":"product_tag-safety-motorcycle-gloves","30":"product_tag-street-rider-gloves","32":"first","33":"instock","34":"taxable","35":"shipping-taxable","36":"purchasable","37":"product-type-simple"},"_links":{"self":[{"href":"https:\/\/ryinz.cz\/velkoobchod\/cs\/wp-json\/wp\/v2\/product\/9212","targetHints":{"allow":["GET"]}}],"collection":[{"href":"https:\/\/ryinz.cz\/velkoobchod\/cs\/wp-json\/wp\/v2\/product"}],"about":[{"href":"https:\/\/ryinz.cz\/velkoobchod\/cs\/wp-json\/wp\/v2\/types\/product"}],"replies":[{"embeddable":true,"href":"https:\/\/ryinz.cz\/velkoobchod\/cs\/wp-json\/wp\/v2\/comments?post=9212"}],"wp:featuredmedia":[{"embeddable":true,"href":"https:\/\/ryinz.cz\/velkoobchod\/cs\/wp-json\/wp\/v2\/media\/9307"}],"wp:attachment":[{"href":"https:\/\/ryinz.cz\/velkoobchod\/cs\/wp-json\/wp\/v2\/media?parent=9212"}],"wp:term":[{"taxonomy":"product_brand","embeddable":true,"href":"https:\/\/ryinz.cz\/velkoobchod\/cs\/wp-json\/wp\/v2\/product_brand?post=9212"},{"taxonomy":"product_cat","embeddable":true,"href":"https:\/\/ryinz.cz\/velkoobchod\/cs\/wp-json\/wp\/v2\/product_cat?post=9212"},{"taxonomy":"product_tag","embeddable":true,"href":"https:\/\/ryinz.cz\/velkoobchod\/cs\/wp-json\/wp\/v2\/product_tag?post=9212"}],"curies":[{"name":"wp","href":"https:\/\/api.w.org\/{rel}","templated":true}]}}