{"id":9211,"date":"2025-06-22T15:33:25","date_gmt":"2025-06-22T15:33:25","guid":{"rendered":"https:\/\/ryinz.cz\/velkoobchod\/?post_type=product&#038;p=9211"},"modified":"2026-01-18T20:18:31","modified_gmt":"2026-01-18T20:18:31","slug":"ryinz-cervene-cerne-mechanicke-rukavice-pro-velkoobchodni-prodej-s-tpr-ochranou-a-protiskluzovou-rukojeti-na-dlani","status":"publish","type":"product","link":"https:\/\/ryinz.cz\/velkoobchod\/cs\/product\/ryinz-red-black-mechanics-gloves-for-wholesale-retail-with-tpr-protection-and-anti-slip-palm-grip\/","title":{"rendered":"RYINZ \u010cerveno-\u010dern\u00e9 mechanick\u00e9 rukavice pro velkoobchod a maloobchod s ochranou TPR a protiskluzovou rukojet\u00ed na dlani"},"content":{"rendered":"<p data-start=\"745\" data-end=\"854\"><strong data-start=\"745\" data-end=\"854\">RYINZ \u010cerveno-\u010dern\u00e9 mechanick\u00e9 rukavice - TPR-v\u00fdstu\u017e pro d\u00edlny, stavebnictv\u00ed a pr\u016fmyslovou bezpe\u010dnost<\/strong><\/p>\n<p data-start=\"856\" data-end=\"1170\">Vyrobeno pro dlouhou \u017eivotnost a p\u0159esn\u00e9 ovl\u00e1d\u00e1n\u00ed. <strong data-start=\"905\" data-end=\"941\">RYINZ \u010cerveno-\u010dern\u00e9 mechanick\u00e9 rukavice<\/strong> jsou dokonalou kombinac\u00ed flexibility, ochrany a v\u00fdjime\u010dn\u00e9ho designu. Tyto rukavice byly navr\u017eeny s ohledem na pr\u016fmyslov\u00e9 aplikace a nab\u00edzej\u00ed hmatov\u00e9 ovl\u00e1d\u00e1n\u00ed n\u00e1stroj\u016f a z\u00e1rove\u0148 bezpe\u010dnostn\u00ed prvky nezbytn\u00e9 pro praktickou pr\u00e1ci.<\/p>\n<p data-start=\"1172\" data-end=\"1335\">Tento model je ide\u00e1ln\u00ed pro distributory osobn\u00edch ochrann\u00fdch pracovn\u00edch prost\u0159edk\u016f, dodavatelsk\u00e9 \u0159et\u011bzce ve stavebnictv\u00ed, prodejce d\u00edlensk\u00e9ho zbo\u017e\u00ed a vybaven\u00ed pro automobilov\u00e9 servisy a dod\u00e1 va\u0161emu katalogu odv\u00e1\u017enou a bezpe\u010dnou variantu.<\/p>\n<hr data-start=\"1337\" data-end=\"1340\" \/>\n<h3 data-start=\"1342\" data-end=\"1392\"><strong data-start=\"1346\" data-end=\"1390\">Ochrana prst\u016f TPR pro ochranu p\u0159ed n\u00e1razy<\/strong><\/h3>\n<p data-start=\"1393\" data-end=\"1674\">Rukavice je vybavena <strong data-start=\"1420\" data-end=\"1457\">Chr\u00e1ni\u010de z termoplastick\u00e9 pry\u017ee (TPR)<\/strong> na prstech - poskytuj\u00ed d\u016fle\u017eitou ochranu proti n\u00e1raz\u016fm, od\u0159enin\u00e1m a mechanick\u00fdm n\u00e1raz\u016fm. Materi\u00e1l TPR je pru\u017en\u00fd, umo\u017e\u0148uje pohyb prst\u016f a z\u00e1rove\u0148 je chr\u00e1n\u00ed p\u0159ed n\u00e1\u0159ad\u00edm nebo upu\u0161t\u011bn\u00fdmi sou\u010d\u00e1stmi v n\u00e1ro\u010dn\u00fdch podm\u00ednk\u00e1ch.<\/p>\n<hr data-start=\"1676\" data-end=\"1679\" \/>\n<h3 data-start=\"1681\" data-end=\"1729\"><strong data-start=\"1685\" data-end=\"1727\">Protiskluzov\u00e9 silikonov\u00e9 z\u00f3ny na dlani pro lep\u0161\u00ed \u00fachop<\/strong><\/h3>\n<p data-start=\"1730\" data-end=\"1990\">Funkce dlan\u011b <strong data-start=\"1748\" data-end=\"1786\">p\u0159esn\u011b um\u00edst\u011bn\u00fd silikonov\u00fd potisk<\/strong> pro lep\u0161\u00ed p\u0159ilnavost p\u0159i pr\u00e1ci pod vysok\u00fdm tlakem. A\u0165 u\u017e dr\u017e\u00edte n\u00e1\u0159ad\u00ed, \u0159\u00edd\u00edte volant nebo spravujete za\u0159\u00edzen\u00ed, silikonov\u00e9 z\u00f3ny zaji\u0161\u0165uj\u00ed stabiln\u00ed manipulaci bez prokluzov\u00e1n\u00ed, a to i ve vlhk\u00e9m nebo mastn\u00e9m prost\u0159ed\u00ed.<\/p>\n<hr data-start=\"1992\" data-end=\"1995\" \/>\n<h3 data-start=\"1997\" data-end=\"2045\"><strong data-start=\"2001\" data-end=\"2043\">Zes\u00edlen\u00e9 \u0161vy pro dlouhodob\u00e9 pou\u017e\u00edv\u00e1n\u00ed<\/strong><\/h3>\n<p data-start=\"2046\" data-end=\"2319\">Zes\u00edlen\u00e9 \u0161vy a dvouvrstv\u00e1 konstrukce na m\u00edstech s vysokou z\u00e1t\u011b\u017e\u00ed (rozkrok palce, dla\u0148 a vn\u011bj\u0161\u00ed strana z\u00e1p\u011bst\u00ed) zvy\u0161uj\u00ed \u017eivotnost t\u011bchto rukavic p\u0159i n\u00e1ro\u010dn\u00e9m pou\u017e\u00edv\u00e1n\u00ed. Jsou vhodn\u00e9 pro ka\u017edodenn\u00ed pou\u017eit\u00ed v n\u00e1ro\u010dn\u00fdch odv\u011btv\u00edch, jako je automobilov\u00fd pr\u016fmysl, kovov\u00fdroba nebo skladov\u00e1 logistika.<\/p>\n<hr data-start=\"2321\" data-end=\"2324\" \/>\n<h3 data-start=\"2326\" data-end=\"2375\"><strong data-start=\"2330\" data-end=\"2373\">Ergonomick\u00fd design a stre\u010dov\u00e1 tkanina<\/strong><\/h3>\n<p data-start=\"2376\" data-end=\"2649\">Rukavice jsou ergonomicky tvarovan\u00e9, maj\u00ed p\u0159edtvarovan\u00e9 prsty a p\u0159il\u00e9havou konstrukci, kter\u00e1 zvy\u0161uje obratnost. V oblasti z\u00e1p\u011bst\u00ed je elastick\u00e1 man\u017eeta pro snadn\u00e9 nasazov\u00e1n\u00ed a sund\u00e1v\u00e1n\u00ed a z\u00e1rove\u0148 zabra\u0148uje p\u0159\u00edstupu prachu a ne\u010distot. Lehk\u00e1 tkanina zaji\u0161\u0165uje pohodl\u00ed po dlouhou dobu.<\/p>\n<hr data-start=\"2651\" data-end=\"2654\" \/>\n<h3 data-start=\"2656\" data-end=\"2694\"><strong data-start=\"2660\" data-end=\"2692\">V\u00fdrazn\u00e9 barevn\u00e9 proveden\u00ed pro zviditeln\u011bn\u00ed<\/strong><\/h3>\n<p data-start=\"2695\" data-end=\"2938\">\u010cerveno-\u010dern\u00e1 barevn\u00e1 kombinace zaji\u0161\u0165uje dobrou viditelnost na pracovi\u0161t\u00edch a zlep\u0161uje pov\u011bdom\u00ed o bezpe\u010dnosti. Ostr\u00fd design a <strong data-start=\"2814\" data-end=\"2844\">Zna\u010dka RYINZ na man\u017eet\u011b<\/strong> tak\u00e9 um\u00edstit rukavice jako pr\u00e9miov\u00fd, ale cenov\u011b dostupn\u00fd produkt osobn\u00edch ochrann\u00fdch pracovn\u00edch prost\u0159edk\u016f pro maloobchodn\u00ed i hromadn\u00e9 objedn\u00e1vky.<\/p>\n<hr data-start=\"2940\" data-end=\"2943\" \/>\n<h3 data-start=\"2945\" data-end=\"2974\"><strong data-start=\"2949\" data-end=\"2972\">Ide\u00e1ln\u00ed aplikace:<\/strong><\/h3>\n<ul data-start=\"2975\" data-end=\"3262\">\n<li data-start=\"2975\" data-end=\"3013\">\n<p data-start=\"2977\" data-end=\"3013\">Mechanick\u00e9 a automobilov\u00e9 d\u00edlny<\/p>\n<\/li>\n<li data-start=\"3014\" data-end=\"3054\">\n<p data-start=\"3016\" data-end=\"3054\">Stavebn\u00ed a pr\u016fmyslov\u00e9 mont\u00e1\u017ee<\/p>\n<\/li>\n<li data-start=\"3055\" data-end=\"3091\">\n<p data-start=\"3057\" data-end=\"3091\">Manipulace ve skladu a logistika<\/p>\n<\/li>\n<li data-start=\"3092\" data-end=\"3140\">\n<p data-start=\"3094\" data-end=\"3140\">U\u017eivatel\u00e9 ru\u010dn\u00edho n\u00e1\u0159ad\u00ed ve stroj\u00edrenstv\u00ed a \u00fadr\u017eb\u011b<\/p>\n<\/li>\n<li data-start=\"3141\" data-end=\"3184\">\n<p data-start=\"3143\" data-end=\"3184\">Servis motocykl\u016f a manipulace s d\u00edly<\/p>\n<\/li>\n<li data-start=\"3185\" data-end=\"3227\">\n<p data-start=\"3187\" data-end=\"3227\">Dodavatel\u00e9 osobn\u00edch ochrann\u00fdch prost\u0159edk\u016f a velkoobchodn\u00edci se s\u00eddlem v EU<\/p>\n<\/li>\n<li data-start=\"3228\" data-end=\"3262\">\n<p data-start=\"3230\" data-end=\"3262\">Maloobchodn\u00ed prodejny pro kutily a \u017eelez\u00e1\u0159stv\u00ed<\/p>\n<\/li>\n<\/ul>\n<hr data-start=\"3264\" data-end=\"3267\" \/>\n<h3 data-start=\"3269\" data-end=\"3300\"><strong data-start=\"3273\" data-end=\"3298\">Shrnut\u00ed kl\u00ed\u010dov\u00fdch vlastnost\u00ed:<\/strong><\/h3>\n<ul data-start=\"3301\" data-end=\"3712\">\n<li data-start=\"3301\" data-end=\"3337\">\n<p data-start=\"3303\" data-end=\"3337\">\u010cerveno-\u010dern\u00fd design s vysokou viditelnost\u00ed<\/p>\n<\/li>\n<li data-start=\"3338\" data-end=\"3380\">\n<p data-start=\"3340\" data-end=\"3380\">Ochrana prst\u016f a kloub\u016f z TPR<\/p>\n<\/li>\n<li data-start=\"3381\" data-end=\"3422\">\n<p data-start=\"3383\" data-end=\"3422\">Protiskluzov\u00e9 silikonov\u00e9 z\u00f3ny na dlani<\/p>\n<\/li>\n<li data-start=\"3423\" data-end=\"3464\">\n<p data-start=\"3425\" data-end=\"3464\">Ergonomick\u00fd st\u0159ih s p\u0159edem zak\u0159iven\u00fdmi prsty<\/p>\n<\/li>\n<li data-start=\"3465\" data-end=\"3495\">\n<p data-start=\"3467\" data-end=\"3495\">Zap\u00edn\u00e1n\u00ed na z\u00e1p\u011bst\u00ed pomoc\u00ed stre\u010dov\u00e9 man\u017eety<\/p>\n<\/li>\n<li data-start=\"3496\" data-end=\"3535\">\n<p data-start=\"3498\" data-end=\"3535\">Zes\u00edlen\u00e9 pro\u0161\u00edv\u00e1n\u00ed palce a dlan\u011b<\/p>\n<\/li>\n<li data-start=\"3536\" data-end=\"3572\">\n<p data-start=\"3538\" data-end=\"3572\">Lehk\u00e9 prody\u0161n\u00e9 materi\u00e1ly<\/p>\n<\/li>\n<li data-start=\"3573\" data-end=\"3612\">\n<p data-start=\"3575\" data-end=\"3612\">Navr\u017eeno pro pohodl\u00ed a odolnost<\/p>\n<\/li>\n<li data-start=\"3613\" data-end=\"3661\">\n<p data-start=\"3615\" data-end=\"3661\">Ide\u00e1ln\u00ed pro pr\u016fmyslovou a maloobchodn\u00ed distribuci<\/p>\n<\/li>\n<li data-start=\"3662\" data-end=\"3712\">\n<p data-start=\"3664\" data-end=\"3712\">Konstrukce vyhovuj\u00edc\u00ed bezpe\u010dnostn\u00edm norm\u00e1m EU<\/p>\n<\/li>\n<\/ul>","protected":false},"excerpt":{"rendered":"<p data-start=\"267\" data-end=\"694\">\u010cerveno-\u010dern\u00e9 mechanick\u00e9 rukavice RYINZ kombinuj\u00ed v\u00fdrazn\u00fd design s bezpe\u010dnost\u00ed, p\u0159ilnavost\u00ed a pohodl\u00edm. Tyto rukavice jsou vybaveny ochranou prst\u016f z TPR, protiskluzov\u00fdmi silikonov\u00fdmi z\u00f3nami na dlani a ergonomick\u00fdm pro\u0161\u00edv\u00e1n\u00edm, tak\u017ee jsou ide\u00e1ln\u00ed pro techniky, stavebn\u00ed \u010dety, pr\u016fmyslov\u00e9 pracovn\u00edky a \u00fadr\u017eb\u00e1\u0159e motocykl\u016f. Perfektn\u011b se hod\u00ed pro velkoobchodn\u00edky a prodejce vybaven\u00ed pro osobn\u00ed ochrann\u00e9 prost\u0159edky, kte\u0159\u00ed hledaj\u00ed odoln\u00e9 rukavice s vysokou viditelnost\u00ed.<\/p>","protected":false},"featured_media":9306,"comment_status":"closed","ping_status":"closed","template":"","meta":[],"product_brand":[35],"product_cat":[1111,380,122,68],"product_tag":[404,405,406,407,408,409,410,411,412,413,121,414,48,415,416,417,418,419,420,421],"class_list":{"0":"post-9211","1":"product","2":"type-product","3":"status-publish","4":"has-post-thumbnail","6":"product_brand-ryinz","7":"product_cat-motorbike","8":"product_cat-motorbike-gloves","9":"product_cat-motorbike-racing-gloves","10":"product_cat-ryinz","11":"product_tag-all-black-gloves","12":"product_tag-biker-gloves","13":"product_tag-black-riding-gloves","14":"product_tag-carbon-shell-gloves","15":"product_tag-ce-certified-gloves","16":"product_tag-eu-biker-gloves","17":"product_tag-gloves-for-racing","18":"product_tag-goat-leather-gloves","19":"product_tag-hook-loop-gloves","20":"product_tag-leather-motorcycle-gloves","21":"product_tag-motorbike-gloves","22":"product_tag-neoprene-cuff-gloves","23":"product_tag-padded-palm-gloves","24":"product_tag-premium-biker-gloves","25":"product_tag-racing-hand-gear","26":"product_tag-riding-gloves","27":"product_tag-road-trip-gloves","28":"product_tag-ryinz-gloves","29":"product_tag-safety-motorcycle-gloves","30":"product_tag-street-rider-gloves","32":"first","33":"instock","34":"taxable","35":"shipping-taxable","36":"purchasable","37":"product-type-simple"},"_links":{"self":[{"href":"https:\/\/ryinz.cz\/velkoobchod\/cs\/wp-json\/wp\/v2\/product\/9211","targetHints":{"allow":["GET"]}}],"collection":[{"href":"https:\/\/ryinz.cz\/velkoobchod\/cs\/wp-json\/wp\/v2\/product"}],"about":[{"href":"https:\/\/ryinz.cz\/velkoobchod\/cs\/wp-json\/wp\/v2\/types\/product"}],"replies":[{"embeddable":true,"href":"https:\/\/ryinz.cz\/velkoobchod\/cs\/wp-json\/wp\/v2\/comments?post=9211"}],"wp:featuredmedia":[{"embeddable":true,"href":"https:\/\/ryinz.cz\/velkoobchod\/cs\/wp-json\/wp\/v2\/media\/9306"}],"wp:attachment":[{"href":"https:\/\/ryinz.cz\/velkoobchod\/cs\/wp-json\/wp\/v2\/media?parent=9211"}],"wp:term":[{"taxonomy":"product_brand","embeddable":true,"href":"https:\/\/ryinz.cz\/velkoobchod\/cs\/wp-json\/wp\/v2\/product_brand?post=9211"},{"taxonomy":"product_cat","embeddable":true,"href":"https:\/\/ryinz.cz\/velkoobchod\/cs\/wp-json\/wp\/v2\/product_cat?post=9211"},{"taxonomy":"product_tag","embeddable":true,"href":"https:\/\/ryinz.cz\/velkoobchod\/cs\/wp-json\/wp\/v2\/product_tag?post=9211"}],"curies":[{"name":"wp","href":"https:\/\/api.w.org\/{rel}","templated":true}]}}