{"id":9210,"date":"2025-06-22T15:33:24","date_gmt":"2025-06-22T15:33:24","guid":{"rendered":"https:\/\/ryinz.cz\/velkoobchod\/?post_type=product&#038;p=9210"},"modified":"2026-01-18T20:18:30","modified_gmt":"2026-01-18T20:18:30","slug":"ryinz-rukavice-na-motorku-z-mikrovlakna-s-dotykovou-obrazovkou-index-kloubu-brneni-nastavitelny-popruh-pro-maloobchodni-velkoobchod","status":"publish","type":"product","link":"https:\/\/ryinz.cz\/velkoobchod\/cs\/product\/ryinz-microfiber-motorcycle-gloves-with-touchscreen-index-knuckle-armor-adjustable-strap-for-retail-wholesale\/","title":{"rendered":"RYINZ Rukavice na motorku z mikrovl\u00e1kna s dotykov\u00fdm displejem, chr\u00e1ni\u010dem kloub\u016f a nastaviteln\u00fdm popruhem pro maloobchod a velkoobchod"},"content":{"rendered":"<p data-start=\"751\" data-end=\"859\"><strong data-start=\"751\" data-end=\"859\">RYINZ GMTG-0301 Rukavice na motorku z mikrovl\u00e1kna - ochrana p\u0159ed dotykem pro jezdce a distributory v EU<\/strong><\/p>\n<p data-start=\"861\" data-end=\"1254\">A\u0165 u\u017e se pohybujete v m\u011bstsk\u00fdch ulic\u00edch, na dlouh\u00fdch turistick\u00fdch tras\u00e1ch nebo pracujete venku. <strong data-start=\"947\" data-end=\"973\">RYINZ GMTG-0301 Rukavice<\/strong> p\u0159edstavuj\u00ed dokonalou kombinaci chytr\u00e9 funk\u010dnosti, stylu a bezpe\u010dnosti. Tyto rukavice nab\u00edzej\u00ed celodenn\u00ed pohodl\u00ed d\u00edky pru\u017en\u00fdm tkanin\u00e1m, ochrann\u00e9mu chr\u00e1ni\u010di kloub\u016f a bezpe\u010dn\u00e9mu uchycen\u00ed - d\u00edky tomu jsou obl\u00edbenou volbou pro motocyklisty, doru\u010dovac\u00ed slu\u017eby a prodejce vybaven\u00ed B2B v cel\u00e9 Evrop\u011b.<\/p>\n<hr data-start=\"1256\" data-end=\"1259\" \/>\n<h3 data-start=\"1261\" data-end=\"1306\"><strong data-start=\"1265\" data-end=\"1304\">Ukazov\u00e1\u010dek dotykov\u00e9ho displeje smartphonu<\/strong><\/h3>\n<p data-start=\"1307\" data-end=\"1562\">U\u017e nikdy si nesund\u00e1vejte rukavice pro mobiln\u00ed pou\u017eit\u00ed - tyto rukavice obsahuj\u00ed <strong data-start=\"1376\" data-end=\"1425\">dotykov\u00fd materi\u00e1l smartphonu na ukazov\u00e1\u010dku<\/strong>, kter\u00e9 v\u00e1m umo\u017en\u00ed p\u0159ij\u00edmat hovory, p\u0159istupovat k GPS nebo upravovat hudbu b\u011bhem j\u00edzdy. D\u016fle\u017eit\u00e1 komfortn\u00ed funkce pro m\u011bstsk\u00e9 \u0159idi\u010de a profesion\u00e1ly v oblasti doru\u010dov\u00e1n\u00ed.<\/p>\n<hr data-start=\"1564\" data-end=\"1567\" \/>\n<h3 data-start=\"1569\" data-end=\"1620\"><strong data-start=\"1573\" data-end=\"1618\">Dla\u0148 - cel\u00e1 z mikrovl\u00e1kna pro pohodl\u00ed a p\u0159ilnavost<\/strong><\/h3>\n<p data-start=\"1621\" data-end=\"1894\">Cel\u00e1 dla\u0148 je vyrobena z <strong data-start=\"1657\" data-end=\"1682\">vysoce kvalitn\u00ed mikrovl\u00e1kno<\/strong>, kter\u00e1 nab\u00edz\u00ed m\u011bkk\u00fd, p\u0159ilnav\u00fd povrch se zv\u00fd\u0161enou odolnost\u00ed. P\u0159izp\u016fsob\u00ed se ruce pro lep\u0161\u00ed ovl\u00e1d\u00e1n\u00ed a z\u00e1rove\u0148 nab\u00edz\u00ed m\u00edrnou izolaci a vysokou odolnost proti opot\u0159eben\u00ed, co\u017e je ide\u00e1ln\u00ed pro j\u00edzdu v prom\u011bnliv\u00fdch pov\u011btrnostn\u00edch podm\u00ednk\u00e1ch.<\/p>\n<hr data-start=\"1896\" data-end=\"1899\" \/>\n<h3 data-start=\"1901\" data-end=\"1957\"><strong data-start=\"1905\" data-end=\"1955\">Materi\u00e1l p\u0159edn\u00ed strany - High-Tech sm\u00ed\u0161en\u00fd textiln\u00ed design<\/strong><\/h3>\n<p data-start=\"1958\" data-end=\"2007\">Vn\u011bj\u0161\u00ed strana rukavice je tvo\u0159ena kombinac\u00ed:<\/p>\n<ul data-start=\"2008\" data-end=\"2246\">\n<li data-start=\"2008\" data-end=\"2065\">\n<p data-start=\"2010\" data-end=\"2065\"><strong data-start=\"2010\" data-end=\"2039\">Reli\u00e9fn\u00ed softshellov\u00e1 tkanina<\/strong> pro strukturu a styl<\/p>\n<\/li>\n<li data-start=\"2066\" data-end=\"2125\">\n<p data-start=\"2068\" data-end=\"2125\"><strong data-start=\"2068\" data-end=\"2093\">Perforovan\u00e9 mikrovl\u00e1kno<\/strong> na man\u017eet\u011b pro prody\u0161nost<\/p>\n<\/li>\n<li data-start=\"2126\" data-end=\"2185\">\n<p data-start=\"2128\" data-end=\"2185\"><strong data-start=\"2128\" data-end=\"2154\">\u010cty\u0159sm\u011brn\u00e9 stre\u010dov\u00e9 z\u00f3ny<\/strong> pro pohyb a flexibilitu<\/p>\n<\/li>\n<li data-start=\"2186\" data-end=\"2246\">\n<p data-start=\"2188\" data-end=\"2246\"><strong data-start=\"2188\" data-end=\"2224\">Silikonov\u00fd potisk a potisk loga<\/strong> pro dopad na zna\u010dku<\/p>\n<\/li>\n<\/ul>\n<p data-start=\"2248\" data-end=\"2382\">Tato v\u00edcemateri\u00e1lov\u00e1 konstrukce dod\u00e1v\u00e1 rukavic\u00edm profesion\u00e1ln\u00ed vzhled a z\u00e1rove\u0148 je udr\u017euje lehk\u00e9 a pohodln\u00e9 p\u0159i del\u0161\u00edm no\u0161en\u00ed.<\/p>\n<hr data-start=\"2384\" data-end=\"2387\" \/>\n<h3 data-start=\"2389\" data-end=\"2439\"><strong data-start=\"2393\" data-end=\"2437\">Ochrana kloub\u016f - lisovan\u00e1 bezpe\u010dnostn\u00ed sko\u0159epina<\/strong><\/h3>\n<p data-start=\"2440\" data-end=\"2653\">Tvarovan\u00fd <strong data-start=\"2451\" data-end=\"2472\">chr\u00e1ni\u010d kloub\u016f<\/strong> je zapu\u0161t\u011bna do povrchu rukavic a p\u0159edstavuje odolnou bari\u00e9ru proti n\u00e1razu a od\u011bru. Pom\u00e1h\u00e1 jezdc\u016fm zachovat si jistotu v doprav\u011b, v ter\u00e9nu nebo p\u0159i nouzov\u00e9m zastaven\u00ed.<\/p>\n<hr data-start=\"2655\" data-end=\"2658\" \/>\n<h3 data-start=\"2660\" data-end=\"2723\"><strong data-start=\"2664\" data-end=\"2721\">\u0158em\u00ednek na z\u00e1p\u011bst\u00ed s tkan\u00fdm p\u00e1skem, sponou a zar\u00e1\u017ekou na \u0161\u0148\u016fru<\/strong><\/h3>\n<p data-start=\"2724\" data-end=\"3004\">Na rozd\u00edl od z\u00e1kladn\u00edch uz\u00e1v\u011br\u016f na such\u00fd zip obsahuje tento model <strong data-start=\"2776\" data-end=\"2796\">tkan\u00e1 p\u00e1ska<\/strong> s <strong data-start=\"2804\" data-end=\"2831\">p\u0159ezka a z\u00e1tka na \u0161\u0148\u016fru<\/strong> syst\u00e9m. Ten nab\u00edz\u00ed <strong data-start=\"2854\" data-end=\"2885\">bezpe\u010dn\u00e9 a p\u0159izp\u016fsobiteln\u00e9 uchycen\u00ed<\/strong>, ide\u00e1ln\u00ed pro ty, kte\u0159\u00ed nos\u00ed rukavice denn\u011b nebo p\u0159i \u010dinnostech s vysok\u00fdmi vibracemi, jako je j\u00edzda na koni, turistika nebo pr\u00e1ce s n\u00e1\u0159ad\u00edm.<\/p>\n<hr data-start=\"3006\" data-end=\"3009\" \/>\n<h3 data-start=\"3011\" data-end=\"3063\"><strong data-start=\"3015\" data-end=\"3061\">Interi\u00e9r - fleecov\u00e1 pod\u0161\u00edvka z trikotu pro teplo<\/strong><\/h3>\n<p data-start=\"3064\" data-end=\"3249\">Uvnit\u0159 rukavice je <strong data-start=\"3084\" data-end=\"3108\">fleecov\u00e1 trikotov\u00e1 pod\u0161\u00edvka<\/strong> poskytuje m\u011bkk\u00e9, izola\u010dn\u00ed teplo bez objemu. Dod\u00e1v\u00e1 pohodl\u00ed v chladn\u011bj\u0161\u00edch m\u011bs\u00edc\u00edch a sni\u017euje tvorbu potu, co\u017e umo\u017e\u0148uje celoro\u010dn\u00ed vyu\u017eit\u00ed.<\/p>\n<hr data-start=\"3251\" data-end=\"3254\" \/>\n<h3 data-start=\"3256\" data-end=\"3285\"><strong data-start=\"3260\" data-end=\"3283\">Ide\u00e1ln\u00ed aplikace:<\/strong><\/h3>\n<ul data-start=\"3286\" data-end=\"3556\">\n<li data-start=\"3286\" data-end=\"3319\">\n<p data-start=\"3288\" data-end=\"3319\">\u0158idi\u010di motocykl\u016f a sk\u00fatr\u016f<\/p>\n<\/li>\n<li data-start=\"3320\" data-end=\"3368\">\n<p data-start=\"3322\" data-end=\"3368\">profesion\u00e1lov\u00e9 v oblasti doru\u010dov\u00e1n\u00ed (nap\u0159. kur\u00fd\u0159i s potravinami).<\/p>\n<\/li>\n<li data-start=\"3369\" data-end=\"3407\">\n<p data-start=\"3371\" data-end=\"3407\">Kolekce m\u011bstsk\u00e9ho a turistick\u00e9ho vybaven\u00ed<\/p>\n<\/li>\n<li data-start=\"3408\" data-end=\"3451\">\n<p data-start=\"3410\" data-end=\"3451\">Outdoorov\u00e9 rukavice do m\u00edrn\u00e9ho po\u010das\u00ed<\/p>\n<\/li>\n<li data-start=\"3452\" data-end=\"3491\">\n<p data-start=\"3454\" data-end=\"3491\">Velkoobchodn\u00ed distributo\u0159i osobn\u00edch ochrann\u00fdch prost\u0159edk\u016f a v\u00fdstroje<\/p>\n<\/li>\n<li data-start=\"3492\" data-end=\"3556\">\n<p data-start=\"3494\" data-end=\"3556\">Soukrom\u00e9 zna\u010dky rukavic, kter\u00e9 pot\u0159ebuj\u00ed mo\u017enosti s dotykovou obrazovkou<\/p>\n<\/li>\n<\/ul>\n<hr data-start=\"3558\" data-end=\"3561\" \/>\n<h3 data-start=\"3563\" data-end=\"3592\"><strong data-start=\"3567\" data-end=\"3590\">Nejd\u016fle\u017eit\u011bj\u0161\u00ed vlastnosti produktu:<\/strong><\/h3>\n<ul data-start=\"3593\" data-end=\"4014\">\n<li data-start=\"3593\" data-end=\"3647\">\n<p data-start=\"3595\" data-end=\"3647\">Cel\u00e1 dla\u0148 z mikrovl\u00e1kna s dotykov\u00fdm ukazov\u00e1\u010dkem<\/p>\n<\/li>\n<li data-start=\"3648\" data-end=\"3700\">\n<p data-start=\"3650\" data-end=\"3700\">Vn\u011bj\u0161\u00ed materi\u00e1l Softshell a Fourway pro flexibilitu<\/p>\n<\/li>\n<li data-start=\"3701\" data-end=\"3743\">\n<p data-start=\"3703\" data-end=\"3743\">Silikonov\u00e9 zna\u010dky a reli\u00e9fn\u00ed akcenty<\/p>\n<\/li>\n<li data-start=\"3744\" data-end=\"3779\">\n<p data-start=\"3746\" data-end=\"3779\">Tvarovan\u00fd chr\u00e1ni\u010d kloub\u016f pro bezpe\u010dnost<\/p>\n<\/li>\n<li data-start=\"3780\" data-end=\"3822\">\n<p data-start=\"3782\" data-end=\"3822\">Prody\u0161n\u00e1 perforovan\u00e1 man\u017eeta pro proud\u011bn\u00ed vzduchu<\/p>\n<\/li>\n<li data-start=\"3823\" data-end=\"3859\">\n<p data-start=\"3825\" data-end=\"3859\">Tricot fleecov\u00e1 pod\u0161\u00edvka pro pohodl\u00ed<\/p>\n<\/li>\n<li data-start=\"3860\" data-end=\"3910\">\n<p data-start=\"3862\" data-end=\"3910\">Nastaviteln\u00fd tkan\u00fd popruh s p\u0159ezkou a z\u00e1tkou<\/p>\n<\/li>\n<li data-start=\"3911\" data-end=\"3967\">\n<p data-start=\"3913\" data-end=\"3967\">Stylov\u00e9 hn\u011bdo\u010dern\u00e9 barevn\u00e9 sch\u00e9ma se zna\u010dkou RYINZ<\/p>\n<\/li>\n<li data-start=\"3968\" data-end=\"4014\">\n<p data-start=\"3970\" data-end=\"4014\">Konstrukce p\u0159ipraven\u00e1 na CE pro evropsk\u00e9 trhy<\/p>\n<\/li>\n<\/ul>","protected":false},"excerpt":{"rendered":"<p>Rukavice na motorku RYINZ z mikrovl\u00e1kna nab\u00edzej\u00ed inovativn\u00ed kombinaci kompatibility s dotykov\u00fdmi displeji, tvarovanou ochranu kloub\u016f a prvot\u0159\u00eddn\u00ed kombinaci softshellu, fleecu a materi\u00e1l\u016f se silikonovou \u00fapravou. Tyto rukavice, navr\u017een\u00e9 pro pohodl\u00ed, ovl\u00e1d\u00e1n\u00ed a ochranu, jsou ide\u00e1ln\u00ed pro motocyklisty, pracovn\u00edky dod\u00e1vek a dodavatele vybaven\u00ed, kte\u0159\u00ed hledaj\u00ed stylovou, prody\u0161nou a CE vyhovuj\u00edc\u00ed ochranu rukou.<\/p>","protected":false},"featured_media":9338,"comment_status":"closed","ping_status":"closed","template":"","meta":[],"product_brand":[35],"product_cat":[1111,380,122,68],"product_tag":[404,405,406,407,408,409,410,411,412,413,121,414,48,415,416,417,418,419,420,421],"class_list":{"0":"post-9210","1":"product","2":"type-product","3":"status-publish","4":"has-post-thumbnail","6":"product_brand-ryinz","7":"product_cat-motorbike","8":"product_cat-motorbike-gloves","9":"product_cat-motorbike-racing-gloves","10":"product_cat-ryinz","11":"product_tag-all-black-gloves","12":"product_tag-biker-gloves","13":"product_tag-black-riding-gloves","14":"product_tag-carbon-shell-gloves","15":"product_tag-ce-certified-gloves","16":"product_tag-eu-biker-gloves","17":"product_tag-gloves-for-racing","18":"product_tag-goat-leather-gloves","19":"product_tag-hook-loop-gloves","20":"product_tag-leather-motorcycle-gloves","21":"product_tag-motorbike-gloves","22":"product_tag-neoprene-cuff-gloves","23":"product_tag-padded-palm-gloves","24":"product_tag-premium-biker-gloves","25":"product_tag-racing-hand-gear","26":"product_tag-riding-gloves","27":"product_tag-road-trip-gloves","28":"product_tag-ryinz-gloves","29":"product_tag-safety-motorcycle-gloves","30":"product_tag-street-rider-gloves","32":"first","33":"instock","34":"taxable","35":"shipping-taxable","36":"purchasable","37":"product-type-simple"},"_links":{"self":[{"href":"https:\/\/ryinz.cz\/velkoobchod\/cs\/wp-json\/wp\/v2\/product\/9210","targetHints":{"allow":["GET"]}}],"collection":[{"href":"https:\/\/ryinz.cz\/velkoobchod\/cs\/wp-json\/wp\/v2\/product"}],"about":[{"href":"https:\/\/ryinz.cz\/velkoobchod\/cs\/wp-json\/wp\/v2\/types\/product"}],"replies":[{"embeddable":true,"href":"https:\/\/ryinz.cz\/velkoobchod\/cs\/wp-json\/wp\/v2\/comments?post=9210"}],"wp:featuredmedia":[{"embeddable":true,"href":"https:\/\/ryinz.cz\/velkoobchod\/cs\/wp-json\/wp\/v2\/media\/9338"}],"wp:attachment":[{"href":"https:\/\/ryinz.cz\/velkoobchod\/cs\/wp-json\/wp\/v2\/media?parent=9210"}],"wp:term":[{"taxonomy":"product_brand","embeddable":true,"href":"https:\/\/ryinz.cz\/velkoobchod\/cs\/wp-json\/wp\/v2\/product_brand?post=9210"},{"taxonomy":"product_cat","embeddable":true,"href":"https:\/\/ryinz.cz\/velkoobchod\/cs\/wp-json\/wp\/v2\/product_cat?post=9210"},{"taxonomy":"product_tag","embeddable":true,"href":"https:\/\/ryinz.cz\/velkoobchod\/cs\/wp-json\/wp\/v2\/product_tag?post=9210"}],"curies":[{"name":"wp","href":"https:\/\/api.w.org\/{rel}","templated":true}]}}