{"id":9209,"date":"2025-06-22T15:33:23","date_gmt":"2025-06-22T15:33:23","guid":{"rendered":"https:\/\/ryinz.cz\/velkoobchod\/?post_type=product&#038;p=9209"},"modified":"2026-01-18T20:18:29","modified_gmt":"2026-01-18T20:18:29","slug":"ryinz-pancerove-rukavice-z-kozi-kuze-pro-velkoobchodni-prodej-s-tpu-ochranou-kloubu-a-reliefni-kopii-uchopu","status":"publish","type":"product","link":"https:\/\/ryinz.cz\/velkoobchod\/cs\/product\/ryinz-armored-goatskin-motorcycle-gloves-for-wholesale-retail-with-tpu-knuckle-protection-and-embossed-grip-copy\/","title":{"rendered":"RYINZ Panc\u00e9\u0159ov\u00e9 rukavice na motorku z koz\u00ed k\u016f\u017ee pro velkoobchod a maloobchod s ochranou kloub\u016f z TPU a reli\u00e9fn\u00edm gripem (kopie)"},"content":{"rendered":"<p data-start=\"738\" data-end=\"835\"><strong data-start=\"738\" data-end=\"835\">RYINZ MBWG 9999-0128 Pr\u00e9miov\u00e9 motocyklov\u00e9 rukavice - vysokorychlostn\u00ed bezpe\u010dnostn\u00ed rukavice ve v\u00fdrazn\u00e9m modro-b\u00edl\u00e9m proveden\u00ed<\/strong><\/p>\n<p data-start=\"837\" data-end=\"1191\">Navr\u017een tak, aby poskytoval v\u00fdjime\u010dnou kontrolu, ochranu a estetick\u00fd vkus. <strong data-start=\"915\" data-end=\"953\">RYINZ MBWG 9999-0128 Z\u00e1vodn\u00ed rukavice<\/strong> jsou ur\u010deny pro seri\u00f3zn\u00ed motocyklisty a profesion\u00e1ln\u00ed dodavatele vybaven\u00ed. Tyto rukavice spl\u0148uj\u00ed evropsk\u00e9 bezpe\u010dnostn\u00ed normy a z\u00e1rove\u0148 vynikaj\u00ed designem inspirovan\u00fdm z\u00e1vodn\u00edmi motocykly, a\u0165 u\u017e se pohybujete na okruhu, v m\u011bstsk\u00e9m provozu nebo na klikat\u00fdch silnic\u00edch.<\/p>\n<p data-start=\"1193\" data-end=\"1339\">Tyto rukavice jsou ide\u00e1ln\u00ed pro prodejce motocykl\u016f, B2B distributory a kolekce v\u00fdkonn\u00e9ho vybaven\u00ed a spojuj\u00ed bezpe\u010dnostn\u00ed techniku s prodejn\u00edm stylem.<\/p>\n<hr data-start=\"1341\" data-end=\"1344\" \/>\n<h3 data-start=\"1346\" data-end=\"1404\"><strong data-start=\"1350\" data-end=\"1402\">Z\u00e1da z materi\u00e1lu Twill s v\u00fdztuhami z koz\u00ed k\u016f\u017ee<\/strong><\/h3>\n<p data-start=\"1405\" data-end=\"1685\">Vrchn\u00ed \u010d\u00e1st rukavic je vyrobena z prody\u0161n\u00e9ho materi\u00e1lu. <strong data-start=\"1455\" data-end=\"1471\">keprov\u00e1 tkanina<\/strong>, vyztu\u017een\u00fd <strong data-start=\"1489\" data-end=\"1517\">Ko\u017een\u00e9 z\u00e1platy GoatSkin<\/strong> na h\u0159betech prst\u016f pro v\u011bt\u0161\u00ed odolnost a pru\u017enost. To zaji\u0161\u0165uje p\u0159irozen\u00fd pohyb ruky a z\u00e1rove\u0148 zachov\u00e1v\u00e1 struktur\u00e1ln\u00ed ochranu p\u0159i tlaku nebo n\u00e1razu.<\/p>\n<hr data-start=\"1687\" data-end=\"1690\" \/>\n<h3 data-start=\"1692\" data-end=\"1755\"><strong data-start=\"1696\" data-end=\"1753\">Pry\u017e EVA + chr\u00e1ni\u010d kloub\u016f TPU pro maxim\u00e1ln\u00ed ochranu<\/strong><\/h3>\n<p data-start=\"1756\" data-end=\"2047\">Ochrann\u00e9 z\u00f3ny jsou vybaveny <strong data-start=\"1786\" data-end=\"1808\">Gumov\u00e9 polstrov\u00e1n\u00ed EVA<\/strong> a <strong data-start=\"1815\" data-end=\"1840\">Chr\u00e1ni\u010d kloub\u016f z TPU<\/strong> poskytuje vrstvenou ochranu proti p\u0159\u00edm\u00fdm \u00fader\u016fm, od\u0159en\u00ed na silnici a p\u00e1d\u016fm p\u0159i vysok\u00fdch rychlostech. Vn\u011bj\u0161\u00ed panc\u00ed\u0159 z TPU je vysoce odoln\u00fd proti n\u00e1raz\u016fm, zat\u00edmco vlo\u017eky z materi\u00e1lu EVA tlum\u00ed n\u00e1razy kolem prst\u016f a man\u017eet.<\/p>\n<hr data-start=\"2049\" data-end=\"2052\" \/>\n<h3 data-start=\"2054\" data-end=\"2102\"><strong data-start=\"2058\" data-end=\"2100\">Dla\u0148 z koz\u00ed k\u016f\u017ee s reli\u00e9fn\u00edmi \u00fachopov\u00fdmi z\u00f3nami<\/strong><\/h3>\n<p data-start=\"2103\" data-end=\"2405\">Na str\u00e1nk\u00e1ch <strong data-start=\"2107\" data-end=\"2132\">Dla\u0148 z k\u016f\u017ee GoatSkin<\/strong> je m\u011bkk\u00e1, ale p\u0159esto robustn\u00ed a poskytuje p\u0159irozenou s\u00edlu \u00fachopu. Strategick\u00e9 <strong data-start=\"2196\" data-end=\"2219\">reli\u00e9fn\u00ed \u00fachopov\u00e9 z\u00f3ny<\/strong> zaji\u0161\u0165uj\u00ed protiskluzov\u00e9 ovl\u00e1d\u00e1n\u00ed i za mokra. Zes\u00edlen\u00e9 \u0161vy a dal\u0161\u00ed p\u011bnov\u00e9 vrstvy tlum\u00ed vibrace a umo\u017e\u0148uj\u00ed jezdci udr\u017eet dlouh\u00e9 j\u00edzdy bez nepohodl\u00ed.<\/p>\n<hr data-start=\"2407\" data-end=\"2410\" \/>\n<h3 data-start=\"2412\" data-end=\"2456\"><strong data-start=\"2416\" data-end=\"2454\">Vysoce kontrastn\u00ed modro-b\u00edl\u00e1 estetika<\/strong><\/h3>\n<p data-start=\"2457\" data-end=\"2711\">Vynikn\u011bte s <strong data-start=\"2476\" data-end=\"2519\">v\u00fdrazn\u00e9 modro-b\u00edlo-\u010dern\u00e9 t\u0159\u00edbarevn\u00e9 proveden\u00ed<\/strong>, navr\u017een\u00e9 nejen pro vizu\u00e1ln\u00ed p\u0159ita\u017elivost, ale i pro lep\u0161\u00ed viditelnost ve dne. Kontrastn\u00ed barvy tak\u00e9 pom\u00e1haj\u00ed prodejc\u016fm p\u0159edstavit vizu\u00e1ln\u011b jedine\u010dnou nab\u00eddku mezi standardn\u00edmi celo\u010dern\u00fdmi \u0159adami rukavic.<\/p>\n<hr data-start=\"2713\" data-end=\"2716\" \/>\n<h3 data-start=\"2718\" data-end=\"2779\"><strong data-start=\"2722\" data-end=\"2777\">Reli\u00e9fn\u00ed zna\u010dka RYINZ + nastaviteln\u00e9 zap\u00edn\u00e1n\u00ed na such\u00fd zip<\/strong><\/h3>\n<p data-start=\"2780\" data-end=\"3017\">S <strong data-start=\"2785\" data-end=\"2812\">reli\u00e9fn\u00ed zna\u010dka RYINZ<\/strong> na man\u017eet\u011b a integrovan\u00e9 <strong data-start=\"2840\" data-end=\"2856\">Popruh na such\u00fd zip<\/strong>, rukavice poskytuje elegantn\u00ed a bezpe\u010dn\u00e9 uchycen\u00ed na z\u00e1p\u011bst\u00ed. A\u0165 u\u017e se nos\u00ed uvnit\u0159 nebo p\u0159es ruk\u00e1vy bundy, syst\u00e9m zap\u00edn\u00e1n\u00ed zaji\u0161\u0165uje odolnost proti v\u011btru a snadnou nastavitelnost.<\/p>\n<hr data-start=\"3019\" data-end=\"3022\" \/>\n<h3 data-start=\"3024\" data-end=\"3064\"><strong data-start=\"3028\" data-end=\"3062\">Certifikov\u00e1no pro bezpe\u010dnost j\u00edzdy v EU<\/strong><\/h3>\n<p data-start=\"3065\" data-end=\"3300\">Pln\u011b v souladu s <strong data-start=\"3086\" data-end=\"3110\">EN420 &amp; EN13594:2015<\/strong> Tento model, kter\u00fd spl\u0148uje evropsk\u00e9 normy pro ochrann\u00e9 rukavice na motocykl, je schv\u00e1len pro silni\u010dn\u00ed pou\u017eit\u00ed a spl\u0148uje krit\u00e9ria kvality vy\u017eadovan\u00e1 pro distribuci B2B a profesion\u00e1ln\u00ed kolekce jezdeck\u00e9ho vybaven\u00ed.<\/p>\n<hr data-start=\"3302\" data-end=\"3305\" \/>\n<h3 data-start=\"3307\" data-end=\"3336\"><strong data-start=\"3311\" data-end=\"3334\">Ide\u00e1ln\u00ed aplikace:<\/strong><\/h3>\n<ul data-start=\"3337\" data-end=\"3567\">\n<li data-start=\"3337\" data-end=\"3371\">\n<p data-start=\"3339\" data-end=\"3371\">Vysoce v\u00fdkonn\u00e1 j\u00edzda na ulici<\/p>\n<\/li>\n<li data-start=\"3372\" data-end=\"3405\">\n<p data-start=\"3374\" data-end=\"3405\">Z\u00e1vodn\u00ed a cestovn\u00ed motocykly<\/p>\n<\/li>\n<li data-start=\"3406\" data-end=\"3447\">\n<p data-start=\"3408\" data-end=\"3447\">Zna\u010dkov\u00e9 bezpe\u010dnostn\u00ed kolekce pro motocykly<\/p>\n<\/li>\n<li data-start=\"3448\" data-end=\"3489\">\n<p data-start=\"3450\" data-end=\"3489\">Maloobchodn\u00ed dod\u00e1vky B2B na evropsk\u00fdch trz\u00edch<\/p>\n<\/li>\n<li data-start=\"3490\" data-end=\"3526\">\n<p data-start=\"3492\" data-end=\"3526\">Soukrom\u00e9 programy OEM rukavic<\/p>\n<\/li>\n<li data-start=\"3527\" data-end=\"3567\">\n<p data-start=\"3529\" data-end=\"3567\">Velkoobchodn\u00ed prodejny motocyklov\u00e9ho oble\u010den\u00ed<\/p>\n<\/li>\n<\/ul>\n<hr data-start=\"3569\" data-end=\"3572\" \/>\n<h3 data-start=\"3574\" data-end=\"3605\"><strong data-start=\"3578\" data-end=\"3603\">Shrnut\u00ed kl\u00ed\u010dov\u00fdch vlastnost\u00ed:<\/strong><\/h3>\n<ul data-start=\"3606\" data-end=\"3994\">\n<li data-start=\"3606\" data-end=\"3664\">\n<p data-start=\"3608\" data-end=\"3664\">Z\u00e1da z keprov\u00e9 tkaniny s ko\u017een\u00fdmi v\u00fdztuhami GoatSkin<\/p>\n<\/li>\n<li data-start=\"3665\" data-end=\"3700\">\n<p data-start=\"3667\" data-end=\"3700\">Polstrov\u00e1n\u00ed EVA na prstech a man\u017eet\u011b<\/p>\n<\/li>\n<li data-start=\"3701\" data-end=\"3748\">\n<p data-start=\"3703\" data-end=\"3748\">Chr\u00e1ni\u010d kloub\u016f z TPU pro odolnost proti n\u00e1razu<\/p>\n<\/li>\n<li data-start=\"3749\" data-end=\"3797\">\n<p data-start=\"3751\" data-end=\"3797\">Dla\u0148 z koz\u00ed k\u016f\u017ee s reli\u00e9fn\u00ed rukojet\u00ed s p\u011bnov\u00fdm polstrov\u00e1n\u00edm<\/p>\n<\/li>\n<li data-start=\"3798\" data-end=\"3841\">\n<p data-start=\"3800\" data-end=\"3841\">V\u00fdrazn\u00e1 modro-b\u00edlo-\u010dern\u00e1 barevn\u00e1 kombinace<\/p>\n<\/li>\n<li data-start=\"3842\" data-end=\"3893\">\n<p data-start=\"3844\" data-end=\"3893\">P\u00e1sek na z\u00e1p\u011bst\u00ed na such\u00fd zip s vyra\u017eenou zna\u010dkou RYINZ<\/p>\n<\/li>\n<li data-start=\"3894\" data-end=\"3939\">\n<p data-start=\"3896\" data-end=\"3939\">Lehk\u00e9, prody\u0161n\u00e9 a certifikovan\u00e9 CE<\/p>\n<\/li>\n<li data-start=\"3940\" data-end=\"3994\">\n<p data-start=\"3942\" data-end=\"3994\">Ide\u00e1ln\u00ed do hork\u00e9ho po\u010das\u00ed, na okruh a do m\u011bsta<\/p>\n<\/li>\n<\/ul>","protected":false},"excerpt":{"rendered":"<p>Za\u017eijte elitn\u00ed v\u00fdkon a styl s modrob\u00edl\u00fdmi z\u00e1vodn\u00edmi rukavicemi RYINZ, kter\u00e9 jsou vyrobeny z prvot\u0159\u00eddn\u00ed k\u016f\u017ee GoatSkin s TPU chr\u00e1ni\u010di kloub\u016f, gumov\u00fdm polstrov\u00e1n\u00edm EVA a dlan\u011bmi vyztu\u017een\u00fdmi p\u011bnou. Tyto rukavice s certifikac\u00ed CE poskytuj\u00ed profesion\u00e1ln\u00ed bezpe\u010dnost, pru\u017enost a p\u0159ilnavost pro agresivn\u00ed jezdce, cestovatele a z\u00e1kazn\u00edky, kte\u0159\u00ed hledaj\u00ed vysoce viditelnou a v\u00fdkonnou ochranu motocyklu.<\/p>","protected":false},"featured_media":9305,"comment_status":"closed","ping_status":"closed","template":"","meta":[],"product_brand":[35],"product_cat":[1111,380,122,68],"product_tag":[404,405,406,407,408,409,410,411,412,413,121,414,48,415,416,417,418,419,420,421],"class_list":{"0":"post-9209","1":"product","2":"type-product","3":"status-publish","4":"has-post-thumbnail","6":"product_brand-ryinz","7":"product_cat-motorbike","8":"product_cat-motorbike-gloves","9":"product_cat-motorbike-racing-gloves","10":"product_cat-ryinz","11":"product_tag-all-black-gloves","12":"product_tag-biker-gloves","13":"product_tag-black-riding-gloves","14":"product_tag-carbon-shell-gloves","15":"product_tag-ce-certified-gloves","16":"product_tag-eu-biker-gloves","17":"product_tag-gloves-for-racing","18":"product_tag-goat-leather-gloves","19":"product_tag-hook-loop-gloves","20":"product_tag-leather-motorcycle-gloves","21":"product_tag-motorbike-gloves","22":"product_tag-neoprene-cuff-gloves","23":"product_tag-padded-palm-gloves","24":"product_tag-premium-biker-gloves","25":"product_tag-racing-hand-gear","26":"product_tag-riding-gloves","27":"product_tag-road-trip-gloves","28":"product_tag-ryinz-gloves","29":"product_tag-safety-motorcycle-gloves","30":"product_tag-street-rider-gloves","32":"first","33":"instock","34":"taxable","35":"shipping-taxable","36":"purchasable","37":"product-type-simple"},"_links":{"self":[{"href":"https:\/\/ryinz.cz\/velkoobchod\/cs\/wp-json\/wp\/v2\/product\/9209","targetHints":{"allow":["GET"]}}],"collection":[{"href":"https:\/\/ryinz.cz\/velkoobchod\/cs\/wp-json\/wp\/v2\/product"}],"about":[{"href":"https:\/\/ryinz.cz\/velkoobchod\/cs\/wp-json\/wp\/v2\/types\/product"}],"replies":[{"embeddable":true,"href":"https:\/\/ryinz.cz\/velkoobchod\/cs\/wp-json\/wp\/v2\/comments?post=9209"}],"wp:featuredmedia":[{"embeddable":true,"href":"https:\/\/ryinz.cz\/velkoobchod\/cs\/wp-json\/wp\/v2\/media\/9305"}],"wp:attachment":[{"href":"https:\/\/ryinz.cz\/velkoobchod\/cs\/wp-json\/wp\/v2\/media?parent=9209"}],"wp:term":[{"taxonomy":"product_brand","embeddable":true,"href":"https:\/\/ryinz.cz\/velkoobchod\/cs\/wp-json\/wp\/v2\/product_brand?post=9209"},{"taxonomy":"product_cat","embeddable":true,"href":"https:\/\/ryinz.cz\/velkoobchod\/cs\/wp-json\/wp\/v2\/product_cat?post=9209"},{"taxonomy":"product_tag","embeddable":true,"href":"https:\/\/ryinz.cz\/velkoobchod\/cs\/wp-json\/wp\/v2\/product_tag?post=9209"}],"curies":[{"name":"wp","href":"https:\/\/api.w.org\/{rel}","templated":true}]}}