{"id":9208,"date":"2025-06-22T15:33:22","date_gmt":"2025-06-22T15:33:22","guid":{"rendered":"https:\/\/ryinz.cz\/velkoobchod\/?post_type=product&#038;p=9208"},"modified":"2026-01-18T20:18:28","modified_gmt":"2026-01-18T20:18:28","slug":"ryinz-pancerove-rukavice-z-kozi-kuze-pro-velkoobchodni-prodej-s-tpu-ochranou-kloubu-a-reliefni-rukojeti","status":"publish","type":"product","link":"https:\/\/ryinz.cz\/velkoobchod\/cs\/product\/ryinz-armored-goatskin-motorcycle-gloves-for-wholesale-retail-with-tpu-knuckle-protection-and-embossed-grip\/","title":{"rendered":"RYINZ Panc\u00e9\u0159ov\u00e9 rukavice na motorku z koz\u00ed k\u016f\u017ee pro velkoobchod a maloobchod s ochranou kloub\u016f z TPU a reli\u00e9fn\u00edm \u00fachopem"},"content":{"rendered":"<p data-start=\"814\" data-end=\"924\"><strong data-start=\"814\" data-end=\"924\">RYINZ MBWG 9999-0129 Rukavice na motorku - p\u0159esn\u00e9, pevn\u00e9 a spl\u0148uj\u00edc\u00ed evropsk\u00e9 normy bezpe\u010dnosti silni\u010dn\u00edho provozu<\/strong><\/p>\n<p data-start=\"926\" data-end=\"1400\">Navr\u017eeno pro bezpe\u010dnost, styl a vynikaj\u00edc\u00ed pohodl\u00ed. <strong data-start=\"982\" data-end=\"1024\">RYINZ MBWG 9999-0129 Rukavice na motorku<\/strong> jsou ide\u00e1ln\u00edm spole\u010dn\u00edkem pro jezdce, kte\u0159\u00ed po\u017eaduj\u00ed v\u00edce ne\u017e jen ochranu. Tyto rukavice jsou navr\u017eeny z profesion\u00e1ln\u00edch materi\u00e1l\u016f a zes\u00edlen\u00fdch technologi\u00ed a jsou vhodn\u00e9 pro agresivn\u00ed j\u00edzdu po silnici, ka\u017edodenn\u00ed doj\u00ed\u017ed\u011bn\u00ed do pr\u00e1ce i turistiku. A\u0165 u\u017e jste prodejce vybaven\u00ed, zna\u010dka motocyklov\u00e9ho oble\u010den\u00ed nebo hromadn\u00fd odb\u011bratel pro jezdeck\u00fd klub, tento model je ide\u00e1ln\u00edm dopl\u0148kem ka\u017ed\u00e9 \u0159ady rukavic.<\/p>\n<hr data-start=\"1402\" data-end=\"1405\" \/>\n<h3 data-start=\"1407\" data-end=\"1466\"><strong data-start=\"1411\" data-end=\"1466\">Chr\u00e1ni\u010d kloub\u016f TPU - odolnost proti n\u00e1razu v pln\u00e9m rozsahu<\/strong><\/h3>\n<p data-start=\"1467\" data-end=\"1783\">Tyto rukavice maj\u00ed <strong data-start=\"1490\" data-end=\"1512\">Kloubn\u00ed \u0161t\u00edt z TPU<\/strong>, kter\u00e9 poskytuj\u00ed spolehlivou ochranu proti n\u00e1razu a od\u011bru p\u0159i n\u00e1razu nebo kontaktu rukou. D\u00edky aerodynamick\u00e9mu designu p\u0159ipom\u00ednaj\u00edc\u00edmu sko\u0159epinu pom\u00e1haj\u00ed tyto chr\u00e1ni\u010de absorbovat tlak a z\u00e1rove\u0148 nab\u00edzej\u00ed vizu\u00e1ln\u00ed vzhled p\u0159ipraven\u00fd na z\u00e1vody. Jsou dostate\u010dn\u011b pru\u017en\u00e9 pro pohyb, ale z\u00e1rove\u0148 robustn\u00ed proti vn\u011bj\u0161\u00edm sil\u00e1m.<\/p>\n<hr data-start=\"1785\" data-end=\"1788\" \/>\n<h3 data-start=\"1790\" data-end=\"1840\"><strong data-start=\"1794\" data-end=\"1840\">Koz\u00ed k\u016f\u017ee - dla\u0148 a v\u00fdztuhy<\/strong><\/h3>\n<p data-start=\"1841\" data-end=\"2247\">Vyrobeno s <strong data-start=\"1854\" data-end=\"1874\">Koz\u00ed k\u016f\u017ee GoatSkin<\/strong> na dlani a ve vyztu\u017een\u00fdch z\u00f3n\u00e1ch poskytuje tato rukavice vynikaj\u00edc\u00ed odolnost proti od\u011bru, ani\u017e by byla ohro\u017eena jej\u00ed pru\u017enost. Na . <strong data-start=\"2004\" data-end=\"2038\">dla\u0148 m\u00e1 reli\u00e9fn\u00ed k\u016f\u017ei<\/strong>, co\u017e zlep\u0161uje p\u0159ilnavost za v\u0161ech pov\u011btrnostn\u00edch podm\u00ednek, zejm\u00e9na p\u0159i ovl\u00e1d\u00e1n\u00ed brzd nebo spojky. K\u016f\u017ee je dostate\u010dn\u011b m\u011bkk\u00e1, aby umo\u017enila flexibilitu ruky, a z\u00e1rove\u0148 dostate\u010dn\u011b odoln\u00e1, aby vydr\u017eela p\u0159i dlouhodob\u00e9m pou\u017e\u00edv\u00e1n\u00ed.<\/p>\n<hr data-start=\"2249\" data-end=\"2252\" \/>\n<h3 data-start=\"2254\" data-end=\"2303\"><strong data-start=\"2258\" data-end=\"2303\">Ochrana z pry\u017ee EVA - zadn\u00ed a man\u017eetov\u00e9 z\u00f3ny<\/strong><\/h3>\n<p data-start=\"2304\" data-end=\"2641\">Pry\u017eov\u00e9 podlo\u017eky EVA jsou integrovan\u00e9 na <strong data-start=\"2342\" data-end=\"2368\">h\u0159bety prst\u016f a man\u017eety<\/strong>, kter\u00e9 p\u016fsob\u00ed jako tlumi\u010de n\u00e1raz\u016f p\u0159i n\u00e1hl\u00e9m n\u00e1razu. Tato pry\u017e s m\u011bkkou hustotou sni\u017euje vliv vn\u011bj\u0161\u00edch vibrac\u00ed a poskytuje lehkou vrstvu dodate\u010dn\u00e9 bezpe\u010dnosti. Tyto pol\u0161t\u00e1\u0159ky funguj\u00ed spole\u010dn\u011b s panc\u00ed\u0159em TPU, tak\u017ee rukavice jsou ide\u00e1ln\u00ed pro rychlou j\u00edzdu i navigaci v provozu.<\/p>\n<hr data-start=\"2643\" data-end=\"2646\" \/>\n<h3 data-start=\"2648\" data-end=\"2691\"><strong data-start=\"2652\" data-end=\"2691\">P\u011bnov\u00e9 polstrov\u00e1n\u00ed + reli\u00e9fn\u00ed design rukojeti<\/strong><\/h3>\n<p data-start=\"2692\" data-end=\"3002\">Dal\u0161\u00ed <strong data-start=\"2703\" data-end=\"2719\">p\u011bnov\u00e9 polstrov\u00e1n\u00ed<\/strong> pod k\u016f\u017e\u00ed poskytuje jemn\u00e9 tlumen\u00ed n\u00e1raz\u016f a <strong data-start=\"2780\" data-end=\"2806\">reli\u00e9fn\u00ed vzor palmy<\/strong> zlep\u0161uje trakci a kontrolu, co\u017e jezdci poskytuje lep\u0161\u00ed cit a ovladatelnost bez prokluzov\u00e1n\u00ed. Kombinace t\u011bchto prvk\u016f umo\u017e\u0148uje plnou funk\u010dnost i p\u0159i dlouh\u00fdch j\u00edzd\u00e1ch nebo za mokra.<\/p>\n<hr data-start=\"3004\" data-end=\"3007\" \/>\n<h3 data-start=\"3009\" data-end=\"3059\"><strong data-start=\"3013\" data-end=\"3059\">Z\u00e1da z pro\u0161\u00edvan\u00e9 tkaniny - prody\u0161n\u00e1 a odoln\u00e1<\/strong><\/h3>\n<p data-start=\"3060\" data-end=\"3334\">Na str\u00e1nk\u00e1ch <strong data-start=\"3064\" data-end=\"3092\">keprov\u00fd textiln\u00ed zadn\u00ed panel<\/strong> nab\u00edz\u00ed rozta\u017enost a proud\u011bn\u00ed vzduchu bez sn\u00ed\u017een\u00ed pevnosti. Umo\u017e\u0148uje p\u0159irozen\u00fd pohyb a pru\u017enost rukou, sni\u017euje pocen\u00ed a zlep\u0161uje regulaci teploty rukou. D\u00edky tomu lze rukavice nosit i v teplej\u0161\u00edm ro\u010dn\u00edm obdob\u00ed nebo p\u0159i j\u00edzd\u00e1ch na dlouh\u00e9 vzd\u00e1lenosti.<\/p>\n<hr data-start=\"3336\" data-end=\"3339\" \/>\n<h3 data-start=\"3341\" data-end=\"3376\"><strong data-start=\"3345\" data-end=\"3376\">Man\u017eeta na such\u00fd zip s bezpe\u010dn\u00fdm uchycen\u00edm<\/strong><\/h3>\n<p data-start=\"3377\" data-end=\"3595\">A <strong data-start=\"3379\" data-end=\"3411\">Man\u017eeta ze such\u00e9ho zipu z k\u016f\u017ee GoatSkin<\/strong> obep\u00edn\u00e1 z\u00e1p\u011bst\u00ed a fixuje rukavici na m\u00edst\u011b. Nastaviteln\u00e1 man\u017eeta poskytuje jezdci individu\u00e1ln\u00ed p\u0159izp\u016fsoben\u00ed a ochranu proti v\u011btru p\u0159i j\u00edzd\u011b vysokou rychlost\u00ed, a\u0165 u\u017e ji nos\u00ed p\u0159es bundu nebo pod n\u00ed.<\/p>\n<hr data-start=\"3597\" data-end=\"3600\" \/>\n<h3 data-start=\"3602\" data-end=\"3653\"><strong data-start=\"3606\" data-end=\"3653\">Certifikov\u00e1no podle norem EN420 a EN13594:2015<\/strong><\/h3>\n<p data-start=\"3654\" data-end=\"3852\">Tato rukavice je v souladu s <strong data-start=\"3679\" data-end=\"3711\">Evropsk\u00e9 bezpe\u010dnostn\u00ed normy CE<\/strong> pro motocyklov\u00e9 rukavice, v\u010detn\u011b ochrany proti od\u011bru, roztr\u017een\u00ed a kloub\u016f, \u010d\u00edm\u017e je zaji\u0161t\u011bno, \u017ee jsou z\u00e1konem schv\u00e1leny a p\u0159ipraveny k pou\u017eit\u00ed na silnic\u00edch v zem\u00edch EU.<\/p>\n<hr data-start=\"3854\" data-end=\"3857\" \/>\n<h3 data-start=\"3859\" data-end=\"3884\"><strong data-start=\"3863\" data-end=\"3882\">Nejlep\u0161\u00ed p\u0159\u00edpady pou\u017eit\u00ed:<\/strong><\/h3>\n<ul data-start=\"3885\" data-end=\"4155\">\n<li data-start=\"3885\" data-end=\"3927\">\n<p data-start=\"3887\" data-end=\"3927\">Cestov\u00e1n\u00ed na motocyklu a doj\u00ed\u017ed\u011bn\u00ed ve m\u011bst\u011b<\/p>\n<\/li>\n<li data-start=\"3928\" data-end=\"3960\">\n<p data-start=\"3930\" data-end=\"3960\">Z\u00e1vodn\u00ed nebo v\u00fdkonnostn\u00ed j\u00edzda<\/p>\n<\/li>\n<li data-start=\"3961\" data-end=\"4001\">\n<p data-start=\"3963\" data-end=\"4001\">OEM a zna\u010dkov\u00e9 programy bezpe\u010dnostn\u00edho vybaven\u00ed<\/p>\n<\/li>\n<li data-start=\"4002\" data-end=\"4047\">\n<p data-start=\"4004\" data-end=\"4047\">Prodejci motocyklov\u00fdch v\u00fdrobk\u016f spl\u0148uj\u00edc\u00edch po\u017eadavky CE<\/p>\n<\/li>\n<li data-start=\"4048\" data-end=\"4080\">\n<p data-start=\"4050\" data-end=\"4080\">Online B2B tr\u017ei\u0161t\u011b s v\u00fdbavou<\/p>\n<\/li>\n<li data-start=\"4081\" data-end=\"4115\">\n<p data-start=\"4083\" data-end=\"4115\">J\u00edzda v chladn\u00e9m a\u017e m\u00edrn\u00e9m ro\u010dn\u00edm obdob\u00ed<\/p>\n<\/li>\n<li data-start=\"4116\" data-end=\"4155\">\n<p data-start=\"4118\" data-end=\"4155\">Dod\u00e1vky jezdc\u016f nebo vybaven\u00ed vozov\u00e9ho parku<\/p>\n<\/li>\n<\/ul>\n<hr data-start=\"4157\" data-end=\"4160\" \/>\n<h3 data-start=\"4162\" data-end=\"4188\"><strong data-start=\"4166\" data-end=\"4186\">P\u0159ehled funkc\u00ed:<\/strong><\/h3>\n<ul data-start=\"4189\" data-end=\"4616\">\n<li data-start=\"4189\" data-end=\"4230\">\n<p data-start=\"4191\" data-end=\"4230\">Prody\u0161n\u00e1 zadn\u00ed strana z keprov\u00e9ho materi\u00e1lu<\/p>\n<\/li>\n<li data-start=\"4231\" data-end=\"4275\">\n<p data-start=\"4233\" data-end=\"4275\">Dla\u0148 z k\u016f\u017ee GoatSkin s reli\u00e9fn\u00edm \u00fachopem<\/p>\n<\/li>\n<li data-start=\"4276\" data-end=\"4316\">\n<p data-start=\"4278\" data-end=\"4316\">Chr\u00e1ni\u010d kloub\u016f z TPU pro ochranu proti n\u00e1razu<\/p>\n<\/li>\n<li data-start=\"4317\" data-end=\"4359\">\n<p data-start=\"4319\" data-end=\"4359\">Gumov\u00e9 polstrov\u00e1n\u00ed EVA na prstech a man\u017eet\u011b<\/p>\n<\/li>\n<li data-start=\"4360\" data-end=\"4395\">\n<p data-start=\"4362\" data-end=\"4395\">Vnit\u0159n\u00ed struktura vyztu\u017een\u00e1 p\u011bnou<\/p>\n<\/li>\n<li data-start=\"4396\" data-end=\"4436\">\n<p data-start=\"4398\" data-end=\"4436\">Certifik\u00e1t CE podle EN420 a EN13594:2015<\/p>\n<\/li>\n<li data-start=\"4437\" data-end=\"4483\">\n<p data-start=\"4439\" data-end=\"4483\">Dlouhotrvaj\u00edc\u00ed \u0161it\u00ed a odolnost proti opot\u0159eben\u00ed<\/p>\n<\/li>\n<li data-start=\"4484\" data-end=\"4522\">\n<p data-start=\"4486\" data-end=\"4522\">Syst\u00e9m zap\u00edn\u00e1n\u00ed na z\u00e1p\u011bst\u00ed na h\u00e1\u010dky a smy\u010dky<\/p>\n<\/li>\n<li data-start=\"4523\" data-end=\"4567\">\n<p data-start=\"4525\" data-end=\"4567\">Reli\u00e9fn\u00ed zna\u010dka se zatmaven\u00fdm stylem<\/p>\n<\/li>\n<li data-start=\"4568\" data-end=\"4616\">\n<p data-start=\"4570\" data-end=\"4616\">Ide\u00e1ln\u00ed pro vysokorychlostn\u00ed, m\u011bstsk\u00e9 a turistick\u00e9 pou\u017eit\u00ed<\/p>\n<\/li>\n<\/ul>","protected":false},"excerpt":{"rendered":"<p>Objevte nep\u0159ekonatelnou odolnost a pohodl\u00ed v panc\u00e9\u0159ov\u00fdch rukavic\u00edch na motorku RYINZ, kter\u00e9 jsou vyrobeny z k\u016f\u017ee GoatSkin, kloubn\u00edch \u0161t\u00edt\u016f z TPU, gumov\u00fdch v\u00fdztuh EVA a keprov\u00e9ho h\u0159betu. Tyto rukavice kombinuj\u00ed ochranu s p\u011bnov\u00fdm polstrov\u00e1n\u00edm, reli\u00e9fn\u00ed \u00fachop dlan\u011b a prvky vyhovuj\u00edc\u00ed norm\u011b CE, tak\u017ee jsou ide\u00e1ln\u00ed pro prodejce motocykl\u016f, velkoodb\u011bratele a profesion\u00e1ln\u00ed jezdce. Tyto rukavice, kter\u00fdm se d\u016fv\u011b\u0159uje v cel\u00e9 Evrop\u011b, jsou vyrobeny s ohledem na v\u00fdkon, ochranu a dlouhodob\u00e9 pohodl\u00ed.<\/p>","protected":false},"featured_media":9304,"comment_status":"closed","ping_status":"closed","template":"","meta":[],"product_brand":[35],"product_cat":[1111,380,122,68],"product_tag":[404,405,406,407,408,409,410,411,412,413,121,414,48,415,416,417,418,419,420,421],"class_list":{"0":"post-9208","1":"product","2":"type-product","3":"status-publish","4":"has-post-thumbnail","6":"product_brand-ryinz","7":"product_cat-motorbike","8":"product_cat-motorbike-gloves","9":"product_cat-motorbike-racing-gloves","10":"product_cat-ryinz","11":"product_tag-all-black-gloves","12":"product_tag-biker-gloves","13":"product_tag-black-riding-gloves","14":"product_tag-carbon-shell-gloves","15":"product_tag-ce-certified-gloves","16":"product_tag-eu-biker-gloves","17":"product_tag-gloves-for-racing","18":"product_tag-goat-leather-gloves","19":"product_tag-hook-loop-gloves","20":"product_tag-leather-motorcycle-gloves","21":"product_tag-motorbike-gloves","22":"product_tag-neoprene-cuff-gloves","23":"product_tag-padded-palm-gloves","24":"product_tag-premium-biker-gloves","25":"product_tag-racing-hand-gear","26":"product_tag-riding-gloves","27":"product_tag-road-trip-gloves","28":"product_tag-ryinz-gloves","29":"product_tag-safety-motorcycle-gloves","30":"product_tag-street-rider-gloves","32":"first","33":"instock","34":"taxable","35":"shipping-taxable","36":"purchasable","37":"product-type-simple"},"_links":{"self":[{"href":"https:\/\/ryinz.cz\/velkoobchod\/cs\/wp-json\/wp\/v2\/product\/9208","targetHints":{"allow":["GET"]}}],"collection":[{"href":"https:\/\/ryinz.cz\/velkoobchod\/cs\/wp-json\/wp\/v2\/product"}],"about":[{"href":"https:\/\/ryinz.cz\/velkoobchod\/cs\/wp-json\/wp\/v2\/types\/product"}],"replies":[{"embeddable":true,"href":"https:\/\/ryinz.cz\/velkoobchod\/cs\/wp-json\/wp\/v2\/comments?post=9208"}],"wp:featuredmedia":[{"embeddable":true,"href":"https:\/\/ryinz.cz\/velkoobchod\/cs\/wp-json\/wp\/v2\/media\/9304"}],"wp:attachment":[{"href":"https:\/\/ryinz.cz\/velkoobchod\/cs\/wp-json\/wp\/v2\/media?parent=9208"}],"wp:term":[{"taxonomy":"product_brand","embeddable":true,"href":"https:\/\/ryinz.cz\/velkoobchod\/cs\/wp-json\/wp\/v2\/product_brand?post=9208"},{"taxonomy":"product_cat","embeddable":true,"href":"https:\/\/ryinz.cz\/velkoobchod\/cs\/wp-json\/wp\/v2\/product_cat?post=9208"},{"taxonomy":"product_tag","embeddable":true,"href":"https:\/\/ryinz.cz\/velkoobchod\/cs\/wp-json\/wp\/v2\/product_tag?post=9208"}],"curies":[{"name":"wp","href":"https:\/\/api.w.org\/{rel}","templated":true}]}}