{"id":9206,"date":"2025-06-22T15:33:20","date_gmt":"2025-06-22T15:33:20","guid":{"rendered":"https:\/\/ryinz.cz\/velkoobchod\/?post_type=product&#038;p=9206"},"modified":"2026-01-18T20:18:25","modified_gmt":"2026-01-18T20:18:25","slug":"ryinz-cerne-jezdecke-rukavice-pro-velkoobchodni-maloobchod-s-karbonovym-kloubovym-pancirem-sitovanym-hrbetem-vyztuzenou-kozenou-dlani-2","status":"publish","type":"product","link":"https:\/\/ryinz.cz\/velkoobchod\/cs\/product\/ryinz-black-riding-gloves-for-wholesale-retail-with-carbon-knuckle-armor-mesh-back-reinforced-leather-palm-2\/","title":{"rendered":"RYINZ \u010cern\u00e9 jezdeck\u00e9 rukavice pro velkoobchod a maloobchod s karbonov\u00fdm panc\u00ed\u0159em kloub\u016f, s\u00ed\u0165ovan\u00fdm h\u0159betem a zes\u00edlenou ko\u017eenou dlan\u00ed"},"content":{"rendered":"<p data-start=\"855\" data-end=\"972\"><strong data-start=\"855\" data-end=\"972\">RYINZ Neonov\u011b \u017elut\u00e9 ochrann\u00e9 rukavice Cordura - ochrana, kter\u00e1 upout\u00e1 pozornost \u0159idi\u010d\u016f, d\u011bln\u00edk\u016f a distributor\u016f vybaven\u00ed EU<\/strong><\/p>\n<p data-start=\"974\" data-end=\"1247\">Kdy\u017e na viditelnosti a bezpe\u010dnosti z\u00e1le\u017e\u00ed nejv\u00edce, je <strong data-start=\"1018\" data-end=\"1057\">Bezpe\u010dnostn\u00ed rukavice RYINZ s vysokou viditelnost\u00ed<\/strong> jsou va\u0161\u00edm \u0159e\u0161en\u00edm. Tyto rukavice jsou ur\u010deny pro u\u017eitkov\u00e9 \u00fa\u010dely, pr\u00e1ci v ter\u00e9nu, j\u00edzdu ve m\u011bst\u011b nebo doru\u010dovac\u00ed slu\u017eby - tam, kde viditelnost ve dne i v noci m\u016f\u017ee sn\u00ed\u017eit po\u010det nehod a zv\u00fd\u0161it bezpe\u010dnost jezdce.<\/p>\n<p data-start=\"1249\" data-end=\"1536\">D\u00edky z\u00e1\u0159iv\u011b neonov\u011b \u017elut\u00e9mu proveden\u00ed, v\u00fdrazn\u00e9mu \u0161achovnicov\u00e9mu vzoru a reflexn\u00edm detail\u016fm kombinuj\u00ed tyto rukavice streetwearov\u00fd styl s vysoce funk\u010dn\u00edm bezpe\u010dnostn\u00edm vybaven\u00edm. A\u0165 u\u017e z\u00e1sobujete katalog pracovn\u00edch od\u011bv\u016f, nebo roz\u0161i\u0159ujete svou \u0159adu dopl\u0148k\u016f pro jezdce, tyto rukavice jsou perfektn\u00ed volbou pro B2B a maloobchodn\u00ed prodej.<\/p>\n<hr data-start=\"1538\" data-end=\"1541\" \/>\n<p data-start=\"1543\" data-end=\"1892\"><strong data-start=\"1543\" data-end=\"1596\">Zadn\u00ed strana z tkaniny Cordura - odoln\u00e1 a poti\u0161t\u011bn\u00e1 pro styl<\/strong><br data-start=\"1596\" data-end=\"1599\" \/>Vn\u011bj\u0161\u00ed pl\u00e1\u0161\u0165 rukavic je vyroben ze <strong data-start=\"1636\" data-end=\"1654\">Tkanina Cordura<\/strong>, kter\u00e1 byla vybr\u00e1na pro svou odolnost proti od\u011bru, prop\u00edchnut\u00ed a roztr\u017een\u00ed. . <strong data-start=\"1722\" data-end=\"1758\">\u010derno\u017elut\u00fd \u0161achovnicov\u00fd vzor<\/strong> nen\u00ed jen m\u00f3dn\u00ed z\u00e1le\u017eitost\u00ed - p\u0159isp\u00edv\u00e1 tak\u00e9 k viditelnosti na silnici, proto\u017ee upout\u00e1v\u00e1 pozornost okoln\u00edch vozidel a chodc\u016f.<\/p>\n<hr data-start=\"1894\" data-end=\"1897\" \/>\n<p data-start=\"1899\" data-end=\"2239\"><strong data-start=\"1899\" data-end=\"1953\">Dla\u0148 ze syntetick\u00e9 k\u016f\u017ee se silikonovou v\u00fdztu\u017e\u00ed<\/strong><br data-start=\"1953\" data-end=\"1956\" \/>Na stran\u011b \u00fachopu je dla\u0148 tvo\u0159ena <strong data-start=\"2007\" data-end=\"2036\">odoln\u00e1 syntetick\u00e1 k\u016f\u017ee<\/strong>, kter\u00e1 byla vybr\u00e1na pro svou lehkost a pru\u017enost. V kl\u00ed\u010dov\u00fdch kontaktn\u00edch z\u00f3n\u00e1ch, <strong data-start=\"2106\" data-end=\"2135\">silikonov\u00e9 potisknut\u00e9 p\u0159ekryvy<\/strong> zvy\u0161uj\u00ed p\u0159ilnavost a odolnost proti od\u011bru, tak\u017ee jsou ide\u00e1ln\u00ed pro \u0159\u00edd\u00edtka motocyklu, n\u00e1\u0159ad\u00ed nebo p\u0159epravn\u00ed ta\u0161ky.<\/p>\n<p data-start=\"2241\" data-end=\"2394\">Tyto v\u00fdztuhy zlep\u0161uj\u00ed kontrolu u\u017eivatele na suchu i za m\u00edrn\u011b mokr\u00fdch podm\u00ednek a zvy\u0161uj\u00ed bezpe\u010dnost p\u0159i brzd\u011bn\u00ed, \u0159azen\u00ed nebo manipulaci s p\u0159edm\u011bty.<\/p>\n<hr data-start=\"2396\" data-end=\"2399\" \/>\n<p data-start=\"2401\" data-end=\"2705\"><strong data-start=\"2401\" data-end=\"2441\">Ochrana kloub\u016f a pohodln\u00e9 polstrov\u00e1n\u00ed<\/strong><br data-start=\"2441\" data-end=\"2444\" \/>Kl\u00ed\u010dov\u00fdm bezpe\u010dnostn\u00edm prvkem t\u011bchto rukavic je vestav\u011bn\u00fd <strong data-start=\"2497\" data-end=\"2520\">polstrovan\u00e1 kloubn\u00ed z\u00f3na<\/strong>, navr\u017een\u00e9 tak, aby tlumily n\u00e1razy a poskytovaly pohodl\u00ed p\u0159i n\u00e1hodn\u00fdch n\u00e1razech rukou nebo p\u00e1dech. Toto lehk\u00e9 polstrov\u00e1n\u00ed zaji\u0161\u0165uje, \u017ee rukavice z\u016fst\u00e1vaj\u00ed prody\u0161n\u00e9 a pohodln\u00e9 p\u0159i ka\u017edodenn\u00edm no\u0161en\u00ed.<\/p>\n<hr data-start=\"2707\" data-end=\"2710\" \/>\n<p data-start=\"2712\" data-end=\"2995\"><strong data-start=\"2712\" data-end=\"2750\">Reflexn\u00ed potrub\u00ed pro no\u010dn\u00ed bezpe\u010dnost<\/strong><br data-start=\"2750\" data-end=\"2753\" \/>A <strong data-start=\"2755\" data-end=\"2775\">reflexn\u00ed p\u00e1sek<\/strong> integrovan\u00e1 do rukavic zlep\u0161uje viditelnost p\u0159i no\u010dn\u00edch j\u00edzd\u00e1ch nebo za zhor\u0161en\u00fdch sv\u011bteln\u00fdch podm\u00ednek. Odr\u00e1\u017e\u00ed sv\u011btlo ze sv\u011btlomet\u016f vozidel, \u010d\u00edm\u017e zvy\u0161uje \u0161anci, \u017ee si u\u017eivatele p\u0159i doj\u00ed\u017ed\u011bn\u00ed do pr\u00e1ce nebo zast\u00e1vk\u00e1ch u silnice n\u011bkdo v\u0161imne.<\/p>\n<hr data-start=\"2997\" data-end=\"3000\" \/>\n<p data-start=\"3002\" data-end=\"3273\"><strong data-start=\"3002\" data-end=\"3038\">Man\u017eeta z Cordury s nastavitelnou d\u00e9lkou<\/strong><br data-start=\"3038\" data-end=\"3041\" \/>Na str\u00e1nk\u00e1ch <strong data-start=\"3045\" data-end=\"3059\">man\u017eeta na z\u00e1p\u011bst\u00ed<\/strong> je navr\u017een z odoln\u00e9ho materi\u00e1lu Cordura a obsahuje <strong data-start=\"3118\" data-end=\"3134\">Popruh na such\u00fd zip<\/strong> pro nastaviteln\u00e9 uzav\u00edr\u00e1n\u00ed. Man\u017eeta zaji\u0161\u0165uje, \u017ee rukavice z\u016fstanou bezpe\u010dn\u00e9 p\u0159i aktivn\u00edm pohybu, a z\u00e1rove\u0148 chr\u00e1n\u00ed p\u0159ed prachem, v\u011btrem a lehk\u00fdm de\u0161t\u011bm.<\/p>\n<hr data-start=\"3275\" data-end=\"3278\" \/>\n<p data-start=\"3280\" data-end=\"3424\"><strong data-start=\"3280\" data-end=\"3341\">V\u0161estrannost pou\u017eit\u00ed - stvo\u0159eno pro v\u00edce\u00fa\u010delov\u00e9 pou\u017eit\u00ed<\/strong><br data-start=\"3341\" data-end=\"3344\" \/>Tyto rukavice nejsou ur\u010deny pouze pro jezdce. D\u00edky sv\u00e9 konstrukci jsou stejn\u011b u\u017eite\u010dn\u00e9 i pro:<\/p>\n<ul data-start=\"3426\" data-end=\"3691\">\n<li data-start=\"3426\" data-end=\"3465\">\n<p data-start=\"3428\" data-end=\"3465\">M\u011bst\u0161t\u00ed cyklist\u00e9 a motocyklist\u00e9<\/p>\n<\/li>\n<li data-start=\"3466\" data-end=\"3518\">\n<p data-start=\"3468\" data-end=\"3518\">Pracovn\u00edci doru\u010dovac\u00edch slu\u017eeb (nap\u0159. kur\u00fd\u0159i s potravinami).<\/p>\n<\/li>\n<li data-start=\"3519\" data-end=\"3561\">\n<p data-start=\"3521\" data-end=\"3561\">Person\u00e1l pro \u0159\u00edzen\u00ed dopravy nebo venkovn\u00ed akce<\/p>\n<\/li>\n<li data-start=\"3562\" data-end=\"3604\">\n<p data-start=\"3564\" data-end=\"3604\">Pracovn\u00edci ve skladu nebo na staveni\u0161ti<\/p>\n<\/li>\n<li data-start=\"3605\" data-end=\"3646\">\n<p data-start=\"3607\" data-end=\"3646\">Chodci nebo u\u017eivatel\u00e9 sk\u00fatr\u016f v chladn\u00e9m po\u010das\u00ed<\/p>\n<\/li>\n<li data-start=\"3647\" data-end=\"3691\">\n<p data-start=\"3649\" data-end=\"3691\">Soupravy osobn\u00edch ochrann\u00fdch prost\u0159edk\u016f (OOP)<\/p>\n<\/li>\n<\/ul>\n<hr data-start=\"3693\" data-end=\"3696\" \/>\n<p data-start=\"3698\" data-end=\"3723\"><strong data-start=\"3698\" data-end=\"3721\">Nejd\u016fle\u017eit\u011bj\u0161\u00ed vlastnosti produktu:<\/strong><\/p>\n<ul data-start=\"3724\" data-end=\"4145\">\n<li data-start=\"3724\" data-end=\"3782\">\n<p data-start=\"3726\" data-end=\"3782\">Z\u00e1\u0159iv\u00e1 neonov\u011b \u017elut\u00e1 barva s \u010dern\u00fdm kostkovan\u00fdm vzorem<\/p>\n<\/li>\n<li data-start=\"3783\" data-end=\"3829\">\n<p data-start=\"3785\" data-end=\"3829\">Odoln\u00e1 tkanina Cordura na zadn\u00ed stran\u011b a man\u017eeta na z\u00e1p\u011bst\u00ed<\/p>\n<\/li>\n<li data-start=\"3830\" data-end=\"3881\">\n<p data-start=\"3832\" data-end=\"3881\">Dla\u0148 ze syntetick\u00e9 k\u016f\u017ee se silikonov\u00fdm potiskem pro uchopen\u00ed<\/p>\n<\/li>\n<li data-start=\"3882\" data-end=\"3929\">\n<p data-start=\"3884\" data-end=\"3929\">Polstrov\u00e1n\u00ed kloub\u016f pro z\u00e1kladn\u00ed ochranu proti n\u00e1razu<\/p>\n<\/li>\n<li data-start=\"3930\" data-end=\"3983\">\n<p data-start=\"3932\" data-end=\"3983\">Reflexn\u00ed lemov\u00e1n\u00ed pro viditelnost p\u0159i no\u010dn\u00edm pou\u017e\u00edv\u00e1n\u00ed<\/p>\n<\/li>\n<li data-start=\"3984\" data-end=\"4020\">\n<p data-start=\"3986\" data-end=\"4020\">P\u00e1sek na z\u00e1p\u011bst\u00ed se such\u00fdm zipem na such\u00fd zip<\/p>\n<\/li>\n<li data-start=\"4021\" data-end=\"4062\">\n<p data-start=\"4023\" data-end=\"4062\">Lehk\u00e9, prody\u0161n\u00e9 a pru\u017en\u00e9<\/p>\n<\/li>\n<li data-start=\"4063\" data-end=\"4113\">\n<p data-start=\"4065\" data-end=\"4113\">Vhodn\u00e9 pro m\u011bstsk\u00e9, pr\u016fmyslov\u00e9 a bezpe\u010dnostn\u00ed pou\u017eit\u00ed<\/p>\n<\/li>\n<li data-start=\"4114\" data-end=\"4145\">\n<p data-start=\"4116\" data-end=\"4145\">Poutav\u00e1 zna\u010dka RYINZ<\/p>\n<\/li>\n<\/ul>\n<p data-start=\"4147\" data-end=\"4355\">D\u00edky sv\u00e9 robustn\u00ed konstrukci a p\u0159ita\u017eliv\u00e9mu stylu je model <strong data-start=\"4204\" data-end=\"4236\">RYINZ Rukavice s vysokou viditelnost\u00ed<\/strong> jsou vynikaj\u00edc\u00ed volbou pro distributory a prodejce, kte\u0159\u00ed cht\u011bj\u00ed m\u00edt na sklad\u011b bezpe\u010dnostn\u00ed vybaven\u00ed, kter\u00e9 je stejn\u011b stylov\u00e9 jako \u00fa\u010dinn\u00e9.<\/p>","protected":false},"excerpt":{"rendered":"<p>Zvy\u0161te svou viditelnost a bezpe\u010dnost s neonov\u011b \u017elut\u00fdmi jezdeck\u00fdmi rukavicemi RYINZ s kostkovan\u00fdm h\u0159betem z Cordury, dlan\u00ed ze syntetick\u00e9 k\u016f\u017ee, silikonov\u00fdmi v\u00fdztuhami \u00fachopu a polstrovanou ochranou kloub\u016f. Tyto rukavice jsou navr\u017eeny s reflexn\u00edm pruhem a nastavitelnou man\u017eetou na z\u00e1p\u011bst\u00ed a jsou ide\u00e1ln\u00ed pro doj\u00ed\u017ed\u011bn\u00ed do pr\u00e1ce ve m\u011bst\u011b, rozv\u00e1\u017ekov\u00e9 j\u00edzdy a pr\u00e1ci v p\u0159\u00edrod\u011b. Jsou vyrobeny s ohledem na v\u00fdkon, pohodl\u00ed a v\u00fdrazn\u00fd styl a jsou ide\u00e1ln\u00ed pro velkoobchodn\u00ed distributory, dodavatele osobn\u00edch ochrann\u00fdch pom\u016fcek a maloobchodn\u00ed zna\u010dky bezpe\u010dnostn\u00edho vybaven\u00ed.<\/p>","protected":false},"featured_media":9301,"comment_status":"closed","ping_status":"closed","template":"","meta":[],"product_brand":[35],"product_cat":[1111,380,122,68],"product_tag":[389,390,391,392,393,394,395,396,397,398,399,400,401,402,403],"class_list":{"0":"post-9206","1":"product","2":"type-product","3":"status-publish","4":"has-post-thumbnail","6":"product_brand-ryinz","7":"product_cat-motorbike","8":"product_cat-motorbike-gloves","9":"product_cat-motorbike-racing-gloves","10":"product_cat-ryinz","11":"product_tag-anti-slip-grip-gloves-for-riding-and-climbing","12":"product_tag-black-tactical-gloves-for-distributors-and-oems","13":"product_tag-ce-grade-gloves-with-impact-protection","14":"product_tag-cowhide-goat-sheep-leather-tactical-gloves","15":"product_tag-customizable-lining-tactical-gloves-for-all-weather","16":"product_tag-full-finger-motorcycle-gloves-with-hard-shell","17":"product_tag-leather-gloves-for-military-and-patrol-gear","18":"product_tag-lightweight-leather-gloves-for-b2b-buyers","19":"product_tag-multi-purpose-gloves-for-tactical-retail","20":"product_tag-protective-gloves-for-airsoft-and-police-use","21":"product_tag-reinforced-gloves-for-mechanical-use","22":"product_tag-ryinz-motorcycle-gloves-with-mesh-ventilation","23":"product_tag-summer-breathable-gloves-with-mesh-zones","24":"product_tag-tactical-leather-gloves-with-knuckle-armor","25":"product_tag-wholesale-riding-gloves-with-finger-protection","27":"first","28":"instock","29":"taxable","30":"shipping-taxable","31":"purchasable","32":"product-type-simple"},"_links":{"self":[{"href":"https:\/\/ryinz.cz\/velkoobchod\/cs\/wp-json\/wp\/v2\/product\/9206","targetHints":{"allow":["GET"]}}],"collection":[{"href":"https:\/\/ryinz.cz\/velkoobchod\/cs\/wp-json\/wp\/v2\/product"}],"about":[{"href":"https:\/\/ryinz.cz\/velkoobchod\/cs\/wp-json\/wp\/v2\/types\/product"}],"replies":[{"embeddable":true,"href":"https:\/\/ryinz.cz\/velkoobchod\/cs\/wp-json\/wp\/v2\/comments?post=9206"}],"wp:featuredmedia":[{"embeddable":true,"href":"https:\/\/ryinz.cz\/velkoobchod\/cs\/wp-json\/wp\/v2\/media\/9301"}],"wp:attachment":[{"href":"https:\/\/ryinz.cz\/velkoobchod\/cs\/wp-json\/wp\/v2\/media?parent=9206"}],"wp:term":[{"taxonomy":"product_brand","embeddable":true,"href":"https:\/\/ryinz.cz\/velkoobchod\/cs\/wp-json\/wp\/v2\/product_brand?post=9206"},{"taxonomy":"product_cat","embeddable":true,"href":"https:\/\/ryinz.cz\/velkoobchod\/cs\/wp-json\/wp\/v2\/product_cat?post=9206"},{"taxonomy":"product_tag","embeddable":true,"href":"https:\/\/ryinz.cz\/velkoobchod\/cs\/wp-json\/wp\/v2\/product_tag?post=9206"}],"curies":[{"name":"wp","href":"https:\/\/api.w.org\/{rel}","templated":true}]}}