{"id":9202,"date":"2025-06-22T15:32:54","date_gmt":"2025-06-22T15:32:54","guid":{"rendered":"https:\/\/ryinz.cz\/velkoobchod\/?post_type=product&#038;p=9202"},"modified":"2026-01-18T20:18:17","modified_gmt":"2026-01-18T20:18:17","slug":"ryinz-zip-manzeta-motocyklove-rukavice-se-silikonovou-dlan-grip-tpu-kloubu-brneni-reflexni-potrubi-pro-velkoobchod","status":"publish","type":"product","link":"https:\/\/ryinz.cz\/velkoobchod\/cs\/product\/ryinz-zipper-cuff-motorcycle-gloves-with-silicone-palm-grip-tpu-knuckle-armor-reflective-piping-for-wholesale\/","title":{"rendered":"RYINZ Rukavice na motorku se zipem a silikonovou rukojet\u00ed na dlani, TPU kloubn\u00edm panc\u00ed\u0159em a reflexn\u00edm lemov\u00e1n\u00edm pro velkoobchody"},"content":{"rendered":"<p data-start=\"807\" data-end=\"916\"><strong data-start=\"807\" data-end=\"916\">RYINZ Rukavice na motorku se zipem na h\u0159bet\u011b a silikonovou rukojet\u00ed - vysoce bezpe\u010dn\u00e1 inovace pro jezdce a B2B kupuj\u00edc\u00ed<\/strong><\/p>\n<p data-start=\"918\" data-end=\"1225\">Pro jezdce, kte\u0159\u00ed ocen\u00ed modern\u00ed design a chytr\u00e9 funkce, <strong data-start=\"983\" data-end=\"1024\">RYINZ's Rukavice na motorku se zipovou man\u017eetou<\/strong> poskytuj\u00ed v\u00fdkon i styl. Tyto rukavice jsou ide\u00e1ln\u00ed pro ka\u017edodenn\u00ed doj\u00ed\u017ed\u011bn\u00ed do pr\u00e1ce, cestov\u00e1n\u00ed na dlouh\u00e9 vzd\u00e1lenosti nebo lehk\u00e9 taktick\u00e9 pou\u017eit\u00ed a nab\u00edzej\u00ed lehk\u00e9, ochrann\u00e9 \u0159e\u0161en\u00ed, ani\u017e by ob\u011btovaly p\u0159ilnavost nebo obratnost.<\/p>\n<p data-start=\"1227\" data-end=\"1406\">Tento model je univerz\u00e1ln\u00ed volbou s vynikaj\u00edc\u00edmi vlastnostmi, a\u0165 u\u017e dod\u00e1v\u00e1te rukavice prodejc\u016fm motocykl\u016f, \u0159idi\u010d\u016fm dod\u00e1vek nebo jej p\u0159id\u00e1v\u00e1te do sv\u00e9ho velkoobchodn\u00edho katalogu produkt\u016f B2B.<\/p>\n<hr data-start=\"1408\" data-end=\"1411\" \/>\n<p data-start=\"1413\" data-end=\"1778\"><strong data-start=\"1413\" data-end=\"1464\">Dla\u0148 ze syntetick\u00e9 k\u016f\u017ee se silikonov\u00fdm potiskem pro uchopen\u00ed<\/strong><br data-start=\"1464\" data-end=\"1467\" \/>Dla\u0148 je vyrobena z odoln\u00e9ho <strong data-start=\"1497\" data-end=\"1518\">syntetick\u00e1 k\u016f\u017ee<\/strong>, navr\u017een\u00e9 tak, aby odol\u00e1valy od\u011bru a opakovan\u00e9mu t\u0159en\u00ed. Pro lep\u0161\u00ed uchopen\u00ed a ovl\u00e1d\u00e1n\u00ed rukojeti je poti\u0161t\u011bn. <strong data-start=\"1628\" data-end=\"1653\">silikonov\u00e9 akcenty na dlan\u00edch<\/strong>, co\u017e jezdci umo\u017e\u0148uje v\u011bt\u0161\u00ed p\u0159esnost p\u0159i pou\u017e\u00edv\u00e1n\u00ed plynu, brzdov\u00fdch p\u00e1k nebo mobiln\u00edch za\u0159\u00edzen\u00ed. Ide\u00e1ln\u00ed pro j\u00edzdu ve m\u011bst\u011b i na d\u00e1lnici.<\/p>\n<hr data-start=\"1780\" data-end=\"1783\" \/>\n<p data-start=\"1785\" data-end=\"2091\"><strong data-start=\"1785\" data-end=\"1825\">Ochrana TPU s polstrovanou z\u00f3nou dlan\u011b<\/strong><br data-start=\"1825\" data-end=\"1828\" \/>Vestav\u011bn\u00fd <strong data-start=\"1837\" data-end=\"1863\">Chr\u00e1ni\u010de kloub\u016f z TPU<\/strong> chr\u00e1n\u00ed nejzraniteln\u011bj\u0161\u00ed klouby rukou p\u0159ed n\u00e1razem, zat\u00edmco dal\u0161\u00ed <strong data-start=\"1928\" data-end=\"1944\">p\u011bnov\u00e9 polstrov\u00e1n\u00ed<\/strong> v dlani zm\u00edr\u0148uje vibrace a zvy\u0161uje dlouhodob\u00fd komfort. D\u00edky t\u011bmto vlastnostem je tato rukavice vhodn\u00e1 jak do m\u011bstsk\u00e9ho provozu, tak do ter\u00e9nu.<\/p>\n<hr data-start=\"2093\" data-end=\"2096\" \/>\n<p data-start=\"2098\" data-end=\"2391\"><strong data-start=\"2098\" data-end=\"2148\">Stretch Back s anilinovou k\u016f\u017e\u00ed na prstech<\/strong><br data-start=\"2148\" data-end=\"2151\" \/>H\u0159bet rukavice je zkonstruov\u00e1n pomoc\u00ed <strong data-start=\"2189\" data-end=\"2217\">vysoce pru\u017en\u00e1 stre\u010dov\u00e1 tkanina<\/strong>, kter\u00fd umo\u017e\u0148uje proud\u011bn\u00ed vzduchu a volnost pohybu. Prsty jsou vyztu\u017eeny <strong data-start=\"2299\" data-end=\"2325\">panely z anilinov\u00e9 k\u016f\u017ee<\/strong>, kter\u00e1 jezdci nab\u00edz\u00ed zv\u00fd\u0161enou odolnost a prvot\u0159\u00eddn\u00ed dotek.<\/p>\n<hr data-start=\"2393\" data-end=\"2396\" \/>\n<p data-start=\"2398\" data-end=\"2690\"><strong data-start=\"2398\" data-end=\"2437\">Zadn\u00ed man\u017eeta na zip pro bezpe\u010dn\u00e9 uzav\u0159en\u00ed<\/strong><br data-start=\"2437\" data-end=\"2440\" \/>Na rozd\u00edl od tradi\u010dn\u00edch rukavic pouze na such\u00fd zip obsahuje tento model <strong data-start=\"2501\" data-end=\"2540\">zip po cel\u00e9 d\u00e9lce na zadn\u00ed man\u017eet\u011b<\/strong>, kter\u00e1 nab\u00edz\u00ed bezpe\u010dn\u00e9 a efektivn\u00ed uchycen\u00ed. Jezdci si mohou rukavice rychle nasadit a sundat a z\u00e1rove\u0148 si u\u017e\u00edvat zv\u00fd\u0161en\u00e9 kryt\u00ed z\u00e1p\u011bst\u00ed, kter\u00e9 br\u00e1n\u00ed v\u011btru a vlhkosti.<\/p>\n<hr data-start=\"2692\" data-end=\"2695\" \/>\n<p data-start=\"2697\" data-end=\"2987\"><strong data-start=\"2697\" data-end=\"2743\">Reflexn\u00ed lemov\u00e1n\u00ed pro viditelnost za \u0161patn\u00e9ho osv\u011btlen\u00ed<\/strong><br data-start=\"2743\" data-end=\"2746\" \/>Pro zv\u00fd\u0161en\u00ed viditelnosti v noci nebo za zhor\u0161en\u00fdch sv\u011bteln\u00fdch podm\u00ednek, <strong data-start=\"2806\" data-end=\"2827\">reflexn\u00ed potrub\u00ed<\/strong> vede pod\u00e9l man\u017eety, tak\u017ee pohyby rukou jezdce jsou pro ostatn\u00ed \u0159idi\u010de n\u00e1padn\u011bj\u0161\u00ed. Jedn\u00e1 se o d\u016fle\u017eit\u00fd bezpe\u010dnostn\u00ed prvek, zejm\u00e9na pro doj\u00ed\u017ed\u011bj\u00edc\u00ed a zimn\u00ed jezdce.<\/p>\n<hr data-start=\"2989\" data-end=\"2992\" \/>\n<p data-start=\"2994\" data-end=\"3245\"><strong data-start=\"2994\" data-end=\"3032\">Popruh na such\u00fd zip pro p\u0159izp\u016fsoben\u00ed<\/strong><br data-start=\"3032\" data-end=\"3035\" \/>Krom\u011b man\u017eety na zip rukavice obsahuje tak\u00e9 <strong data-start=\"3088\" data-end=\"3110\">P\u00e1sek na z\u00e1p\u011bst\u00ed na such\u00fd zip<\/strong> pro v\u011bt\u0161\u00ed nastavitelnost a podporu z\u00e1p\u011bst\u00ed. Tento hybridn\u00ed syst\u00e9m zap\u00edn\u00e1n\u00ed zaji\u0161\u0165uje pohodl\u00ed i bezpe\u010dnost, a to i pod rukavicemi nebo bundami.<\/p>\n<hr data-start=\"3247\" data-end=\"3250\" \/>\n<p data-start=\"3252\" data-end=\"3286\"><strong data-start=\"3252\" data-end=\"3284\">Ide\u00e1ln\u00ed kupuj\u00edc\u00ed a aplikace:<\/strong><\/p>\n<ul data-start=\"3287\" data-end=\"3530\">\n<li data-start=\"3287\" data-end=\"3319\">\n<p data-start=\"3289\" data-end=\"3319\">Prodejci motocyklov\u00e9ho oble\u010den\u00ed<\/p>\n<\/li>\n<li data-start=\"3320\" data-end=\"3353\">\n<p data-start=\"3322\" data-end=\"3353\">Online obchody s motocyklov\u00fdm vybaven\u00edm<\/p>\n<\/li>\n<li data-start=\"3354\" data-end=\"3381\">\n<p data-start=\"3356\" data-end=\"3381\">Velkoobchody s bezpe\u010dnostn\u00edm vybaven\u00edm<\/p>\n<\/li>\n<li data-start=\"3382\" data-end=\"3409\">\n<p data-start=\"3384\" data-end=\"3409\">V\u00fdrobci rukavic OEM<\/p>\n<\/li>\n<li data-start=\"3410\" data-end=\"3445\">\n<p data-start=\"3412\" data-end=\"3445\">Celoro\u010dn\u00ed doj\u00ed\u017ed\u011bn\u00ed na motocyklu<\/p>\n<\/li>\n<li data-start=\"3446\" data-end=\"3489\">\n<p data-start=\"3448\" data-end=\"3489\">Profesion\u00e1ln\u00ed taktick\u00e1 a m\u011bstsk\u00e1 j\u00edzda<\/p>\n<\/li>\n<li data-start=\"3490\" data-end=\"3530\">\n<p data-start=\"3492\" data-end=\"3530\">Doru\u010dovatel\u00e9 a spole\u010dnosti dod\u00e1vaj\u00edc\u00ed elektrokola<\/p>\n<\/li>\n<\/ul>\n<hr data-start=\"3532\" data-end=\"3535\" \/>\n<p data-start=\"3537\" data-end=\"3568\"><strong data-start=\"3537\" data-end=\"3566\">Shrnut\u00ed vlastnost\u00ed produktu:<\/strong><\/p>\n<ul data-start=\"3569\" data-end=\"3998\">\n<li data-start=\"3569\" data-end=\"3620\">\n<p data-start=\"3571\" data-end=\"3620\">Dla\u0148 ze syntetick\u00e9 k\u016f\u017ee se silikonov\u00fdmi \u00fachopov\u00fdmi z\u00f3nami<\/p>\n<\/li>\n<li data-start=\"3621\" data-end=\"3669\">\n<p data-start=\"3623\" data-end=\"3669\">Stre\u010dov\u00e1 zadn\u00ed tkanina pro pohyb a proud\u011bn\u00ed vzduchu<\/p>\n<\/li>\n<li data-start=\"3670\" data-end=\"3717\">\n<p data-start=\"3672\" data-end=\"3717\">Chr\u00e1ni\u010d kloub\u016f z TPU s p\u011bnovou ochranou dlan\u011b<\/p>\n<\/li>\n<li data-start=\"3718\" data-end=\"3766\">\n<p data-start=\"3720\" data-end=\"3766\">Anilinov\u00e1 k\u016f\u017ee na prstech pro v\u011bt\u0161\u00ed odolnost<\/p>\n<\/li>\n<li data-start=\"3767\" data-end=\"3816\">\n<p data-start=\"3769\" data-end=\"3816\">Reflexn\u00ed lemov\u00e1n\u00ed pro viditelnost p\u0159i j\u00edzd\u011b v noci<\/p>\n<\/li>\n<li data-start=\"3817\" data-end=\"3856\">\n<p data-start=\"3819\" data-end=\"3856\">Man\u017eeta na zip s p\u00e1skem na z\u00e1p\u011bst\u00ed na such\u00fd zip<\/p>\n<\/li>\n<li data-start=\"3857\" data-end=\"3894\">\n<p data-start=\"3859\" data-end=\"3894\">Lehk\u00e1, ale ochrann\u00e1 konstrukce<\/p>\n<\/li>\n<li data-start=\"3895\" data-end=\"3950\">\n<p data-start=\"3897\" data-end=\"3950\">Modern\u00ed estetika \u010dern\u00e9 na \u010dern\u00e9 se zna\u010dkou RYINZ<\/p>\n<\/li>\n<li data-start=\"3951\" data-end=\"3998\">\n<p data-start=\"3953\" data-end=\"3998\">Ide\u00e1ln\u00ed pro pou\u017eit\u00ed na ja\u0159e, na podzim a v m\u00edrn\u00e9 zim\u011b.<\/p>\n<\/li>\n<\/ul>\n<p data-start=\"4000\" data-end=\"4230\">Na str\u00e1nk\u00e1ch <strong data-start=\"4004\" data-end=\"4043\">RYINZ Rukavice na motorku na zip<\/strong> nab\u00edzej\u00ed \u0161pi\u010dkov\u00fd design, vynikaj\u00edc\u00ed ochranu a obchodn\u00ed p\u0159ita\u017elivost pro \u0161irokou \u0161k\u00e1lu jezdc\u016f a obchodn\u00edch trh\u016f. Ide\u00e1ln\u00ed pro z\u00e1sobov\u00e1n\u00ed va\u0161eho obchodu nebo uveden\u00ed nov\u00e9 \u0159ady vybaven\u00ed.<\/p>","protected":false},"excerpt":{"rendered":"<p>Tyto motocyklov\u00e9 rukavice RYINZ kombinuj\u00ed funk\u010dnost a formu s dlan\u00ed ze syntetick\u00e9 k\u016f\u017ee, silikonov\u00fdm gripem s potiskem, chr\u00e1ni\u010di kloub\u016f z TPU a zadn\u00ed man\u017eetou na zip pro bezpe\u010dn\u00e9 a stylov\u00e9 no\u0161en\u00ed. D\u00edky h\u0159betu z elastick\u00e9 tkaniny, panel\u016fm prst\u016f z anilinov\u00e9 k\u016f\u017ee, polstrovan\u00e9 v\u00fdztu\u017ei dlan\u011b a reflexn\u00edmu lemov\u00e1n\u00ed pro lep\u0161\u00ed viditelnost jsou tyto rukavice ur\u010deny pro celoro\u010dn\u00ed j\u00edzdu. Ide\u00e1ln\u00ed pro velkoobchodn\u00edky a maloobchodn\u00edky s bezpe\u010dnostn\u00edm vybaven\u00edm, kte\u0159\u00ed vy\u017eaduj\u00ed kvalitu a inovace v ka\u017ed\u00e9 rukavici.<\/p>","protected":false},"featured_media":9297,"comment_status":"closed","ping_status":"closed","template":"","meta":[],"product_brand":[35],"product_cat":[1111,380,122,68],"product_tag":[389,390,391,392,393,394,395,396,397,398,399,400,401,402,403],"class_list":{"0":"post-9202","1":"product","2":"type-product","3":"status-publish","4":"has-post-thumbnail","6":"product_brand-ryinz","7":"product_cat-motorbike","8":"product_cat-motorbike-gloves","9":"product_cat-motorbike-racing-gloves","10":"product_cat-ryinz","11":"product_tag-anti-slip-grip-gloves-for-riding-and-climbing","12":"product_tag-black-tactical-gloves-for-distributors-and-oems","13":"product_tag-ce-grade-gloves-with-impact-protection","14":"product_tag-cowhide-goat-sheep-leather-tactical-gloves","15":"product_tag-customizable-lining-tactical-gloves-for-all-weather","16":"product_tag-full-finger-motorcycle-gloves-with-hard-shell","17":"product_tag-leather-gloves-for-military-and-patrol-gear","18":"product_tag-lightweight-leather-gloves-for-b2b-buyers","19":"product_tag-multi-purpose-gloves-for-tactical-retail","20":"product_tag-protective-gloves-for-airsoft-and-police-use","21":"product_tag-reinforced-gloves-for-mechanical-use","22":"product_tag-ryinz-motorcycle-gloves-with-mesh-ventilation","23":"product_tag-summer-breathable-gloves-with-mesh-zones","24":"product_tag-tactical-leather-gloves-with-knuckle-armor","25":"product_tag-wholesale-riding-gloves-with-finger-protection","27":"first","28":"instock","29":"taxable","30":"shipping-taxable","31":"purchasable","32":"product-type-simple"},"_links":{"self":[{"href":"https:\/\/ryinz.cz\/velkoobchod\/cs\/wp-json\/wp\/v2\/product\/9202","targetHints":{"allow":["GET"]}}],"collection":[{"href":"https:\/\/ryinz.cz\/velkoobchod\/cs\/wp-json\/wp\/v2\/product"}],"about":[{"href":"https:\/\/ryinz.cz\/velkoobchod\/cs\/wp-json\/wp\/v2\/types\/product"}],"replies":[{"embeddable":true,"href":"https:\/\/ryinz.cz\/velkoobchod\/cs\/wp-json\/wp\/v2\/comments?post=9202"}],"wp:featuredmedia":[{"embeddable":true,"href":"https:\/\/ryinz.cz\/velkoobchod\/cs\/wp-json\/wp\/v2\/media\/9297"}],"wp:attachment":[{"href":"https:\/\/ryinz.cz\/velkoobchod\/cs\/wp-json\/wp\/v2\/media?parent=9202"}],"wp:term":[{"taxonomy":"product_brand","embeddable":true,"href":"https:\/\/ryinz.cz\/velkoobchod\/cs\/wp-json\/wp\/v2\/product_brand?post=9202"},{"taxonomy":"product_cat","embeddable":true,"href":"https:\/\/ryinz.cz\/velkoobchod\/cs\/wp-json\/wp\/v2\/product_cat?post=9202"},{"taxonomy":"product_tag","embeddable":true,"href":"https:\/\/ryinz.cz\/velkoobchod\/cs\/wp-json\/wp\/v2\/product_tag?post=9202"}],"curies":[{"name":"wp","href":"https:\/\/api.w.org\/{rel}","templated":true}]}}