{"id":9201,"date":"2025-06-22T15:32:53","date_gmt":"2025-06-22T15:32:53","guid":{"rendered":"https:\/\/ryinz.cz\/velkoobchod\/?post_type=product&#038;p=9201"},"modified":"2026-01-18T20:18:16","modified_gmt":"2026-01-18T20:18:16","slug":"ryinz-zavodni-kozene-motocyklove-rukavice-pro-velkoobchodni-maloobchod-s-hipora-vlozkou-manzetou-podsivka-z-vlaknite-vyplne","status":"publish","type":"product","link":"https:\/\/ryinz.cz\/velkoobchod\/cs\/product\/ryinz-racing-leather-motorcycle-gloves-for-wholesale-retail-with-hipora-insert-zip-cuff-fiberfill-lining\/","title":{"rendered":"RYINZ Z\u00e1vodn\u00ed ko\u017een\u00e9 motocyklov\u00e9 rukavice pro velkoobchod a maloobchod s vlo\u017ekou HIPORA, man\u017eetou na zip a pod\u0161\u00edvkou s vl\u00e1knitou v\u00fdpln\u00ed"},"content":{"rendered":"<p data-start=\"792\" data-end=\"894\"><strong data-start=\"792\" data-end=\"894\">Ko\u017een\u00e9 z\u00e1vodn\u00ed rukavice RYINZ Performance - vysokorychlostn\u00ed bezpe\u010dnost pro prodejce motoristick\u00e9ho sportu a B2B odb\u011bratele<\/strong><\/p>\n<p data-start=\"896\" data-end=\"1226\">Navr\u017eeno pro jezdce, kte\u0159\u00ed si potrp\u00ed na rychlost, kontrolu a mistrovskou ochranu. <strong data-start=\"985\" data-end=\"1016\">Z\u00e1vodn\u00ed ko\u017een\u00e9 rukavice RYINZ<\/strong> jsou ur\u010deny pro profesion\u00e1ln\u00ed z\u00e1vodn\u00edky a nad\u0161ence pro v\u00fdkon. Tato rukavice je kandid\u00e1tem na bestseller pro maloobchodn\u00edky, B2B n\u00e1kup\u010d\u00ed a distributory z\u00e1vodn\u00edho vybaven\u00ed zam\u011b\u0159en\u00e9 na trh s pr\u00e9miov\u00fdm motocyklov\u00fdm p\u0159\u00edslu\u0161enstv\u00edm.<\/p>\n<p data-start=\"1228\" data-end=\"1383\">A\u0165 u\u017e vybavujete motoristick\u00fd t\u00fdm nebo z\u00e1sobujete sv\u016fj e-shop \u0161pi\u010dkov\u00fdm ko\u017een\u00fdm vybaven\u00edm, tento produkt nab\u00edz\u00ed kvalitu, funk\u010dnost a atraktivitu v jednom.<\/p>\n<hr data-start=\"1385\" data-end=\"1388\" \/>\n<p data-start=\"1390\" data-end=\"1678\"><strong data-start=\"1390\" data-end=\"1422\">Konstrukce z prav\u00e9 k\u016f\u017ee<\/strong><br data-start=\"1422\" data-end=\"1425\" \/>Tyto rukavice jsou vyrobeny z <strong data-start=\"1455\" data-end=\"1474\">prav\u00e1 k\u016f\u017ee<\/strong>, kter\u00fd byl vybr\u00e1n pro svou p\u0159irozenou pru\u017enost, odolnost proti od\u011bru a schopnost odol\u00e1vat n\u00e1raz\u016fm p\u0159i vysok\u00fdch rychlostech. Zes\u00edlen\u00e9 panely a precizn\u011b \u0161it\u00e9 \u0161vy zaji\u0161\u0165uj\u00ed dodate\u010dnou pevnost, ani\u017e by do\u0161lo ke zhor\u0161en\u00ed padnut\u00ed.<\/p>\n<p data-start=\"1680\" data-end=\"1823\">Celo\u010dernob\u00edl\u00fd design inspirovan\u00fd z\u00e1vodn\u00edm stylem poskytuje. <strong data-start=\"1736\" data-end=\"1751\">vizu\u00e1ln\u00ed hrana<\/strong>, ide\u00e1ln\u00ed pro sb\u00edrky vysoce v\u00fdkonn\u00e9ho vybaven\u00ed a obchody se z\u00e1vodn\u00edm vybaven\u00edm.<\/p>\n<hr data-start=\"1825\" data-end=\"1828\" \/>\n<p data-start=\"1830\" data-end=\"2131\"><strong data-start=\"1830\" data-end=\"1886\">Vlo\u017eka do rukavic HIPORA - nepromokav\u00e1 a v\u011btruodoln\u00e1 bari\u00e9ra<\/strong><br data-start=\"1886\" data-end=\"1889\" \/>Rukavice maj\u00ed integrovan\u00fd <strong data-start=\"1922\" data-end=\"1941\">Membr\u00e1na HIPORA<\/strong>, vysoce prody\u0161n\u00e1 a nepromokav\u00e1 vlo\u017eka, kter\u00e1 udr\u017euje ruce v suchu, ani\u017e by zadr\u017eovala teplo. Tato vlo\u017eka pom\u00e1h\u00e1 udr\u017eovat ide\u00e1ln\u00ed teplotu a pohodl\u00ed rukou, a\u0165 u\u017e se jedn\u00e1 o such\u00e9 nebo vlhk\u00e9 z\u00e1vodn\u00ed podm\u00ednky.<\/p>\n<hr data-start=\"2133\" data-end=\"2136\" \/>\n<p data-start=\"2138\" data-end=\"2436\"><strong data-start=\"2138\" data-end=\"2183\">300G vl\u00e1knit\u00e1 v\u00fdpl\u0148 pro lehkou izolaci<\/strong><br data-start=\"2183\" data-end=\"2186\" \/>Tyto rukavice jsou dod\u00e1v\u00e1ny s <strong data-start=\"2209\" data-end=\"2242\">300gramov\u00e1 izolace s vl\u00e1knitou v\u00fdpln\u00ed<\/strong>, ide\u00e1ln\u00ed do m\u00edrn\u011b chladn\u011bj\u0161\u00edch podm\u00ednek, kde m\u016f\u017ee chladn\u00fd v\u00edtr ovlivnit v\u00fdkon. Tato izolace poskytuje teplo, ani\u017e by p\u0159id\u00e1vala nadm\u011brn\u00fd objem, tak\u017ee jsou rukavice vhodn\u00e9 pro t\u0159\u00edsez\u00f3nn\u00ed z\u00e1vod\u011bn\u00ed.<\/p>\n<hr data-start=\"2438\" data-end=\"2441\" \/>\n<p data-start=\"2443\" data-end=\"2700\"><strong data-start=\"2443\" data-end=\"2477\">Trikotov\u00e1 pod\u0161\u00edvka pro m\u011bkk\u00e9 pohodl\u00ed<\/strong><br data-start=\"2477\" data-end=\"2480\" \/>Vnit\u0159n\u00ed prostor je vylo\u017een <strong data-start=\"2507\" data-end=\"2529\">m\u011bkk\u00e1 trikotov\u00e1 tkanina<\/strong>, co\u017e zaji\u0161\u0165uje hladk\u00fd pr\u016fb\u011bh bez podr\u00e1\u017ed\u011bn\u00ed p\u0159i dlouh\u00fdch z\u00e1vodech. Tricot tak\u00e9 p\u0159isp\u00edv\u00e1 k vnit\u0159n\u00ed regulaci teploty a odvodu potu b\u011bhem intenzivn\u00edch j\u00edzd.<\/p>\n<hr data-start=\"2702\" data-end=\"2705\" \/>\n<p data-start=\"2707\" data-end=\"3035\"><strong data-start=\"2707\" data-end=\"2751\">Nastaven\u00ed man\u017eety na zip - bezpe\u010dn\u00fd st\u0159ih a styl<\/strong><br data-start=\"2751\" data-end=\"2754\" \/>Na rozd\u00edl od standardn\u00edch zap\u00edn\u00e1n\u00ed pouze na such\u00fd zip obsahuj\u00ed tyto rukavice <strong data-start=\"2815\" data-end=\"2845\">syst\u00e9m nastaven\u00ed man\u017eety na zip<\/strong>, co\u017e umo\u017e\u0148uje t\u011bsn\u00e9 uchycen\u00ed kolem z\u00e1p\u011bst\u00ed a elegantn\u011bj\u0161\u00ed vzhled. V kombinaci se zap\u00ednac\u00edm p\u00e1skem na such\u00fd zip zaji\u0161\u0165uje tento dvojit\u00fd syst\u00e9m zap\u00edn\u00e1n\u00ed, \u017ee rukavice z\u016fstane b\u011bhem z\u00e1vod\u016f zaji\u0161t\u011bna na sv\u00e9m m\u00edst\u011b.<\/p>\n<hr data-start=\"3037\" data-end=\"3040\" \/>\n<p data-start=\"3042\" data-end=\"3297\"><strong data-start=\"3042\" data-end=\"3083\">Vy\u0161\u00edvan\u00e9 logo pro pr\u00e9miovou zna\u010dku<\/strong><br data-start=\"3083\" data-end=\"3086\" \/>Rukavice jsou vybaveny <strong data-start=\"3105\" data-end=\"3149\">vy\u0161\u00edvan\u00e1 loga RYINZ a Race Edition<\/strong>, a nab\u00edz\u00ed \u0161pi\u010dkov\u00fd, pro\u0161\u00edvan\u00fd vzhled, kter\u00fd zvy\u0161uje vn\u00edmanou hodnotu v\u00fdrobku. Ide\u00e1ln\u00ed pro pr\u00e9miov\u00e9 \u0159ady nebo um\u00edst\u011bn\u00ed v\u00fdrobk\u016f zam\u011b\u0159en\u00fdch na zna\u010dku.<\/p>\n<hr data-start=\"3299\" data-end=\"3302\" \/>\n<p data-start=\"3304\" data-end=\"3605\"><strong data-start=\"3304\" data-end=\"3352\">Ergonomick\u00fd design s ochranou cel\u00fdch prst\u016f<\/strong><br data-start=\"3352\" data-end=\"3355\" \/>D\u00edky strategick\u00fdm polstrovan\u00fdm z\u00f3n\u00e1m a anatomick\u00e9mu tvarov\u00e1n\u00ed jsou tyto rukavice ide\u00e1ln\u00ed pro z\u00e1vodn\u00ed postoje. P\u0159edem prohnut\u00e9 prsty a pru\u017en\u00e1 k\u016f\u017ee umo\u017e\u0148uj\u00ed plynul\u00e9 ovl\u00e1d\u00e1n\u00ed plynu, zat\u00edmco ochrann\u00e9 body pod\u00e9l kloub\u016f a dlan\u011b poskytuj\u00ed bezpe\u010dnost tam, kde je j\u00ed nejv\u00edce zapot\u0159eb\u00ed.<\/p>\n<hr data-start=\"3607\" data-end=\"3610\" \/>\n<p data-start=\"3612\" data-end=\"3634\"><strong data-start=\"3612\" data-end=\"3632\">Nejvhodn\u011bj\u0161\u00ed pro:<\/strong><\/p>\n<ul data-start=\"3635\" data-end=\"3855\">\n<li data-start=\"3635\" data-end=\"3674\">\n<p data-start=\"3637\" data-end=\"3674\">Distributo\u0159i motocyklov\u00e9ho z\u00e1vodn\u00edho vybaven\u00ed<\/p>\n<\/li>\n<li data-start=\"3675\" data-end=\"3717\">\n<p data-start=\"3677\" data-end=\"3717\">B2B n\u00e1kup\u010d\u00ed rukavic pro obchody s motoristick\u00fdm zbo\u017e\u00edm<\/p>\n<\/li>\n<li data-start=\"3718\" data-end=\"3758\">\n<p data-start=\"3720\" data-end=\"3758\">Profesion\u00e1ln\u00ed jezdci a sportovn\u00ed t\u00fdmy<\/p>\n<\/li>\n<li data-start=\"3759\" data-end=\"3792\">\n<p data-start=\"3761\" data-end=\"3792\">Online prodejci z\u00e1vodn\u00edch rukavic<\/p>\n<\/li>\n<li data-start=\"3793\" data-end=\"3824\">\n<p data-start=\"3795\" data-end=\"3824\">V\u00fdkonn\u00e9 \u0159ady p\u0159\u00edslu\u0161enstv\u00ed<\/p>\n<\/li>\n<li data-start=\"3825\" data-end=\"3855\">\n<p data-start=\"3827\" data-end=\"3855\">Soukrom\u00e9 zna\u010dky rukavic<\/p>\n<\/li>\n<\/ul>\n<hr data-start=\"3857\" data-end=\"3860\" \/>\n<p data-start=\"3862\" data-end=\"3887\"><strong data-start=\"3862\" data-end=\"3885\">Nejd\u016fle\u017eit\u011bj\u0161\u00ed vlastnosti produktu:<\/strong><\/p>\n<ul data-start=\"3888\" data-end=\"4321\">\n<li data-start=\"3888\" data-end=\"3952\">\n<p data-start=\"3890\" data-end=\"3952\">Prvot\u0159\u00eddn\u00ed ko\u017een\u00e1 sko\u0159epina pro odolnost a ochranu proti od\u011bru<\/p>\n<\/li>\n<li data-start=\"3953\" data-end=\"4002\">\n<p data-start=\"3955\" data-end=\"4002\">Vod\u011bodoln\u00e1\/v\u011btruodoln\u00e1 prody\u0161n\u00e1 vlo\u017eka HIPORA<\/p>\n<\/li>\n<li data-start=\"4003\" data-end=\"4043\">\n<p data-start=\"4005\" data-end=\"4043\">Izolace z 300G plniv\u00e9ho vl\u00e1kna pro teplo<\/p>\n<\/li>\n<li data-start=\"4044\" data-end=\"4087\">\n<p data-start=\"4046\" data-end=\"4087\">Trikotov\u00e1 pod\u0161\u00edvka pro m\u011bkk\u00fd vnit\u0159n\u00ed komfort<\/p>\n<\/li>\n<li data-start=\"4088\" data-end=\"4132\">\n<p data-start=\"4090\" data-end=\"4132\">Nastaven\u00ed man\u017eety na zip + zap\u00edn\u00e1n\u00ed na such\u00fd zip<\/p>\n<\/li>\n<li data-start=\"4133\" data-end=\"4168\">\n<p data-start=\"4135\" data-end=\"4168\">Z\u00e1vodn\u00ed styling v \u010dern\u00e9 a b\u00edl\u00e9<\/p>\n<\/li>\n<li data-start=\"4169\" data-end=\"4209\">\n<p data-start=\"4171\" data-end=\"4209\">Vy\u0161\u00edvan\u00e1 loga pro prvot\u0159\u00eddn\u00ed povrchovou \u00fapravu<\/p>\n<\/li>\n<li data-start=\"4210\" data-end=\"4267\">\n<p data-start=\"4212\" data-end=\"4267\">Vhodn\u00e9 pro vysokorychlostn\u00ed z\u00e1vody i pouli\u010dn\u00ed provoz<\/p>\n<\/li>\n<li data-start=\"4268\" data-end=\"4321\">\n<p data-start=\"4270\" data-end=\"4321\">Konstrukce vyhovuj\u00edc\u00ed CE a p\u0159ipraven\u00e1 pro evropsk\u00fd trh<\/p>\n<\/li>\n<\/ul>\n<p data-start=\"4323\" data-end=\"4475\">S <strong data-start=\"4332\" data-end=\"4374\">RYINZ Z\u00e1vodn\u00ed ko\u017een\u00e9 rukavice na motorku<\/strong>, poskytujete vysoce v\u00fdkonn\u00fd produkt, kter\u00e9mu mohou jezdci d\u016fv\u011b\u0159ovat i v t\u011bch nejn\u00e1ro\u010dn\u011bj\u0161\u00edch situac\u00edch.<\/p>","protected":false},"excerpt":{"rendered":"<p data-start=\"272\" data-end=\"741\">Vyzkou\u0161ejte p\u0159esnost, ochranu a pohodl\u00ed s pr\u00e9miov\u00fdmi z\u00e1vodn\u00edmi ko\u017een\u00fdmi rukavicemi RYINZ - navr\u017een\u00fdmi pro rychlost a bezpe\u010dnost. Tyto rukavice, navr\u017een\u00e9 s vy\u0161\u00edvan\u00fdmi logy, odoln\u00fdmi man\u017eetami nastaviteln\u00fdmi na zip, izolac\u00ed z 300G vl\u00e1knit\u00e9 v\u00fdpln\u011b, trikotovou pod\u0161\u00edvkou a vod\u011bodolnou vlo\u017ekou HIPORA, jsou ide\u00e1ln\u00ed pro profesion\u00e1ln\u00ed z\u00e1vodn\u00edky, v\u00fdkonnostn\u00ed jezdce a prodejce vybaven\u00ed. Jsou nejlep\u0161\u00ed volbou pro velkoobchody s motorov\u00fdmi sporty a distributory rukavic pod priv\u00e1tn\u00edmi zna\u010dkami.<\/p>","protected":false},"featured_media":9296,"comment_status":"closed","ping_status":"closed","template":"","meta":[],"product_brand":[35],"product_cat":[1111,380,122,68],"product_tag":[389,390,391,392,393,394,395,396,397,398,399,400,401,402,403],"class_list":{"0":"post-9201","1":"product","2":"type-product","3":"status-publish","4":"has-post-thumbnail","6":"product_brand-ryinz","7":"product_cat-motorbike","8":"product_cat-motorbike-gloves","9":"product_cat-motorbike-racing-gloves","10":"product_cat-ryinz","11":"product_tag-anti-slip-grip-gloves-for-riding-and-climbing","12":"product_tag-black-tactical-gloves-for-distributors-and-oems","13":"product_tag-ce-grade-gloves-with-impact-protection","14":"product_tag-cowhide-goat-sheep-leather-tactical-gloves","15":"product_tag-customizable-lining-tactical-gloves-for-all-weather","16":"product_tag-full-finger-motorcycle-gloves-with-hard-shell","17":"product_tag-leather-gloves-for-military-and-patrol-gear","18":"product_tag-lightweight-leather-gloves-for-b2b-buyers","19":"product_tag-multi-purpose-gloves-for-tactical-retail","20":"product_tag-protective-gloves-for-airsoft-and-police-use","21":"product_tag-reinforced-gloves-for-mechanical-use","22":"product_tag-ryinz-motorcycle-gloves-with-mesh-ventilation","23":"product_tag-summer-breathable-gloves-with-mesh-zones","24":"product_tag-tactical-leather-gloves-with-knuckle-armor","25":"product_tag-wholesale-riding-gloves-with-finger-protection","27":"first","28":"instock","29":"taxable","30":"shipping-taxable","31":"purchasable","32":"product-type-simple"},"_links":{"self":[{"href":"https:\/\/ryinz.cz\/velkoobchod\/cs\/wp-json\/wp\/v2\/product\/9201","targetHints":{"allow":["GET"]}}],"collection":[{"href":"https:\/\/ryinz.cz\/velkoobchod\/cs\/wp-json\/wp\/v2\/product"}],"about":[{"href":"https:\/\/ryinz.cz\/velkoobchod\/cs\/wp-json\/wp\/v2\/types\/product"}],"replies":[{"embeddable":true,"href":"https:\/\/ryinz.cz\/velkoobchod\/cs\/wp-json\/wp\/v2\/comments?post=9201"}],"wp:featuredmedia":[{"embeddable":true,"href":"https:\/\/ryinz.cz\/velkoobchod\/cs\/wp-json\/wp\/v2\/media\/9296"}],"wp:attachment":[{"href":"https:\/\/ryinz.cz\/velkoobchod\/cs\/wp-json\/wp\/v2\/media?parent=9201"}],"wp:term":[{"taxonomy":"product_brand","embeddable":true,"href":"https:\/\/ryinz.cz\/velkoobchod\/cs\/wp-json\/wp\/v2\/product_brand?post=9201"},{"taxonomy":"product_cat","embeddable":true,"href":"https:\/\/ryinz.cz\/velkoobchod\/cs\/wp-json\/wp\/v2\/product_cat?post=9201"},{"taxonomy":"product_tag","embeddable":true,"href":"https:\/\/ryinz.cz\/velkoobchod\/cs\/wp-json\/wp\/v2\/product_tag?post=9201"}],"curies":[{"name":"wp","href":"https:\/\/api.w.org\/{rel}","templated":true}]}}