{"id":9200,"date":"2025-06-22T15:32:52","date_gmt":"2025-06-22T15:32:52","guid":{"rendered":"https:\/\/ryinz.cz\/velkoobchod\/?post_type=product&#038;p=9200"},"modified":"2026-01-18T20:18:15","modified_gmt":"2026-01-18T20:18:15","slug":"ryinz-kozene-takticke-rukavice-pro-velkoobchodni-maloobchod-s-tvrdym-kloubovym-pancirem-s-ventilacni-sitovinou-na-ochranu-prstu","status":"publish","type":"product","link":"https:\/\/ryinz.cz\/velkoobchod\/cs\/product\/ryinz-leather-tactical-gloves-for-wholesale-retail-with-hard-knuckle-armor-mesh-ventilation-finger-protection\/","title":{"rendered":"Ko\u017een\u00e9 taktick\u00e9 rukavice RYINZ pro velkoobchod a maloobchod s tvrd\u00fdm kloubov\u00fdm panc\u00ed\u0159em, s\u00ed\u0165ovinovou ventilac\u00ed a ochranou prst\u016f"},"content":{"rendered":"<p data-start=\"829\" data-end=\"931\"><strong data-start=\"829\" data-end=\"931\">Ko\u017een\u00e9 taktick\u00e9 rukavice RYINZ Premium - navr\u017een\u00e9 pro jezdce, profesion\u00e1ly a glob\u00e1ln\u00ed distributory<\/strong><\/p>\n<p data-start=\"933\" data-end=\"1249\">Kdy\u017e se ochrana snoub\u00ed s flexibilitou, z\u00edsk\u00e1te <strong data-start=\"980\" data-end=\"1013\">Ko\u017een\u00e9 taktick\u00e9 rukavice RYINZ<\/strong> - pr\u00e9miovou volbu pro jezdce, vojensk\u00fd person\u00e1l a taktick\u00e9 profesion\u00e1ly po cel\u00e9m sv\u011bt\u011b. Tyto rukavice jsou navr\u017eeny s ohledem na \u00fa\u010del: nab\u00edzej\u00ed \u0161pi\u010dkovou bezpe\u010dnost, p\u0159ilnavost, pohodl\u00ed a prody\u0161nost, ani\u017e by omezovaly pohyb nebo v\u00fdkon.<\/p>\n<p data-start=\"1251\" data-end=\"1411\">Tento model je ide\u00e1ln\u00ed pro velkoobchodn\u00edky, dodavatele osobn\u00edch ochrann\u00fdch pom\u016fcek, maloobchody a projekty s priv\u00e1tn\u00edmi zna\u010dkami rukavic a je \u0161it\u00fd na m\u00edru z\u00e1kazn\u00edk\u016fm, kte\u0159\u00ed vy\u017eaduj\u00ed styl i obsah.<\/p>\n<hr data-start=\"1413\" data-end=\"1416\" \/>\n<p data-start=\"1418\" data-end=\"1816\"><strong data-start=\"1418\" data-end=\"1472\">Mo\u017enosti materi\u00e1lu - hov\u011bz\u00ed, koz\u00ed nebo ov\u010d\u00ed k\u016f\u017ee<\/strong><br data-start=\"1472\" data-end=\"1475\" \/>Spole\u010dnost RYINZ nab\u00edz\u00ed p\u0159izp\u016fsobitelnou v\u00fdrobu s <strong data-start=\"1517\" data-end=\"1528\">hov\u011bz\u00ed k\u016f\u017ee<\/strong>, <strong data-start=\"1530\" data-end=\"1538\">koza<\/strong>, nebo <strong data-start=\"1543\" data-end=\"1560\">ov\u010d\u00ed k\u016f\u017ee<\/strong> v z\u00e1vislosti na po\u017eadovan\u00e9m pocitu a trvanlivosti. Hov\u011bz\u00ed k\u016f\u017ee poskytuje vysokou odolnost proti od\u011bru, koz\u00ed k\u016f\u017ee nab\u00edz\u00ed m\u011bkkou pru\u017enost a ov\u010d\u00ed k\u016f\u017ee zaji\u0161\u0165uje hladk\u00fd a pru\u017en\u00fd povrch pro p\u0159esn\u00fd pohyb. V\u0161echny t\u0159i varianty jsou zn\u00e1m\u00e9 svou dlouhou \u017eivotnost\u00ed.<\/p>\n<hr data-start=\"1818\" data-end=\"1821\" \/>\n<p data-start=\"1823\" data-end=\"2146\"><strong data-start=\"1823\" data-end=\"1880\">Konstrukce z odv\u011btran\u00e9 s\u00ed\u0165oviny - zv\u00fd\u0161en\u00e1 prody\u0161nost<\/strong><br data-start=\"1880\" data-end=\"1883\" \/>Pro hork\u00e9 prost\u0159ed\u00ed nebo prost\u0159ed\u00ed s vysokou aktivitou tyto rukavice obsahuj\u00ed <strong data-start=\"1943\" data-end=\"1969\">v\u011btrac\u00ed z\u00f3ny ze s\u00ed\u0165oviny<\/strong> integrovan\u00e9 do zadn\u00edho panelu a prst\u016f. To zlep\u0161uje proud\u011bn\u00ed vzduchu, tak\u017ee rukavice jsou vhodn\u00e9 pro letn\u00ed nebo zpocen\u00e9 operace, jako je j\u00edzda na motocyklu, airsoft nebo hl\u00eddkov\u00e1 slu\u017eba.<\/p>\n<hr data-start=\"2148\" data-end=\"2151\" \/>\n<p data-start=\"2153\" data-end=\"2454\"><strong data-start=\"2153\" data-end=\"2197\">Ochrana tvrd\u00fdch kloub\u016f pro n\u00e1razov\u00e9 z\u00f3ny<\/strong><br data-start=\"2197\" data-end=\"2200\" \/>Tvarovan\u00fd <strong data-start=\"2211\" data-end=\"2233\">tvrd\u00fd kloubn\u00ed panc\u00ed\u0159<\/strong> je kl\u00ed\u010dov\u00fdm bezpe\u010dnostn\u00edm prvkem, kter\u00fd poskytuje silnou ochranu proti n\u00e1raz\u016fm, \u0161kr\u00e1banc\u016fm a od\u0159enin\u00e1m. A\u0165 u\u017e jedete na kole, lezete nebo tr\u00e9nujete simulaci, tyto rukavice poskytuj\u00ed kritickou ochranu v rizikov\u00fdch oblastech rukou.<\/p>\n<hr data-start=\"2456\" data-end=\"2459\" \/>\n<p data-start=\"2461\" data-end=\"2741\"><strong data-start=\"2461\" data-end=\"2489\">Panely na ochranu prst\u016f<\/strong><br data-start=\"2489\" data-end=\"2492\" \/>Ka\u017ed\u00fd prst obsahuje <strong data-start=\"2513\" data-end=\"2543\">zes\u00edlen\u00e9 ochrann\u00e9 hroty<\/strong>, kter\u00e9 chr\u00e1n\u00ed p\u0159ed zaseknut\u00edm a od\u0159en\u00edm a z\u00e1rove\u0148 nab\u00edzej\u00ed flexibilitu a p\u0159esnost \u00fachopu. Tyto hroty jsou nezbytn\u00e9 pro taktick\u00e9 nebo stavebn\u00ed pou\u017eit\u00ed, kde je rozhoduj\u00edc\u00ed obratnost prst\u016f a jejich kontrola.<\/p>\n<hr data-start=\"2743\" data-end=\"2746\" \/>\n<p data-start=\"2748\" data-end=\"2892\"><strong data-start=\"2748\" data-end=\"2805\">Pohodln\u00e9 vnit\u0159n\u00ed pod\u0161\u00edvky - Fleece \/ Tricot \/ Playboy<\/strong><br data-start=\"2805\" data-end=\"2808\" \/>M\u016f\u017eete si vybrat z n\u011bkolika mo\u017enost\u00ed vnit\u0159n\u00edho oblo\u017een\u00ed, kter\u00e9 vyhovuje klimatick\u00fdm podm\u00ednk\u00e1m a pot\u0159eb\u00e1m pohodl\u00ed:<\/p>\n<ul data-start=\"2893\" data-end=\"3036\">\n<li data-start=\"2893\" data-end=\"2933\">\n<p data-start=\"2895\" data-end=\"2933\"><strong data-start=\"2895\" data-end=\"2905\">Fleece<\/strong> pro teplo v chladn\u011bj\u0161\u00edm po\u010das\u00ed<\/p>\n<\/li>\n<li data-start=\"2934\" data-end=\"2986\">\n<p data-start=\"2936\" data-end=\"2986\"><strong data-start=\"2936\" data-end=\"2946\">Tricot<\/strong> pro odvod vlhkosti a celodenn\u00ed no\u0161en\u00ed<\/p>\n<\/li>\n<li data-start=\"2987\" data-end=\"3036\">\n<p data-start=\"2989\" data-end=\"3036\"><strong data-start=\"2989\" data-end=\"3000\">Playboy<\/strong> pro hladkou a hedv\u00e1bnou komfortn\u00ed vrstvu<\/p>\n<\/li>\n<\/ul>\n<p data-start=\"3038\" data-end=\"3119\">D\u00edky t\u00e9to flexibilit\u011b je rukavice p\u0159izp\u016fsobiteln\u00e1 r\u016fzn\u00fdm trh\u016fm a podm\u00ednk\u00e1m.<\/p>\n<hr data-start=\"3121\" data-end=\"3124\" \/>\n<p data-start=\"3126\" data-end=\"3410\"><strong data-start=\"3126\" data-end=\"3172\">Zlep\u0161en\u00ed \u00fachopu a zes\u00edlen\u00e9 z\u00f3ny dlan\u00ed<\/strong><br data-start=\"3172\" data-end=\"3175\" \/>Oblast palem zahrnuje <strong data-start=\"3198\" data-end=\"3244\">strategick\u00e9 \u00fachopov\u00e9 panely a dvojit\u00e9 pro\u0161\u00edv\u00e1n\u00ed<\/strong>, kter\u00e9 u\u017eivatel\u016fm nab\u00edzej\u00ed optim\u00e1ln\u00ed kontrolu nad n\u00e1\u0159ad\u00edm, \u0159\u00edd\u00edtky nebo zbran\u011bmi. Povrch je opat\u0159en texturou pro zaji\u0161t\u011bn\u00ed protiskluzov\u00e9 bezpe\u010dnosti, d\u00edky \u010demu\u017e jsou tyto rukavice ide\u00e1ln\u00ed pro pr\u00e1ci pod vysok\u00fdm tlakem.<\/p>\n<hr data-start=\"3412\" data-end=\"3415\" \/>\n<p data-start=\"3417\" data-end=\"3433\"><strong data-start=\"3417\" data-end=\"3431\">Ide\u00e1ln\u00ed pro:<\/strong><\/p>\n<ul data-start=\"3434\" data-end=\"3664\">\n<li data-start=\"3434\" data-end=\"3463\">\n<p data-start=\"3436\" data-end=\"3463\">Prodejci motocyklov\u00e9ho vybaven\u00ed<\/p>\n<\/li>\n<li data-start=\"3464\" data-end=\"3498\">\n<p data-start=\"3466\" data-end=\"3498\">Dodavatel\u00e9 taktick\u00e9 a airsoftov\u00e9 techniky<\/p>\n<\/li>\n<li data-start=\"3499\" data-end=\"3542\">\n<p data-start=\"3501\" data-end=\"3542\">Vojensk\u00e9 a polovojensk\u00e9 dodavatelsk\u00e9 \u0159et\u011bzce<\/p>\n<\/li>\n<li data-start=\"3543\" data-end=\"3592\">\n<p data-start=\"3545\" data-end=\"3592\">Distributo\u0159i stavebn\u00edch a mechanick\u00fdch rukavic<\/p>\n<\/li>\n<li data-start=\"3593\" data-end=\"3623\">\n<p data-start=\"3595\" data-end=\"3623\">Programy ko\u017een\u00fdch rukavic OEM<\/p>\n<\/li>\n<li data-start=\"3624\" data-end=\"3664\">\n<p data-start=\"3626\" data-end=\"3664\">Outdoorov\u00e9 zna\u010dky pro dobrodru\u017estv\u00ed nebo p\u0159e\u017eit\u00ed<\/p>\n<\/li>\n<\/ul>\n<hr data-start=\"3666\" data-end=\"3669\" \/>\n<p data-start=\"3671\" data-end=\"3695\"><strong data-start=\"3671\" data-end=\"3693\">Nejd\u016fle\u017eit\u011bj\u0161\u00ed prvky designu:<\/strong><\/p>\n<ul data-start=\"3696\" data-end=\"4133\">\n<li data-start=\"3696\" data-end=\"3737\">\n<p data-start=\"3698\" data-end=\"3737\">Mo\u017enost v\u00fdb\u011bru hov\u011bz\u00ed, koz\u00ed nebo ov\u010d\u00ed k\u016f\u017ee<\/p>\n<\/li>\n<li data-start=\"3738\" data-end=\"3783\">\n<p data-start=\"3740\" data-end=\"3783\">Zadn\u00ed panely se s\u00ed\u0165ovinou pro prody\u0161nost<\/p>\n<\/li>\n<li data-start=\"3784\" data-end=\"3828\">\n<p data-start=\"3786\" data-end=\"3828\">Tvrd\u00e9 brn\u011bn\u00ed kloub\u016f pro odolnost proti n\u00e1razu<\/p>\n<\/li>\n<li data-start=\"3829\" data-end=\"3874\">\n<p data-start=\"3831\" data-end=\"3874\">Zpevn\u011bn\u00ed prst\u016f pro v\u011bt\u0161\u00ed ochranu<\/p>\n<\/li>\n<li data-start=\"3875\" data-end=\"3921\">\n<p data-start=\"3877\" data-end=\"3921\">Dostupn\u00e9 pod\u0161\u00edvky: fleece, trikot, playboy<\/p>\n<\/li>\n<li data-start=\"3922\" data-end=\"3959\">\n<p data-start=\"3924\" data-end=\"3959\">Zes\u00edlen\u00e1 dla\u0148 s texturou pro uchopen\u00ed<\/p>\n<\/li>\n<li data-start=\"3960\" data-end=\"4001\">\n<p data-start=\"3962\" data-end=\"4001\">Elegantn\u00ed \u010dern\u00e1 barva se zna\u010dkou RYINZ<\/p>\n<\/li>\n<li data-start=\"4002\" data-end=\"4055\">\n<p data-start=\"4004\" data-end=\"4055\">Nastaviteln\u00fd p\u00e1sek na z\u00e1p\u011bst\u00ed se zap\u00edn\u00e1n\u00edm na such\u00fd zip<\/p>\n<\/li>\n<li data-start=\"4056\" data-end=\"4090\">\n<p data-start=\"4058\" data-end=\"4090\">Lehk\u00e9, ale vysoce odoln\u00e9<\/p>\n<\/li>\n<li data-start=\"4091\" data-end=\"4133\">\n<p data-start=\"4093\" data-end=\"4133\">Mo\u017enost p\u0159izp\u016fsoben\u00ed pro velkoodb\u011bratele<\/p>\n<\/li>\n<\/ul>\n<p data-start=\"4135\" data-end=\"4359\">A\u0165 u\u017e dod\u00e1v\u00e1te taktickou v\u00fdstroj pro rizikov\u00e9 pr\u00e1ce, nebo nab\u00edz\u00edte stylovou ochranu pro jezdce na motocyklu. <strong data-start=\"4251\" data-end=\"4284\">Taktick\u00e9 ko\u017een\u00e9 rukavice RYINZ<\/strong> jsou nejlep\u0161\u00edm produktem ve sv\u00e9 t\u0159\u00edd\u011b, kter\u00fd se osv\u011bd\u010dil v r\u016fzn\u00fdch odv\u011btv\u00edch.<\/p>","protected":false},"excerpt":{"rendered":"<p data-start=\"273\" data-end=\"778\">Ko\u017een\u00e9 taktick\u00e9 rukavice RYINZ jsou vyrobeny pro profesion\u00e1ln\u00ed pou\u017eit\u00ed a kombinuj\u00ed hov\u011bz\u00ed, koz\u00ed nebo ov\u010d\u00ed k\u016f\u017ei s prody\u0161nou s\u00ed\u0165ovinou a ochrann\u00fdmi v\u00fdztuhami. Rukavice jsou vybaveny tvrd\u00fdm chr\u00e1ni\u010dem kloub\u016f, v\u00fdztuhou prst\u016f a v\u00fdb\u011brem pod\u0161\u00edvky z fleecu, trikotu nebo playboye a jsou ide\u00e1ln\u00ed pro j\u00edzdu na motocyklu, airsoft, vojensk\u00e9 nebo stavebn\u00ed \u00fa\u010dely. Jsou vhodn\u00e9 pro celoro\u010dn\u00ed pou\u017eit\u00ed a p\u0159edstavuj\u00ed vysoce v\u00fdkonn\u00fd produkt pro velkoobchodn\u00ed odb\u011bratele a obchody s taktick\u00fdm vybaven\u00edm.<\/p>","protected":false},"featured_media":9295,"comment_status":"closed","ping_status":"closed","template":"","meta":[],"product_brand":[35],"product_cat":[1111,380,122,68],"product_tag":[389,390,391,392,393,394,395,396,397,398,399,400,401,402,403],"class_list":{"0":"post-9200","1":"product","2":"type-product","3":"status-publish","4":"has-post-thumbnail","6":"product_brand-ryinz","7":"product_cat-motorbike","8":"product_cat-motorbike-gloves","9":"product_cat-motorbike-racing-gloves","10":"product_cat-ryinz","11":"product_tag-anti-slip-grip-gloves-for-riding-and-climbing","12":"product_tag-black-tactical-gloves-for-distributors-and-oems","13":"product_tag-ce-grade-gloves-with-impact-protection","14":"product_tag-cowhide-goat-sheep-leather-tactical-gloves","15":"product_tag-customizable-lining-tactical-gloves-for-all-weather","16":"product_tag-full-finger-motorcycle-gloves-with-hard-shell","17":"product_tag-leather-gloves-for-military-and-patrol-gear","18":"product_tag-lightweight-leather-gloves-for-b2b-buyers","19":"product_tag-multi-purpose-gloves-for-tactical-retail","20":"product_tag-protective-gloves-for-airsoft-and-police-use","21":"product_tag-reinforced-gloves-for-mechanical-use","22":"product_tag-ryinz-motorcycle-gloves-with-mesh-ventilation","23":"product_tag-summer-breathable-gloves-with-mesh-zones","24":"product_tag-tactical-leather-gloves-with-knuckle-armor","25":"product_tag-wholesale-riding-gloves-with-finger-protection","27":"first","28":"instock","29":"taxable","30":"shipping-taxable","31":"purchasable","32":"product-type-simple"},"_links":{"self":[{"href":"https:\/\/ryinz.cz\/velkoobchod\/cs\/wp-json\/wp\/v2\/product\/9200","targetHints":{"allow":["GET"]}}],"collection":[{"href":"https:\/\/ryinz.cz\/velkoobchod\/cs\/wp-json\/wp\/v2\/product"}],"about":[{"href":"https:\/\/ryinz.cz\/velkoobchod\/cs\/wp-json\/wp\/v2\/types\/product"}],"replies":[{"embeddable":true,"href":"https:\/\/ryinz.cz\/velkoobchod\/cs\/wp-json\/wp\/v2\/comments?post=9200"}],"wp:featuredmedia":[{"embeddable":true,"href":"https:\/\/ryinz.cz\/velkoobchod\/cs\/wp-json\/wp\/v2\/media\/9295"}],"wp:attachment":[{"href":"https:\/\/ryinz.cz\/velkoobchod\/cs\/wp-json\/wp\/v2\/media?parent=9200"}],"wp:term":[{"taxonomy":"product_brand","embeddable":true,"href":"https:\/\/ryinz.cz\/velkoobchod\/cs\/wp-json\/wp\/v2\/product_brand?post=9200"},{"taxonomy":"product_cat","embeddable":true,"href":"https:\/\/ryinz.cz\/velkoobchod\/cs\/wp-json\/wp\/v2\/product_cat?post=9200"},{"taxonomy":"product_tag","embeddable":true,"href":"https:\/\/ryinz.cz\/velkoobchod\/cs\/wp-json\/wp\/v2\/product_tag?post=9200"}],"curies":[{"name":"wp","href":"https:\/\/api.w.org\/{rel}","templated":true}]}}