{"id":9199,"date":"2025-06-22T15:32:52","date_gmt":"2025-06-22T15:32:52","guid":{"rendered":"https:\/\/ryinz.cz\/velkoobchod\/?post_type=product&#038;p=9199"},"modified":"2026-01-18T20:18:14","modified_gmt":"2026-01-18T20:18:14","slug":"takticke-bojove-rukavice-ryinz-pro-velkoobchodni-prodej-s-tvrdym-kloubovym-pancirem-a-protiskluzovou-ochranou-dlane","status":"publish","type":"product","link":"https:\/\/ryinz.cz\/velkoobchod\/cs\/product\/ryinz-tactical-combat-gloves-for-wholesale-retail-with-hard-knuckle-armor-and-anti-slip-grip-palm-protection\/","title":{"rendered":"RYINZ Taktick\u00e9 bojov\u00e9 rukavice pro velkoobchod a maloobchod s tvrd\u00fdm kloubov\u00fdm panc\u00ed\u0159em a protiskluzovou ochranou dlan\u011b"},"content":{"rendered":"<p>&nbsp;<\/p>\n<p data-start=\"846\" data-end=\"964\"><strong data-start=\"846\" data-end=\"964\">RYINZ Taktick\u00e9 rukavice s tvrd\u00fdmi klouby - odoln\u00e1 ochrana pro bezpe\u010dnostn\u00ed slo\u017eky, dobrodru\u017en\u00e9 jezdce a velkoobchodn\u00ed odb\u011bratele<\/strong><\/p>\n<p data-start=\"966\" data-end=\"1322\">Navr\u017eeno pro intenzivn\u00ed prost\u0159ed\u00ed, n\u00e1ro\u010dn\u00e9 pou\u017eit\u00ed a dobrodru\u017estv\u00ed v ter\u00e9nu. <strong data-start=\"1049\" data-end=\"1074\">Taktick\u00e9 rukavice RYINZ<\/strong> jsou \u0161pi\u010dkovou volbou pro profesion\u00e1ly i outdoorov\u00e9 nad\u0161ence. A\u0165 u\u017e jimi vybavujete motocyklisty, bezpe\u010dnostn\u00ed pracovn\u00edky, hr\u00e1\u010de airsoftu nebo taktick\u00e9 t\u00fdmy, tyto rukavice jsou vyrobeny tak, aby vydr\u017eely ka\u017edodenn\u00ed i extr\u00e9mn\u00ed pou\u017e\u00edv\u00e1n\u00ed.<\/p>\n<p data-start=\"1324\" data-end=\"1480\">Tento model se v\u00fdborn\u011b hod\u00ed pro velkoobchodn\u00ed odb\u011bratele, maloobchodn\u00ed prodejce vybaven\u00ed a prodejce soukrom\u00fdch zna\u010dek, kte\u0159\u00ed se zam\u011b\u0159uj\u00ed na bezpe\u010dnostn\u00ed a taktick\u00e9 trhy v Evrop\u011b i mimo ni.<\/p>\n<hr data-start=\"1482\" data-end=\"1485\" \/>\n<p data-start=\"1487\" data-end=\"1832\"><strong data-start=\"1487\" data-end=\"1522\">Ochrana kloub\u016f p\u0159ipraven\u00e1 k boji<\/strong><br data-start=\"1522\" data-end=\"1525\" \/>Charakteristick\u00fdm rysem t\u011bchto rukavic je. <strong data-start=\"1567\" data-end=\"1595\">tvrd\u00fd panc\u00ed\u0159 na klouby<\/strong>, vyroben\u00e9 z odoln\u00e9ho termoplastu odoln\u00e9ho proti n\u00e1razu. D\u00edky tomuto panc\u00ed\u0159i, kter\u00fd je navr\u017een tak, aby chr\u00e1nil klouby p\u0159ed p\u0159\u00edm\u00fdm kontaktem a prudk\u00fdmi n\u00e1razy, jsou rukavice ide\u00e1ln\u00ed pro taktick\u00e9 mise, vojensk\u00fd v\u00fdcvik nebo pou\u017eit\u00ed na motocyklu zam\u011b\u0159en\u00e9 na ochranu.<\/p>\n<p data-start=\"1834\" data-end=\"2004\">Ka\u017ed\u00fd prst je vybaven men\u0161\u00edmi <strong data-start=\"1871\" data-end=\"1899\">zes\u00edlen\u00e9 vlo\u017eky sko\u0159epiny<\/strong>, co\u017e zvy\u0161uje bezpe\u010dnost p\u0159i fyzick\u00e9m kontaktu nebo taktick\u00fdch man\u00e9vrech p\u0159i zachov\u00e1n\u00ed pln\u00e9ho rozsahu pohybu.<\/p>\n<hr data-start=\"2006\" data-end=\"2009\" \/>\n<p data-start=\"2011\" data-end=\"2341\"><strong data-start=\"2011\" data-end=\"2054\">Vynikaj\u00edc\u00ed \u00fachop - protiskluzov\u00e1 texturovan\u00e1 dla\u0148<\/strong><br data-start=\"2054\" data-end=\"2057\" \/>Strana dlan\u011b je vybavena <strong data-start=\"2080\" data-end=\"2111\">protiskluzov\u00fd materi\u00e1l s texturou<\/strong> navr\u017een\u00e9 tak, aby zlep\u0161ovaly kontrolu a zabra\u0148ovaly uklouznut\u00ed p\u0159i manipulaci s vybaven\u00edm, n\u00e1stroji, zbran\u011bmi nebo \u0159\u00edd\u00edtky. Tato rukoje\u0165 je nezbytn\u00e1 pro ka\u017ed\u00e9ho, kdo se zab\u00fdv\u00e1 vysoce p\u0159esn\u00fdmi nebo vysokorychlostn\u00edmi \u00fakoly, jako je j\u00edzda na koni, st\u0159elba nebo horolezectv\u00ed.<\/p>\n<p data-start=\"2343\" data-end=\"2513\">Zes\u00edlen\u00e9 pro\u0161\u00edv\u00e1n\u00ed dlan\u011b d\u00e1le podporuje kl\u00ed\u010dov\u00e1 m\u00edsta nam\u00e1h\u00e1n\u00ed, aby se prodlou\u017eila \u017eivotnost v\u00fdrobku, zejm\u00e9na u u\u017eivatel\u016f, kte\u0159\u00ed vykon\u00e1vaj\u00ed opakovan\u00e9 pohyby, jako jsou policist\u00e9 nebo mechanici.<\/p>\n<hr data-start=\"2515\" data-end=\"2518\" \/>\n<p data-start=\"2520\" data-end=\"2788\"><strong data-start=\"2520\" data-end=\"2568\">Tactical Fit - nastaviteln\u00fd p\u00e1sek na z\u00e1p\u011bst\u00ed se such\u00fdm zipem<\/strong><br data-start=\"2568\" data-end=\"2571\" \/>Ka\u017ed\u00e1 rukavice obsahuje <strong data-start=\"2593\" data-end=\"2620\">odoln\u00fd p\u00e1sek na such\u00fd zip<\/strong> aby dob\u0159e p\u0159il\u00e9haly k z\u00e1p\u011bst\u00ed a p\u0159izp\u016fsobily se jeho tvaru. Konstrukce zaji\u0161\u0165uje, \u017ee rukavice z\u016fstanou na sv\u00e9m m\u00edst\u011b p\u0159i rychl\u00e9m pohybu rukou nebo n\u00e1razu, a z\u00e1rove\u0148 nepropou\u0161t\u00ed v\u00edtr a prach.<\/p>\n<p data-start=\"2790\" data-end=\"2914\">\u0160irok\u00fd otvor man\u017eety umo\u017e\u0148uje rychl\u00e9 nasazen\u00ed a svl\u00e9knut\u00ed, tak\u017ee rukavice jsou ide\u00e1ln\u00ed pro policisty ve slu\u017eb\u011b a jezdce na cest\u00e1ch.<\/p>\n<hr data-start=\"2916\" data-end=\"2919\" \/>\n<p data-start=\"2921\" data-end=\"3223\"><strong data-start=\"2921\" data-end=\"2961\">Prody\u0161n\u00e1 a pru\u017en\u00e1 konstrukce<\/strong><br data-start=\"2961\" data-end=\"2964\" \/>I p\u0159es zes\u00edlenou ochranu z\u016fst\u00e1vaj\u00ed rukavice st\u00e1le <strong data-start=\"3017\" data-end=\"3047\">lehk\u00e9 a prody\u0161n\u00e9<\/strong>, vyroben\u00e9 ze stre\u010dov\u00e9ho materi\u00e1lu a s polstrovan\u00fdm vnit\u0159kem, kter\u00fd umo\u017e\u0148uje proud\u011bn\u00ed vzduchu a z\u00e1rove\u0148 chr\u00e1n\u00ed klouby a poko\u017eku. D\u00edky tomu je vhodn\u00fd pro dlouhodob\u00e9 no\u0161en\u00ed v r\u016fzn\u00fdch klimatick\u00fdch podm\u00ednk\u00e1ch.<\/p>\n<hr data-start=\"3225\" data-end=\"3228\" \/>\n<p data-start=\"3230\" data-end=\"3246\"><strong data-start=\"3230\" data-end=\"3244\">Ide\u00e1ln\u00ed pro:<\/strong><\/p>\n<ul data-start=\"3247\" data-end=\"3536\">\n<li data-start=\"3247\" data-end=\"3279\">\n<p data-start=\"3249\" data-end=\"3279\">Vojensk\u00e9 a bezpe\u010dnostn\u00ed s\u00edly<\/p>\n<\/li>\n<li data-start=\"3280\" data-end=\"3319\">\n<p data-start=\"3282\" data-end=\"3319\">Z\u00e1sobov\u00e1n\u00ed taktick\u00fdch t\u00fdm\u016f a vybaven\u00ed SWAT<\/p>\n<\/li>\n<li data-start=\"3320\" data-end=\"3365\">\n<p data-start=\"3322\" data-end=\"3365\">Airsoft, paintball a bojov\u00e9 simulace<\/p>\n<\/li>\n<li data-start=\"3366\" data-end=\"3401\">\n<p data-start=\"3368\" data-end=\"3401\">Jezdci na motocyklech a ter\u00e9nn\u00edch kolech<\/p>\n<\/li>\n<li data-start=\"3402\" data-end=\"3441\">\n<p data-start=\"3404\" data-end=\"3441\">Soupravy pro p\u0159e\u017eit\u00ed a dobrodru\u017estv\u00ed v p\u0159\u00edrod\u011b<\/p>\n<\/li>\n<li data-start=\"3442\" data-end=\"3484\">\n<p data-start=\"3444\" data-end=\"3484\">Stavebnictv\u00ed, t\u011b\u017ek\u00e9 d\u00edlensk\u00e9 pr\u00e1ce<\/p>\n<\/li>\n<li data-start=\"3485\" data-end=\"3536\">\n<p data-start=\"3487\" data-end=\"3536\">Velkoobchodn\u00ed distributo\u0159i osobn\u00edch ochrann\u00fdch prost\u0159edk\u016f a taktick\u00e9ho oble\u010den\u00ed<\/p>\n<\/li>\n<\/ul>\n<hr data-start=\"3538\" data-end=\"3541\" \/>\n<p data-start=\"3543\" data-end=\"3570\"><strong data-start=\"3543\" data-end=\"3568\">Shrnut\u00ed kl\u00ed\u010dov\u00fdch vlastnost\u00ed:<\/strong><\/p>\n<ul data-start=\"3571\" data-end=\"4000\">\n<li data-start=\"3571\" data-end=\"3628\">\n<p data-start=\"3573\" data-end=\"3628\">Tvrd\u00fd panc\u00ed\u0159 kloub\u016f pro p\u0159\u00edmou ochranu proti n\u00e1razu<\/p>\n<\/li>\n<li data-start=\"3629\" data-end=\"3674\">\n<p data-start=\"3631\" data-end=\"3674\">Protiskluzov\u00e1 texturovan\u00e1 dla\u0148 pro vynikaj\u00edc\u00ed \u00fachop<\/p>\n<\/li>\n<li data-start=\"3675\" data-end=\"3721\">\n<p data-start=\"3677\" data-end=\"3721\">Vlo\u017eky do prst\u016f pro plnou obranu rukou<\/p>\n<\/li>\n<li data-start=\"3722\" data-end=\"3755\">\n<p data-start=\"3724\" data-end=\"3755\">Nastaviteln\u00fd p\u00e1sek na z\u00e1p\u011bst\u00ed na such\u00fd zip<\/p>\n<\/li>\n<li data-start=\"3756\" data-end=\"3802\">\n<p data-start=\"3758\" data-end=\"3802\">Zes\u00edlen\u00e9 pro\u0161\u00edv\u00e1n\u00ed dlan\u00ed pro del\u0161\u00ed pou\u017e\u00edv\u00e1n\u00ed<\/p>\n<\/li>\n<li data-start=\"3803\" data-end=\"3837\">\n<p data-start=\"3805\" data-end=\"3837\">Prody\u0161n\u00fd a polstrovan\u00fd interi\u00e9r<\/p>\n<\/li>\n<li data-start=\"3838\" data-end=\"3889\">\n<p data-start=\"3840\" data-end=\"3889\">Robustn\u00ed celo\u010dern\u00fd design pro taktickou estetiku<\/p>\n<\/li>\n<li data-start=\"3890\" data-end=\"3950\">\n<p data-start=\"3892\" data-end=\"3950\">Kompatibiln\u00ed s uniformami, jezdeckou v\u00fdstroj\u00ed a taktick\u00fdmi soupravami.<\/p>\n<\/li>\n<li data-start=\"3951\" data-end=\"4000\">\n<p data-start=\"3953\" data-end=\"4000\">K dispozici ve standardn\u00edch velikostech pro mu\u017ee a \u017eeny<\/p>\n<\/li>\n<\/ul>","protected":false},"excerpt":{"rendered":"<p>\u010cern\u00e9 bojov\u00e9 rukavice RYINZ jsou vyrobeny s ohledem na odolnost a taktick\u00e9 pou\u017eit\u00ed a maj\u00ed zes\u00edlen\u00fd tvrd\u00fd panc\u00ed\u0159 kloub\u016f, protiskluzov\u00e9 \u00fachopov\u00e9 z\u00f3ny a ochranu prst\u016f s vysokou obratnost\u00ed. Tyto rukavice, kter\u00e9 jsou ide\u00e1ln\u00ed pro vojensk\u00e9, airsoftov\u00e9, bezpe\u010dnostn\u00ed, motocyklov\u00e9 a outdoorov\u00e9 dobrodru\u017en\u00e9 vybaven\u00ed, nab\u00edzej\u00ed dokonalou rovnov\u00e1hu mezi odolnost\u00ed, pru\u017enost\u00ed a bezpe\u010dn\u00fdm uchycen\u00edm na z\u00e1p\u011bst\u00ed pomoc\u00ed nastaviteln\u00e9ho such\u00e9ho zipu. Ide\u00e1ln\u00ed pro velkoobchodn\u00ed distribuci B2B, obchody s taktick\u00fdmi pot\u0159ebami a prodejce motocykl\u016f, kte\u0159\u00ed hledaj\u00ed odoln\u00e9 v\u00edce\u00fa\u010delov\u00e9 rukavice.<\/p>\n<ul>\n<li data-start=\"4037\" data-end=\"4081\">\n<p data-start=\"4040\" data-end=\"4081\">Taktick\u00e9 rukavice s tvrd\u00fdm panc\u00ed\u0159em na kloubech<\/p>\n<\/li>\n<li data-start=\"4082\" data-end=\"4137\">\n<p data-start=\"4085\" data-end=\"4137\">Velkoobchodn\u00ed vojensk\u00e9 rukavice s ochrann\u00fdmi klouby<\/p>\n<\/li>\n<li data-start=\"4138\" data-end=\"4191\">\n<p data-start=\"4141\" data-end=\"4191\">Bojov\u00e9 rukavice RYINZ pro bezpe\u010dnostn\u00ed a venkovn\u00ed pou\u017eit\u00ed<\/p>\n<\/li>\n<li data-start=\"4192\" data-end=\"4240\">\n<p data-start=\"4195\" data-end=\"4240\">Taktick\u00e9 rukavice s protiskluzovou dlan\u00ed pro st\u0159elbu<\/p>\n<\/li>\n<li data-start=\"4241\" data-end=\"4293\">\n<p data-start=\"4244\" data-end=\"4293\">Rukavice na motorku s ochranou kloub\u016f na krun\u00fd\u0159i<\/p>\n<\/li>\n<li data-start=\"4294\" data-end=\"4347\">\n<p data-start=\"4297\" data-end=\"4347\">Ochrann\u00e9 rukavice pro policejn\u00ed a z\u00e1sahov\u00e9 t\u00fdmy<\/p>\n<\/li>\n<li data-start=\"4348\" data-end=\"4403\">\n<p data-start=\"4351\" data-end=\"4403\">Taktick\u00e9 rukavice s cel\u00fdmi prsty pro odoln\u00fd v\u00fdkon<\/p>\n<\/li>\n<li data-start=\"4404\" data-end=\"4460\">\n<p data-start=\"4407\" data-end=\"4460\">Zes\u00edlen\u00e9 rukavice pro hr\u00e1\u010de airsoftu a paintballu<\/p>\n<\/li>\n<li data-start=\"4461\" data-end=\"4515\">\n<p data-start=\"4464\" data-end=\"4515\">T\u011b\u017ek\u00e9 pracovn\u00ed rukavice pro stavbu nebo j\u00edzdu na koni<\/p>\n<\/li>\n<li data-start=\"4516\" data-end=\"4568\">\n<p data-start=\"4520\" data-end=\"4568\">Prody\u0161n\u00e9 taktick\u00e9 rukavice do hork\u00e9ho po\u010das\u00ed<\/p>\n<\/li>\n<li data-start=\"4569\" data-end=\"4620\">\n<p data-start=\"4573\" data-end=\"4620\">Rukavice vojensk\u00e9 kvality s p\u00e1skem na z\u00e1p\u011bst\u00ed na such\u00fd zip<\/p>\n<\/li>\n<li data-start=\"4621\" data-end=\"4673\">\n<p data-start=\"4625\" data-end=\"4673\">Outdoorov\u00e9 rukavice pro dobrodru\u017estv\u00ed a vybaven\u00ed pro p\u0159e\u017eit\u00ed<\/p>\n<\/li>\n<li data-start=\"4674\" data-end=\"4720\">\n<p data-start=\"4678\" data-end=\"4720\">Evropsk\u00e9 taktick\u00e9 rukavice pro hromadn\u00e9 objedn\u00e1vky<\/p>\n<\/li>\n<li data-start=\"4721\" data-end=\"4773\">\n<p data-start=\"4725\" data-end=\"4773\">Panc\u00e9\u0159ov\u00e9 rukavice pro ochranu a kontrolu \u00fachopu<\/p>\n<\/li>\n<li data-start=\"4774\" data-end=\"4831\">\n<p data-start=\"4778\" data-end=\"4831\">Univerz\u00e1ln\u00ed taktick\u00e9 rukavice pro velkoobchodn\u00ed dodavatele<\/p>\n<\/li>\n<\/ul>","protected":false},"featured_media":9294,"comment_status":"closed","ping_status":"closed","template":"","meta":[],"product_brand":[35],"product_cat":[1111,380,122,68],"product_tag":[],"class_list":{"0":"post-9199","1":"product","2":"type-product","3":"status-publish","4":"has-post-thumbnail","6":"product_brand-ryinz","7":"product_cat-motorbike","8":"product_cat-motorbike-gloves","9":"product_cat-motorbike-racing-gloves","10":"product_cat-ryinz","12":"first","13":"instock","14":"taxable","15":"shipping-taxable","16":"purchasable","17":"product-type-simple"},"_links":{"self":[{"href":"https:\/\/ryinz.cz\/velkoobchod\/cs\/wp-json\/wp\/v2\/product\/9199","targetHints":{"allow":["GET"]}}],"collection":[{"href":"https:\/\/ryinz.cz\/velkoobchod\/cs\/wp-json\/wp\/v2\/product"}],"about":[{"href":"https:\/\/ryinz.cz\/velkoobchod\/cs\/wp-json\/wp\/v2\/types\/product"}],"replies":[{"embeddable":true,"href":"https:\/\/ryinz.cz\/velkoobchod\/cs\/wp-json\/wp\/v2\/comments?post=9199"}],"wp:featuredmedia":[{"embeddable":true,"href":"https:\/\/ryinz.cz\/velkoobchod\/cs\/wp-json\/wp\/v2\/media\/9294"}],"wp:attachment":[{"href":"https:\/\/ryinz.cz\/velkoobchod\/cs\/wp-json\/wp\/v2\/media?parent=9199"}],"wp:term":[{"taxonomy":"product_brand","embeddable":true,"href":"https:\/\/ryinz.cz\/velkoobchod\/cs\/wp-json\/wp\/v2\/product_brand?post=9199"},{"taxonomy":"product_cat","embeddable":true,"href":"https:\/\/ryinz.cz\/velkoobchod\/cs\/wp-json\/wp\/v2\/product_cat?post=9199"},{"taxonomy":"product_tag","embeddable":true,"href":"https:\/\/ryinz.cz\/velkoobchod\/cs\/wp-json\/wp\/v2\/product_tag?post=9199"}],"curies":[{"name":"wp","href":"https:\/\/api.w.org\/{rel}","templated":true}]}}