{"id":9197,"date":"2025-06-22T15:32:50","date_gmt":"2025-06-22T15:32:50","guid":{"rendered":"https:\/\/ryinz.cz\/velkoobchod\/?post_type=product&#038;p=9197"},"modified":"2026-01-18T20:18:12","modified_gmt":"2026-01-18T20:18:12","slug":"ryinz-velkoobchodni-maloobchodni-cerne-obrnene-jezdecke-rukavice-s-pvc-ochranou-z-kozi-kuze-pro-prodejce-motorkaru","status":"publish","type":"product","link":"https:\/\/ryinz.cz\/velkoobchod\/cs\/product\/ryinz-wholesale-retail-black-armored-riding-gloves-with-pvc-goat-leather-protection-for-bikers-dealers\/","title":{"rendered":"RYINZ Velkoobchod a maloobchod \u010cern\u00e9 obrn\u011bn\u00e9 jezdeck\u00e9 rukavice s ochranou z PVC a koz\u00ed k\u016f\u017ee pro motork\u00e1\u0159e a prodejce"},"content":{"rendered":"<p data-start=\"834\" data-end=\"946\"><strong data-start=\"834\" data-end=\"946\">Pln\u011b ochrann\u00e9 panc\u00e9\u0159ov\u00e9 rukavice na motorku RYINZ - navr\u017een\u00e9 pro agresivn\u00ed j\u00edzdu, turistiku a B2B distribuci<\/strong><\/p>\n<p data-start=\"948\" data-end=\"1314\">Vyrobeno pro jezdce, kte\u0159\u00ed vy\u017eaduj\u00ed extr\u00e9mn\u00ed ochranu, odolnost a vizu\u00e1ln\u00ed v\u00fdkon. <strong data-start=\"1029\" data-end=\"1060\">Panc\u00e9\u0159ov\u00e9 jezdeck\u00e9 rukavice RYINZ<\/strong> jsou konstruov\u00e1ny tak, aby dok\u00e1zaly pracovat pod tlakem. Tyto rukavice kombinuj\u00ed pokro\u010dil\u00e9 bezpe\u010dnostn\u00ed technologie se \u0161pi\u010dkov\u00fdmi materi\u00e1ly a jsou ide\u00e1ln\u00ed volbou pro velkoobchodn\u00edky, prodejce a soukrom\u00e9 kolekce motocyklov\u00e9ho vybaven\u00ed.<\/p>\n<p data-start=\"1316\" data-end=\"1650\"><strong data-start=\"1316\" data-end=\"1381\">Odoln\u00e1 konstrukce - sm\u011bs k\u016f\u017ee a tkaniny Cordura<\/strong><br data-start=\"1381\" data-end=\"1384\" \/>Tyto rukavice maj\u00ed robustn\u00ed <strong data-start=\"1414\" data-end=\"1437\">Zadn\u00ed strana z tkaniny Cordura<\/strong>, vybran\u00fd pro svou pevnost a odolnost proti roztr\u017een\u00ed a pov\u011btrnostn\u00edm vliv\u016fm. Strana dlan\u011b je vyrobena z <strong data-start=\"1539\" data-end=\"1572\">poloanilinov\u00e1 k\u016f\u017ee GoatSkin<\/strong>, kter\u00e9 nab\u00edzej\u00ed m\u011bkk\u00fd a z\u00e1rove\u0148 od\u011bruvzdorn\u00fd povrch pro vysok\u00fd kontaktn\u00ed v\u00fdkon.<\/p>\n<p data-start=\"1652\" data-end=\"1891\">Oblast palce a sedla je vyztu\u017eena <strong data-start=\"1697\" data-end=\"1719\">K\u016f\u017ee Cow Design<\/strong>, co\u017e zaji\u0161\u0165uje lep\u0161\u00ed p\u0159ilnavost a odolnost proti opot\u0159eben\u00ed p\u0159i manipulaci se spojkou a plynem. Tyto materi\u00e1ly pracuj\u00ed v harmonii a zaji\u0161\u0165uj\u00ed citliv\u00e9, p\u0159il\u00e9hav\u00e9 a vysoce odoln\u00e9 p\u0159il\u00e9h\u00e1n\u00ed rukavic.<\/p>\n<p data-start=\"1893\" data-end=\"2206\"><strong data-start=\"1893\" data-end=\"1949\">Dokonal\u00e1 ochrana - PVC + klouby na harmoniku<\/strong><br data-start=\"1949\" data-end=\"1952\" \/>Vrchn\u00ed \u010d\u00e1st rukavice obsahuje <strong data-start=\"1984\" data-end=\"2017\">pogumovan\u00fd \u0161t\u00edt kloub\u016f z PVC<\/strong> navr\u017een\u00e9 ve stylu harmoniky pro maxim\u00e1ln\u00ed flexibilitu a pokryt\u00ed. Tato oblast s vysokou odolnost\u00ed proti n\u00e1razu chr\u00e1n\u00ed p\u0159ed p\u0159\u00edm\u00fdmi n\u00e1razy a od\u0159en\u00edm, tak\u017ee je ide\u00e1ln\u00ed pro sportovn\u00ed a dobrodru\u017en\u00e9 jezdce.<\/p>\n<p data-start=\"2208\" data-end=\"2443\">Krom\u011b toho, <strong data-start=\"2221\" data-end=\"2261\">pogumovan\u00e9 chr\u00e1ni\u010de kloub\u016f prst\u016f z PVC<\/strong> jsou integrov\u00e1ny do ka\u017ed\u00e9ho kloubu prstu, aby se zv\u00fd\u0161ila bezpe\u010dnost p\u0159i zachov\u00e1n\u00ed obratnosti. Tyto prvky zaji\u0161\u0165uj\u00ed robustn\u00ed ochranu z ka\u017ed\u00e9ho \u00fahlu p\u0159i rychl\u00e9 nebo agresivn\u00ed j\u00edzd\u011b.<\/p>\n<p data-start=\"2445\" data-end=\"2729\"><strong data-start=\"2445\" data-end=\"2498\">Pohodl\u00ed a prody\u0161nost - vnit\u0159ek s trikotovou pod\u0161\u00edvkou<\/strong><br data-start=\"2498\" data-end=\"2501\" \/>Uvnit\u0159 jsou rukavice vybaveny <strong data-start=\"2538\" data-end=\"2560\">m\u011bkk\u00e1 trikotov\u00e1 pod\u0161\u00edvka<\/strong>, kter\u00e1 pom\u00e1h\u00e1 odv\u00e1d\u011bt vlhkost z rukou a z\u00e1rove\u0148 poskytuje tepl\u00fd povrch bez podr\u00e1\u017ed\u011bn\u00ed. D\u00edky tomu jsou vhodn\u00e9 pro celoro\u010dn\u00ed j\u00edzdu nebo del\u0161\u00ed dobu no\u0161en\u00ed.<\/p>\n<p data-start=\"2731\" data-end=\"3013\"><strong data-start=\"2731\" data-end=\"2767\">Reflexn\u00ed potrub\u00ed pro lep\u0161\u00ed viditelnost<\/strong><br data-start=\"2767\" data-end=\"2770\" \/>Integrovan\u00fd <strong data-start=\"2781\" data-end=\"2802\">reflexn\u00ed potrub\u00ed<\/strong> pod\u00e9l h\u0159betu rukavice zlep\u0161uje viditelnost p\u0159i no\u010dn\u00edch j\u00edzd\u00e1ch nebo za mlhy. Jedn\u00e1 se o mal\u00fd, ale z\u00e1sadn\u00ed bezpe\u010dnostn\u00ed prvek, kter\u00fd p\u0159isp\u00edv\u00e1 k lep\u0161\u00edmu pov\u011bdom\u00ed o silnici, ani\u017e by naru\u0161il estetick\u00fd vzhled rukavic.<\/p>\n<p data-start=\"3015\" data-end=\"3310\"><strong data-start=\"3015\" data-end=\"3072\">P\u0159izp\u016fsoben\u00ed na m\u00edru - zap\u00edn\u00e1n\u00ed na such\u00fd zip z poloanilinov\u00e9 koz\u00ed k\u016f\u017ee<\/strong><br data-start=\"3072\" data-end=\"3075\" \/>Nastaviteln\u00e9 z\u00e1p\u011bst\u00ed m\u00e1 <strong data-start=\"3107\" data-end=\"3149\">poloanilinov\u00e1 koz\u00ed k\u016f\u017ee se zap\u00edn\u00e1n\u00edm na such\u00fd zip<\/strong>, s vyra\u017een\u00fdm logem RYINZ pro prvot\u0159\u00eddn\u00ed zna\u010dku. Zap\u00edn\u00e1n\u00ed zaji\u0161\u0165uje p\u0159il\u00e9hav\u00e9 a na m\u00edru \u0161it\u00e9 no\u0161en\u00ed pro ka\u017edou velikost ruky a pom\u00e1h\u00e1 br\u00e1nit vnik\u00e1n\u00ed v\u011btru a prachu.<\/p>\n<p data-start=\"3312\" data-end=\"3337\"><strong data-start=\"3312\" data-end=\"3335\">Ide\u00e1ln\u00ed aplikace:<\/strong><\/p>\n<ul data-start=\"3338\" data-end=\"3619\">\n<li data-start=\"3338\" data-end=\"3374\">\n<p data-start=\"3340\" data-end=\"3374\">Jezdci na sportovn\u00edch kolech a nah\u00e1\u010d\u00edch<\/p>\n<\/li>\n<li data-start=\"3375\" data-end=\"3420\">\n<p data-start=\"3377\" data-end=\"3420\">V\u00fdbava pro cestov\u00e1n\u00ed na motocyklu a dlouh\u00e9 vzd\u00e1lenosti<\/p>\n<\/li>\n<li data-start=\"3421\" data-end=\"3469\">\n<p data-start=\"3423\" data-end=\"3469\">Obchody s motorov\u00fdmi sporty a prodejci bezpe\u010dnostn\u00edho vybaven\u00ed<\/p>\n<\/li>\n<li data-start=\"3470\" data-end=\"3519\">\n<p data-start=\"3472\" data-end=\"3519\">OEM v\u00fdroba zna\u010dkov\u00e9ho motocyklov\u00e9ho oble\u010den\u00ed<\/p>\n<\/li>\n<li data-start=\"3520\" data-end=\"3568\">\n<p data-start=\"3522\" data-end=\"3568\">Distributo\u0159i v EU hledaj\u00ed rukavice vyhovuj\u00edc\u00ed CE<\/p>\n<\/li>\n<li data-start=\"3569\" data-end=\"3619\">\n<p data-start=\"3571\" data-end=\"3619\">Velkoobchodn\u00ed odb\u011bratel\u00e9, kte\u0159\u00ed skladuj\u00ed linie dobrodru\u017en\u00e9ho vybaven\u00ed<\/p>\n<\/li>\n<\/ul>\n<p data-start=\"3621\" data-end=\"3646\"><strong data-start=\"3621\" data-end=\"3644\">Nejd\u016fle\u017eit\u011bj\u0161\u00ed funkce:<\/strong><\/p>\n<ul data-start=\"3647\" data-end=\"4068\">\n<li data-start=\"3647\" data-end=\"3678\">\n<p data-start=\"3649\" data-end=\"3678\">Odoln\u00e1 zadn\u00ed \u010d\u00e1st z tkaniny Cordura<\/p>\n<\/li>\n<li data-start=\"3679\" data-end=\"3723\">\n<p data-start=\"3681\" data-end=\"3723\">Polo-anilinov\u00e1 koz\u00ed k\u016f\u017ee na dlani a palci<\/p>\n<\/li>\n<li data-start=\"3724\" data-end=\"3760\">\n<p data-start=\"3726\" data-end=\"3760\">Vyztu\u017een\u00ed sedla hov\u011bz\u00ed k\u016f\u017e\u00ed<\/p>\n<\/li>\n<li data-start=\"3761\" data-end=\"3802\">\n<p data-start=\"3763\" data-end=\"3802\">Chr\u00e1ni\u010d kloub\u016f z PVC ve stylu Harmonica<\/p>\n<\/li>\n<li data-start=\"3803\" data-end=\"3836\">\n<p data-start=\"3805\" data-end=\"3836\">Chr\u00e1ni\u010de kloub\u016f prst\u016f z PVC<\/p>\n<\/li>\n<li data-start=\"3837\" data-end=\"3881\">\n<p data-start=\"3839\" data-end=\"3881\">Vnit\u0159n\u00ed pod\u0161\u00edvka z trikotu pro komfortn\u00ed vlhkost<\/p>\n<\/li>\n<li data-start=\"3882\" data-end=\"3924\">\n<p data-start=\"3884\" data-end=\"3924\">Reflexn\u00ed lemov\u00e1n\u00ed pro viditelnost v noci<\/p>\n<\/li>\n<li data-start=\"3925\" data-end=\"3973\">\n<p data-start=\"3927\" data-end=\"3973\">Man\u017eeta na such\u00fd zip s logem TPR a ko\u017een\u00fdm povrchem<\/p>\n<\/li>\n<li data-start=\"3974\" data-end=\"4014\">\n<p data-start=\"3976\" data-end=\"4014\">Ergonomick\u00e9 zes\u00edlen\u00ed \u00fachopu na dlani<\/p>\n<\/li>\n<li data-start=\"4015\" data-end=\"4068\">\n<p data-start=\"4017\" data-end=\"4068\">Navr\u017eeno pro v\u00fdkon, flexibilitu a bezpe\u010dnost<\/p>\n<\/li>\n<\/ul>\n<p data-start=\"4070\" data-end=\"4309\">Tato rukavice kombinuje <strong data-start=\"4088\" data-end=\"4107\">taktick\u00fd design<\/strong> s <strong data-start=\"4113\" data-end=\"4141\">Evropsk\u00e9 bezpe\u010dnostn\u00ed prvky<\/strong>, kter\u00e9 nab\u00edzej\u00ed vynikaj\u00edc\u00ed hodnotu pro distributory nebo prodejce, kte\u0159\u00ed pot\u0159ebuj\u00ed spolehliv\u00e9, univerz\u00e1ln\u00ed motocyklov\u00e9 rukavice, je\u017e mohou oslovit jak profesion\u00e1ly, tak i dobrodru\u017en\u00e9 jezdce.<\/p>","protected":false},"excerpt":{"rendered":"<p data-start=\"255\" data-end=\"783\">Panc\u00e9\u0159ov\u00e9 motocyklov\u00e9 rukavice RYINZ nab\u00edzej\u00ed robustn\u00ed ochranu d\u00edky poloanilinov\u00e9 k\u016f\u017ei GoatSkin, zes\u00edlen\u00fdm PVC a pogumovan\u00fdm kloub\u016fm a odolnosti podporovan\u00e9 Cordurou. Tyto rukavice jsou ur\u010deny pro agresivn\u00ed j\u00edzdy a d\u00e1lkov\u00e9 v\u00fdlety, obsahuj\u00ed panc\u00e9\u0159ov\u00e1n\u00ed prst\u016f, reflexn\u00ed lemov\u00e1n\u00ed, zna\u010dkovou man\u017eetu z TPR a ergonomick\u00e9 sedlov\u00e9 v\u00fdztuhy na dlani a palci. Ide\u00e1ln\u00ed pro prodejce motocykl\u016f, distributory a velkoodb\u011bratele B2B, kte\u0159\u00ed hledaj\u00ed v\u00fdkonnostn\u00ed t\u0159\u00eddu CE s prvot\u0159\u00eddn\u00ed povrchovou \u00fapravou materi\u00e1lu.<\/p>","protected":false},"featured_media":9292,"comment_status":"closed","ping_status":"closed","template":"","meta":[],"product_brand":[35],"product_cat":[1111,380,122,68],"product_tag":[373,374,375,376,377,378,379,381,382,383,384,385,386,387,388],"class_list":{"0":"post-9197","1":"product","2":"type-product","3":"status-publish","4":"has-post-thumbnail","6":"product_brand-ryinz","7":"product_cat-motorbike","8":"product_cat-motorbike-gloves","9":"product_cat-motorbike-racing-gloves","10":"product_cat-ryinz","11":"product_tag-breathable-protective-gloves-for-long-rides","12":"product_tag-bright-color-gloves-for-road-safety-and-visibility","13":"product_tag-ce-certified-gloves-for-eu-motorcycle-safety","14":"product_tag-en13594-motorcycle-gloves-with-tpu-armor","15":"product_tag-eva-rubber-reinforced-tactical-gloves","16":"product_tag-goatskin-leather-motorcycle-gloves-for-retailers","17":"product_tag-high-visibility-biker-gloves-with-safety-features","18":"product_tag-motorcycle-gloves-with-foam-padded-palm","19":"product_tag-premium-riding-gloves-for-distribution","20":"product_tag-protective-riding-gloves-for-street-and-off-road","21":"product_tag-tactical-motorcycle-gloves-for-wholesale","22":"product_tag-tpu-knuckle-protected-gloves-for-motorcyclists","23":"product_tag-twill-back-biker-gloves-with-leather-palm","24":"product_tag-velcro-closure-motorcycle-gloves-for-fit","25":"product_tag-wholesale-riding-gloves-for-european-suppliers","27":"first","28":"instock","29":"taxable","30":"shipping-taxable","31":"purchasable","32":"product-type-simple"},"_links":{"self":[{"href":"https:\/\/ryinz.cz\/velkoobchod\/cs\/wp-json\/wp\/v2\/product\/9197","targetHints":{"allow":["GET"]}}],"collection":[{"href":"https:\/\/ryinz.cz\/velkoobchod\/cs\/wp-json\/wp\/v2\/product"}],"about":[{"href":"https:\/\/ryinz.cz\/velkoobchod\/cs\/wp-json\/wp\/v2\/types\/product"}],"replies":[{"embeddable":true,"href":"https:\/\/ryinz.cz\/velkoobchod\/cs\/wp-json\/wp\/v2\/comments?post=9197"}],"wp:featuredmedia":[{"embeddable":true,"href":"https:\/\/ryinz.cz\/velkoobchod\/cs\/wp-json\/wp\/v2\/media\/9292"}],"wp:attachment":[{"href":"https:\/\/ryinz.cz\/velkoobchod\/cs\/wp-json\/wp\/v2\/media?parent=9197"}],"wp:term":[{"taxonomy":"product_brand","embeddable":true,"href":"https:\/\/ryinz.cz\/velkoobchod\/cs\/wp-json\/wp\/v2\/product_brand?post=9197"},{"taxonomy":"product_cat","embeddable":true,"href":"https:\/\/ryinz.cz\/velkoobchod\/cs\/wp-json\/wp\/v2\/product_cat?post=9197"},{"taxonomy":"product_tag","embeddable":true,"href":"https:\/\/ryinz.cz\/velkoobchod\/cs\/wp-json\/wp\/v2\/product_tag?post=9197"}],"curies":[{"name":"wp","href":"https:\/\/api.w.org\/{rel}","templated":true}]}}